{"id":448,"date":"2024-02-19T14:08:03","date_gmt":"2024-02-19T13:08:03","guid":{"rendered":"https:\/\/blog.uclm.es\/manuelserrano\/?page_id=448"},"modified":"2024-02-19T14:12:33","modified_gmt":"2024-02-19T13:12:33","slug":"internacionalizacion","status":"publish","type":"page","link":"https:\/\/blog.uclm.es\/manuelserrano\/internacionalizacion\/","title":{"rendered":"Internacionalizaci\u00f3n"},"content":{"rendered":"\n<h3 class=\"wp-block-heading\">Estancias de investigaci\u00f3n<\/h3>\n\n\n\n<h5 class=\"wp-block-heading\">Estancias Postdoctorales<\/h5>\n\n\n\n<figure class=\"wp-block-table is-style-stripes\"><table><tbody><tr><td><strong>Universidad<\/strong><\/td><td><strong>Fecha<\/strong><\/td><td><strong>Duraci\u00f3n<\/strong><\/td><\/tr><tr><td>Universit\u00e0 degli Studi di Bari (Italia)<\/td><td>20\/05\/2021 &#8211; 20\/12\/2021<\/td><td>7 meses<\/td><\/tr><tr><td>Universidad de Alicante<\/td><td>1\/06\/2005 &#8211; 30\/09\/2005<\/td><td>4 meses<\/td><\/tr><\/tbody><\/table><\/figure>\n\n\n\n<h5 class=\"wp-block-heading\">Estancias Predoctorales<\/h5>\n\n\n\n<figure class=\"wp-block-table is-style-stripes\"><table><tbody><tr><td><strong>Universidad<\/strong><\/td><td><strong>Fecha<\/strong><\/td><td><strong>Duraci\u00f3n<\/strong><\/td><\/tr><tr><td>Universidad de Alicante<\/td><td>15\/05\/2004 &#8211; 15\/10\/2004<\/td><td>5 meses<\/td><\/tr><tr><td>Universit\u00e9 de Montreal (Canad\u00e1)<\/td><td>4\/06\/2003 &#8211; 4\/07\/2003<\/td><td>1 mes<\/td><\/tr><\/tbody><\/table><\/figure>\n\n\n\n<h3 class=\"wp-block-heading\">Publicaciones con Profesores de Universidades Internacionales <\/h3>\n\n\n\n<ul class=\"wp-block-list\">\n<li>Serrano, M. A., Calero, C., Sahraoui, H. A., &amp; Piattini, M. (2008). Empirical studies to assess the understandability of data warehouse schemas using structural metrics. <em>Software Quality<\/em> <em>Journal<\/em>, <em>16<\/em>, 79-106. (<strong>Q3<\/strong>)<\/li>\n\n\n\n<li>Moreno, J., Serrano, M. A., Fernandez-Medina, E., &amp; Fernandez, E. B. (2018, March). Towards a Security Reference Architecture for Big Data. In <em>DOLAP 2018<\/em>. (<strong>GGS \u2013 Class 2<\/strong>)<\/li>\n\n\n\n<li>Moreno, J., Fernandez, E. B., Serrano, M. A., &amp; Fernandez-Medina, E. (2019). Secure development of big data ecosystems. <em>IEEE access<\/em>, <em>7<\/em>, 96604-96619. (<strong>Q1<\/strong>)<\/li>\n\n\n\n<li>Moreno, J., G\u00f3mez, J., Serrano, M. A., B. Fernandez, E., &amp; Fern\u00e1ndez-Medina, E. (2020). Application of security reference architecture to Big Data ecosystems in an industrial scenario. <em>Software: Practice and Experience<\/em>, <em>50<\/em>(8), 1520-1538. (<strong>Q2<\/strong>)<\/li>\n\n\n\n<li>Moreno, J., Serrano, M. A., Fernandez, E. B., &amp; Fern\u00e1ndez-Medina, E. (2020). Improving incident response in big data ecosystems by using blockchain technologies. <em>Applied<\/em> <em>Sciences<\/em>, <em>10<\/em>(2), 724. (<strong>Q2<\/strong>)<\/li>\n\n\n\n<li>Rosado, D. G., Santos-Olmo, A., S\u00e1nchez, L. E., Serrano, M. A., Blanco, C., Mouratidis, H., &amp; Fern\u00e1ndez-Medina, E. (2022). Managing cybersecurity risks of cyber-physical systems: The MARISMA-CPS pattern. <em>Computers in Industry<\/em>, <em>142<\/em>, 103715. (<strong>Q1<\/strong>)<\/li>\n\n\n\n<li>Serrano, M. A., S\u00e1nchez, L. E., Santos-Olmo, A., Garc\u00eda-Rosado, D., Blanco, C., Barletta, V. S., Caivano, D. &amp; Fern\u00e1ndez-Medina, E. (2023). Minimizing incident response time in real-world scenarios using quantum computing. <em>Software Quality Journal<\/em>, 1-30. (<strong>Q3<\/strong>)<\/li>\n\n\n\n<li>Barletta, V. S., Caivano, D., Vincentiis, M. D., Ragone, A., Scalera, M., &amp; Mart\u00edn, M. \u00c1. S. (2023). V-soc4as: A vehicle-soc for improving automotive security. <em>Algorithms<\/em>, <em>16<\/em>(2), 112. (<strong>Q3<\/strong>)<\/li>\n\n\n\n<li>Santos-Olmo, A., S\u00e1nchez, L. E., Rosado, D. G., Serrano, M. A., Blanco, C., Mouratidis, H., &amp; Fern\u00e1ndez-Medina, E. Towards an integrated risk analysis security framework according to a systematic analysis of existing proposals. Frontiers of Computer Science, 18(3), 183808. (<strong>Q1<\/strong>)<\/li>\n<\/ul>\n\n\n\n<h3 class=\"wp-block-heading\">Coordinador de Programas Erasmus<\/h3>\n\n\n\n<p>Soy coordinador de los siguientes programas Erasmus en la Escuela Superior de Inform\u00e1tica de Ciudad Real:<\/p>\n\n\n\n<figure class=\"wp-block-table is-style-stripes\"><table><tbody><tr><td><strong>Universidad Destino<\/strong><\/td><td><strong>Curso de Inicio<\/strong><\/td><\/tr><tr><td>Vilnius University \u2013 Lituania<\/td><td>2009 &#8211; 2010<\/td><\/tr><tr><td>Technical University of Liberec \u2013 Rep\u00fablica Checa<\/td><td>2009 &#8211; 2010<\/td><\/tr><tr><td>Technical University of Ostrava \u2013 Rep\u00fablica Checa<\/td><td>2009 &#8211; 2010<\/td><\/tr><\/tbody><\/table><\/figure>\n","protected":false},"excerpt":{"rendered":"<p>Estancias de investigaci\u00f3n Estancias Postdoctorales Universidad Fecha Duraci\u00f3n Universit\u00e0 degli Studi di Bari (Italia) 20\/05\/2021 &#8211; 20\/12\/2021 7 meses Universidad de Alicante 1\/06\/2005 &#8211; 30\/09\/2005 4 meses Estancias Predoctorales Universidad Fecha Duraci\u00f3n Universidad de Alicante 15\/05\/2004 &#8211; 15\/10\/2004 5 meses Universit\u00e9 de Montreal (Canad\u00e1) 4\/06\/2003 &#8211; 4\/07\/2003 1 mes Publicaciones con Profesores de Universidades Internacionales &hellip; <a href=\"https:\/\/blog.uclm.es\/manuelserrano\/internacionalizacion\/\" class=\"more-link\">Continuar leyendo<span class=\"screen-reader-text\"> \u00abInternacionalizaci\u00f3n\u00bb<\/span><\/a><\/p>\n","protected":false},"author":107,"featured_media":0,"parent":0,"menu_order":0,"comment_status":"closed","ping_status":"closed","template":"","meta":{"footnotes":""},"class_list":["post-448","page","type-page","status-publish","hentry"],"_links":{"self":[{"href":"https:\/\/blog.uclm.es\/manuelserrano\/wp-json\/wp\/v2\/pages\/448","targetHints":{"allow":["GET"]}}],"collection":[{"href":"https:\/\/blog.uclm.es\/manuelserrano\/wp-json\/wp\/v2\/pages"}],"about":[{"href":"https:\/\/blog.uclm.es\/manuelserrano\/wp-json\/wp\/v2\/types\/page"}],"author":[{"embeddable":true,"href":"https:\/\/blog.uclm.es\/manuelserrano\/wp-json\/wp\/v2\/users\/107"}],"replies":[{"embeddable":true,"href":"https:\/\/blog.uclm.es\/manuelserrano\/wp-json\/wp\/v2\/comments?post=448"}],"version-history":[{"count":3,"href":"https:\/\/blog.uclm.es\/manuelserrano\/wp-json\/wp\/v2\/pages\/448\/revisions"}],"predecessor-version":[{"id":451,"href":"https:\/\/blog.uclm.es\/manuelserrano\/wp-json\/wp\/v2\/pages\/448\/revisions\/451"}],"wp:attachment":[{"href":"https:\/\/blog.uclm.es\/manuelserrano\/wp-json\/wp\/v2\/media?parent=448"}],"curies":[{"name":"wp","href":"https:\/\/api.w.org\/{rel}","templated":true}]}}