{"id":438,"date":"2024-02-18T22:47:05","date_gmt":"2024-02-18T21:47:05","guid":{"rendered":"https:\/\/blog.uclm.es\/manuelserrano\/?page_id=438"},"modified":"2024-02-18T22:48:06","modified_gmt":"2024-02-18T21:48:06","slug":"publicaciones-docentes","status":"publish","type":"page","link":"https:\/\/blog.uclm.es\/manuelserrano\/publicaciones-docentes\/","title":{"rendered":"Publicaciones Docentes"},"content":{"rendered":"\n<h3 class=\"wp-block-heading\">Revistas JCR Docentes<\/h3>\n\n\n\n<figure class=\"wp-block-table is-style-stripes\"><table><tbody><tr><td><strong>A\u00f1o<\/strong><\/td><td><strong>Titulo<\/strong><\/td><td><strong>Autores<\/strong><\/td><td><strong>Revista<\/strong><\/td><\/tr><tr><td>2008<\/td><td>Empirical studies in software engineering courses: some pedagogical<br>experiences<\/td><td>Garcia, F., Serrano, M., Cruz-Lemus, J. A., Genero, M., Calero, C., &amp; Piattini, M.&nbsp;<\/td><td><em>International Journal of Engineering Education<\/em>, <em>24<\/em>(4), 761<\/td><\/tr><\/tbody><\/table><\/figure>\n\n\n\n<h3 class=\"wp-block-heading\">Congresos Docentes<\/h3>\n\n\n\n<figure class=\"wp-block-table is-style-stripes\"><table><tbody><tr><td class=\"has-text-align-center\" data-align=\"center\"><font color=\"#000000\"><strong>A\u00f1o<\/strong><\/font><\/td><td><font color=\"#000000\"><strong>T\u00edtulo<\/strong><\/font><\/td><td class=\"has-text-align-center\" data-align=\"center\"><font color=\"#000000\"><strong>Congreso<\/strong><\/font><\/td><td class=\"has-text-align-center\" data-align=\"center\"><font color=\"#000000\"><strong>Lugar<\/strong><\/font><\/td><\/tr><tr><td class=\"has-text-align-center\" data-align=\"center\"><font color=\"#000000\">2004<\/font><\/td><td><font color=\"#000000\">La Experimentaci\u00f3n en la docencia de Ingenier\u00eda del Software<\/font><\/td><td class=\"has-text-align-center\" data-align=\"center\"><font color=\"#000000\">JENUI 2004<\/font><\/td><td class=\"has-text-align-center\" data-align=\"center\"><font color=\"#000000\">Alicante<\/font><\/td><\/tr><tr><td class=\"has-text-align-center\" data-align=\"center\"><font color=\"#000000\">2005<\/font><\/td><td><font color=\"#000000\">Experiencias en la realizaci\u00f3n de Estudios Emp\u00edricos en cursos de Ingenier\u00eda del Software<\/font><\/td><td class=\"has-text-align-center\" data-align=\"center\"><font color=\"#000000\">SiNDI 2005<\/font><\/td><td class=\"has-text-align-center\" data-align=\"center\"><font color=\"#000000\">Granada<\/font><\/td><\/tr><tr><td class=\"has-text-align-center\" data-align=\"center\"><font color=\"#000000\">2016<\/font><\/td><td><font color=\"#000000\">Lecciones aprendidas tras varias convocatorias de un programa para el Fortalecimiento y Mejora de las competencias de empleabilidad de los graduados en Inform\u00e1tica<\/font><\/td><td class=\"has-text-align-center\" data-align=\"center\"><font color=\"#000000\">JENUI 2016<\/font><\/td><td class=\"has-text-align-center\" data-align=\"center\"><font color=\"#000000\">Almer\u00eda<\/font><\/td><\/tr><tr><td class=\"has-text-align-center\" data-align=\"center\"><font color=\"#000000\">2018<\/font><\/td><td><font color=\"#000000\">Formaci\u00f3n integral en la intensificaci\u00f3n de Ingenier\u00eda del Software en el grado en Ingenier\u00eda Inform\u00e1tica<\/font><\/td><td class=\"has-text-align-center\" data-align=\"center\"><font color=\"#000000\">JENUI 2018<\/font><\/td><td class=\"has-text-align-center\" data-align=\"center\"><font color=\"#000000\">Barcelona<\/font><\/td><\/tr><tr><td class=\"has-text-align-center\" data-align=\"center\"><font color=\"#000000\">2019<\/font><\/td><td><font color=\"#000000\">Sistema de Apoyo a la Direcci\u00f3n de Centros Universitarios para la Evaluaci\u00f3n temprana del Rendimiento Acad\u00e9mico y Riesgo de Abandono<\/font><\/td><td class=\"has-text-align-center\" data-align=\"center\"><font color=\"#000000\">III Jornada Innovaci\u00f3n Docente<\/font><\/td><td class=\"has-text-align-center\" data-align=\"center\"><font color=\"#000000\">Toledo<\/font><\/td><\/tr><tr><td class=\"has-text-align-center\" data-align=\"center\"><font color=\"#000000\">2020<\/font><\/td><td><font color=\"#000000\">Ense\u00f1ando a los estudiantes c\u00f3mo mejorar su atenci\u00f3n y gesti\u00f3n del tiempo<\/font><\/td><td class=\"has-text-align-center\" data-align=\"center\"><font color=\"#000000\">JENUI 2020<\/font><\/td><td class=\"has-text-align-center\" data-align=\"center\"><font color=\"#000000\">Valencia<\/font><\/td><\/tr><tr><td class=\"has-text-align-center\" data-align=\"center\"><font color=\"#000000\">2020<\/font><\/td><td><font color=\"#000000\">Propuestas sobre la ense\u00f1anza de la inform\u00e1tica cu\u00e1ntica<\/font><\/td><td class=\"has-text-align-center\" data-align=\"center\"><font color=\"#000000\">JENUI 2020<\/font><\/td><td class=\"has-text-align-center\" data-align=\"center\"><font color=\"#000000\">Valencia<\/font><\/td><\/tr><tr><td class=\"has-text-align-center\" data-align=\"center\"><font color=\"#000000\">2020<\/font><\/td><td><font color=\"#000000\">SmartFeedback: Augmented Audience Response System for Intelligent Feedback<\/font><\/td><td class=\"has-text-align-center\" data-align=\"center\"><font color=\"#000000\">SIIE<\/font><\/td><td class=\"has-text-align-center\" data-align=\"center\"><font color=\"#000000\">Online<\/font><\/td><\/tr><tr><td class=\"has-text-align-center\" data-align=\"center\"><font color=\"#000000\">2021<\/font><\/td><td><font color=\"#000000\">Sistema aumentado de respuesta de audiencia para mejorar el inter\u00e9s y participaci\u00f3n en clase (Proyecto SmartFeedback)<\/font><\/td><td class=\"has-text-align-center\" data-align=\"center\"><font color=\"#000000\">IV Jornada Innovaci\u00f3n Docente<\/font><\/td><td class=\"has-text-align-center\" data-align=\"center\"><font color=\"#000000\">Online<\/font><\/td><\/tr><tr><td class=\"has-text-align-center\" data-align=\"center\"><font color=\"#000000\">2023<\/font><\/td><td><font color=\"#000000\">Towards a quantum world in cybersecurity land<\/font><\/td><td class=\"has-text-align-center\" data-align=\"center\"><font color=\"#000000\">CSE4IA (IS-EUD 2023)<\/font><\/td><td class=\"has-text-align-center\" data-align=\"center\"><font color=\"#000000\">Cagliari, Italia<\/font><\/td><\/tr><tr><td class=\"has-text-align-center\" data-align=\"center\"><font color=\"#000000\">2023<\/font><\/td><td><font color=\"#000000\">Perspectiva de la Ciberseguridad en el Grado de Ingenier\u00eda Inform\u00e1tica de la ESI en la UCLM<\/font><\/td><td class=\"has-text-align-center\" data-align=\"center\"><font color=\"#000000\">JENUI 2023<\/font><\/td><td class=\"has-text-align-center\" data-align=\"center\"><font color=\"#000000\">Granada<\/font><\/td><\/tr><\/tbody><\/table><\/figure>\n","protected":false},"excerpt":{"rendered":"<p>Revistas JCR Docentes A\u00f1o Titulo Autores Revista 2008 Empirical studies in software engineering courses: some pedagogicalexperiences Garcia, F., Serrano, M., Cruz-Lemus, J. A., Genero, M., Calero, C., &amp; Piattini, M.&nbsp; International Journal of Engineering Education, 24(4), 761 Congresos Docentes A\u00f1o T\u00edtulo Congreso Lugar 2004 La Experimentaci\u00f3n en la docencia de Ingenier\u00eda del Software JENUI 2004 &hellip; <a href=\"https:\/\/blog.uclm.es\/manuelserrano\/publicaciones-docentes\/\" class=\"more-link\">Continuar leyendo<span class=\"screen-reader-text\"> \u00abPublicaciones Docentes\u00bb<\/span><\/a><\/p>\n","protected":false},"author":107,"featured_media":0,"parent":0,"menu_order":0,"comment_status":"closed","ping_status":"closed","template":"","meta":{"footnotes":""},"class_list":["post-438","page","type-page","status-publish","hentry"],"_links":{"self":[{"href":"https:\/\/blog.uclm.es\/manuelserrano\/wp-json\/wp\/v2\/pages\/438","targetHints":{"allow":["GET"]}}],"collection":[{"href":"https:\/\/blog.uclm.es\/manuelserrano\/wp-json\/wp\/v2\/pages"}],"about":[{"href":"https:\/\/blog.uclm.es\/manuelserrano\/wp-json\/wp\/v2\/types\/page"}],"author":[{"embeddable":true,"href":"https:\/\/blog.uclm.es\/manuelserrano\/wp-json\/wp\/v2\/users\/107"}],"replies":[{"embeddable":true,"href":"https:\/\/blog.uclm.es\/manuelserrano\/wp-json\/wp\/v2\/comments?post=438"}],"version-history":[{"count":2,"href":"https:\/\/blog.uclm.es\/manuelserrano\/wp-json\/wp\/v2\/pages\/438\/revisions"}],"predecessor-version":[{"id":441,"href":"https:\/\/blog.uclm.es\/manuelserrano\/wp-json\/wp\/v2\/pages\/438\/revisions\/441"}],"wp:attachment":[{"href":"https:\/\/blog.uclm.es\/manuelserrano\/wp-json\/wp\/v2\/media?parent=438"}],"curies":[{"name":"wp","href":"https:\/\/api.w.org\/{rel}","templated":true}]}}