{"id":425,"date":"2024-02-18T22:12:11","date_gmt":"2024-02-18T21:12:11","guid":{"rendered":"https:\/\/blog.uclm.es\/manuelserrano\/?page_id=425"},"modified":"2024-02-18T22:42:10","modified_gmt":"2024-02-18T21:42:10","slug":"charlas-y-cursos","status":"publish","type":"page","link":"https:\/\/blog.uclm.es\/manuelserrano\/charlas-y-cursos\/","title":{"rendered":"Charlas y Cursos"},"content":{"rendered":"\n<h3 class=\"wp-block-heading\">Charlas Invitadas<\/h3>\n\n\n\n<figure class=\"wp-block-table is-style-stripes\"><table><tbody><tr><td class=\"has-text-align-center\" data-align=\"center\"><font color=\"#000000\"><strong>Fecha<\/strong><\/font><\/td><td><font color=\"#000000\"><strong>T\u00edtulo<\/strong><\/font><\/td><td><font color=\"#000000\"><strong>Lugar<\/strong><\/font><\/td><\/tr><tr><td class=\"has-text-align-center\" data-align=\"center\"><font color=\"#000000\">25\/07\/2017<\/font><\/td><td><font color=\"#000000\">Big Data Security<\/font><\/td><td><font color=\"#000000\">Florida Atlantic University (USA)<\/font><\/td><\/tr><tr><td class=\"has-text-align-center\" data-align=\"center\"><font color=\"#000000\">17\/05\/2018<\/font><\/td><td><font color=\"#000000\">Bitcoins y Energ\u00eda: \u00bfHac\u00eda un nuevo Peak-Oil?<\/font><\/td><td><font color=\"#000000\">Facultad de Derecho y CCSS (UCLM)<\/font><\/td><\/tr><tr><td class=\"has-text-align-center\" data-align=\"center\"><font color=\"#000000\">15\/07\/2020<\/font><\/td><td><font color=\"#000000\">Fundamentos de Computaci\u00f3n Cu\u00e1ntica<\/font><\/td><td><font color=\"#000000\">Curso de Verano Fundamentos de la programaci\u00f3n cu\u00e1ntica (Talavera de la Reina, UCLM)<\/font><\/td><\/tr><tr><td class=\"has-text-align-center\" data-align=\"center\"><font color=\"#000000\">18\/11\/2020<\/font><\/td><td><font color=\"#000000\">Quantum Computing Concepts: Towards a new Programming Paradigm<\/font><\/td><td><font color=\"#000000\">Brunel University London (UK)<\/font><\/td><\/tr><tr><td class=\"has-text-align-center\" data-align=\"center\"><font color=\"#000000\">20\/07\/2021<\/font><\/td><td><font color=\"#000000\">Algoritmos de Software Cu\u00e1ntico<\/font><\/td><td><font color=\"#000000\">Curso de Verano Introducci\u00f3n a la programaci\u00f3n de software cu\u00e1ntico con Qpath (Talavera de la Reina, UCLM)<\/font><\/td><\/tr><tr><td class=\"has-text-align-center\" data-align=\"center\"><font color=\"#000000\">13\/12\/2023<\/font><\/td><td><font color=\"#000000\">ChatGPT: La amenaza fantasma o una nueva esperanza<\/font><\/td><td><font color=\"#000000\">Escuela Superior de Inform\u00e1tica (Ciudad Real, UCLM)<\/font><\/td><\/tr><\/tbody><\/table><\/figure>\n\n\n\n<h3 class=\"wp-block-heading\">Cursos Impartidos<\/h3>\n\n\n\n<figure class=\"wp-block-table is-style-stripes\"><table><tbody><tr><td><font color=\"#000000\"><strong>Curso<\/strong><\/font><\/td><td><font color=\"#000000\"><strong>Lugar<\/strong><\/font><\/td><td class=\"has-text-align-center\" data-align=\"center\"><font color=\"#000000\"><strong>A\u00f1o<\/strong><\/font><\/td><td class=\"has-text-align-center\" data-align=\"center\"><font color=\"#000000\"><strong>Horas<\/strong><\/font><\/td><\/tr><tr><td>Security by Design in Big Data Era<\/td><td>Grado de<br>Seguridad Inform\u00e1tica de la Universidad de Bari<\/td><td class=\"has-text-align-center\" data-align=\"center\">2018<\/td><td class=\"has-text-align-center\" data-align=\"center\">10<\/td><\/tr><tr><td><font color=\"#000000\">Scrum Master<\/font><\/td><td><font color=\"#000000\">UCLM<\/font><\/td><td class=\"has-text-align-center\" data-align=\"center\"><font color=\"#000000\">2022<\/font><\/td><td class=\"has-text-align-center\" data-align=\"center\"><font color=\"#000000\">25<\/font><\/td><\/tr><tr><td><font color=\"#000000\">Scrum Master<\/font><\/td><td><font color=\"#000000\">UCLM<\/font><\/td><td class=\"has-text-align-center\" data-align=\"center\"><font color=\"#000000\">2021<\/font><\/td><td class=\"has-text-align-center\" data-align=\"center\"><font color=\"#000000\">20<\/font><\/td><\/tr><tr><td><font color=\"#000000\">Scrum Master<\/font><\/td><td><font color=\"#000000\">UCLM<\/font><\/td><td class=\"has-text-align-center\" data-align=\"center\"><font color=\"#000000\">2021<\/font><\/td><td class=\"has-text-align-center\" data-align=\"center\"><font color=\"#000000\">20<\/font><\/td><\/tr><tr><td><font color=\"#000000\">Actualizaci\u00f3n Impacto del marco jur\u00eddico para las TIC en la universidad.<\/font><\/td><td><font color=\"#000000\">UCLM<\/font><\/td><td class=\"has-text-align-center\" data-align=\"center\"><font color=\"#000000\">2020<\/font><\/td><td class=\"has-text-align-center\" data-align=\"center\"><font color=\"#000000\">20<\/font><\/td><\/tr><tr><td><font color=\"#000000\">Impacto del marco jur\u00eddico para las TIC en la universidad. Nivel b\u00e1sico<\/font><\/td><td><font color=\"#000000\">UCLM<\/font><\/td><td class=\"has-text-align-center\" data-align=\"center\"><font color=\"#000000\">2019<\/font><\/td><td class=\"has-text-align-center\" data-align=\"center\"><font color=\"#000000\">20<\/font><\/td><\/tr><tr><td><font color=\"#000000\">Curso de Especialista en Dinamizacio\u0301n de Puntos de Inclusio\u0301n Digital <\/font><\/td><td><font color=\"#000000\">Excma. Diputaci\u00f3n de Ciudad Real<\/font><\/td><td class=\"has-text-align-center\" data-align=\"center\"><font color=\"#000000\">2021<\/font><\/td><td class=\"has-text-align-center\" data-align=\"center\"><font color=\"#000000\">72<\/font><\/td><\/tr><tr><td><font color=\"#000000\">Internet para Desarrolladores<\/font><\/td><td><font color=\"#000000\">Getronics S.A.<\/font><\/td><td class=\"has-text-align-center\" data-align=\"center\"><font color=\"#000000\">2001<\/font><\/td><td class=\"has-text-align-center\" data-align=\"center\"><font color=\"#000000\">25<\/font><\/td><\/tr><tr><td><font color=\"#000000\">Aplicaciones en Internet con ASP<\/font><\/td><td><font color=\"#000000\">Getronics S.A.<\/font><\/td><td class=\"has-text-align-center\" data-align=\"center\"><font color=\"#000000\">2001<\/font><\/td><td class=\"has-text-align-center\" data-align=\"center\"><font color=\"#000000\">25<\/font><\/td><\/tr><tr><td><font color=\"#000000\">Programaci\u00f3n con .Net<\/font><\/td><td><font color=\"#000000\">Soluziona<\/font><\/td><td class=\"has-text-align-center\" data-align=\"center\"><font color=\"#000000\">2004<\/font><\/td><td class=\"has-text-align-center\" data-align=\"center\"><font color=\"#000000\">20<\/font><\/td><\/tr><tr><td><font color=\"#000000\">Programaci\u00f3n con .Net<\/font><\/td><td><font color=\"#000000\">Soluziona<\/font><\/td><td class=\"has-text-align-center\" data-align=\"center\"><font color=\"#000000\">2004<\/font><\/td><td class=\"has-text-align-center\" data-align=\"center\"><font color=\"#000000\">14<\/font><\/td><\/tr><\/tbody><\/table><\/figure>\n\n\n\n<h3 class=\"wp-block-heading\">Cursos de Ense\u00f1anzas Propias<\/h3>\n\n\n\n<figure class=\"wp-block-table is-style-stripes\"><table><tbody><tr><td class=\"has-text-align-center\" data-align=\"center\"><b><font size=\"2\" color=\"#000000\"><strong>Curso Acad\u00e9mico<\/strong><\/font><\/b><\/td><td><b><font size=\"2\" color=\"#000000\">T\u00edtulo CEP<\/font><\/b><\/td><td class=\"has-text-align-center\" data-align=\"center\"><b><font size=\"2\" color=\"#000000\">Inicio<\/font><\/b><\/td><td class=\"has-text-align-center\" data-align=\"center\"><b><font size=\"2\" color=\"#000000\">Fin<\/font><\/b><\/td><td class=\"has-text-align-center\" data-align=\"center\"><b><font size=\"2\" color=\"#000000\">Horas<\/font><\/b><\/td><\/tr><tr><td class=\"has-text-align-center\" data-align=\"center\"><font size=\"2\" color=\"#000000\">2022\/2023<\/font><\/td><td><font size=\"2\" color=\"#000000\">Desarrollo web full-stack con MERN 5.0, 2022\/2023<\/font><\/td><td class=\"has-text-align-center\" data-align=\"center\"><font size=\"2\" color=\"#000000\">03\/03\/2023<\/font><\/td><td class=\"has-text-align-center\" data-align=\"center\"><font size=\"2\" color=\"#000000\">24\/03\/2023<\/font><\/td><td class=\"has-text-align-center\" data-align=\"center\"><font size=\"2\" color=\"#000000\">20<\/font><\/td><\/tr><tr><td class=\"has-text-align-center\" data-align=\"center\"><font size=\"2\" color=\"#000000\">2021\/2022<\/font><\/td><td><font size=\"2\" color=\"#000000\">Desarrollo web full-stack con MERN 4.0, 2021\/2022<\/font><\/td><td class=\"has-text-align-center\" data-align=\"center\"><font size=\"2\" color=\"#000000\">02\/03\/2022<\/font><\/td><td class=\"has-text-align-center\" data-align=\"center\"><font size=\"2\" color=\"#000000\">28\/07\/2022<\/font><\/td><td class=\"has-text-align-center\" data-align=\"center\"><font size=\"2\" color=\"#000000\">20<\/font><\/td><\/tr><tr><td class=\"has-text-align-center\" data-align=\"center\"><font size=\"2\" color=\"#000000\">2020\/2021<\/font><\/td><td><font size=\"2\" color=\"#000000\">Desarrollo web full-stack con MERN 3.0, 2020\/2021<\/font><\/td><td class=\"has-text-align-center\" data-align=\"center\"><font size=\"2\" color=\"#000000\">03\/03\/2021<\/font><\/td><td class=\"has-text-align-center\" data-align=\"center\"><font size=\"2\" color=\"#000000\">26\/03\/2021<\/font><\/td><td class=\"has-text-align-center\" data-align=\"center\"><font size=\"2\" color=\"#000000\">20<\/font><\/td><\/tr><tr><td class=\"has-text-align-center\" data-align=\"center\"><font size=\"2\" color=\"#000000\">2020\/2021<\/font><\/td><td><font size=\"2\" color=\"#000000\">PROGRAMACI\u00d3N CU\u00c1NTICA<\/font><\/td><td class=\"has-text-align-center\" data-align=\"center\"><font size=\"2\" color=\"#000000\">02\/10\/2020<\/font><\/td><td class=\"has-text-align-center\" data-align=\"center\"><font size=\"2\" color=\"#000000\">30\/10\/2020<\/font><\/td><td class=\"has-text-align-center\" data-align=\"center\"><font size=\"2\" color=\"#000000\">20<\/font><\/td><\/tr><tr><td class=\"has-text-align-center\" data-align=\"center\"><font size=\"2\" color=\"#000000\">2019\/2020<\/font><\/td><td><font size=\"2\" color=\"#000000\">Desarrollo Web Full-Stack con MERN 2019\/2020<\/font><\/td><td class=\"has-text-align-center\" data-align=\"center\"><font size=\"2\" color=\"#000000\">06\/03\/2020<\/font><\/td><td class=\"has-text-align-center\" data-align=\"center\"><font size=\"2\" color=\"#000000\">27\/03\/2020<\/font><\/td><td class=\"has-text-align-center\" data-align=\"center\"><font size=\"2\" color=\"#000000\">20<\/font><\/td><\/tr><tr><td class=\"has-text-align-center\" data-align=\"center\"><font size=\"2\" color=\"#000000\">2018\/2019<\/font><\/td><td><font size=\"2\" color=\"#000000\">Desarrollo Web Full-Stack con MERN 2018\/2019<\/font><\/td><td class=\"has-text-align-center\" data-align=\"center\"><font size=\"2\" color=\"#000000\">29\/03\/2019<\/font><\/td><td class=\"has-text-align-center\" data-align=\"center\"><font size=\"2\" color=\"#000000\">26\/04\/2019<\/font><\/td><td class=\"has-text-align-center\" data-align=\"center\"><font size=\"2\" color=\"#000000\">20<\/font><\/td><\/tr><tr><td class=\"has-text-align-center\" data-align=\"center\"><font size=\"2\" color=\"#000000\">2017\/2018<\/font><\/td><td><font size=\"2\" color=\"#000000\">Ruby on Rails 2017\/2018<\/font><\/td><td class=\"has-text-align-center\" data-align=\"center\"><font size=\"2\" color=\"#000000\">06\/10\/2017<\/font><\/td><td class=\"has-text-align-center\" data-align=\"center\"><font size=\"2\" color=\"#000000\">10\/11\/2017<\/font><\/td><td class=\"has-text-align-center\" data-align=\"center\"><font size=\"2\" color=\"#000000\">20<\/font><\/td><\/tr><tr><td class=\"has-text-align-center\" data-align=\"center\"><font size=\"2\" color=\"#000000\">2016\/2017<\/font><\/td><td><font size=\"2\" color=\"#000000\">RUBY ON RAILS 2016\/2017<\/font><\/td><td class=\"has-text-align-center\" data-align=\"center\"><font size=\"2\" color=\"#000000\">07\/10\/2016<\/font><\/td><td class=\"has-text-align-center\" data-align=\"center\"><font size=\"2\" color=\"#000000\">28\/10\/2016<\/font><\/td><td class=\"has-text-align-center\" data-align=\"center\"><font size=\"2\" color=\"#000000\">20<\/font><\/td><\/tr><tr><td class=\"has-text-align-center\" data-align=\"center\"><font size=\"2\" color=\"#000000\">2015\/2016<\/font><\/td><td><font size=\"2\" color=\"#000000\">RUBY ON RAILS 2015\/2016<\/font><\/td><td class=\"has-text-align-center\" data-align=\"center\"><font size=\"2\" color=\"#000000\">09\/10\/2015<\/font><\/td><td class=\"has-text-align-center\" data-align=\"center\"><font size=\"2\" color=\"#000000\">23\/10\/2015<\/font><\/td><td class=\"has-text-align-center\" data-align=\"center\"><font size=\"2\" color=\"#000000\">20<\/font><\/td><\/tr><tr><td class=\"has-text-align-center\" data-align=\"center\"><font size=\"2\" color=\"#000000\">2014\/2015<\/font><\/td><td><font size=\"2\" color=\"#000000\">RUBY ON RAILS 2014\/2015<\/font><\/td><td class=\"has-text-align-center\" data-align=\"center\"><font size=\"2\" color=\"#000000\">03\/10\/2014<\/font><\/td><td class=\"has-text-align-center\" data-align=\"center\"><font size=\"2\" color=\"#000000\">24\/10\/2014<\/font><\/td><td class=\"has-text-align-center\" data-align=\"center\"><font size=\"2\" color=\"#000000\">20<\/font><\/td><\/tr><tr><td class=\"has-text-align-center\" data-align=\"center\"><font size=\"2\" color=\"#000000\">2013\/2014<\/font><\/td><td><font size=\"2\" color=\"#000000\">RUBY ON RAILS 2013\/2014<\/font><\/td><td class=\"has-text-align-center\" data-align=\"center\"><font size=\"2\" color=\"#000000\">04\/10\/2013<\/font><\/td><td class=\"has-text-align-center\" data-align=\"center\"><font size=\"2\" color=\"#000000\">25\/10\/2013<\/font><\/td><td class=\"has-text-align-center\" data-align=\"center\"><font size=\"2\" color=\"#000000\">20<\/font><\/td><\/tr><tr><td class=\"has-text-align-center\" data-align=\"center\"><font size=\"2\" color=\"#000000\">2012\/2013<\/font><\/td><td><font size=\"2\" color=\"#000000\">RUBY ON RAILS 2012\/2013<\/font><\/td><td class=\"has-text-align-center\" data-align=\"center\"><font size=\"2\" color=\"#000000\">16\/11\/2012<\/font><\/td><td class=\"has-text-align-center\" data-align=\"center\"><font size=\"2\" color=\"#000000\">14\/12\/2012<\/font><\/td><td class=\"has-text-align-center\" data-align=\"center\"><font size=\"2\" color=\"#000000\">20<\/font><\/td><\/tr><tr><td class=\"has-text-align-center\" data-align=\"center\"><font size=\"2\" color=\"#000000\">2006\/2007<\/font><\/td><td><font size=\"2\" color=\"#000000\">Visual Basic.NET 2006\/2007<\/font><\/td><td class=\"has-text-align-center\" data-align=\"center\"><font size=\"2\" color=\"#000000\">21\/10\/2006<\/font><\/td><td class=\"has-text-align-center\" data-align=\"center\"><font size=\"2\" color=\"#000000\">11\/11\/2006<\/font><\/td><td class=\"has-text-align-center\" data-align=\"center\"><font size=\"2\" color=\"#000000\">20<\/font><\/td><\/tr><tr><td class=\"has-text-align-center\" data-align=\"center\"><font size=\"2\" color=\"#000000\">2006\/2007<\/font><\/td><td><font size=\"2\" color=\"#000000\">ASP.NET 2006\/2007<\/font><\/td><td class=\"has-text-align-center\" data-align=\"center\"><font size=\"2\" color=\"#000000\">16\/02\/2007<\/font><\/td><td class=\"has-text-align-center\" data-align=\"center\"><font size=\"2\" color=\"#000000\">09\/03\/2007<\/font><\/td><td class=\"has-text-align-center\" data-align=\"center\"><font size=\"2\" color=\"#000000\">20<\/font><\/td><\/tr><tr><td class=\"has-text-align-center\" data-align=\"center\"><font size=\"2\" color=\"#000000\">2004\/2005<\/font><\/td><td><font size=\"2\" color=\"#000000\">Visual Basic.NET 2004\/2005<\/font><\/td><td class=\"has-text-align-center\" data-align=\"center\"><font size=\"2\" color=\"#000000\">22\/10\/2004<\/font><\/td><td class=\"has-text-align-center\" data-align=\"center\"><font size=\"2\" color=\"#000000\">12\/11\/2004<\/font><\/td><td class=\"has-text-align-center\" data-align=\"center\"><font size=\"2\" color=\"#000000\">20<\/font><\/td><\/tr><tr><td class=\"has-text-align-center\" data-align=\"center\"><font size=\"2\" color=\"#000000\">2003\/2004<\/font><\/td><td><font size=\"2\" color=\"#000000\">Visual Basic.NET 2003\/2004<\/font><\/td><td class=\"has-text-align-center\" data-align=\"center\"><font size=\"2\" color=\"#000000\">15\/12\/2003<\/font><\/td><td class=\"has-text-align-center\" data-align=\"center\"><font size=\"2\" color=\"#000000\">23\/12\/2003<\/font><\/td><td class=\"has-text-align-center\" data-align=\"center\"><font size=\"2\" color=\"#000000\">20<\/font><\/td><\/tr><tr><td class=\"has-text-align-center\" data-align=\"center\"><font size=\"2\" color=\"#000000\">2003\/2004<\/font><\/td><td><font size=\"2\" color=\"#000000\">ASP.NET 2003\/2004<\/font><\/td><td class=\"has-text-align-center\" data-align=\"center\"><font size=\"2\" color=\"#000000\">28\/02\/2004<\/font><\/td><td class=\"has-text-align-center\" data-align=\"center\"><font size=\"2\" color=\"#000000\">20\/03\/2004<\/font><\/td><td class=\"has-text-align-center\" data-align=\"center\"><font size=\"2\" color=\"#000000\">20<\/font><\/td><\/tr><\/tbody><\/table><\/figure>\n","protected":false},"excerpt":{"rendered":"<p>Charlas Invitadas Fecha T\u00edtulo Lugar 25\/07\/2017 Big Data Security Florida Atlantic University (USA) 17\/05\/2018 Bitcoins y Energ\u00eda: \u00bfHac\u00eda un nuevo Peak-Oil? Facultad de Derecho y CCSS (UCLM) 15\/07\/2020 Fundamentos de Computaci\u00f3n Cu\u00e1ntica Curso de Verano Fundamentos de la programaci\u00f3n cu\u00e1ntica (Talavera de la Reina, UCLM) 18\/11\/2020 Quantum Computing Concepts: Towards a new Programming Paradigm Brunel &hellip; <a href=\"https:\/\/blog.uclm.es\/manuelserrano\/charlas-y-cursos\/\" class=\"more-link\">Continuar leyendo<span class=\"screen-reader-text\"> \u00abCharlas y Cursos\u00bb<\/span><\/a><\/p>\n","protected":false},"author":107,"featured_media":0,"parent":0,"menu_order":0,"comment_status":"closed","ping_status":"closed","template":"","meta":{"footnotes":""},"class_list":["post-425","page","type-page","status-publish","hentry"],"_links":{"self":[{"href":"https:\/\/blog.uclm.es\/manuelserrano\/wp-json\/wp\/v2\/pages\/425","targetHints":{"allow":["GET"]}}],"collection":[{"href":"https:\/\/blog.uclm.es\/manuelserrano\/wp-json\/wp\/v2\/pages"}],"about":[{"href":"https:\/\/blog.uclm.es\/manuelserrano\/wp-json\/wp\/v2\/types\/page"}],"author":[{"embeddable":true,"href":"https:\/\/blog.uclm.es\/manuelserrano\/wp-json\/wp\/v2\/users\/107"}],"replies":[{"embeddable":true,"href":"https:\/\/blog.uclm.es\/manuelserrano\/wp-json\/wp\/v2\/comments?post=425"}],"version-history":[{"count":4,"href":"https:\/\/blog.uclm.es\/manuelserrano\/wp-json\/wp\/v2\/pages\/425\/revisions"}],"predecessor-version":[{"id":437,"href":"https:\/\/blog.uclm.es\/manuelserrano\/wp-json\/wp\/v2\/pages\/425\/revisions\/437"}],"wp:attachment":[{"href":"https:\/\/blog.uclm.es\/manuelserrano\/wp-json\/wp\/v2\/media?parent=425"}],"curies":[{"name":"wp","href":"https:\/\/api.w.org\/{rel}","templated":true}]}}