{"id":415,"date":"2024-02-18T21:03:45","date_gmt":"2024-02-18T20:03:45","guid":{"rendered":"https:\/\/blog.uclm.es\/manuelserrano\/?page_id=415"},"modified":"2024-02-18T21:59:34","modified_gmt":"2024-02-18T20:59:34","slug":"proyectos-id","status":"publish","type":"page","link":"https:\/\/blog.uclm.es\/manuelserrano\/proyectos-id\/","title":{"rendered":"Proyectos I+D"},"content":{"rendered":"\n<h3 class=\"wp-block-heading\">Direcci\u00f3n de Proyectos<\/h3>\n\n\n\n<figure class=\"wp-block-table is-style-stripes\"><table><tbody><tr><td><strong>A\u00f1os<\/strong><\/td><td><strong>T\u00edtulo<\/strong><\/td><td><strong>Tipo<\/strong><\/td><td><strong>Duraci\u00f3n<\/strong><\/td><td><strong>Financi\u00f3n<\/strong><\/td><\/tr><tr><td>2008 &#8211;  2010<\/td><td>QUASIMODO: Quality and Security In Model Driven Warehouse Development <\/td><td>Auton\u00f3mico (JCCM) <\/td><td>3 a\u00f1os <\/td><td>130.000,00 \u20ac<\/td><\/tr><tr><td>2019 &#8211;  2021 <\/td><td>ECLIPSE: MEJORA DE LA CALIDAD Y LA SEGURIDAD DE LOS DATOS EN SISTEMAS CIBERFISICOS PARA ENRIQUECER LOS PROCESOS DE NEGOCIO Y LAS DECISIONES ESTRATEGICAS<\/td><td>Nacional (MCIU)<\/td><td>2 a\u00f1os y medio<\/td><td>85.426,00 \u20ac<\/td><\/tr><tr><td><\/td><td><\/td><td><strong>Total<\/strong><\/td><td><strong>5 a\u00f1os y medio<\/strong><\/td><td><strong>215.426,00 \u20ac<\/strong><\/td><\/tr><\/tbody><\/table><\/figure>\n\n\n\n<h3 class=\"wp-block-heading\">Participaci\u00f3n en Proyectos<\/h3>\n\n\n\n<figure class=\"wp-block-table is-style-stripes\"><table><tbody><tr><td><font color=\"#000000\">A\u00f1os<\/font><\/td><td><font color=\"#000000\">T\u00edtulo<\/font><\/td><td><font color=\"#000000\">Tipo de proyecto<\/font><\/td><td><font color=\"#000000\">Duraci\u00f3n (meses)<\/font><\/td><td><font color=\"#000000\">Financiaci\u00f3n<\/font><\/td><\/tr><tr><td><font color=\"#000000\">1999 &#8211; 2001<\/font><\/td><td><font color=\"#000000\">MANTICA: DEFINICION DE UN CONJUNTO DE METRICAS PARA LA MANTENIBILIDAD DE BASES DE DATOS OBJETO-RELACIONAL<\/font><\/td><td><font color=\"#000000\">Nacional (MEC)<\/font><\/td><td><font color=\"#000000\">36<\/font><\/td><td><font color=\"#000000\">89,088.02 \u20ac<\/font><\/td><\/tr><tr><td><font color=\"#000000\">1999 &#8211; 2001<\/font><\/td><td><font color=\"#000000\">CALIDAT: UNA MEJORA PARA LA CALIDAD DE DATOS<\/font><\/td><td><font color=\"#000000\">Auton\u00f3mico (CAM)<\/font><\/td><td><font color=\"#000000\">24<\/font><\/td><td><font color=\"#000000\">58.899,18 \u20ac<\/font><\/td><\/tr><tr><td><font color=\"#000000\">2000 &#8211; 2001<\/font><\/td><td><font color=\"#000000\">RIS: RED DE INGENIERIA DEL SOFTWARE<\/font><\/td><td><font color=\"#000000\">Nacional (CICYT)<\/font><\/td><td><font color=\"#000000\">12<\/font><\/td><td><font color=\"#000000\"> &#8211;   \u20ac <\/font><\/td><\/tr><tr><td><font color=\"#000000\">2000 &#8211; 2001<\/font><\/td><td><font color=\"#000000\">RETISBD: RED DE SEGURIDAD EN BASES DE DATOS<\/font><\/td><td><font color=\"#000000\">Nacional (MEC)<\/font><\/td><td><font color=\"#000000\">12<\/font><\/td><td><font color=\"#000000\">18.030,36 \u20ac<\/font><\/td><\/tr><tr><td><font color=\"#000000\">2000 &#8211; 2001<\/font><\/td><td><font color=\"#000000\">MANTIS: ENTORNO PARA EL MANTENIMIENTO INTEGRAL DEL SOFTWARE<\/font><\/td><td><font color=\"#000000\">Nacional (CICYT)<\/font><\/td><td><font color=\"#000000\">24<\/font><\/td><td><font color=\"#000000\">57.456,76 \u20ac<\/font><\/td><\/tr><tr><td><font color=\"#000000\">2000 &#8211; 2003<\/font><\/td><td><font color=\"#000000\">MEDEO: MEJORA EN EL DESARROLLO DE OBJETOS. SUBPROYECTO DEL PROYECTO COORDINADO DOLMEN.<\/font><\/td><td><font color=\"#000000\">Nacional (MCyT)<\/font><\/td><td><font color=\"#000000\">37<\/font><\/td><td><font color=\"#000000\">89.190,19 \u20ac<\/font><\/td><\/tr><tr><td><font color=\"#000000\">2001 &#8211; 2003<\/font><\/td><td><font color=\"#000000\">MetaSIG: METODOLOGIA DE ANALISIS DE SISTEMAS DE INFORMACION GEOGRAFICA.<\/font><\/td><td><font color=\"#000000\">Nacional (CICYT)<\/font><\/td><td><font color=\"#000000\">31<\/font><\/td><td><font color=\"#000000\">38.705,18 \u20ac<\/font><\/td><\/tr><tr><td><font color=\"#000000\">2001 &#8211; 2003<\/font><\/td><td><font color=\"#000000\">CALDEA: CALIDAD DE ALMACENES DE DATOS<\/font><\/td><td><font color=\"#000000\">Nacional (MCyT)<\/font><\/td><td><font color=\"#000000\">30<\/font><\/td><td><font color=\"#000000\">156.503,55 \u20ac<\/font><\/td><\/tr><tr><td><font color=\"#000000\">2002 &#8211; 2003<\/font><\/td><td><font color=\"#000000\">RETISI: RED TEMATICA DE INVESTIGACION EN EL CAMPO DE LA SEGURIDAD DE LOS SISTEMAS DE INFORMACION<\/font><\/td><td><font color=\"#000000\">Nacional (MEC)<\/font><\/td><td><font color=\"#000000\">12<\/font><\/td><td><font color=\"#000000\"> 20.000,00 \u20ac <\/font><\/td><\/tr><tr><td><font color=\"#000000\">2002 &#8211; 2004<\/font><\/td><td><font color=\"#000000\">REDBD: RED DE BASES DE DATOS DE ESPA\u00d1A<\/font><\/td><td><font color=\"#000000\">Nacional (MCyT)<\/font><\/td><td><font color=\"#000000\">24<\/font><\/td><td><font color=\"#000000\">12.000,00 \u20ac<\/font><\/td><\/tr><tr><td><font color=\"#000000\">2003 &#8211; 2003<\/font><\/td><td><font color=\"#000000\">MUML: METRICAS PARA MODELOS UML<\/font><\/td><td><font color=\"#000000\">Universidad UCLM<\/font><\/td><td><font color=\"#000000\">6<\/font><\/td><td><font color=\"#000000\"> 6.000,00 \u20ac <\/font><\/td><\/tr><tr><td><font color=\"#000000\">2003 &#8211; 2005<\/font><\/td><td><font color=\"#000000\">MESSENGER: MEJORA DE LOS SISTEMAS ELECTRONICOS DE GESTION DE RELACIONES<\/font><\/td><td><font color=\"#000000\">Auton\u00f3mico (JCCM)<\/font><\/td><td><font color=\"#000000\">36<\/font><\/td><td><font color=\"#000000\">110.800,00 \u20ac<\/font><\/td><\/tr><tr><td><font color=\"#000000\">2003 &#8211; 2006<\/font><\/td><td><font color=\"#000000\">CALIPO: CALIDAD EN PORTALES<\/font><\/td><td><font color=\"#000000\">Nacional (MCyT)<\/font><\/td><td><font color=\"#000000\">37<\/font><\/td><td><font color=\"#000000\">233.800,00 \u20ac<\/font><\/td><\/tr><tr><td><font color=\"#000000\">2004 &#8211; 2006<\/font><\/td><td><font color=\"#000000\">RETISTIC: RED TEM\u00c1TICA DE INVESTIGACI\u00d3N EN EL CAMPO DE LA SEGURIDAD EN LAS TECNOLOG\u00cdAS DE LA INFORMACI\u00d3N<\/font><\/td><td><font color=\"#000000\">Nacional (MCyT)<\/font><\/td><td><font color=\"#000000\">24<\/font><\/td><td><font color=\"#000000\">18.000,00 \u20ac<\/font><\/td><\/tr><tr><td><font color=\"#000000\">2005 &#8211; 2007<\/font><\/td><td><font color=\"#000000\">DIMENSIONS: DISE\u00d1O Y MEDICION DE SISTERMAS DE INFORMACION SEGUROS<\/font><\/td><td><font color=\"#000000\">Auton\u00f3mico (JCCM)<\/font><\/td><td><font color=\"#000000\">30<\/font><\/td><td><font color=\"#000000\">142.640,00 \u20ac<\/font><\/td><\/tr><tr><td><font color=\"#000000\">2005 &#8211; 2007<\/font><\/td><td><font color=\"#000000\">CALIPSO: CALIDAD DE PRODUCTO Y PROCESO SOFTWARE<\/font><\/td><td><font color=\"#000000\">Nacional (MEC)<\/font><\/td><td><font color=\"#000000\">24<\/font><\/td><td><font color=\"#000000\">1.000,00 \u20ac<\/font><\/td><\/tr><tr><td><font color=\"#000000\">2005 &#8211; 2008<\/font><\/td><td><font color=\"#000000\">FAMOSO: Fabricaci\u00f3n y Modernizaci\u00f3n de Software Dirigida por Modelos<\/font><\/td><td><font color=\"#000000\">Nacional (PROFIT)<\/font><\/td><td><font color=\"#000000\">36<\/font><\/td><td><font color=\"#000000\">94.923,50 \u20ac<\/font><\/td><\/tr><tr><td><font color=\"#000000\">2006 &#8211; 2007<\/font><\/td><td><font color=\"#000000\">RETISTRUST: RED TEMATICA DE INVESTIGACION EN EL CAMPO DE LA SEGURIDAD Y CONFIANZA PARA LOS SISTEMAS DE INFORMACION EN UNA SOCIEDAD CONECTADA<\/font><\/td><td><font color=\"#000000\">Nacional (MEC)<\/font><\/td><td><font color=\"#000000\">11<\/font><\/td><td><font color=\"#000000\">12.000,00 \u20ac<\/font><\/td><\/tr><tr><td><font color=\"#000000\">2006 &#8211; 2008<\/font><\/td><td><font color=\"#000000\">MECENAS: MEJORA BASADA EN LA EVIDENCIA DE LA CAPACIDAD EN ACTIVIDADES DE SOFTWARE<\/font><\/td><td><font color=\"#000000\">Auton\u00f3mico (JCCM)<\/font><\/td><td><font color=\"#000000\">32<\/font><\/td><td><font color=\"#000000\"> 187.430,00 \u20ac <\/font><\/td><\/tr><tr><td><font color=\"#000000\">2006 &#8211; 2008<\/font><\/td><td><font color=\"#000000\">RED ELEPES<\/font><\/td><td><font color=\"#000000\">Nacional (MEC)<\/font><\/td><td><font color=\"#000000\">25<\/font><\/td><td><font color=\"#000000\">40.000,00 \u20ac<\/font><\/td><\/tr><tr><td><font color=\"#000000\">2006 &#8211; 2008<\/font><\/td><td><font color=\"#000000\">RED DSMD (RED DE DESARROLLO DE SOFTWARE DIRIGIDO POR MODELOS)<\/font><\/td><td><font color=\"#000000\">Nacional (MEC)<\/font><\/td><td><font color=\"#000000\">25<\/font><\/td><td><font color=\"#000000\">40.000,00 \u20ac<\/font><\/td><\/tr><tr><td><font color=\"#000000\">2006 &#8211; 2009<\/font><\/td><td><font color=\"#000000\">ESFINGE: EVOLUCION DE SOFTWARE FACTORIES MEDIANTE INGENIERIA DE SOFTWARE EMPIRICA<\/font><\/td><td><font color=\"#000000\">Nacional (MEC)<\/font><\/td><td><font color=\"#000000\">36<\/font><\/td><td><font color=\"#000000\"> 441.408,00 \u20ac <\/font><\/td><\/tr><tr><td><font color=\"#000000\">2007 &#8211; 2009<\/font><\/td><td><font color=\"#000000\">INCOME: Gesti\u00f3n de la calidad de aplicaciones software basadas en componentes mediante t\u00e9cnicas de visualizaci\u00f3n<\/font><\/td><td><font color=\"#000000\">Nacional (MEC)<\/font><\/td><td><font color=\"#000000\">24<\/font><\/td><td><font color=\"#000000\">39.395,00 \u20ac<\/font><\/td><\/tr><tr><td><font color=\"#000000\">2008 &#8211; 2008<\/font><\/td><td><font color=\"#000000\">SERVIDOR INFORM\u00c1TICO INTEGRADO<\/font><\/td><td><font color=\"#000000\">Auton\u00f3mico (JCCM)<\/font><\/td><td><font color=\"#000000\">11<\/font><\/td><td><font color=\"#000000\"> 73.275,86 \u20ac <\/font><\/td><\/tr><tr><td><font color=\"#000000\">2008 &#8211; 2009<\/font><\/td><td><font color=\"#000000\">Red de Servicios Web: Ingenier\u00eda, Tecnolog\u00edas y Arquitecturas<\/font><\/td><td><font color=\"#000000\">Nacional (MEC)<\/font><\/td><td><font color=\"#000000\">12<\/font><\/td><td><font color=\"#000000\">9.000,00 \u20ac<\/font><\/td><\/tr><tr><td><font color=\"#000000\">2009 &#8211; 2009<\/font><\/td><td><font color=\"#000000\">IQMF-TOOL: Information Quality Management Framework-Tool<\/font><\/td><td><font color=\"#000000\">Universidad UCLM<\/font><\/td><td><font color=\"#000000\">10<\/font><\/td><td><font color=\"#000000\"> 3.000,00 \u20ac <\/font><\/td><\/tr><tr><td><font color=\"#000000\">2009 &#8211; 2011<\/font><\/td><td><font color=\"#000000\">DQNet: Red para la promoci\u00f3n de la Calidad de Datos en Sistemas de Informaci\u00f3n Empresariales<\/font><\/td><td><font color=\"#000000\">Nacional (MEC)<\/font><\/td><td><font color=\"#000000\">36<\/font><\/td><td><font color=\"#000000\">16.000,00 \u20ac<\/font><\/td><\/tr><tr><td><font color=\"#000000\">2009 &#8211; 2012<\/font><\/td><td><font color=\"#000000\">SISTEMAS: MARCO PARA EL DESARROLLO SEMI-AUTOMATICO Y LA INGENIERIA INVERSA DE SITEMAS DE INFORMACION SEGUROS MEDIANTE UN ENFOQUE DE DESARROLLO DIRIGIDO POR MODELOS<\/font><\/td><td><font color=\"#000000\">Auton\u00f3mico (JCCM)<\/font><\/td><td><font color=\"#000000\">45<\/font><\/td><td><font color=\"#000000\">174.025,71 \u20ac<\/font><\/td><\/tr><tr><td><font color=\"#000000\">2010 &#8211; 2011<\/font><\/td><td><font color=\"#000000\">Red Cient\u00edfico-Tecnol\u00f3gica en Arquitecturas y Desarrollo Orientado a Servicios<\/font><\/td><td><font color=\"#000000\">Nacional (MCI)<\/font><\/td><td><font color=\"#000000\">12<\/font><\/td><td><font color=\"#000000\">10.000,00 \u20ac<\/font><\/td><\/tr><tr><td><font color=\"#000000\">2010 &#8211; 2012<\/font><\/td><td><font color=\"#000000\">EECCOO: ENTORNO PARA LA EVALUACI\u00d3N DE LA CALIDAD DE ARTEFACTOS SOFTWARE<\/font><\/td><td><font color=\"#000000\">Nacional (TRACE)<\/font><\/td><td><font color=\"#000000\">34<\/font><\/td><td><font color=\"#000000\">123.485,00 \u20ac<\/font><\/td><\/tr><tr><td><font color=\"#000000\">2010 &#8211; 2013<\/font><\/td><td><font color=\"#000000\">PEGASO\/MAGO: MEJORA AVANZADA DE PROCESOS SOFTWARE GLOBALES.<\/font><\/td><td><font color=\"#000000\">Nacional (MCI)<\/font><\/td><td><font color=\"#000000\">48<\/font><\/td><td><font color=\"#000000\">724.306,00 \u20ac<\/font><\/td><\/tr><tr><td><font color=\"#000000\">2011 &#8211; 2013<\/font><\/td><td><font color=\"#000000\">IQMNET: Red para la gesti\u00f3n de la Calidad de Informaci\u00f3n,<\/font><\/td><td><font color=\"#000000\">Nacional (MEC)<\/font><\/td><td><font color=\"#000000\">36<\/font><\/td><td><font color=\"#000000\"> 7.000,00 \u20ac <\/font><\/td><\/tr><tr><td><font color=\"#000000\">2013 &#8211; 2015<\/font><\/td><td><font color=\"#000000\">GEODAS: GESTI\u00d3N PARA EL DESARROLLO GLOBAL DE SOFTWARE MEDIANTE INGENIER\u00cdA DE NEGOCIO Y ENTORNOS AVANZADOS DE COLABORACI\u00d3N<\/font><\/td><td><font color=\"#000000\">Nacional (MEC)<\/font><\/td><td><font color=\"#000000\">36<\/font><\/td><td><font color=\"#000000\">361.296,00 \u20ac<\/font><\/td><\/tr><tr><td><font color=\"#000000\">2014 &#8211; 2016<\/font><\/td><td><font color=\"#000000\">SERENIDAD: AVANCES EN LA SEGURIDAD Y CALIDAD DE LA CONSTRUCCION DE ALMACENES DE DATOS BASADA EN MODELOS<\/font><\/td><td><font color=\"#000000\">Auton\u00f3mico (JCCM)<\/font><\/td><td><font color=\"#000000\">27<\/font><\/td><td><font color=\"#000000\">188.930,00 \u20ac<\/font><\/td><\/tr><tr><td><font color=\"#000000\">2016 &#8211; 2018<\/font><\/td><td><font color=\"#000000\">SEQUOIA: SECURITY AND QUALITY IN PROCESSES WITH BIG DATA AND ANALYTICS<\/font><\/td><td><font color=\"#000000\">Nacional (MES)<\/font><\/td><td><font color=\"#000000\">36<\/font><\/td><td><font color=\"#000000\">133.221,00 \u20ac<\/font><\/td><\/tr><tr><td><font color=\"#000000\">2018 &#8211; 2021<\/font><\/td><td><font color=\"#000000\">GENESIS &#8211; SECURITY GOVERNMENT OF BIG DATA AND CYBER PHYSICAL SYSTEMS<\/font><\/td><td><font color=\"#000000\">Auton\u00f3mico (JCCM)<\/font><\/td><td><font color=\"#000000\">40<\/font><\/td><td><font color=\"#000000\">154.000,00 \u20ac<\/font><\/td><\/tr><tr><td><font color=\"#000000\">2021 &#8211; 2024<\/font><\/td><td><font color=\"#000000\">AETHER: Una aproximaci\u00f3n hol\u00edstica de smart data para el an\u00e1lisis de datos guiado por el contexto centrada en la calidad y la seguridad<\/font><\/td><td><font color=\"#000000\">Nacional (MCIU)<\/font><\/td><td><font color=\"#000000\">48<\/font><\/td><td><font color=\"#000000\">220.583,00 \u20ac<\/font><\/td><\/tr><tr><td><font color=\"#000000\">2022 &#8211; 2024<\/font><\/td><td><font color=\"#000000\">ALBA (Mejora de la ciberseguridAd y su sostenibiLidad en Beneficio de la sociedad y de las personAs)<\/font><\/td><td><font color=\"#000000\">Nacional (MCI)<\/font><\/td><td><font color=\"#000000\">24<\/font><\/td><td><font color=\"#000000\">210.105,00 \u20ac<\/font><\/td><\/tr><tr><td>2023 &#8211; 2026<\/td><td>Di4SPDS &#8211; Distributed Intelligence for Enhancing Security and Privacy of Decentralised and Distributed Systems<\/td><td>Europeo (CHIST-ERA)<\/td><td>36<\/td><td>191.180,00 \u20ac<\/td><\/tr><tr><td><font color=\"#000000\"><br><\/font><\/td><td><font color=\"#000000\"><br><\/font><\/td><td><font color=\"#000000\"><br><\/font><\/td><td><font color=\"#000000\">Total<\/font><\/td><td><font color=\"#000000\"> 4.417.589,29 \u20ac <\/font><\/td><\/tr><\/tbody><\/table><\/figure>\n","protected":false},"excerpt":{"rendered":"<p>Direcci\u00f3n de Proyectos A\u00f1os T\u00edtulo Tipo Duraci\u00f3n Financi\u00f3n 2008 &#8211; 2010 QUASIMODO: Quality and Security In Model Driven Warehouse Development Auton\u00f3mico (JCCM) 3 a\u00f1os 130.000,00 \u20ac 2019 &#8211; 2021 ECLIPSE: MEJORA DE LA CALIDAD Y LA SEGURIDAD DE LOS DATOS EN SISTEMAS CIBERFISICOS PARA ENRIQUECER LOS PROCESOS DE NEGOCIO Y LAS DECISIONES ESTRATEGICAS Nacional (MCIU) &hellip; <a href=\"https:\/\/blog.uclm.es\/manuelserrano\/proyectos-id\/\" class=\"more-link\">Continuar leyendo<span class=\"screen-reader-text\"> \u00abProyectos I+D\u00bb<\/span><\/a><\/p>\n","protected":false},"author":107,"featured_media":0,"parent":0,"menu_order":0,"comment_status":"closed","ping_status":"closed","template":"","meta":{"footnotes":""},"class_list":["post-415","page","type-page","status-publish","hentry"],"_links":{"self":[{"href":"https:\/\/blog.uclm.es\/manuelserrano\/wp-json\/wp\/v2\/pages\/415","targetHints":{"allow":["GET"]}}],"collection":[{"href":"https:\/\/blog.uclm.es\/manuelserrano\/wp-json\/wp\/v2\/pages"}],"about":[{"href":"https:\/\/blog.uclm.es\/manuelserrano\/wp-json\/wp\/v2\/types\/page"}],"author":[{"embeddable":true,"href":"https:\/\/blog.uclm.es\/manuelserrano\/wp-json\/wp\/v2\/users\/107"}],"replies":[{"embeddable":true,"href":"https:\/\/blog.uclm.es\/manuelserrano\/wp-json\/wp\/v2\/comments?post=415"}],"version-history":[{"count":6,"href":"https:\/\/blog.uclm.es\/manuelserrano\/wp-json\/wp\/v2\/pages\/415\/revisions"}],"predecessor-version":[{"id":422,"href":"https:\/\/blog.uclm.es\/manuelserrano\/wp-json\/wp\/v2\/pages\/415\/revisions\/422"}],"wp:attachment":[{"href":"https:\/\/blog.uclm.es\/manuelserrano\/wp-json\/wp\/v2\/media?parent=415"}],"curies":[{"name":"wp","href":"https:\/\/api.w.org\/{rel}","templated":true}]}}