{"id":405,"date":"2024-02-18T20:33:14","date_gmt":"2024-02-18T19:33:14","guid":{"rendered":"https:\/\/blog.uclm.es\/manuelserrano\/?page_id=405"},"modified":"2024-02-18T22:13:14","modified_gmt":"2024-02-18T21:13:14","slug":"libros","status":"publish","type":"page","link":"https:\/\/blog.uclm.es\/manuelserrano\/libros\/","title":{"rendered":"Libros"},"content":{"rendered":"\n<h3 class=\"wp-block-heading\">Libros Publicados<\/h3>\n\n\n\n<figure class=\"wp-block-table is-style-stripes\"><table><tbody><tr><td><font color=\"#000000\">A\u00f1o<\/font><\/td><td><font color=\"#000000\">T\u00edtulo<\/font><\/td><td><font color=\"#000000\">Editorial<\/font><\/td><td><font color=\"#000000\">ISBN<\/font><\/td><td><font color=\"#000000\">N\u00fam P\u00e1ginas<\/font><\/td><\/tr><tr><td><font color=\"#000000\">2020<\/font><\/td><td><font color=\"#000000\">MERN Gu\u00eda Pr\u00e1ctica de Aplicaciones Web<\/font><\/td><td><font color=\"#000000\">Ra-Ma<\/font><\/td><td><font color=\"#000000\">978-84-1855-105-5<\/font><\/td><td><font color=\"#000000\">257<\/font><\/td><\/tr><tr><td><font color=\"#000000\">2022<\/font><\/td><td><font color=\"#000000\">Inform\u00e1tica Cu\u00e1ntica<\/font><\/td><td><font color=\"#000000\">Autoeditado<\/font><\/td><td><font color=\"#000000\">979-88-3325-2840<\/font><\/td><td><font color=\"#000000\">197<\/font><\/td><\/tr><\/tbody><\/table><\/figure>\n\n\n\n<h3 class=\"wp-block-heading\">Libros Editados<\/h3>\n\n\n\n<figure class=\"wp-block-table is-style-stripes\"><table><tbody><tr><td><font color=\"#000000\">A\u00f1o<\/font><\/td><td><font color=\"#000000\">T\u00edtulo<\/font><\/td><td><font color=\"#000000\">Editorial<\/font><\/td><td><font color=\"#000000\">ISBN<\/font><\/td><td><font color=\"#000000\">N\u00fam P\u00e1ginas<\/font><\/td><\/tr><tr><td><font color=\"#000000\">2022<\/font><\/td><td><font color=\"#000000\">Quantum Software Engineering<\/font><\/td><td><font color=\"#000000\">Springer<\/font><\/td><td><font color=\"#000000\">978-3-031-05323-8<\/font><\/td><td><font color=\"#000000\">302<\/font><\/td><\/tr><tr><td><font color=\"#000000\">2001<\/font><\/td><td><font color=\"#000000\">Seguridad en Bases de Datos<\/font><\/td><td><font color=\"#000000\">Fundaci\u00f3n DINTEL<\/font><\/td><td><font color=\"#000000\">84-931933-9-9<\/font><\/td><td><font color=\"#000000\">300<\/font><\/td><\/tr><\/tbody><\/table><\/figure>\n\n\n\n<h3 class=\"wp-block-heading\">Cap\u00edtulos de libro<\/h3>\n\n\n\n<figure class=\"wp-block-table is-style-stripes\"><table><tbody><tr><td><font color=\"#000000\">A\u00f1o<\/font><\/td><td><font color=\"#000000\">Cap\u00edtulo<\/font><\/td><td><font color=\"#000000\">Libro<\/font><\/td><td><font color=\"#000000\">Editorial<\/font><\/td><td><font color=\"#000000\">ISBN<\/font><\/td><\/tr><tr><td><font color=\"#000000\">2001<\/font><\/td><td><font color=\"#000000\">Measures to get Better Quality Databases<\/font><\/td><td><font color=\"#000000\">Enterprise Information Systems II<\/font><\/td><td><font color=\"#000000\">Kluwer<\/font><\/td><td><font color=\"#000000\">0-7923-7177-1<\/font><\/td><\/tr><tr><td><font color=\"#000000\">2002<\/font><\/td><td><font color=\"#000000\">Calidad de los Almacenes de Datos<\/font><\/td><td><font color=\"#000000\">Calidad en el Desarrollo y Mantenimiento del Software<\/font><\/td><td><font color=\"#000000\">RA-MA<\/font><\/td><td><font color=\"#000000\">84-7897-544-6<\/font><\/td><\/tr><tr><td><font color=\"#000000\">2003<\/font><\/td><td><font color=\"#000000\">Metrics for Data Warehouse Quality<\/font><\/td><td><font color=\"#000000\">Effective Databases for Text &amp; Document Management<\/font><\/td><td><font color=\"#000000\">IRM Press<\/font><\/td><td><font color=\"#000000\">1-931777-47-0<\/font><\/td><\/tr><tr><td><font color=\"#000000\">2005<\/font><\/td><td><font color=\"#000000\">Metrics for Data Warehouse Conceptual Models<\/font><\/td><td><font color=\"#000000\">Metrics for Software Conceptual Metrics<\/font><\/td><td><font color=\"#000000\">IMPERIAL COLLEGE PRESS<\/font><\/td><td><font color=\"#000000\">1-86094-497-3<\/font><\/td><\/tr><tr><td><font color=\"#000000\">2005<\/font><\/td><td><font color=\"#000000\">Metrics for Data Warehouse Quality<\/font><\/td><td><font color=\"#000000\">Encyclopedia of Information Science and Technology<\/font><\/td><td><font color=\"#000000\">IDEA GROUP<\/font><\/td><td><font color=\"#000000\">1-59140-553-X<\/font><\/td><\/tr><tr><td><font color=\"#000000\">2009<\/font><\/td><td><font color=\"#000000\">Quality of Data Warehouses<\/font><\/td><td><font color=\"#000000\">Encyclopedia of Database Systems<\/font><\/td><td><font color=\"#000000\">Springer<\/font><\/td><td><font color=\"#000000\">978-0-387-35544-3<\/font><\/td><\/tr><tr><td><font color=\"#000000\">2014<\/font><\/td><td><font color=\"#000000\">Visualizaci\u00f3n en Desarrollo Global de Software<\/font><\/td><td><font color=\"#000000\">Desarrollo Global de Software<\/font><\/td><td><font color=\"#000000\">RA-MA<\/font><\/td><td><font color=\"#000000\">978-84-9964-271-0<\/font><\/td><\/tr><tr><td><font color=\"#000000\">2018<\/font><\/td><td><font color=\"#000000\">Recent security issues in Big Data: from past to the future of information systems<\/font><\/td><td><font color=\"#000000\">Information Security Foundations, technologies and applications<\/font><\/td><td><font color=\"#000000\">IET<\/font><\/td><td><font color=\"#000000\">978-1-84919-974-2<\/font><\/td><\/tr><tr><td><font color=\"#000000\">2018<\/font><\/td><td><font color=\"#000000\">Quality of Data Warehouses<\/font><\/td><td><font color=\"#000000\">Encyclopedia of Database Systems 2nd Edition<\/font><\/td><td><font color=\"#000000\">Springer<\/font><\/td><td><font color=\"#000000\">978-1-4614-8266-6<\/font><\/td><\/tr><tr><td><font color=\"#000000\">2022<\/font><\/td><td><font color=\"#000000\">Ciclo de vida para el software cu\u00e1ntico<\/font><\/td><td><font color=\"#000000\">Ingenier\u00eda del Software Cu\u00e1ntico &amp; QuantumPath<\/font><\/td><td><font color=\"#000000\">aQuantum<\/font><\/td><td><font color=\"#000000\">979-83-6211-7641<\/font><\/td><\/tr><tr><td><font color=\"#000000\">2022<\/font><\/td><td><font color=\"#000000\">Quantum Information Technology Governance System<\/font><\/td><td><font color=\"#000000\">Quantum Software Engineering<\/font><\/td><td><font color=\"#000000\">Springer<\/font><\/td><td><font color=\"#000000\">978-3-031-05323-8<\/font><\/td><\/tr><tr><td><font color=\"#000000\">2022<\/font><\/td><td><font color=\"#000000\">Quantum Software Tools Overview<\/font><\/td><td><font color=\"#000000\">Quantum Software Engineering<\/font><\/td><td><font color=\"#000000\">Springer<\/font><\/td><td><font color=\"#000000\">978-3-031-05323-8<\/font><\/td><\/tr><tr><td><font color=\"#000000\">2023<\/font><\/td><td><font color=\"#000000\">Life Cycle for Quantum Software<\/font><\/td><td><font color=\"#000000\">Quantum Software Engineering &amp; QuantumPath<\/font><\/td><td><font color=\"#000000\">aQuantum<\/font><\/td><td><font color=\"#000000\">979-83-8592-1041<\/font><\/td><\/tr><\/tbody><\/table><\/figure>\n","protected":false},"excerpt":{"rendered":"<p>Libros Publicados A\u00f1o T\u00edtulo Editorial ISBN N\u00fam P\u00e1ginas 2020 MERN Gu\u00eda Pr\u00e1ctica de Aplicaciones Web Ra-Ma 978-84-1855-105-5 257 2022 Inform\u00e1tica Cu\u00e1ntica Autoeditado 979-88-3325-2840 197 Libros Editados A\u00f1o T\u00edtulo Editorial ISBN N\u00fam P\u00e1ginas 2022 Quantum Software Engineering Springer 978-3-031-05323-8 302 2001 Seguridad en Bases de Datos Fundaci\u00f3n DINTEL 84-931933-9-9 300 Cap\u00edtulos de libro A\u00f1o Cap\u00edtulo Libro &hellip; <a href=\"https:\/\/blog.uclm.es\/manuelserrano\/libros\/\" class=\"more-link\">Continuar leyendo<span class=\"screen-reader-text\"> \u00abLibros\u00bb<\/span><\/a><\/p>\n","protected":false},"author":107,"featured_media":0,"parent":0,"menu_order":0,"comment_status":"closed","ping_status":"closed","template":"page-templates\/full-width.php","meta":{"footnotes":""},"class_list":["post-405","page","type-page","status-publish","hentry"],"_links":{"self":[{"href":"https:\/\/blog.uclm.es\/manuelserrano\/wp-json\/wp\/v2\/pages\/405","targetHints":{"allow":["GET"]}}],"collection":[{"href":"https:\/\/blog.uclm.es\/manuelserrano\/wp-json\/wp\/v2\/pages"}],"about":[{"href":"https:\/\/blog.uclm.es\/manuelserrano\/wp-json\/wp\/v2\/types\/page"}],"author":[{"embeddable":true,"href":"https:\/\/blog.uclm.es\/manuelserrano\/wp-json\/wp\/v2\/users\/107"}],"replies":[{"embeddable":true,"href":"https:\/\/blog.uclm.es\/manuelserrano\/wp-json\/wp\/v2\/comments?post=405"}],"version-history":[{"count":3,"href":"https:\/\/blog.uclm.es\/manuelserrano\/wp-json\/wp\/v2\/pages\/405\/revisions"}],"predecessor-version":[{"id":428,"href":"https:\/\/blog.uclm.es\/manuelserrano\/wp-json\/wp\/v2\/pages\/405\/revisions\/428"}],"wp:attachment":[{"href":"https:\/\/blog.uclm.es\/manuelserrano\/wp-json\/wp\/v2\/media?parent=405"}],"curies":[{"name":"wp","href":"https:\/\/api.w.org\/{rel}","templated":true}]}}