{"id":401,"date":"2024-02-18T20:20:44","date_gmt":"2024-02-18T19:20:44","guid":{"rendered":"https:\/\/blog.uclm.es\/manuelserrano\/?page_id=401"},"modified":"2024-02-18T22:03:33","modified_gmt":"2024-02-18T21:03:33","slug":"comites-evaluacion","status":"publish","type":"page","link":"https:\/\/blog.uclm.es\/manuelserrano\/comites-evaluacion\/","title":{"rendered":"Comit\u00e9s \/ Evaluaci\u00f3n"},"content":{"rendered":"\n<h3 class=\"wp-block-heading\">Editor Asociado<\/h3>\n\n\n\n<ul class=\"wp-block-list\">\n<li><strong>Associate Editor<\/strong> de la revista <strong>IET SoQware (Q3) <\/strong>desde el 2 de noviembre de 2018<\/li>\n\n\n\n<li>Miembro de comit\u00e9s de programa de m\u00faltiples congresos<\/li>\n<\/ul>\n\n\n\n<h3 class=\"wp-block-heading\">Evaluador de Proyectos<\/h3>\n\n\n\n<figure class=\"wp-block-table aligncenter is-style-stripes\"><table><tbody><tr><td><strong>Agencia<\/strong><\/td><td class=\"has-text-align-center\" data-align=\"center\"><strong>Periodo<\/strong><\/td><td class=\"has-text-align-center\" data-align=\"center\"><strong>N\u00fam. Proyectos<\/strong><\/td><\/tr><tr><td>Agencia Estatal de Investigaci\u00f3n (AEI)<\/td><td class=\"has-text-align-center\" data-align=\"center\">2010 &#8211; 2022<\/td><td class=\"has-text-align-center\" data-align=\"center\">48<\/td><\/tr><tr><td>Agencia Andaluza del Conocimiento (DEVA)<\/td><td class=\"has-text-align-center\" data-align=\"center\">2018 &#8211; 2020<\/td><td class=\"has-text-align-center\" data-align=\"center\">59<\/td><\/tr><tr><td>Comunidad Aut\u00f3noma de Madrid<\/td><td class=\"has-text-align-center\" data-align=\"center\">2022<\/td><td class=\"has-text-align-center\" data-align=\"center\">15<\/td><\/tr><tr><td><\/td><td class=\"has-text-align-center\" data-align=\"center\"><strong>Total<\/strong><\/td><td class=\"has-text-align-center\" data-align=\"center\"><strong>122<\/strong><\/td><\/tr><\/tbody><\/table><\/figure>\n","protected":false},"excerpt":{"rendered":"<p>Editor Asociado Evaluador de Proyectos Agencia Periodo N\u00fam. Proyectos Agencia Estatal de Investigaci\u00f3n (AEI) 2010 &#8211; 2022 48 Agencia Andaluza del Conocimiento (DEVA) 2018 &#8211; 2020 59 Comunidad Aut\u00f3noma de Madrid 2022 15 Total 122<\/p>\n","protected":false},"author":107,"featured_media":0,"parent":0,"menu_order":0,"comment_status":"closed","ping_status":"closed","template":"page-templates\/full-width.php","meta":{"footnotes":""},"class_list":["post-401","page","type-page","status-publish","hentry"],"_links":{"self":[{"href":"https:\/\/blog.uclm.es\/manuelserrano\/wp-json\/wp\/v2\/pages\/401","targetHints":{"allow":["GET"]}}],"collection":[{"href":"https:\/\/blog.uclm.es\/manuelserrano\/wp-json\/wp\/v2\/pages"}],"about":[{"href":"https:\/\/blog.uclm.es\/manuelserrano\/wp-json\/wp\/v2\/types\/page"}],"author":[{"embeddable":true,"href":"https:\/\/blog.uclm.es\/manuelserrano\/wp-json\/wp\/v2\/users\/107"}],"replies":[{"embeddable":true,"href":"https:\/\/blog.uclm.es\/manuelserrano\/wp-json\/wp\/v2\/comments?post=401"}],"version-history":[{"count":3,"href":"https:\/\/blog.uclm.es\/manuelserrano\/wp-json\/wp\/v2\/pages\/401\/revisions"}],"predecessor-version":[{"id":424,"href":"https:\/\/blog.uclm.es\/manuelserrano\/wp-json\/wp\/v2\/pages\/401\/revisions\/424"}],"wp:attachment":[{"href":"https:\/\/blog.uclm.es\/manuelserrano\/wp-json\/wp\/v2\/media?parent=401"}],"curies":[{"name":"wp","href":"https:\/\/api.w.org\/{rel}","templated":true}]}}