{"id":363,"date":"2024-02-16T11:49:38","date_gmt":"2024-02-16T10:49:38","guid":{"rendered":"https:\/\/blog.uclm.es\/manuelserrano\/?page_id=363"},"modified":"2024-02-18T19:48:05","modified_gmt":"2024-02-18T18:48:05","slug":"publicaciones-relevantes","status":"publish","type":"page","link":"https:\/\/blog.uclm.es\/manuelserrano\/publicaciones-relevantes\/","title":{"rendered":"Publicaciones Relevantes"},"content":{"rendered":"\n<p><strong>Resumen<\/strong><\/p>\n\n\n\n<figure class=\"wp-block-table is-style-stripes\"><table><tbody><tr><td class=\"has-text-align-left\" data-align=\"left\"><strong>Cuartil<\/strong><\/td><td class=\"has-text-align-center\" data-align=\"center\"><strong>N\u00famero<\/strong><\/td><\/tr><tr><td class=\"has-text-align-left\" data-align=\"left\">Q1<\/td><td class=\"has-text-align-center\" data-align=\"center\">9<\/td><\/tr><tr><td class=\"has-text-align-left\" data-align=\"left\">Q2<\/td><td class=\"has-text-align-center\" data-align=\"center\">5<\/td><\/tr><tr><td class=\"has-text-align-left\" data-align=\"left\">Q3<\/td><td class=\"has-text-align-center\" data-align=\"center\">5<\/td><\/tr><tr><td class=\"has-text-align-left\" data-align=\"left\">Q4<\/td><td class=\"has-text-align-center\" data-align=\"center\">3<\/td><\/tr><tr><td class=\"has-text-align-left\" data-align=\"left\">GGS Class 2<\/td><td class=\"has-text-align-center\" data-align=\"center\">4<\/td><\/tr><tr><td class=\"has-text-align-left\" data-align=\"left\"><strong>Total<\/strong><\/td><td class=\"has-text-align-center\" data-align=\"center\"><strong>2<\/strong>6<\/td><\/tr><\/tbody><\/table><\/figure>\n\n\n\n<figure class=\"wp-block-table is-style-stripes\"><table><tbody><tr><td><strong>2003 &#8211; Class-2<\/strong> <strong>(GGS)<\/strong> &#8211; <strong>Experimental Validation of Multidimensional Data Models Metrics<\/strong>           <\/td><\/tr><tr><td>Manuel A. Serrano, Coral Calero, Mario Piattini<\/td><\/tr><tr><td>36th Hawaii International Conference on System Sciences (HICSS&#8217;03)<\/td><\/tr><tr><td> <a href=\"https:\/\/doi.org\/10.1109\/HICSS.2003.1174896\" target=\"_blank\" rel=\"noreferrer noopener\">https:\/\/doi.org\/10.1109\/HICSS.2003.1174896<\/a>           <\/td><\/tr><\/tbody><\/table><\/figure>\n\n\n\n<figure class=\"wp-block-table is-style-stripes\"><table><tbody><tr><td><strong>2004 &#8211; Class-2 (GGS)<\/strong> &#8211; <strong>Empirical Validation of Metrics for Conceptual Models of Data Warehouses<\/strong><\/td><\/tr><tr><td>Manuel A. Serrano, Coral Calero, Juan Trujillo, Sergio Luj\u00e1n-Mora, Mario Piattini<\/td><\/tr><tr><td>INTERNATIONAL CONFERENCE ON ADVANCED INFORMATION SYSTEMS ENGINEERING (CAISE&#8217;04)<\/td><\/tr><tr><td><a href=\"https:\/\/doi.org\/10.1007\/978-3-540-25975-6_36\" target=\"_blank\" rel=\"noreferrer noopener\">https:\/\/doi.org\/10.1007\/978-3-540-25975-6_36<\/a><\/td><\/tr><\/tbody><\/table><\/figure>\n\n\n\n<figure class=\"wp-block-table is-style-stripes\"><table><tbody><tr><td><strong>2005<\/strong> <strong>&#8211; Class-2 (GGS)<\/strong> &#8211; <strong>Applying MDA to the development of data warehouses<\/strong><\/td><\/tr><tr><td>Jose-Norberto Maz\u00f3n, Juan Trujillo, Manuel A. Serrano, Mario Piattini<\/td><\/tr><tr><td>INTERNATIONAL WORKSHOP ON DATA WAREHOUSING AND OLAP (DOLAP 2005)<\/td><\/tr><tr><td><a href=\"https:\/\/doi.org\/10.1145\/1097002.1097012\" target=\"_blank\" rel=\"noreferrer noopener\">https:\/\/doi.org\/10.1145\/1097002.1097012<\/a><\/td><\/tr><\/tbody><\/table><\/figure>\n\n\n\n<figure class=\"wp-block-table is-style-stripes\"><table><tbody><tr><td><strong>2007 &#8211; Q1<\/strong> &#8211; <strong>Managing software process measurement: A metamodel-based approach<\/strong><\/td><\/tr><tr><td>F\u00e9lix Garc\u00eda, Manuel A. Serrano, Jos\u00e9 A. Cruz-Lemus, Francisco Ruiz, Mario Piattini<\/td><\/tr><tr><td>Information Sciences 177(12)<\/td><\/tr><tr><td><a href=\"https:\/\/doi.org\/10.1016\/j.ins.2007.01.018\" target=\"_blank\" rel=\"noreferrer noopener\">https:\/\/doi.org\/10.1016\/j.ins.2007.01.018<\/a> &nbsp;&nbsp;<\/td><\/tr><\/tbody><\/table><\/figure>\n\n\n\n<figure class=\"wp-block-table is-style-stripes\"><table><tbody><tr><td><strong>2007 &#8211; Q3<\/strong> &#8211; <strong>Metrics for data warehouse conceptual models understandability<\/strong><\/td><\/tr><tr><td>Manuel A. Serrano, Juan Trujillo, Coral Calero, Mario Piattini<\/td><\/tr><tr><td>Information &amp; Software Technology 49(8)<\/td><\/tr><tr><td><a href=\"https:\/\/doi.org\/10.1016\/j.infsof.2006.09.008\" target=\"_blank\" rel=\"noreferrer noopener\">https:\/\/doi.org\/10.1016\/j.infsof.2006.09.008<\/a><\/td><\/tr><\/tbody><\/table><\/figure>\n\n\n\n<figure class=\"wp-block-table is-style-stripes\"><table><tbody><tr><td><strong>2008 &#8211; Q3<\/strong> &#8211;<strong>Empirical studies to assess the understandability of data warehouse schemas using structural metrics<\/strong><\/td><\/tr><tr><td>Manuel A. Serrano, Coral Calero, Houari A. Sahraoui, Mario Piattini<\/td><\/tr><tr><td>Software Quality Journal 16(1)<\/td><\/tr><tr><td><a href=\"https:\/\/doi.org\/10.1007\/s11219-007-9030-7\" target=\"_blank\" rel=\"noreferrer noopener\">https:\/\/doi.org\/10.1007\/s11219-007-9030-7<\/a> &nbsp;<\/td><\/tr><\/tbody><\/table><\/figure>\n\n\n\n<figure class=\"wp-block-table is-style-stripes\"><table><tbody><tr><td><strong>2015 &#8211; Q4<\/strong> &#8211; <strong>Visualisation environment for global software development management<\/strong><\/td><\/tr><tr><td>F\u00e9lix Garc\u00eda, Maria \u00c1ngeles Moraga, Manuel A. Serrano, Mario Piattini<\/td><\/tr><tr><td>IET Software 9(2)<\/td><\/tr><tr><td><a href=\"https:\/\/doi.org\/10.1049\/iet-sen.2013.0193\" target=\"_blank\" rel=\"noreferrer noopener\">https:\/\/doi.org\/10.1049\/iet-sen.2013.0193<\/a><\/td><\/tr><\/tbody><\/table><\/figure>\n\n\n\n<figure class=\"wp-block-table is-style-stripes\"><table><tbody><tr><td><strong>2016 &#8211; Q1<\/strong> &#8211; <strong>Empowering global software development with business intelligence<\/strong><\/td><\/tr><tr><td>Alejandro Mat\u00e9, Juan Trujillo, F\u00e9lix Garc\u00eda, Manuel A. Serrano, Mario Piattini<\/td><\/tr><tr><td>Information &amp; Software Technology 76<\/td><\/tr><tr><td><a href=\"https:\/\/doi.org\/10.1016\/j.infsof.2016.04.011\" target=\"_blank\" rel=\"noreferrer noopener\">https:\/\/doi.org\/10.1016\/j.infsof.2016.04.011<\/a><\/td><\/tr><\/tbody><\/table><\/figure>\n\n\n\n<figure class=\"wp-block-table is-style-stripes\"><table><tbody><tr><td><strong>2016 &#8211; Q1<\/strong> &#8211; <strong>A Data Quality in Use model for Big Data<\/strong> <\/td><\/tr><tr><td>Jorge Merino, Ismael Caballero, Bibiano Rivas, Manuel A. Serrano, Mario Piattini<\/td><\/tr><tr><td>Future Generation Computer Systems<\/td><\/tr><tr><td><a href=\"https:\/\/doi.org\/10.1016\/j.future.2015.11.024\" target=\"_blank\" rel=\"noreferrer noopener\">https:\/\/doi.org\/10.1016\/j.future.2015.11.024<\/a><\/td><\/tr><\/tbody><\/table><\/figure>\n\n\n\n<figure class=\"wp-block-table is-style-stripes\"><table><tbody><tr><td><strong>2017 &#8211; Q2<\/strong> &#8211; <strong>Towards a service architecture for master data exchange based on ISO 8000 with support to process large datasets<\/strong><\/td><\/tr><tr><td>Bibiano Rivas, Jorge Merino, Ismael Caballero, Manuel A. Serrano, Mario Piattini<\/td><\/tr><tr><td>Computer Standards &amp; Interfaces 54 (94-104)<\/td><\/tr><tr><td><a href=\"https:\/\/doi.org\/10.1016\/j.csi.2016.10.004\" target=\"_blank\" rel=\"noreferrer noopener\">https:\/\/doi.org\/10.1016\/j.csi.2016.10.004<\/a> &nbsp;<\/td><\/tr><\/tbody><\/table><\/figure>\n\n\n\n<figure class=\"wp-block-table is-style-stripes\"><table><tbody><tr><td><strong>2018 &#8211; Class-2 (GGS)<\/strong> &#8211; <strong>Towards a Security Reference Architecture for Big Data<\/strong><\/td><\/tr><tr><td>Julio Moreno, Manuel A. Serrano, Eduardo Fern\u00e1ndez-Medina, Eduardo B. Fern\u00e1ndez<\/td><\/tr><tr><td>INTERNATIONAL WORKSHOP ON DATA WAREHOUSING AND OLAP (DOLAP 2018)<\/td><\/tr><tr><td><a href=\"https:\/\/ceur-ws.org\/Vol-2062\/paper04.pdf\" target=\"_blank\" rel=\"noreferrer noopener\">https:\/\/ceur-ws.org\/Vol-2062\/paper04.pdf<\/a><\/td><\/tr><\/tbody><\/table><\/figure>\n\n\n\n<figure class=\"wp-block-table is-style-stripes\"><table><tbody><tr><td><strong>2019<\/strong> <strong> &#8211; Q1<\/strong> &#8211; <strong>Secure Development of Big Data Ecosystems<\/strong><\/td><\/tr><tr><td>Julio Moreno, Eduardo B. Fern\u00e1ndez, Manuel A. Serrano, Eduardo Fern\u00e1ndez-Medina<\/td><\/tr><tr><td>IEEE Access 7<\/td><\/tr><tr><td><a href=\"https:\/\/doi.org\/10.1109\/ACCESS.2019.2929330\" target=\"_blank\" rel=\"noreferrer noopener\">https:\/\/doi.org\/10.1109\/ACCESS.2019.2929330<\/a><\/td><\/tr><\/tbody><\/table><\/figure>\n\n\n\n<figure class=\"wp-block-table is-style-stripes\"><table><tbody><tr><td><strong>2020<\/strong> <strong> &#8211; Q2<\/strong> &#8211; <strong>Application of security reference architecture to Big Data ecosystems in an industrial scenario<\/strong><\/td><\/tr><tr><td>Julio Moreno, Javier G\u00f3mez, Manuel A. Serrano, Eduardo B. Fernandez, Eduardo Fern\u00e1ndez-Medina<\/td><\/tr><tr><td>Software Practice &amp; Experience 50(8)<\/td><\/tr><tr><td><a href=\"https:\/\/doi.org\/10.1002\/spe.2829\" target=\"_blank\" rel=\"noreferrer noopener\">https:\/\/doi.org\/10.1002\/spe.2829<\/a><\/td><\/tr><\/tbody><\/table><\/figure>\n\n\n\n<figure class=\"wp-block-table is-style-stripes\"><table><tbody><tr><td><strong>2020<\/strong> <strong> &#8211; Q2<\/strong> &#8211; <strong>Improving incident response in big data ecosystems by using blockchain technologies<\/strong><\/td><\/tr><tr><td>Julio Moreno, Manuel A. Serrano, Eduardo B. Fernandez, Eduardo Fern\u00e1ndez-Medina<\/td><\/tr><tr><td>Applied Sciences<\/td><\/tr><tr><td><a href=\"https:\/\/doi.org\/10.3390\/app10020724\" target=\"_blank\" rel=\"noreferrer noopener\">https:\/\/doi.org\/10.3390\/app10020724<\/a><\/td><\/tr><\/tbody><\/table><\/figure>\n\n\n\n<figure class=\"wp-block-table is-style-stripes\"><table><tbody><tr><td><strong>2021 &#8211; Q1<\/strong> &#8211; <strong>Software modernization to embrace quantum technology<\/strong><\/td><\/tr><tr><td>Ricardo P\u00e9rez-Castillo, Manuel A. Serrano, Mario Piattini<\/td><\/tr><tr><td>Advances in Engineering Software 151<\/td><\/tr><tr><td><a href=\"https:\/\/doi.org\/10.1016\/j.advengsoft.2020.102933\" target=\"_blank\" rel=\"noreferrer noopener\">https:\/\/doi.org\/10.1016\/j.advengsoft.2020.102933<\/a> &nbsp;<\/td><\/tr><\/tbody><\/table><\/figure>\n\n\n\n<figure class=\"wp-block-table is-style-stripes\"><table><tbody><tr><td><strong>2021 &#8211; Q2<\/strong> &#8211; <strong>MARISMA-BiDa pattern: Integrated risk analysis for big data<\/strong><\/td><\/tr><tr><td>David G. Rosado, Julio Moreno, Lu\u00eds Enrique Sanchez, Antonio Santos-Olmo Parra, Manuel A. Serrano, Eduardo Fern\u00e1ndez-Medina<\/td><\/tr><tr><td>Computers &amp; Security 102<\/td><\/tr><tr><td><a href=\"https:\/\/doi.org\/10.1016\/j.cose.2020.102155\" target=\"_blank\" rel=\"noreferrer noopener\">https:\/\/doi.org\/10.1016\/j.cose.2020.102155<\/a><\/td><\/tr><\/tbody><\/table><\/figure>\n\n\n\n<figure class=\"wp-block-table is-style-stripes\"><table><tbody><tr><td><strong>2021 &#8211; Q2<\/strong> &#8211; <strong>Toward a Quantum Software Engineering<\/strong><\/td><\/tr><tr><td>Mario Piattini, Manuel A. Serrano, Ricardo P\u00e9rez-Castillo, Guido Peterssen, Jose Luis Hevia<\/td><\/tr><tr><td>IT Professional 23(1)<\/td><\/tr><tr><td><a href=\"https:\/\/doi.org\/10.1109\/MITP.2020.3019522\" target=\"_blank\" rel=\"noreferrer noopener\">https:\/\/doi.org\/10.1109\/MITP.2020.3019522<\/a><\/td><\/tr><\/tbody><\/table><\/figure>\n\n\n\n<figure class=\"wp-block-table is-style-stripes\"><table><tbody><tr><td><strong>2021 &#8211; Q3<\/strong> &#8211; <strong>Security Reference Architecture for Cyber-Physical Systems (CPS)<\/strong><\/td><\/tr><tr><td>Julio Moreno, David G. Rosado, Luis E. S\u00e1nchez, Manuel A. Serrano and Eduardo Fern\u00e1nndez-Medina<\/td><\/tr><tr><td>Journal of Universal Computer Science 27(6)<\/td><\/tr><tr><td><a href=\"https:\/\/doi.org\/10.3897\/jucs.68539\" target=\"_blank\" rel=\"noreferrer noopener\">https:\/\/doi.org\/10.3897\/jucs.68539<\/a><\/td><\/tr><\/tbody><\/table><\/figure>\n\n\n\n<figure class=\"wp-block-table is-style-stripes\"><table><tbody><tr><td><strong>2022 &#8211; Q1<\/strong> &#8211; <strong>Managing Cybersecurity Risks of Cyber-Physical&nbsp;Systems: The MARISMA-CPS pattern<\/strong><\/td><\/tr><tr><td>David G. Rosado, Antonio Santos-Olmo, Luis Enrique S\u00e1nchez, Manuel A. Serrano, Carlos Blanco, Eduardo Fern\u00e1ndez-Medina, Haris Mouratidis<\/td><\/tr><tr><td>Computers in Industry 142<\/td><\/tr><tr><td><a href=\"https:\/\/doi.org\/10.1016\/j.compind.2022.103715\" target=\"_blank\" rel=\"noreferrer noopener\">https:\/\/doi.org\/10.1016\/j.compind.2022.103715<\/a><\/td><\/tr><\/tbody><\/table><\/figure>\n\n\n\n<figure class=\"wp-block-table is-style-stripes\"><table><tbody><tr><td><strong>2023 &#8211; Q1<\/strong> &#8211; <strong>Quantum Software Components and Platforms: Overview and Quality Assessment<\/strong><\/td><\/tr><tr><td>Manuel A. Serrano, Jose A. Cruz-Lemus, Ricardo Perez-Castillo, Mario Piattini<\/td><\/tr><tr><td>ACM Computing Surveys<\/td><\/tr><tr><td><a href=\"https:\/\/doi.org\/10.1145\/3548679\" target=\"_blank\" rel=\"noreferrer noopener\">https:\/\/doi.org\/10.1145\/3548679<\/a> &nbsp;<\/td><\/tr><\/tbody><\/table><\/figure>\n\n\n\n<figure class=\"wp-block-table is-style-stripes\"><table><tbody><tr><td><strong>2023 &#8211; Q3<\/strong> &#8211; <strong>Minimizing incident response time in real-world scenarios using quantum computing<\/strong><\/td><\/tr><tr><td>Manuel A. Serrano, Luis E. S\u00e1nchez, Antonio Santos-Olmo, David Garc\u00eda-Rosado, Carlos Blanco, Vita Santa Barletta, Danilo Caivano and Eduardo Fern\u00e1ndez-Medina<\/td><\/tr><tr><td>Software Quality Journal<\/td><\/tr><tr><td><a href=\"https:\/\/doi.org\/10.1007\/s11219-023-09632-6\" target=\"_blank\" rel=\"noreferrer noopener\">https:\/\/doi.org\/10.1007\/s11219-023-09632-6<\/a><\/td><\/tr><\/tbody><\/table><\/figure>\n\n\n\n<figure class=\"wp-block-table is-style-stripes\"><table><tbody><tr><td><strong>2023 &#8211; Q3<\/strong> &#8211; <strong>V-SOC4AS: A Vehicle-SOC for Improving Automotive Security<\/strong><\/td><\/tr><tr><td>Vita Santa Barletta, Danilo Caivano, Mirko De Vincentiis, Azzurra Ragone, Michele Scalera and Manuel \u00c1ngel Serrano Mart\u00edn<\/td><\/tr><tr><td>Algorithms<\/td><\/tr><tr><td><a href=\"https:\/\/doi.org\/10.3390\/a16020112\" target=\"_blank\" rel=\"noreferrer noopener\">https:\/\/doi.org\/10.3390\/a16020112<\/a><\/td><\/tr><\/tbody><\/table><\/figure>\n\n\n\n<figure class=\"wp-block-table is-style-stripes\"><table><tbody><tr><td><strong>2023 &#8211; Q4<\/strong> &#8211; <strong>A Systematic Analysis of Security in Blockchain<\/strong><\/td><\/tr><tr><td>Maria I. Ortega, Julio Moreno, Manuel A. Serrano y Eduardo Fern\u00e1ndez-Medina<\/td><\/tr><tr><td>Journal of Information Science and Engineering 39, 197-222<\/td><\/tr><tr><td><a href=\"https:\/\/doi.org\/10.6688\/JISE.202301_39(1).0012\" target=\"_blank\" rel=\"noreferrer noopener\">https:\/\/doi.org\/10.6688\/JISE.202301_39(1).0012<\/a> &nbsp;<\/td><\/tr><\/tbody><\/table><\/figure>\n\n\n\n<figure class=\"wp-block-table is-style-stripes\"><table><tbody><tr><td><strong>2023 &#8211; Q1<\/strong> &#8211; <strong>Towards an integrated swarm intelligence framework for urban mobility:A systematic review and proposed theoretical model<\/strong><\/td><\/tr><tr><td>David Eneko Ruiz de Gauna, Lu\u00eds Enrique S\u00e1nchez, Almudena Ruiz-Iniesta, Claudia Villalonga, Manuel A. Serrano<\/td><\/tr><tr><td>Journal of King Saud Univiversity  Computer and Information  Sciences&nbsp;35(10)<\/td><\/tr><tr><td><a href=\"https:\/\/doi.org\/10.1016\/j.jksuci.2023.101836\" target=\"_blank\" rel=\"noreferrer noopener\">https:\/\/doi.org\/10.1016\/j.jksuci.2023.101836<\/a><\/td><\/tr><\/tbody><\/table><\/figure>\n\n\n\n<figure class=\"wp-block-table is-style-stripes\"><table><tbody><tr><td><strong>2024 &#8211; Q1<\/strong> &#8211; <strong>Towards an integrated risk analysis security framework according to a systematic analysis of existing proposals<\/strong><\/td><\/tr><tr><td>Antonio SANTOS-OLMO, Luis Enrique S\u00c1NCHEZ, David G. ROSADO, Manuel A. SERRANO, Carlos BLANCO, Haralambos MOURATIDIS, Eduardo FERN\u00c1NDEZ<\/td><\/tr><tr><td>Frontiers of Computer Science<\/td><\/tr><tr><td><a href=\"https:\/\/doi.org\/10.1007\/s11704-023-1582-6\" target=\"_blank\" rel=\"noreferrer noopener\">https:\/\/doi.org\/10.1007\/s11704-023-1582-6<\/a><\/td><\/tr><\/tbody><\/table><\/figure>\n\n\n\n<figure class=\"wp-block-table is-style-stripes\"><table><tbody><tr><td><strong>2024 &#8211; Q4 &#8211; Guidelines to use the incremental commitment spiral model for developing quantum-classical systems<\/strong><\/td><\/tr><tr><td>Ricardo Perez-Castillo, Manuel A. Serrano, Jose A. Cruz-Lemus, Mario Piattini<\/td><\/tr><tr><td>Quantum Information and Computation, Vol. 24, No. 1&amp;2&nbsp;<\/td><\/tr><tr><td><a href=\"https:\/\/doi.org\/10.26421\/QIC24.1-2-4\" target=\"_blank\" rel=\"noreferrer noopener\">https:\/\/doi.org\/10.26421\/QIC24.1-2-4<\/a><\/td><\/tr><\/tbody><\/table><\/figure>\n\n\n\n<div class=\"wp-block-group\"><div class=\"wp-block-group__inner-container is-layout-constrained wp-block-group-is-layout-constrained\"><\/div><\/div>\n","protected":false},"excerpt":{"rendered":"<p>Resumen Cuartil N\u00famero Q1 9 Q2 5 Q3 5 Q4 3 GGS Class 2 4 Total 26 2003 &#8211; Class-2 (GGS) &#8211; Experimental Validation of Multidimensional Data Models Metrics Manuel A. Serrano, Coral Calero, Mario Piattini 36th Hawaii International Conference on System Sciences (HICSS&#8217;03) https:\/\/doi.org\/10.1109\/HICSS.2003.1174896 2004 &#8211; Class-2 (GGS) &#8211; Empirical Validation of Metrics for &hellip; <a href=\"https:\/\/blog.uclm.es\/manuelserrano\/publicaciones-relevantes\/\" class=\"more-link\">Continuar leyendo<span class=\"screen-reader-text\"> \u00abPublicaciones Relevantes\u00bb<\/span><\/a><\/p>\n","protected":false},"author":107,"featured_media":0,"parent":0,"menu_order":0,"comment_status":"closed","ping_status":"closed","template":"page-templates\/full-width.php","meta":{"footnotes":""},"class_list":["post-363","page","type-page","status-publish","hentry"],"_links":{"self":[{"href":"https:\/\/blog.uclm.es\/manuelserrano\/wp-json\/wp\/v2\/pages\/363","targetHints":{"allow":["GET"]}}],"collection":[{"href":"https:\/\/blog.uclm.es\/manuelserrano\/wp-json\/wp\/v2\/pages"}],"about":[{"href":"https:\/\/blog.uclm.es\/manuelserrano\/wp-json\/wp\/v2\/types\/page"}],"author":[{"embeddable":true,"href":"https:\/\/blog.uclm.es\/manuelserrano\/wp-json\/wp\/v2\/users\/107"}],"replies":[{"embeddable":true,"href":"https:\/\/blog.uclm.es\/manuelserrano\/wp-json\/wp\/v2\/comments?post=363"}],"version-history":[{"count":16,"href":"https:\/\/blog.uclm.es\/manuelserrano\/wp-json\/wp\/v2\/pages\/363\/revisions"}],"predecessor-version":[{"id":388,"href":"https:\/\/blog.uclm.es\/manuelserrano\/wp-json\/wp\/v2\/pages\/363\/revisions\/388"}],"wp:attachment":[{"href":"https:\/\/blog.uclm.es\/manuelserrano\/wp-json\/wp\/v2\/media?parent=363"}],"curies":[{"name":"wp","href":"https:\/\/api.w.org\/{rel}","templated":true}]}}