{"id":344,"date":"2021-04-16T15:53:24","date_gmt":"2021-04-16T14:53:24","guid":{"rendered":"https:\/\/blog.uclm.es\/manuelserrano\/?page_id=14"},"modified":"2025-05-02T10:50:20","modified_gmt":"2025-05-02T09:50:20","slug":"bienvenido","status":"publish","type":"page","link":"https:\/\/blog.uclm.es\/manuelserrano\/","title":{"rendered":"Bienvenido"},"content":{"rendered":"<p>Manuel \u00c1ngel Serrano Mart\u00edn es Catedr\u00e1tico de Universidad desde 2025 del <a href=\"https:\/\/www.uclm.es\/departamentos\/dtsi\">Departamento de Tecnolog\u00edas y Sistemas de Informaci\u00f3n<\/a> en la <a href=\"https:\/\/esi.uclm.es\/\">Escuela Superior de Inform\u00e1tica de Ciudad Real<\/a> de la <a href=\"https:\/\/www.uclm.es\/\">Universidad de Castilla \u2013 La Mancha<\/a>.<\/p>\n<p>Cuenta con m\u00e1s 25 a\u00f1os de experiencia profesional, habiendo trabajado como programador y dise\u00f1ador web en el a\u00f1o 1998 y siendo profesor de ESO en el a\u00f1o 2000. Posteriormente, desde el curso 2000\/2001 trabaja como docente e investigador en la Universidad de Castilla \u2013 La Mancha.<\/p>\n<p>Ingeniero T\u00e9cnico en Ingenier\u00eda Inform\u00e1tica de Sistemas e Ingeniero en Inform\u00e1tica por la Universidad de Castilla \u2013 La Mancha, obtuvo el t\u00edtulo de Doctor Ingeniero en Inform\u00e1tica sobresaliente cum Laude en la UCLM en el a\u00f1o 2004. Actualmente es Investigador a tiempo completo en el grupo Alarcos.<\/p>\n<p>En cuanto a su actividad investigadora, se inicia en el a\u00f1o 2000 en el seno del <a href=\"https:\/\/alarcos.esi.uclm.es\/\">Grupo de investigaci\u00f3n Alarcos<\/a>, investigando acerca de la calidad de los almacenes de datos. Sus l\u00edneas de investigaci\u00f3n principales son la calidad de los datos, la calidad y la medici\u00f3n del software, la inteligencia de negocio, incluyendo los almacenes de datos, el Big Data y el IoT y m\u00e1s recientemente est\u00e1 trabajando en l\u00edneas relacionadas con la ciberseguridad y la ingenier\u00eda del software en computaci\u00f3n cu\u00e1ntica.<\/p>\n<p>Seg\u00fan Google Scholar ha recibido 2291 citas, su \u00edndice H es 24 y su \u00edndice i10 es 40. Ha participado en m\u00e1s de un centenar de publicaciones cient\u00edficas de las que caben destacar 24<strong> revistas indexadas en ISI-JCR<\/strong>, y m\u00e1s medio centenar contribuciones a congresos internacionales de reconocido prestigio en el \u00e1rea (indexadas en SCI y con categor\u00eda A en el \u00edndice CORE).<\/p>\n<p>Ha obtenido el premio al mejor art\u00edculo cient\u00edfico en las Jornadas Nacionales de Investigaci\u00f3n en Ciberseguridad (JNIC 2018) por el art\u00edculo \u201cMarisma-BiDa: Entorno Integrado de An\u00e1lisis y Gesti\u00f3n de Riesgos en Bis Data\u201d.<\/p>\n<p>Ha realizado varias estancias entre las que destacan la estancia predoctoral en 2003 en la Univerit\u00e8 de Montreal (Canad\u00e1) y la posdoctoral en 2021 en la Universit\u00e0 degli Studi di Bari (Italia)<\/p>\n<p>Tiene reconocidos 3 sexenios de investigaci\u00f3n, y ha dirigido un proyecto regional coordinado entre la UCLM y la Universidad de Alicante, y otro nacional, actuando como IP coordinador del proyecto (QUASIMODO: Quality and Security in Model Driven Data Warehouse Development &#8211; PAC08-0157-0668) y ha participado en m\u00e1s de 20 proyectos de investigaci\u00f3n nacionales y regionales, as\u00ed como en 3 proyectos internacionales (SDGear, Proyecto ITEA, DQIoT, Proyecto Eureka, Di4SPDS \u2013 Proyecto CHIST-ERA).<\/p>\n<p>Ha tenido una activa participaci\u00f3n en contratos de transferencia con empresas entre los que destacan los proyectos ORIGIN y LPS-BIGGER, realizados con INDRA.<\/p>\n<p>ORCID: <a href=\"https:\/\/orcid.org\/0000-0003-0962-5659\">0000-0003-0962-5659<\/a><br \/>\nResearchGate: <a href=\"https:\/\/www.researchgate.net\/profile\/Manuel-Serrano-11\">https:\/\/www.researchgate.net\/profile\/Manuel-Serrano-11<\/a><br \/>\nGoogle Scholar: <a href=\"https:\/\/scholar.google.com\/citations?user=o3Pm11EAAAAJ\">https:\/\/scholar.google.com\/citations?user=o3Pm11EAAAAJn<\/a><br \/>\nDBLP: <a href=\"https:\/\/dblp.uni-trier.de\/pers\/hd\/s\/Serrano:Manuel_A=\">https:\/\/dblp.uni-trier.de\/pers\/hd\/s\/Serrano:Manuel_A=<\/a><br \/>\nScopus: <a href=\"https:\/\/www.scopus.com\/authid\/detail.uri?authorId=7201394131\">https:\/\/www.scopus.com\/authid\/detail.uri?authorId=7201394131<\/a><\/p>\n<p>Contacto<br \/>\n<a href=\"https:\/\/directorio.uclm.es\/persona.aspx?cod=emAARthmusplOFZ7kXszUg==\">Entrada en el directorio de la uclm<\/a><br \/>\ne-mail: <a>Manuel.Serrano@uclm.es<\/a><br \/>\nweb: <a>http:\/\/blog.uclm.es\/manuelserrano<\/a><\/p>\n","protected":false},"excerpt":{"rendered":"<p>Manuel \u00c1ngel Serrano Mart\u00edn es Catedr\u00e1tico de Universidad desde 2025 del Departamento de Tecnolog\u00edas y Sistemas de Informaci\u00f3n en la Escuela Superior de Inform\u00e1tica de Ciudad Real de la Universidad de Castilla \u2013 La Mancha. Cuenta con m\u00e1s 25 a\u00f1os de experiencia profesional, habiendo trabajado como programador y dise\u00f1ador web en el a\u00f1o 1998 y &hellip; <a href=\"https:\/\/blog.uclm.es\/manuelserrano\/\" class=\"more-link\">Continuar leyendo<span class=\"screen-reader-text\"> \u00abBienvenido\u00bb<\/span><\/a><\/p>\n","protected":false},"author":107,"featured_media":0,"parent":0,"menu_order":0,"comment_status":"closed","ping_status":"closed","template":"page-templates\/full-width.php","meta":{"footnotes":""},"class_list":["post-344","page","type-page","status-publish","hentry"],"_links":{"self":[{"href":"https:\/\/blog.uclm.es\/manuelserrano\/wp-json\/wp\/v2\/pages\/344","targetHints":{"allow":["GET"]}}],"collection":[{"href":"https:\/\/blog.uclm.es\/manuelserrano\/wp-json\/wp\/v2\/pages"}],"about":[{"href":"https:\/\/blog.uclm.es\/manuelserrano\/wp-json\/wp\/v2\/types\/page"}],"author":[{"embeddable":true,"href":"https:\/\/blog.uclm.es\/manuelserrano\/wp-json\/wp\/v2\/users\/107"}],"replies":[{"embeddable":true,"href":"https:\/\/blog.uclm.es\/manuelserrano\/wp-json\/wp\/v2\/comments?post=344"}],"version-history":[{"count":3,"href":"https:\/\/blog.uclm.es\/manuelserrano\/wp-json\/wp\/v2\/pages\/344\/revisions"}],"predecessor-version":[{"id":460,"href":"https:\/\/blog.uclm.es\/manuelserrano\/wp-json\/wp\/v2\/pages\/344\/revisions\/460"}],"wp:attachment":[{"href":"https:\/\/blog.uclm.es\/manuelserrano\/wp-json\/wp\/v2\/media?parent=344"}],"curies":[{"name":"wp","href":"https:\/\/api.w.org\/{rel}","templated":true}]}}