{"id":79,"date":"2016-02-12T18:41:42","date_gmt":"2016-02-12T17:41:42","guid":{"rendered":"http:\/\/blog.uclm.es\/manuelrodrigo\/?page_id=79"},"modified":"2025-10-14T11:32:55","modified_gmt":"2025-10-14T09:32:55","slug":"10-visibility","status":"publish","type":"page","link":"https:\/\/blog.uclm.es\/manuelrodrigo\/10-visibility\/","title":{"rendered":"Visibility"},"content":{"rendered":"<p>News<\/p>\n<p>08\/10\/2010 &#8211; <a href=\"http:\/\/www.uclm.es\/gabinete\/ver_noticias.asp?id_noticia=7579\">Un catedr\u00e1tico de la UCLM, presidente del grupo de Electroqu\u00edmica de la Federaci\u00f3n Europea de Ingenier\u00eda Qu\u00edmica<\/a><br \/>29\/05\/2013 &#8211; <a href=\"http:\/\/www.uclm.es\/gabinete\/ver_noticias.asp?id_noticia=10117\">La Facultad de Qu\u00edmicas y Repsol en Puertollano exploran nuevas v\u00edas de colaboraci\u00f3n <\/a><br \/>08\/07\/2014 &#8211; <a href=\"http:\/\/www.uclm.es\/gabinete\/ver_noticias.asp?id_noticia=11193\">El profesor Manuel Rodrigo, miembro del panel de expertos de la Federaci\u00f3n Europea de Ingenier\u00eda Qu\u00edmica <\/a><br \/>13\/10\/2014 &#8211; <a href=\"http:\/\/www.uclm.es\/gabinete\/ver_noticias.asp?id_noticia=11349\">El profesor Manuel Rodrigo eval\u00faa el impacto de la tecnolog\u00eda electroqu\u00edmica en la eliminaci\u00f3n de pesticidas <\/a><br \/>10\/11\/2015 &#8211; <a href=\"http:\/\/www.uclm.es\/gabinete\/ver_noticias.asp?id_noticia=12409\">Los profesores de la UCLM \u00c1ngel R\u00edos y Manuel Rodrigo se incorporan a la Agencia Nacional de Evaluaci\u00f3n y Prospectiva<\/a><br \/>24\/11\/2015 &#8211; <a href=\"http:\/\/www.uclm.es\/gabinete\/ver_noticias.asp?id_noticia=12475\">Investigadores de la UCLM participan en el desarrollo de una pila de combustible de nueva generaci\u00f3n<\/a><br \/>12\/01\/2016 &#8211; <a href=\"http:\/\/www.uclm.es\/gabinete\/ver_noticias.asp?id_noticia=12559\">La revista cient\u00edfica Chemical Reviews recoge en la portada de su \u00faltimo n\u00famero un art\u00edculo de la UCLM <\/a><br \/>04\/02\/2016 &#8211; <a href=\"http:\/\/www.uclm.es\/gabinete\/ver_noticias.asp?id_noticia=12607\">La UCLM participa en la nueva Red de Aplicaciones Medioambientales y Energ\u00e9ticas de la Tecnolog\u00eda Electroqu\u00edmica <\/a><br \/>12\/02\/2016 &#8211; <a href=\"http:\/\/www.latribunadeciudadreal.es\/noticia\/Z31F87254-F6AB-EE94-B745467AE978028D\/20160207\/proyectos\/rozan\/ciencia\/ficcion\">Proyectos que rozan la ciencia ficci\u00f3n<\/a><br \/>27\/10\/2016 <a href=\"https:\/\/www.uclm.es\/noticias\/2016\/octubre\/ciudad-real\/unproyectodeinvestigacion_13389\">Un proyecto de investigaci\u00f3n de la UCLM consigue eliminar pesticidas en suelos y aguas de entornos industriales<\/a><br \/>01\/07\/2016 <a href=\"https:\/\/www.uclm.es\/noticias\/2016\/julio\/ciudad-real\/lauclmparticipaenunproyec_13121\">La UCLM participa en un proyecto para eliminar la contaminaci\u00f3n y desinfectar el agua en el sur de \u00c1frica<\/a><br \/>19\/05\/2017 <a href=\"https:\/\/www.uclm.es\/noticias\/noticias2017\/mayo2017\/albacete\/planes_estatales_2016\">La UCLM, entre las primeras universidades espa\u00f1olas en n\u00famero de proyectos nacionales de investigaci\u00f3n en 2016<\/a><br \/>14\/03\/2018 <a href=\"https:\/\/www.uclm.es\/noticias\/marzo2018\/ciudad-real\/safewaterafrica_asamblea\">Investigadores se re\u00fanen en la UCLM para abordar la gesti\u00f3n y el suministro del agua en comunidades rurales de \u00c1frica<\/a><br \/>17\/04\/2018 <a href=\"https:\/\/www.uclm.es\/noticias\/abril2018\/albacete\/vijornadas_doctorales_g9\">Las VI Jornadas Doctorales del G9 premian a tres estudiantes de doctorado de la UCLM<\/a><br \/>11\/07\/2018 <a href=\"https:\/\/www.uclm.es\/es\/noticias\/julio2018\/ciudad-real\/red_excelencia_tecnologia_electroquimica\">La UCLM lidera una red de excelencia para implementar el uso de la tecnolog\u00eda electroqu\u00edmica en el sector industrial<\/a><\/p>\n<p>07\/05\/2021: <a href=\"https:\/\/ceclmdigital.uclm.es\/pandora\/\/viewer.vm?id=0002849962&amp;page=2&amp;search=rodrigo%20investigacion&amp;lang=es&amp;view=lanza\">La Facultad de Qu\u00edmicas puede posicionar a Castilla-La <\/a><br \/>Mancha en el mapa de la investigaci\u00f3n a nivel mundial<\/p>\n<p>07\/07\/2023: <a href=\"https:\/\/ceclmdigital.uclm.es\/pandora\/\/viewer.vm?id=0002895083&amp;page=19&amp;search=rodrigo%20serpic&amp;lang=es&amp;view=lanza\">Agua de la m\u00e1xima calidad para el cultivo agr\u00edcola, sin <\/a><br \/>contaminantes ni trazas de f\u00e1rmacos<\/p>\n<p>24\/02\/2024 <a href=\"https:\/\/www.uclm.es\/-\/media\/Files\/C01-Centros\/CEE\/HacienciendoCienciaEU\/N7\/Haciendo-Ciencia-por-Europa---Manuel-Andrs-Rodrigo.ashx\">Haciendo Ciencia por Europa &#8211; Manuel Andr\u00e9s Rodrigo<\/a><\/p>\n<p>11\/09\/2024 <a href=\"https:\/\/www.uclm.es\/noticias\/noticias2024\/septiembre\/ciudad-real\/cv_claves_futuro_energetico_sostenible\">La UCLM retoma, catorce a\u00f1os despu\u00e9s, sus cursos de verano en la localidad de Puertollano con uno dedicado a la sostenibilidad<\/a><\/p>\n<p>01\/04\/2025 <a href=\"https:\/\/www.uclm.es\/noticias\/noticias2025\/abril\/ciudad-real\/manuel_rodrigo_academico_rac\">El catedr\u00e1tico de la UCLM Manuel Rodrigo es nombrado acad\u00e9mico de n\u00famero de la Real Academia de Ciencias Exactas, F\u00edsicas y Naturales<\/a><\/p>\n<p>05\/05\/2025<a href=\"https:\/\/www.uclm.es\/noticias\/noticias2025\/mayo\/ciudad-real\/manuel_rodrigo_fellow_ise\">El profesor de la UCLM Manuel Andr\u00e9s Rodrigo recibe la distinci\u00f3n honor\u00edfica de la Sociedad Internacional de Electroqu\u00edmica<\/a><\/p>\n<p>10\/10\/2025<a href=\"https:\/\/www.uclm.es\/noticias\/noticias2025\/octubre\/ciudad-real\/presentacion_iescuela_internacional_electroquimica\">La UCLM elige Puertollano para celebrar la I Escuela Mediterr\u00e1nea de Electroqu\u00edmica<\/a><\/p>\n<p>Other links<\/p>\n<p><a href=\"https:\/\/www.ivoox.com\/investiga-no-es-poco-manuel-rodrigo-audios-mp3_rf_26831705_1.html\">Entrevista sobre resultados proyecto SAFEWATERAFRICA en CCM Radio<\/a><br \/><a href=\"https:\/\/www.youtube.com\/watch?v=EJaEgS5yiHM\">Entrevista en Jornadas sobre la Pobreza<\/a><br \/><a href=\"https:\/\/www.youtube.com\/watch?v=aXHHZYo5exA\">Conferencia en Jornadas sobre la Pobreza<\/a><\/p>\n<p><a href=\"https:\/\/www.ivoox.com\/que-es-biogas-responde-manuel-rodrigo-en-audios-mp3_rf_140301282_1.html\">\u00bfQu\u00e9 es el biog\u00e1s? Responde Manuel Rodrigo, en Investiga, que no es poco &#8211; Investiga que no es poco &#8211; Podcast en iVoox<\/a><\/p>\n<p><br \/><strong>Informaci\u00f3n aparecida en Diario la Tribuna sobre resultados del proyecto SUNLIVINENERGY<\/strong><\/p>\n\n<div class=\"wp-block-image\">\n<figure class=\"aligncenter size-large is-resized\"><img loading=\"lazy\" decoding=\"async\" width=\"768\" height=\"1024\" src=\"https:\/\/blog.uclm.es\/manuelrodrigo\/wp-content\/uploads\/sites\/106\/2022\/10\/IMG-20170711-WA0007-768x1024.jpg\" alt=\"\" class=\"wp-image-225\" style=\"width:234px;height:312px\" srcset=\"https:\/\/blog.uclm.es\/manuelrodrigo\/wp-content\/uploads\/sites\/106\/2022\/10\/IMG-20170711-WA0007-768x1024.jpg 768w, https:\/\/blog.uclm.es\/manuelrodrigo\/wp-content\/uploads\/sites\/106\/2022\/10\/IMG-20170711-WA0007-225x300.jpg 225w, https:\/\/blog.uclm.es\/manuelrodrigo\/wp-content\/uploads\/sites\/106\/2022\/10\/IMG-20170711-WA0007-1152x1536.jpg 1152w, https:\/\/blog.uclm.es\/manuelrodrigo\/wp-content\/uploads\/sites\/106\/2022\/10\/IMG-20170711-WA0007.jpg 1200w\" sizes=\"auto, (max-width: 768px) 100vw, 768px\" \/><\/figure>\n<\/div>\n\n\n<p><strong>Informaci\u00f3n aparecida en Castilla La Mancha Televisi\u00f3n sobre resultados del proyecto SUNLIVINENERGY<\/strong><\/p>\n\n\n<div class=\"wp-block-image\">\n<figure class=\"aligncenter size-full\"><a href=\"https:\/\/youtu.be\/r1BhdQP9kLQ\" target=\"_blank\" rel=\"noreferrer noopener\"><img loading=\"lazy\" decoding=\"async\" width=\"320\" height=\"180\" src=\"https:\/\/blog.uclm.es\/manuelrodrigo\/wp-content\/uploads\/sites\/106\/2022\/10\/mqdefault.jpg\" alt=\"\" class=\"wp-image-228\" srcset=\"https:\/\/blog.uclm.es\/manuelrodrigo\/wp-content\/uploads\/sites\/106\/2022\/10\/mqdefault.jpg 320w, https:\/\/blog.uclm.es\/manuelrodrigo\/wp-content\/uploads\/sites\/106\/2022\/10\/mqdefault-300x169.jpg 300w\" sizes=\"auto, (max-width: 320px) 100vw, 320px\" \/><\/a><\/figure>\n<\/div>","protected":false},"excerpt":{"rendered":"<p>News 08\/10\/2010 &#8211; Un catedr\u00e1tico de la UCLM, presidente del grupo de Electroqu\u00edmica de la Federaci\u00f3n Europea de Ingenier\u00eda Qu\u00edmica29\/05\/2013 &#8211; La Facultad de Qu\u00edmicas y Repsol en Puertollano exploran nuevas v\u00edas de colaboraci\u00f3n 08\/07\/2014 &#8211; El profesor Manuel Rodrigo, miembro del panel de expertos de la Federaci\u00f3n Europea de Ingenier\u00eda Qu\u00edmica 13\/10\/2014 &#8211; El &hellip; <a href=\"https:\/\/blog.uclm.es\/manuelrodrigo\/10-visibility\/\" class=\"more-link\">Seguir leyendo <span class=\"screen-reader-text\">Visibility<\/span> <span class=\"meta-nav\">&rarr;<\/span><\/a><\/p>\n","protected":false},"author":213,"featured_media":0,"parent":0,"menu_order":0,"comment_status":"closed","ping_status":"closed","template":"","meta":{"footnotes":""},"class_list":["post-79","page","type-page","status-publish","hentry"],"_links":{"self":[{"href":"https:\/\/blog.uclm.es\/manuelrodrigo\/wp-json\/wp\/v2\/pages\/79","targetHints":{"allow":["GET"]}}],"collection":[{"href":"https:\/\/blog.uclm.es\/manuelrodrigo\/wp-json\/wp\/v2\/pages"}],"about":[{"href":"https:\/\/blog.uclm.es\/manuelrodrigo\/wp-json\/wp\/v2\/types\/page"}],"author":[{"embeddable":true,"href":"https:\/\/blog.uclm.es\/manuelrodrigo\/wp-json\/wp\/v2\/users\/213"}],"replies":[{"embeddable":true,"href":"https:\/\/blog.uclm.es\/manuelrodrigo\/wp-json\/wp\/v2\/comments?post=79"}],"version-history":[{"count":9,"href":"https:\/\/blog.uclm.es\/manuelrodrigo\/wp-json\/wp\/v2\/pages\/79\/revisions"}],"predecessor-version":[{"id":272,"href":"https:\/\/blog.uclm.es\/manuelrodrigo\/wp-json\/wp\/v2\/pages\/79\/revisions\/272"}],"wp:attachment":[{"href":"https:\/\/blog.uclm.es\/manuelrodrigo\/wp-json\/wp\/v2\/media?parent=79"}],"curies":[{"name":"wp","href":"https:\/\/api.w.org\/{rel}","templated":true}]}}