{"id":28,"date":"2014-09-17T21:01:54","date_gmt":"2014-09-17T20:01:54","guid":{"rendered":"http:\/\/blog.uclm.es\/manuelrodrigo\/?page_id=28"},"modified":"2024-07-07T20:02:26","modified_gmt":"2024-07-07T18:02:26","slug":"hot-topics","status":"publish","type":"page","link":"https:\/\/blog.uclm.es\/manuelrodrigo\/hot-topics\/","title":{"rendered":"6. Recent Projects"},"content":{"rendered":"<p><strong>On-going Projects <\/strong><\/p>\n<p><a href=\"http:\/\/blog.uclm.es\/proyectoelectrorefin4o\">ElectroRefin4o:<\/a> Organic Electrorefineries: towards a new paradigm in electrochemical environmental technology<\/p>\n<p><a href=\"https:\/\/www.firefly-project.eu\/\">FIREFLY:<\/a> Flexible, predictible and renewable electricity-powered electrochemical toolbox for a sustainable transiction of the catalyst based european chemical industry.<\/p>\n<p><a href=\"https:\/\/soilolive.eu\/\">SOILOLIVE:<\/a> Soil biodiversity and functionality of mediterranean olive groves<\/p>\n<p><a href=\"https:\/\/greenhydrogen-pathfinder.eu\/\">MACGHIVER<\/a>: <strong>M<\/strong>icrofluidic w<strong>A<\/strong>stewater treatment and\u00a0<strong>C<\/strong>reation of\u00a0<strong>G<\/strong>reen\u00a0<strong>HY<\/strong>drogen\u00a0<strong>V<\/strong>ia\u00a0<strong>E<\/strong>lectrochemical\u00a0<strong>R<\/strong>eactions<\/p>\n<p><a href=\"http:\/\/blog.uclm.es\/proyectogotsustertech\">GOT-SUSTERTECH<\/a>: Getting on top of Sustainable electrochemical remediation technologies for chlorinated hydrocarbons pollution associated to industrial activities<\/p>\n<p><a href=\"https:\/\/www.erasmus-fields.eu\/\">FIELDS<\/a>: Addressing the current and Future skill needs for sustainabilty, digitalization, and the bio-Economy in agriculture: European skills agenda and Strategy.<\/p>\n<p><a href=\"http:\/\/blog.uclm.es\/proyectoserpic\">SERPIC<\/a>: Sustainable Electrochemical Reduction of contaminants of emerging concern and Pathogens in WWTP effluent for Irrigation of Crops .<\/p>\n<p><a href=\"https:\/\/blog.uclm.es\/proyectoseteden2diesel\/\">SetEDEN2Diesel<\/a>: <strong>Set<\/strong>ting\u00a0<strong>EDEN\u00ae<\/strong>\u00a0technology\u00a0<strong>to<\/strong>\u00a0reduce the carbon footprint of\u00a0<strong>diesel<\/strong>\u00a0engines in the transport sector<\/p>\n<p><a href=\"https:\/\/blog.uclm.es\/proyectoser4wine\/\">SER4WINE<\/a>: Sustainable Energy Regulation for the WINE sector<\/p>\n<p><strong>Recent past Projects <\/strong><\/p>\n<p><a href=\"http:\/\/BLOG.UCLM.ES\/proyectoneat4sust\">NEAT4SUST+<\/a>: New Electro-Absorption Technologies for more Sustainable environmental and energy applications<\/p>\n<p><a href=\"https:\/\/rede3tech.org\/\">E3TECH<\/a>: Red de Excelencia de Aplicaciones Medioambientales y Energ\u00e9ticas de la Tecnolog\u00eda Electroqu\u00edmica.<br \/>\n<a href=\"http:\/\/BLOG.UCLM.ES\/proyectoeden\">EDEN<\/a>: Energ\u00eda descarbonizadora basada en electroqu\u00edmica<br \/>\n<a href=\"http:\/\/BLOG.UCLM.ES\/proyectoasepham\">ASEPHAM<\/a>: Almacenamiento Sostenible de Energ\u00eda mediante el Proceso H\u00edbrido de Azufre Mejorado con membranas de Polibenzimidazol<br \/>\n<a href=\"http:\/\/BLOG.UCLM.ES\/ELECTROTECH4PEST\">ELECTROTECH4PEST<\/a>: ELECTROCHEMICAL TECHNOLOGY FOR THE REMOVAL OF PESTICIDES FROM WATER, WASTEWATER AND SOILS<br \/>\n<a href=\"http:\/\/BLOG.UCLM.ES\/SUNLIVINGENERGY\">SUNLIVINGENERGY<\/a>: Emulating LIVING organisms in the production of ENERGY: self-sufficient photomicrobial cells for the production of electricity using SUN energy<br \/>\n<a href=\"https:\/\/safewaterafrica.eu\/en\/home\">SAFEWATERAFRICA<\/a>: Self-Sustaining Cleaning Technology for Safe Water Supply and Management in Rural African Areas<\/p>\n<p><a href=\"http:\/\/blog.uclm.es\/sustertech4ch\">SUSTERTECH4CH<\/a>: REMEDIACION ELECTROQUIMICA SOSTENIBLE DE SUELOS Y AGUAS CONTAMINADAS POR ORGANOCLORADOS GENERADOS EN ACTIVIDADES INDUSTRIALES<\/p>\n","protected":false},"excerpt":{"rendered":"<p>On-going Projects ElectroRefin4o: Organic Electrorefineries: towards a new paradigm in electrochemical environmental technology FIREFLY: Flexible, predictible and renewable electricity-powered electrochemical toolbox for a sustainable transiction of the catalyst based european chemical industry. SOILOLIVE: Soil biodiversity and functionality of mediterranean olive groves MACGHIVER: Microfluidic wAstewater treatment and\u00a0Creation of\u00a0Green\u00a0HYdrogen\u00a0Via\u00a0Electrochemical\u00a0Reactions GOT-SUSTERTECH: Getting on top of Sustainable electrochemical remediation &hellip; <a href=\"https:\/\/blog.uclm.es\/manuelrodrigo\/hot-topics\/\" class=\"more-link\">Seguir leyendo <span class=\"screen-reader-text\">6. Recent Projects<\/span> <span class=\"meta-nav\">&rarr;<\/span><\/a><\/p>\n","protected":false},"author":213,"featured_media":0,"parent":0,"menu_order":0,"comment_status":"closed","ping_status":"open","template":"","meta":{"footnotes":""},"class_list":["post-28","page","type-page","status-publish","hentry"],"_links":{"self":[{"href":"https:\/\/blog.uclm.es\/manuelrodrigo\/wp-json\/wp\/v2\/pages\/28","targetHints":{"allow":["GET"]}}],"collection":[{"href":"https:\/\/blog.uclm.es\/manuelrodrigo\/wp-json\/wp\/v2\/pages"}],"about":[{"href":"https:\/\/blog.uclm.es\/manuelrodrigo\/wp-json\/wp\/v2\/types\/page"}],"author":[{"embeddable":true,"href":"https:\/\/blog.uclm.es\/manuelrodrigo\/wp-json\/wp\/v2\/users\/213"}],"replies":[{"embeddable":true,"href":"https:\/\/blog.uclm.es\/manuelrodrigo\/wp-json\/wp\/v2\/comments?post=28"}],"version-history":[{"count":4,"href":"https:\/\/blog.uclm.es\/manuelrodrigo\/wp-json\/wp\/v2\/pages\/28\/revisions"}],"predecessor-version":[{"id":237,"href":"https:\/\/blog.uclm.es\/manuelrodrigo\/wp-json\/wp\/v2\/pages\/28\/revisions\/237"}],"wp:attachment":[{"href":"https:\/\/blog.uclm.es\/manuelrodrigo\/wp-json\/wp\/v2\/media?parent=28"}],"curies":[{"name":"wp","href":"https:\/\/api.w.org\/{rel}","templated":true}]}}