{"id":26,"date":"2014-09-12T15:46:14","date_gmt":"2014-09-12T14:46:14","guid":{"rendered":"http:\/\/blog.uclm.es\/manuelrodrigo\/?page_id=26"},"modified":"2014-09-12T15:46:14","modified_gmt":"2014-09-12T14:46:14","slug":"main","status":"publish","type":"page","link":"https:\/\/blog.uclm.es\/manuelrodrigo\/","title":{"rendered":"Contact"},"content":{"rendered":"<p><strong>FULL PROFESSOR IN CHEMICAL ENGINEERING<\/strong><\/p>\n<p>DEPARTMENT OF CHEMICAL ENGINEERING<br \/>\nFACULTY OF CHEMICAL SCIENCES AND TECHNOLOGIES<br \/>\nUNIVERSIDAD DE CASTILLA LA  MANCHA<\/p>\n<p>Address: Departamento de Ingenier\u00eda Qu\u00edmica. Facultad de Ciencias y Tecnolog\u00edas Qu\u00edmicas. Universidad de Castilla La Mancha. Campus Universitario s\/n. 13071 Ciudad Real. SPAIN<br \/>\nE-mail: Manuel.Rodrigo@uclm.es<br \/>\nPhone: (+34) 902204100 ext. 3411<br \/>\nFax: (+34) 902204130<\/p>\n","protected":false},"excerpt":{"rendered":"<p>FULL PROFESSOR IN CHEMICAL ENGINEERING DEPARTMENT OF CHEMICAL ENGINEERING FACULTY OF CHEMICAL SCIENCES AND TECHNOLOGIES UNIVERSIDAD DE CASTILLA LA MANCHA Address: Departamento de Ingenier\u00eda Qu\u00edmica. Facultad de Ciencias y Tecnolog\u00edas Qu\u00edmicas. Universidad de Castilla La Mancha. Campus Universitario s\/n. 13071 Ciudad Real. SPAIN E-mail: Manuel.Rodrigo@uclm.es Phone: (+34) 902204100 ext. 3411 Fax: (+34) 902204130<\/p>\n","protected":false},"author":213,"featured_media":0,"parent":0,"menu_order":0,"comment_status":"closed","ping_status":"open","template":"","meta":{"footnotes":""},"class_list":["post-26","page","type-page","status-publish","hentry"],"_links":{"self":[{"href":"https:\/\/blog.uclm.es\/manuelrodrigo\/wp-json\/wp\/v2\/pages\/26","targetHints":{"allow":["GET"]}}],"collection":[{"href":"https:\/\/blog.uclm.es\/manuelrodrigo\/wp-json\/wp\/v2\/pages"}],"about":[{"href":"https:\/\/blog.uclm.es\/manuelrodrigo\/wp-json\/wp\/v2\/types\/page"}],"author":[{"embeddable":true,"href":"https:\/\/blog.uclm.es\/manuelrodrigo\/wp-json\/wp\/v2\/users\/213"}],"replies":[{"embeddable":true,"href":"https:\/\/blog.uclm.es\/manuelrodrigo\/wp-json\/wp\/v2\/comments?post=26"}],"version-history":[{"count":0,"href":"https:\/\/blog.uclm.es\/manuelrodrigo\/wp-json\/wp\/v2\/pages\/26\/revisions"}],"wp:attachment":[{"href":"https:\/\/blog.uclm.es\/manuelrodrigo\/wp-json\/wp\/v2\/media?parent=26"}],"curies":[{"name":"wp","href":"https:\/\/api.w.org\/{rel}","templated":true}]}}