{"id":40,"date":"2017-08-29T11:04:38","date_gmt":"2017-08-29T10:04:38","guid":{"rendered":"http:\/\/blog.uclm.es\/manuelroblizo\/?page_id=40"},"modified":"2024-05-20T17:58:46","modified_gmt":"2024-05-20T17:58:46","slug":"keynote-speaker-en-world-conference-on-educational-sciences","status":"publish","type":"page","link":"https:\/\/blog.uclm.es\/manuelroblizo\/de-tinajeros-a-%d0%bd%d0%b0%d1%80%d0%b5%d1%87%d0%b5%d0%bd%d1%81%d0%ba%d0%b8-%d0%b1%d0%b0%d0%bd%d0%b8-acerca-de-mi\/keynote-speaker-en-world-conference-on-educational-sciences\/","title":{"rendered":"Congresos"},"content":{"rendered":"<p><strong>Keynote speaker en 9th World Conference on Educational Sciences<\/strong><\/p>\n<p>Entre el 1 y el 4 de febrero de 2017 particip\u00e9 como\u00a0<em>keynote speaker\u00a0<\/em>en la 9th World Conference on Educational Sciences (WCES-2017), que tuvo lugar en el Hotel Aston La Scala Convention Center, en la ciudad de Niza (Francia).<em><img loading=\"lazy\" decoding=\"async\" class=\"size-medium wp-image-41 alignright\" src=\"https:\/\/blog.uclm.es\/manuelroblizo\/wp-content\/uploads\/sites\/224\/2017\/08\/Con-congresistas-300x225.jpg\" alt=\"\" width=\"300\" height=\"225\" srcset=\"https:\/\/blog.uclm.es\/manuelroblizo\/wp-content\/uploads\/sites\/224\/2017\/08\/Con-congresistas-300x225.jpg 300w, https:\/\/blog.uclm.es\/manuelroblizo\/wp-content\/uploads\/sites\/224\/2017\/08\/Con-congresistas-768x576.jpg 768w, https:\/\/blog.uclm.es\/manuelroblizo\/wp-content\/uploads\/sites\/224\/2017\/08\/Con-congresistas.jpg 960w\" sizes=\"auto, (max-width: 300px) 100vw, 300px\" \/><\/em><\/p>\n<p>El \u00a0t\u00edtulo de mi presentaci\u00f3n fue \u00abInformation and communication technologies applied to educational practice: the transit from the myth to reality\u00bb. Fueron unos d\u00edas encantadores de convivencia con colegas de todo el mundo e intercambio de experiencias y conocimiento.<\/p>\n<p><em><img loading=\"lazy\" decoding=\"async\" class=\"alignnone size-medium wp-image-42\" src=\"https:\/\/blog.uclm.es\/manuelroblizo\/wp-content\/uploads\/sites\/224\/2017\/08\/Con-la-placa-300x225.jpg\" alt=\"\" width=\"300\" height=\"225\" srcset=\"https:\/\/blog.uclm.es\/manuelroblizo\/wp-content\/uploads\/sites\/224\/2017\/08\/Con-la-placa-300x225.jpg 300w, https:\/\/blog.uclm.es\/manuelroblizo\/wp-content\/uploads\/sites\/224\/2017\/08\/Con-la-placa-768x576.jpg 768w, https:\/\/blog.uclm.es\/manuelroblizo\/wp-content\/uploads\/sites\/224\/2017\/08\/Con-la-placa.jpg 960w\" sizes=\"auto, (max-width: 300px) 100vw, 300px\" \/><\/em><\/p>\n<p><strong>Las \u00abBCES Conferences\u00bb, en mi adorada y a\u00f1orada Bulgaria&#8230;\u00a0 <\/strong><\/p>\n<p>\u00bfD\u00f3nde se habr\u00e1 visto que unos Congresos tengan una canci\u00f3n, y hasta varios poemas, dedicados a ellos? Pues s\u00ed&#8230; eso ocurre con los <a href=\"http:\/\/www.bces-conference.org\/\">Congresos que organiza anualmente la Bulgarian Comparative Education Society. <\/a><\/p>\n<figure id=\"attachment_227\" aria-describedby=\"caption-attachment-227\" style=\"width: 343px\" class=\"wp-caption alignright\"><img loading=\"lazy\" decoding=\"async\" class=\"wp-image-227\" src=\"https:\/\/blog.uclm.es\/manuelroblizo\/wp-content\/uploads\/sites\/224\/2017\/08\/P9220272-300x225.jpg\" alt=\"\" width=\"343\" height=\"257\" srcset=\"https:\/\/blog.uclm.es\/manuelroblizo\/wp-content\/uploads\/sites\/224\/2017\/08\/P9220272-300x225.jpg 300w, https:\/\/blog.uclm.es\/manuelroblizo\/wp-content\/uploads\/sites\/224\/2017\/08\/P9220272-1024x768.jpg 1024w, https:\/\/blog.uclm.es\/manuelroblizo\/wp-content\/uploads\/sites\/224\/2017\/08\/P9220272-768x576.jpg 768w, https:\/\/blog.uclm.es\/manuelroblizo\/wp-content\/uploads\/sites\/224\/2017\/08\/P9220272-1536x1152.jpg 1536w, https:\/\/blog.uclm.es\/manuelroblizo\/wp-content\/uploads\/sites\/224\/2017\/08\/P9220272-2048x1536.jpg 2048w\" sizes=\"auto, (max-width: 343px) 100vw, 343px\" \/><figcaption id=\"caption-attachment-227\" class=\"wp-caption-text\">Paseando por Plovdiv, una de las ciudades m\u00e1s antiguas de Europa<\/figcaption><\/figure>\n<p>Para m\u00ed son la ocasi\u00f3n de reencontrarme con un grupo de investigadores de todo el orbe que somos, ya, una peque\u00f1a gran familia. En estos encuentros, el debate y el intercambio de ideas es especialmente abierto, y sugerente como en ning\u00fan otro; pero, adem\u00e1s, suponen una ocasi\u00f3n para visitar mi querida Bulgaria y conocer, y vivir, sus ciudades. Esta imagen est\u00e1 tomada durante mi primera participaci\u00f3n en una \u00abBCES Conference\u00bb, que en aquella ocasi\u00f3n me aport\u00f3 mi encuentro con la ciudad de Plovdiv, en la que naci\u00f3 nuestro hijo \u00c1ngel \u041f\u043b\u0430\u043c\u0435\u043d.<\/p>\n<figure id=\"attachment_225\" aria-describedby=\"caption-attachment-225\" style=\"width: 300px\" class=\"wp-caption alignright\"><img loading=\"lazy\" decoding=\"async\" class=\"wp-image-225 size-medium\" src=\"https:\/\/blog.uclm.es\/manuelroblizo\/wp-content\/uploads\/sites\/224\/2017\/08\/IMG-20170714-WA0005-300x200.jpg\" alt=\"\" width=\"300\" height=\"200\" srcset=\"https:\/\/blog.uclm.es\/manuelroblizo\/wp-content\/uploads\/sites\/224\/2017\/08\/IMG-20170714-WA0005-300x200.jpg 300w, https:\/\/blog.uclm.es\/manuelroblizo\/wp-content\/uploads\/sites\/224\/2017\/08\/IMG-20170714-WA0005-1024x683.jpg 1024w, https:\/\/blog.uclm.es\/manuelroblizo\/wp-content\/uploads\/sites\/224\/2017\/08\/IMG-20170714-WA0005-768x512.jpg 768w, https:\/\/blog.uclm.es\/manuelroblizo\/wp-content\/uploads\/sites\/224\/2017\/08\/IMG-20170714-WA0005.jpg 1034w\" sizes=\"auto, (max-width: 300px) 100vw, 300px\" \/><figcaption id=\"caption-attachment-225\" class=\"wp-caption-text\">\u00bfD\u00f3nde est\u00e1 Wally\/Lolo?<\/figcaption><\/figure>\n<p>Y aqu\u00ed tenemos la <em>foto de familia <\/em>de los participantes en la \u00faltima edici\u00f3n en que particip\u00e9, que tuvo lugar en Borovets (\u0411\u043e\u0440\u043e\u0432\u0435\u0446) entre el 20 y 23 de julio de 2017.<\/p>\n<p><strong>Los CIMIE (Congreso Internacional Multidisciplinar de Investigaci\u00f3n Educativa).<\/strong><\/p>\n<p>Estos Congresos, que comparten ambiente y sensibilidad con el mundo de las comunidades de aprendizaje, vienen siendo un punto de encuentro anual de car\u00e1cter tanto acad\u00e9mico como humano. En la primera edici\u00f3n, celebrada en Barcelona el 5 y 6 de julio de 2012, coordin\u00e9 junto a Sandra Racionero el tema <em>Pol\u00edticas educativas basadas en evidencias.<\/em> En el panel que organizamos contamos con la participaci\u00f3n de Ram\u00f3n Flecha (Universidad de Barcelona), Alejandro Tiana (UNED), Dolores Alemany (Universidad de Alicante) y Juan Garc\u00eda (Universidad de Castilla-La Mancha). En la fotograf\u00eda podemos ver una imagen de aquella sesi\u00f3n.<\/p>\n<p><img loading=\"lazy\" decoding=\"async\" class=\"size-medium wp-image-332 aligncenter\" src=\"https:\/\/blog.uclm.es\/manuelroblizo\/wp-content\/uploads\/sites\/224\/2018\/11\/polit-educ2-300x200.jpg\" alt=\"\" width=\"300\" height=\"200\" srcset=\"https:\/\/blog.uclm.es\/manuelroblizo\/wp-content\/uploads\/sites\/224\/2018\/11\/polit-educ2-300x200.jpg 300w, https:\/\/blog.uclm.es\/manuelroblizo\/wp-content\/uploads\/sites\/224\/2018\/11\/polit-educ2-1024x683.jpg 1024w, https:\/\/blog.uclm.es\/manuelroblizo\/wp-content\/uploads\/sites\/224\/2018\/11\/polit-educ2-768x512.jpg 768w, https:\/\/blog.uclm.es\/manuelroblizo\/wp-content\/uploads\/sites\/224\/2018\/11\/polit-educ2-1536x1024.jpg 1536w, https:\/\/blog.uclm.es\/manuelroblizo\/wp-content\/uploads\/sites\/224\/2018\/11\/polit-educ2-2048x1365.jpg 2048w\" sizes=\"auto, (max-width: 300px) 100vw, 300px\" \/><\/p>\n<p>En esta otra imagen, podemos ver la <em>foto de familia<\/em> de los participantes del \u00c1rea de Sociolog\u00eda en CIMIE 2013, que tuvo lugar en Tarragona. Como el anterior, fue un encuentro muy especial, inolvidable.<\/p>\n<p><img loading=\"lazy\" decoding=\"async\" class=\"size-medium wp-image-471 aligncenter\" src=\"https:\/\/blog.uclm.es\/manuelroblizo\/wp-content\/uploads\/sites\/224\/2024\/05\/Tarragona-CIMIE-300x157.jpg\" alt=\"\" width=\"300\" height=\"157\" srcset=\"https:\/\/blog.uclm.es\/manuelroblizo\/wp-content\/uploads\/sites\/224\/2024\/05\/Tarragona-CIMIE-300x157.jpg 300w, https:\/\/blog.uclm.es\/manuelroblizo\/wp-content\/uploads\/sites\/224\/2024\/05\/Tarragona-CIMIE-1024x535.jpg 1024w, https:\/\/blog.uclm.es\/manuelroblizo\/wp-content\/uploads\/sites\/224\/2024\/05\/Tarragona-CIMIE-768x401.jpg 768w, https:\/\/blog.uclm.es\/manuelroblizo\/wp-content\/uploads\/sites\/224\/2024\/05\/Tarragona-CIMIE-1536x803.jpg 1536w, https:\/\/blog.uclm.es\/manuelroblizo\/wp-content\/uploads\/sites\/224\/2024\/05\/Tarragona-CIMIE.jpg 1642w\" sizes=\"auto, (max-width: 300px) 100vw, 300px\" \/><\/p>\n","protected":false},"excerpt":{"rendered":"<p>Keynote speaker en 9th World Conference on Educational Sciences Entre el 1 y el 4 de febrero de 2017 particip\u00e9 como\u00a0keynote speaker\u00a0en la 9th World Conference on Educational Sciences (WCES-2017), que tuvo lugar en el Hotel Aston La Scala Convention Center, en la ciudad de Niza (Francia). El \u00a0t\u00edtulo de mi presentaci\u00f3n fue \u00abInformation and &hellip; <\/p>\n<p class=\"link-more\"><a href=\"https:\/\/blog.uclm.es\/manuelroblizo\/de-tinajeros-a-%d0%bd%d0%b0%d1%80%d0%b5%d1%87%d0%b5%d0%bd%d1%81%d0%ba%d0%b8-%d0%b1%d0%b0%d0%bd%d0%b8-acerca-de-mi\/keynote-speaker-en-world-conference-on-educational-sciences\/\" class=\"more-link\">Continuar leyendo<span class=\"screen-reader-text\"> \u00abCongresos\u00bb<\/span><\/a><\/p>\n","protected":false},"author":352,"featured_media":0,"parent":15,"menu_order":2,"comment_status":"closed","ping_status":"closed","template":"","meta":{"footnotes":""},"class_list":["post-40","page","type-page","status-publish","hentry"],"_links":{"self":[{"href":"https:\/\/blog.uclm.es\/manuelroblizo\/wp-json\/wp\/v2\/pages\/40","targetHints":{"allow":["GET"]}}],"collection":[{"href":"https:\/\/blog.uclm.es\/manuelroblizo\/wp-json\/wp\/v2\/pages"}],"about":[{"href":"https:\/\/blog.uclm.es\/manuelroblizo\/wp-json\/wp\/v2\/types\/page"}],"author":[{"embeddable":true,"href":"https:\/\/blog.uclm.es\/manuelroblizo\/wp-json\/wp\/v2\/users\/352"}],"replies":[{"embeddable":true,"href":"https:\/\/blog.uclm.es\/manuelroblizo\/wp-json\/wp\/v2\/comments?post=40"}],"version-history":[{"count":2,"href":"https:\/\/blog.uclm.es\/manuelroblizo\/wp-json\/wp\/v2\/pages\/40\/revisions"}],"predecessor-version":[{"id":473,"href":"https:\/\/blog.uclm.es\/manuelroblizo\/wp-json\/wp\/v2\/pages\/40\/revisions\/473"}],"up":[{"embeddable":true,"href":"https:\/\/blog.uclm.es\/manuelroblizo\/wp-json\/wp\/v2\/pages\/15"}],"wp:attachment":[{"href":"https:\/\/blog.uclm.es\/manuelroblizo\/wp-json\/wp\/v2\/media?parent=40"}],"curies":[{"name":"wp","href":"https:\/\/api.w.org\/{rel}","templated":true}]}}