{"id":15,"date":"2017-06-04T18:19:59","date_gmt":"2017-06-04T17:19:59","guid":{"rendered":"http:\/\/blog.uclm.es\/manuelroblizo\/?page_id=15"},"modified":"2026-03-24T08:59:40","modified_gmt":"2026-03-24T08:59:40","slug":"de-tinajeros-a-%d0%bd%d0%b0%d1%80%d0%b5%d1%87%d0%b5%d0%bd%d1%81%d0%ba%d0%b8-%d0%b1%d0%b0%d0%bd%d0%b8-acerca-de-mi","status":"publish","type":"page","link":"https:\/\/blog.uclm.es\/manuelroblizo\/de-tinajeros-a-%d0%bd%d0%b0%d1%80%d0%b5%d1%87%d0%b5%d0%bd%d1%81%d0%ba%d0%b8-%d0%b1%d0%b0%d0%bd%d0%b8-acerca-de-mi\/","title":{"rendered":"Acerca de m\u00ed"},"content":{"rendered":"<p><img loading=\"lazy\" decoding=\"async\" class=\"alignnone size-full wp-image-16\" src=\"https:\/\/blog.uclm.es\/manuelroblizo\/wp-content\/uploads\/sites\/224\/2017\/06\/perfil-gmail.jpg\" alt=\"\" width=\"140\" height=\"139\" srcset=\"https:\/\/blog.uclm.es\/manuelroblizo\/wp-content\/uploads\/sites\/224\/2017\/06\/perfil-gmail.jpg 140w, https:\/\/blog.uclm.es\/manuelroblizo\/wp-content\/uploads\/sites\/224\/2017\/06\/perfil-gmail-100x100.jpg 100w\" sizes=\"auto, (max-width: 140px) 100vw, 140px\" \/><\/p>\n<p>Nac\u00ed en Albacete, un 20 de octubre de 1962. Soy profesor Titular de Sociolog\u00eda en la Facultad de Educaci\u00f3n de la Universidad de Castilla-La Mancha (Campus de Albacete). Soy Licenciado en Filosof\u00eda por la Universidad de Valencia, Doctor en Ciencias Pol\u00edticas y Sociolog\u00eda por la UNED, y BSc (Honours) Social Sciences with Sociology [Graduado en Ciencias Sociales, con la especialidad de Sociolog\u00eda] por The Open University brit\u00e1nica. Obtuve mi doctorado con la Tesis titulada<em> Transici\u00f3n pol\u00edtica y evoluci\u00f3n del comportamiento electoral en Bulgaria, 1989-1994<\/em>. Soy autor de <em>Bulgaria. Cambio social y transici\u00f3n a la democracia<\/em> (Los Libros de la Catarata, Madrid, 2001), adem\u00e1s de coautor de varios estudios de an\u00e1lisis electoral. He publicado, como autor o coautor, m\u00e1s de medio centenar de art\u00edculos cient\u00edficos en revistas especializadas y cap\u00edtulos en distintos libros. He realizado estancias de investigaci\u00f3n en la Universidad de Harvard, en la Universidad St. Kliment Ohridsky de Sofia (Bulgaria), en el Instituto de Sociolog\u00eda de la Academia B\u00falgara de Ciencias y en el Instituto de Sociolog\u00eda de la Universidad de Oporto. Mi l\u00ednea de investigaci\u00f3n preferente actual est\u00e1 orientada hacia la incidencia de las nuevas tecnolog\u00edas en la educaci\u00f3n y, ocasionalmente, hacia la epistemolog\u00eda de las ciencias sociales. Desde el 6 de abril de 2017 hasta el 18 de junio de 2026 he sido Director del Departamento de Filosof\u00eda, Antropolog\u00eda, Sociolog\u00eda y Est\u00e9tica de la Universidad de Castilla-La Mancha. Soy Acad\u00e9mico de la Academia de Ciencias Sociales y Humanidades de Castilla-La Mancha.<\/p>\n<p>Estoy casado y soy padre de un hijo adoptado\u2026 \u00bfc\u00f3mo no?, \u00a1en Bulgaria! Vivimos en Albacete, aunque tenemos tambi\u00e9n una casita en Vianos que nuestro hijo \u00c1ngel dibuj\u00f3 as\u00ed cuando ten\u00eda 5 a\u00f1os <em>(Chica <\/em>es el nombre de nuestra perreta)<em>.<\/em><\/p>\n<p><img loading=\"lazy\" decoding=\"async\" class=\"alignnone size-medium wp-image-26\" src=\"https:\/\/blog.uclm.es\/manuelroblizo\/wp-content\/uploads\/sites\/224\/2017\/06\/Casa-de-Vianos-paint-225x300.jpg\" alt=\"\" width=\"225\" height=\"300\" srcset=\"https:\/\/blog.uclm.es\/manuelroblizo\/wp-content\/uploads\/sites\/224\/2017\/06\/Casa-de-Vianos-paint-225x300.jpg 225w, https:\/\/blog.uclm.es\/manuelroblizo\/wp-content\/uploads\/sites\/224\/2017\/06\/Casa-de-Vianos-paint.jpg 456w\" sizes=\"auto, (max-width: 225px) 100vw, 225px\" \/><\/p>\n","protected":false},"excerpt":{"rendered":"<p>Nac\u00ed en Albacete, un 20 de octubre de 1962. Soy profesor Titular de Sociolog\u00eda en la Facultad de Educaci\u00f3n de la Universidad de Castilla-La Mancha (Campus de Albacete). Soy Licenciado en Filosof\u00eda por la Universidad de Valencia, Doctor en Ciencias Pol\u00edticas y Sociolog\u00eda por la UNED, y BSc (Honours) Social Sciences with Sociology [Graduado en &hellip; <\/p>\n<p class=\"link-more\"><a href=\"https:\/\/blog.uclm.es\/manuelroblizo\/de-tinajeros-a-%d0%bd%d0%b0%d1%80%d0%b5%d1%87%d0%b5%d0%bd%d1%81%d0%ba%d0%b8-%d0%b1%d0%b0%d0%bd%d0%b8-acerca-de-mi\/\" class=\"more-link\">Continuar leyendo<span class=\"screen-reader-text\"> \u00abAcerca de m\u00ed\u00bb<\/span><\/a><\/p>\n","protected":false},"author":352,"featured_media":0,"parent":0,"menu_order":1,"comment_status":"closed","ping_status":"closed","template":"","meta":{"footnotes":""},"class_list":["post-15","page","type-page","status-publish","hentry"],"_links":{"self":[{"href":"https:\/\/blog.uclm.es\/manuelroblizo\/wp-json\/wp\/v2\/pages\/15","targetHints":{"allow":["GET"]}}],"collection":[{"href":"https:\/\/blog.uclm.es\/manuelroblizo\/wp-json\/wp\/v2\/pages"}],"about":[{"href":"https:\/\/blog.uclm.es\/manuelroblizo\/wp-json\/wp\/v2\/types\/page"}],"author":[{"embeddable":true,"href":"https:\/\/blog.uclm.es\/manuelroblizo\/wp-json\/wp\/v2\/users\/352"}],"replies":[{"embeddable":true,"href":"https:\/\/blog.uclm.es\/manuelroblizo\/wp-json\/wp\/v2\/comments?post=15"}],"version-history":[{"count":5,"href":"https:\/\/blog.uclm.es\/manuelroblizo\/wp-json\/wp\/v2\/pages\/15\/revisions"}],"predecessor-version":[{"id":559,"href":"https:\/\/blog.uclm.es\/manuelroblizo\/wp-json\/wp\/v2\/pages\/15\/revisions\/559"}],"wp:attachment":[{"href":"https:\/\/blog.uclm.es\/manuelroblizo\/wp-json\/wp\/v2\/media?parent=15"}],"curies":[{"name":"wp","href":"https:\/\/api.w.org\/{rel}","templated":true}]}}