{"id":136,"date":"2017-09-02T11:49:56","date_gmt":"2017-09-02T10:49:56","guid":{"rendered":"http:\/\/blog.uclm.es\/manuelroblizo\/?page_id=136"},"modified":"2024-08-30T21:24:40","modified_gmt":"2024-08-30T21:24:40","slug":"libros","status":"publish","type":"page","link":"https:\/\/blog.uclm.es\/manuelroblizo\/libros\/","title":{"rendered":"Libros"},"content":{"rendered":"<p><a href=\"https:\/\/www.catarata.org\/libro\/bulgaria_45553\/\"><em>Bulgaria: cambio social y transici\u00f3n a la democracia<\/em><\/a> (2001)<\/p>\n\n\n<figure class=\"wp-block-image size-full is-resized\"><img loading=\"lazy\" decoding=\"async\" width=\"974\" height=\"1348\" src=\"https:\/\/blog.uclm.es\/manuelroblizo\/wp-content\/uploads\/sites\/224\/2024\/08\/Portada-libro-Bulgaria.jpg\" alt=\"\" class=\"wp-image-539\" style=\"width:259px;height:auto\" srcset=\"https:\/\/blog.uclm.es\/manuelroblizo\/wp-content\/uploads\/sites\/224\/2024\/08\/Portada-libro-Bulgaria.jpg 974w, https:\/\/blog.uclm.es\/manuelroblizo\/wp-content\/uploads\/sites\/224\/2024\/08\/Portada-libro-Bulgaria-217x300.jpg 217w, https:\/\/blog.uclm.es\/manuelroblizo\/wp-content\/uploads\/sites\/224\/2024\/08\/Portada-libro-Bulgaria-740x1024.jpg 740w, https:\/\/blog.uclm.es\/manuelroblizo\/wp-content\/uploads\/sites\/224\/2024\/08\/Portada-libro-Bulgaria-768x1063.jpg 768w\" sizes=\"auto, (max-width: 767px) 89vw, (max-width: 1000px) 54vw, (max-width: 1071px) 543px, 580px\" \/><\/figure>\n\n\n\n<p><\/p>\n\n\n\n<p><\/p>\n\n\n\n<p><\/p>\n\n\n\n<p><\/p>\n\n\n\n<p><\/p>\n\n\n\n<p><a href=\"https:\/\/pandora.dipualba.es\/details.vm?q=id:0000021620&amp;lang=es&amp;view=mono\">Las elecciones de la consolidaci\u00f3n democr\u00e1tica en Castilla-La Mancha: Albacete, 1983-1987<\/a> (1993)<\/p>\n\n\n\n<figure class=\"wp-block-image size-full is-resized\"><a href=\"https:\/\/pandora.dipualba.es\/details.vm?q=id:0000021620&amp;lang=es&amp;view=mono\"><img loading=\"lazy\" decoding=\"async\" width=\"421\" height=\"575\" src=\"https:\/\/blog.uclm.es\/manuelroblizo\/wp-content\/uploads\/sites\/224\/2024\/08\/Captura.png\" alt=\"\" class=\"wp-image-527\" style=\"width:313px;height:auto\" srcset=\"https:\/\/blog.uclm.es\/manuelroblizo\/wp-content\/uploads\/sites\/224\/2024\/08\/Captura.png 421w, https:\/\/blog.uclm.es\/manuelroblizo\/wp-content\/uploads\/sites\/224\/2024\/08\/Captura-220x300.png 220w\" sizes=\"auto, (max-width: 421px) 100vw, 421px\" \/><\/a><\/figure>\n","protected":false},"excerpt":{"rendered":"<p>Bulgaria: cambio social y transici\u00f3n a la democracia (2001) Las elecciones de la consolidaci\u00f3n democr\u00e1tica en Castilla-La Mancha: Albacete, 1983-1987 (1993)<\/p>\n","protected":false},"author":352,"featured_media":0,"parent":0,"menu_order":0,"comment_status":"closed","ping_status":"closed","template":"","meta":{"footnotes":""},"class_list":["post-136","page","type-page","status-publish","hentry"],"_links":{"self":[{"href":"https:\/\/blog.uclm.es\/manuelroblizo\/wp-json\/wp\/v2\/pages\/136","targetHints":{"allow":["GET"]}}],"collection":[{"href":"https:\/\/blog.uclm.es\/manuelroblizo\/wp-json\/wp\/v2\/pages"}],"about":[{"href":"https:\/\/blog.uclm.es\/manuelroblizo\/wp-json\/wp\/v2\/types\/page"}],"author":[{"embeddable":true,"href":"https:\/\/blog.uclm.es\/manuelroblizo\/wp-json\/wp\/v2\/users\/352"}],"replies":[{"embeddable":true,"href":"https:\/\/blog.uclm.es\/manuelroblizo\/wp-json\/wp\/v2\/comments?post=136"}],"version-history":[{"count":12,"href":"https:\/\/blog.uclm.es\/manuelroblizo\/wp-json\/wp\/v2\/pages\/136\/revisions"}],"predecessor-version":[{"id":541,"href":"https:\/\/blog.uclm.es\/manuelroblizo\/wp-json\/wp\/v2\/pages\/136\/revisions\/541"}],"wp:attachment":[{"href":"https:\/\/blog.uclm.es\/manuelroblizo\/wp-json\/wp\/v2\/media?parent=136"}],"curies":[{"name":"wp","href":"https:\/\/api.w.org\/{rel}","templated":true}]}}