{"id":120,"date":"2017-08-31T17:23:10","date_gmt":"2017-08-31T16:23:10","guid":{"rendered":"http:\/\/blog.uclm.es\/manuelroblizo\/?page_id=120"},"modified":"2024-06-15T15:21:27","modified_gmt":"2024-06-15T15:21:27","slug":"actividades-uclm","status":"publish","type":"page","link":"https:\/\/blog.uclm.es\/manuelroblizo\/actividades-uclm\/","title":{"rendered":"Actividades UCLM"},"content":{"rendered":"<h2><a href=\"http:\/\/www.eldiario.es\/clm\/Comunidades-Aprendizaje-funcionan-estadistico-terminos_0_623288510.html\"><strong>Comunidades de aprendizaje &#8211; Entrevista para eldiario.es<\/strong><\/a>\u00a0(19 de marzo de 2017): \u00abLas comunidades de aprendizaje funcionan en lo estad\u00edstico y en t\u00e9rminos humanos\u00bb<\/h2>\n<p><img loading=\"lazy\" decoding=\"async\" class=\"alignnone size-medium wp-image-266\" src=\"https:\/\/blog.uclm.es\/manuelroblizo\/wp-content\/uploads\/sites\/224\/2018\/02\/48bffbc72aad05a9e22d980b21b6c4c5-300x200.jpg\" alt=\"\" width=\"300\" height=\"200\" srcset=\"https:\/\/blog.uclm.es\/manuelroblizo\/wp-content\/uploads\/sites\/224\/2018\/02\/48bffbc72aad05a9e22d980b21b6c4c5-300x200.jpg 300w, https:\/\/blog.uclm.es\/manuelroblizo\/wp-content\/uploads\/sites\/224\/2018\/02\/48bffbc72aad05a9e22d980b21b6c4c5.jpg 500w\" sizes=\"auto, (max-width: 300px) 100vw, 300px\" \/><\/p>\n<h2><strong>Elecciones de Director del Departamento de Filosof\u00eda, Antropolog\u00eda, Sociolog\u00eda y Est\u00e9tica (UCLM)\u00a0<\/strong>(6 de abril de 2017)<\/h2>\n<p>El pasado 6 de abril tuvieron lugar las elecciones de Director del Departamento de Filosof\u00eda, Antropolog\u00eda, Sociolog\u00eda y Est\u00e9tica de la Universidad de Castilla-La Mancha. Obtuve 34 votos, mientras que otros dos excelentes candidatos, Pedro y Javier, tuvieron 13 y 3 respectivamente, y hubo un voto en blanco.\u00a0 Puedes ver el programa electoral <a href=\"https:\/\/blog.uclm.es\/manuelroblizo\/wp-content\/uploads\/sites\/224\/2017\/08\/Programa-electoral-30-de-marzo.pdf\">aqu\u00ed<\/a>. El resultado electoral es bueno, pero creo que fue as\u00ed porque los compa\u00f1eros quisieron expresar su apoyo, m\u00e1s que al candidato a Director como tal, al equipo que qued\u00f3 conformado adem\u00e1s con Lola Gonz\u00e1lez Guardiola como subdirectora e Isabel Colmenero Herreros como Secretaria.<\/p>\n<p><img loading=\"lazy\" decoding=\"async\" class=\"alignnone size-medium wp-image-178\" src=\"https:\/\/blog.uclm.es\/manuelroblizo\/wp-content\/uploads\/sites\/224\/2017\/09\/IMG-20170406-WA0010-300x169.jpg\" alt=\"\" width=\"300\" height=\"169\" srcset=\"https:\/\/blog.uclm.es\/manuelroblizo\/wp-content\/uploads\/sites\/224\/2017\/09\/IMG-20170406-WA0010-300x169.jpg 300w, https:\/\/blog.uclm.es\/manuelroblizo\/wp-content\/uploads\/sites\/224\/2017\/09\/IMG-20170406-WA0010-1024x576.jpg 1024w, https:\/\/blog.uclm.es\/manuelroblizo\/wp-content\/uploads\/sites\/224\/2017\/09\/IMG-20170406-WA0010-768x432.jpg 768w, https:\/\/blog.uclm.es\/manuelroblizo\/wp-content\/uploads\/sites\/224\/2017\/09\/IMG-20170406-WA0010-1536x864.jpg 1536w, https:\/\/blog.uclm.es\/manuelroblizo\/wp-content\/uploads\/sites\/224\/2017\/09\/IMG-20170406-WA0010.jpg 1600w\" sizes=\"auto, (max-width: 300px) 100vw, 300px\" \/><\/p>\n<p>En la foto de perfil de nuestro grupo de <em>whatsapp\u00a0<\/em>puse una imagen con la frase \u00abRodearse de buena gente es un buen plan\u00bb. \u00a1Me encantar\u00e1 trabajar con Lola e Isabel estos cuatro a\u00f1os! Me siento muy afortunado, y les agradezco inmensamente que hayan querido compartir conmigo esta peque\u00f1a gran aventura de la Direcci\u00f3n de nuestro Departamento&#8230;<\/p>\n\n\n<h2 class=\"wp-block-heading\"><strong>Equipos de Direcci\u00f3n del Departamento, despu\u00e9s de las elecciones de abril de 2021<\/strong><\/h2>\n\n\n\n<p>En abril de 2021 se celebraron de nuevo elecciones a Director del Departamento de Filosof\u00eda, Antropolog\u00eda, Sociolog\u00eda y Est\u00e9tica. Tras ellas, el equipo de direcci\u00f3n qued\u00f3 integrado por Lola Gonz\u00e1lez Guardiola como Subdirectora y Ruth Sanjuan como Secretaria, junto a m\u00ed como Director. El aporte de ambas en dedicaci\u00f3n, eficacia y -por \u00faltimo pero no menos importante- bondad ha sido b\u00e1sico para el buen funcionamiento de nuestro Departamento, y tambi\u00e9n para hacer gratas las tareas que conlleva su Direcci\u00f3n. \u00a1Gracias!<\/p>\n\n\n\n<figure class=\"wp-block-gallery has-nested-images columns-default is-cropped wp-block-gallery-1 is-layout-flex wp-block-gallery-is-layout-flex\">\n<figure class=\"wp-block-image size-full\"><img loading=\"lazy\" decoding=\"async\" width=\"288\" height=\"169\" data-id=\"370\" src=\"https:\/\/blog.uclm.es\/manuelroblizo\/wp-content\/uploads\/sites\/224\/2022\/06\/Captura-de-pantalla-Lola-y-Ruth-recortada.png\" alt=\"\" class=\"wp-image-370\" \/><figcaption class=\"wp-element-caption\">Ruth Sanjuan, Secretaria del Departamento, <br>y Lola Gonz\u00e1lez Guardiola, Subdirectora.<\/figcaption><\/figure>\n<\/figure>\n\n\n\n<p><\/p>\n\n\n\n<p>Tras la designaci\u00f3n de Ruth como Vicedecana de Estudiantes en la Facultad de Bellas Artes de Cuenca, se incorpor\u00f3 al equipo de direcci\u00f3n Inmaculada Herranz como Secretaria. El agradecimiento de Lola y m\u00edo por la eficacia de su gesti\u00f3n y el buen ambiente que transmite es inmenso. Ha sido todo un privilegio haber podido contar con ellas, y tambi\u00e9n con las que les precedieron, en este recorrido que ha supuesto la direcci\u00f3n del Departamento. <\/p>\n\n\n\n<figure class=\"wp-block-image size-large\"><img loading=\"lazy\" decoding=\"async\" width=\"1024\" height=\"567\" src=\"https:\/\/blog.uclm.es\/manuelroblizo\/wp-content\/uploads\/sites\/224\/2024\/05\/Con-Lola-e-Inma-1024x567.jpg\" alt=\"\" class=\"wp-image-458\" srcset=\"https:\/\/blog.uclm.es\/manuelroblizo\/wp-content\/uploads\/sites\/224\/2024\/05\/Con-Lola-e-Inma-1024x567.jpg 1024w, https:\/\/blog.uclm.es\/manuelroblizo\/wp-content\/uploads\/sites\/224\/2024\/05\/Con-Lola-e-Inma-300x166.jpg 300w, https:\/\/blog.uclm.es\/manuelroblizo\/wp-content\/uploads\/sites\/224\/2024\/05\/Con-Lola-e-Inma-768x425.jpg 768w, https:\/\/blog.uclm.es\/manuelroblizo\/wp-content\/uploads\/sites\/224\/2024\/05\/Con-Lola-e-Inma-1536x850.jpg 1536w, https:\/\/blog.uclm.es\/manuelroblizo\/wp-content\/uploads\/sites\/224\/2024\/05\/Con-Lola-e-Inma-2048x1133.jpg 2048w\" sizes=\"auto, (max-width: 767px) 89vw, (max-width: 1000px) 54vw, (max-width: 1071px) 543px, 580px\" \/><\/figure>\n\n\n\n<p>Rodearse de buena gente es un buen plan<\/p>\n\n\n\n<p><\/p>\n\n\n\n<h2 class=\"wp-block-heading\"><strong>Nuestros Consejos de Departamento<\/strong><\/h2>\n\n\n\n<p>Los Consejos de Departamento son los \u00f3rganos de representaci\u00f3n de los distintos sectores que lo integran. Nos reunimos todos los cursos, al menos, una vez de manera presencial, cada vez en un Campus distinto; de esa manera, a la vez que atendemos nuestras obligaciones administrativas e institucionales, tenemos un momento de encuentro entre los compa\u00f1eros.<\/p>\n\n\n\n<figure class=\"wp-block-image size-large\"><img loading=\"lazy\" decoding=\"async\" width=\"1024\" height=\"748\" src=\"https:\/\/blog.uclm.es\/manuelroblizo\/wp-content\/uploads\/sites\/224\/2024\/05\/Consejo-5-de-junio-de-2023-1024x748.jpg\" alt=\"\" class=\"wp-image-489\" srcset=\"https:\/\/blog.uclm.es\/manuelroblizo\/wp-content\/uploads\/sites\/224\/2024\/05\/Consejo-5-de-junio-de-2023-1024x748.jpg 1024w, https:\/\/blog.uclm.es\/manuelroblizo\/wp-content\/uploads\/sites\/224\/2024\/05\/Consejo-5-de-junio-de-2023-300x219.jpg 300w, https:\/\/blog.uclm.es\/manuelroblizo\/wp-content\/uploads\/sites\/224\/2024\/05\/Consejo-5-de-junio-de-2023-768x561.jpg 768w, https:\/\/blog.uclm.es\/manuelroblizo\/wp-content\/uploads\/sites\/224\/2024\/05\/Consejo-5-de-junio-de-2023-1536x1122.jpg 1536w, https:\/\/blog.uclm.es\/manuelroblizo\/wp-content\/uploads\/sites\/224\/2024\/05\/Consejo-5-de-junio-de-2023.jpg 1577w\" sizes=\"auto, (max-width: 767px) 89vw, (max-width: 1000px) 54vw, (max-width: 1071px) 543px, 580px\" \/><figcaption class=\"wp-element-caption\">Tomando un vino despu\u00e9s del Consejo que celebramos en Albacete el 5 de junio de 2023.<\/figcaption><\/figure>\n\n\n<div class=\"wp-block-image\">\n<figure class=\"aligncenter size-full is-resized\"><img loading=\"lazy\" decoding=\"async\" width=\"1024\" height=\"768\" src=\"https:\/\/blog.uclm.es\/manuelroblizo\/wp-content\/uploads\/sites\/224\/2024\/05\/image-1.png\" alt=\"\" class=\"wp-image-490\" style=\"width:335px;height:auto\" srcset=\"https:\/\/blog.uclm.es\/manuelroblizo\/wp-content\/uploads\/sites\/224\/2024\/05\/image-1.png 1024w, https:\/\/blog.uclm.es\/manuelroblizo\/wp-content\/uploads\/sites\/224\/2024\/05\/image-1-300x225.png 300w, https:\/\/blog.uclm.es\/manuelroblizo\/wp-content\/uploads\/sites\/224\/2024\/05\/image-1-768x576.png 768w\" sizes=\"auto, (max-width: 767px) 89vw, (max-width: 1000px) 54vw, (max-width: 1071px) 543px, 580px\" \/><figcaption class=\"wp-element-caption\">Nuestra compa\u00f1era Mar\u00eda Luisa de la C\u00e1mara, recientemente jubilada, <br>recibi\u00f3 una placa de reconocimiento en Albacete, despu\u00e9s de la celebraci\u00f3n del Consejo.<\/figcaption><\/figure>\n<\/div>\n\n\n<figure class=\"wp-block-image size-large\"><img loading=\"lazy\" decoding=\"async\" width=\"1024\" height=\"597\" src=\"https:\/\/blog.uclm.es\/manuelroblizo\/wp-content\/uploads\/sites\/224\/2024\/06\/Consejo-4-de-junio-Ciudad-Real-1024x597.jpg\" alt=\"\" class=\"wp-image-506\" srcset=\"https:\/\/blog.uclm.es\/manuelroblizo\/wp-content\/uploads\/sites\/224\/2024\/06\/Consejo-4-de-junio-Ciudad-Real-1024x597.jpg 1024w, https:\/\/blog.uclm.es\/manuelroblizo\/wp-content\/uploads\/sites\/224\/2024\/06\/Consejo-4-de-junio-Ciudad-Real-300x175.jpg 300w, https:\/\/blog.uclm.es\/manuelroblizo\/wp-content\/uploads\/sites\/224\/2024\/06\/Consejo-4-de-junio-Ciudad-Real-768x448.jpg 768w, https:\/\/blog.uclm.es\/manuelroblizo\/wp-content\/uploads\/sites\/224\/2024\/06\/Consejo-4-de-junio-Ciudad-Real-1536x896.jpg 1536w, https:\/\/blog.uclm.es\/manuelroblizo\/wp-content\/uploads\/sites\/224\/2024\/06\/Consejo-4-de-junio-Ciudad-Real-2048x1194.jpg 2048w\" sizes=\"auto, (max-width: 767px) 89vw, (max-width: 1000px) 54vw, (max-width: 1071px) 543px, 580px\" \/><figcaption class=\"wp-element-caption\"><em>Foto de familia<\/em> del Consejo de Departamento que celebramos el 4 de junio de 2024 en Ciudad Real.<\/figcaption><\/figure>\n","protected":false},"excerpt":{"rendered":"<p>Comunidades de aprendizaje &#8211; Entrevista para eldiario.es\u00a0(19 de marzo de 2017): \u00abLas comunidades de aprendizaje funcionan en lo estad\u00edstico y en t\u00e9rminos humanos\u00bb Elecciones de Director del Departamento de Filosof\u00eda, Antropolog\u00eda, Sociolog\u00eda y Est\u00e9tica (UCLM)\u00a0(6 de abril de 2017) El pasado 6 de abril tuvieron lugar las elecciones de Director del Departamento de Filosof\u00eda, Antropolog\u00eda, &hellip; <\/p>\n<p class=\"link-more\"><a href=\"https:\/\/blog.uclm.es\/manuelroblizo\/actividades-uclm\/\" class=\"more-link\">Continuar leyendo<span class=\"screen-reader-text\"> \u00abActividades UCLM\u00bb<\/span><\/a><\/p>\n","protected":false},"author":352,"featured_media":0,"parent":0,"menu_order":0,"comment_status":"closed","ping_status":"closed","template":"","meta":{"footnotes":""},"class_list":["post-120","page","type-page","status-publish","hentry"],"_links":{"self":[{"href":"https:\/\/blog.uclm.es\/manuelroblizo\/wp-json\/wp\/v2\/pages\/120","targetHints":{"allow":["GET"]}}],"collection":[{"href":"https:\/\/blog.uclm.es\/manuelroblizo\/wp-json\/wp\/v2\/pages"}],"about":[{"href":"https:\/\/blog.uclm.es\/manuelroblizo\/wp-json\/wp\/v2\/types\/page"}],"author":[{"embeddable":true,"href":"https:\/\/blog.uclm.es\/manuelroblizo\/wp-json\/wp\/v2\/users\/352"}],"replies":[{"embeddable":true,"href":"https:\/\/blog.uclm.es\/manuelroblizo\/wp-json\/wp\/v2\/comments?post=120"}],"version-history":[{"count":5,"href":"https:\/\/blog.uclm.es\/manuelroblizo\/wp-json\/wp\/v2\/pages\/120\/revisions"}],"predecessor-version":[{"id":507,"href":"https:\/\/blog.uclm.es\/manuelroblizo\/wp-json\/wp\/v2\/pages\/120\/revisions\/507"}],"wp:attachment":[{"href":"https:\/\/blog.uclm.es\/manuelroblizo\/wp-json\/wp\/v2\/media?parent=120"}],"curies":[{"name":"wp","href":"https:\/\/api.w.org\/{rel}","templated":true}]}}