{"id":115,"date":"2017-08-31T17:18:09","date_gmt":"2017-08-31T16:18:09","guid":{"rendered":"http:\/\/blog.uclm.es\/manuelroblizo\/?page_id=115"},"modified":"2026-03-21T16:46:22","modified_gmt":"2026-03-21T16:46:22","slug":"usos-y-competencias-en-tic-en-los-futuros-maestros-de-educacion-infantil-y-primaria-hacia-una-alfabetizacion-real-para-docentes","status":"publish","type":"page","link":"https:\/\/blog.uclm.es\/manuelroblizo\/usos-y-competencias-en-tic-en-los-futuros-maestros-de-educacion-infantil-y-primaria-hacia-una-alfabetizacion-real-para-docentes\/","title":{"rendered":"Nacionales"},"content":{"rendered":"<p><a href=\"https:\/\/www.fundacionsistema.com\/revista-sistema\/revista-sistema-num-165\/las-aportaciones-teoricas-acerca-de-las-transiciones-a-la-democracia-utilidad-y-limitaciones-en-el-este-de-europa\/\">Las aportaciones te\u00f3ricas acerca de las transiciones a la democracia. Utilidad y limitaciones en el Este de Europa<\/a> (2001)<\/p>\n<p><img loading=\"lazy\" decoding=\"async\" class=\"alignnone size-medium wp-image-249\" src=\"https:\/\/blog.uclm.es\/manuelroblizo\/wp-content\/uploads\/sites\/224\/2018\/02\/IMG_20180201_131527-003-225x300.jpg\" alt=\"\" width=\"225\" height=\"300\" srcset=\"https:\/\/blog.uclm.es\/manuelroblizo\/wp-content\/uploads\/sites\/224\/2018\/02\/IMG_20180201_131527-003-225x300.jpg 225w, https:\/\/blog.uclm.es\/manuelroblizo\/wp-content\/uploads\/sites\/224\/2018\/02\/IMG_20180201_131527-003-768x1024.jpg 768w, https:\/\/blog.uclm.es\/manuelroblizo\/wp-content\/uploads\/sites\/224\/2018\/02\/IMG_20180201_131527-003-1152x1536.jpg 1152w, https:\/\/blog.uclm.es\/manuelroblizo\/wp-content\/uploads\/sites\/224\/2018\/02\/IMG_20180201_131527-003-1536x2048.jpg 1536w, https:\/\/blog.uclm.es\/manuelroblizo\/wp-content\/uploads\/sites\/224\/2018\/02\/IMG_20180201_131527-003-scaled.jpg 1920w\" sizes=\"auto, (max-width: 225px) 100vw, 225px\" \/><\/p>\n<p><a href=\"http:\/\/papers.uab.cat\/article\/view\/v97-n4-roblizo\">Las elecciones democr\u00e1ticas de \u00e1mbito nacional durante veinte a\u00f1os de vida postcomunista en Bulgaria. Actitudes y percepciones acerca del cambio<\/a> (2012)<\/p>\n<p><img loading=\"lazy\" decoding=\"async\" class=\"alignnone size-medium wp-image-250\" src=\"https:\/\/blog.uclm.es\/manuelroblizo\/wp-content\/uploads\/sites\/224\/2018\/02\/pageHeaderTitleImage_es_ES-300x47.jpg\" alt=\"\" width=\"300\" height=\"47\" srcset=\"https:\/\/blog.uclm.es\/manuelroblizo\/wp-content\/uploads\/sites\/224\/2018\/02\/pageHeaderTitleImage_es_ES-300x47.jpg 300w, https:\/\/blog.uclm.es\/manuelroblizo\/wp-content\/uploads\/sites\/224\/2018\/02\/pageHeaderTitleImage_es_ES.jpg 640w\" sizes=\"auto, (max-width: 300px) 100vw, 300px\" \/><\/p>\n<p><a href=\"http:\/\/www.redalyc.org\/pdf\/567\/56729527012.pdf\">Pr\u00e1cticas docentes y percepciones discentes en la implementaci\u00f3n de la metodolog\u00eda ECTS en la titulaci\u00f3n de Grado de Maestro en Educaci\u00f3n Infantil<\/a> (2013)<\/p>\n<p><img loading=\"lazy\" decoding=\"async\" class=\"alignnone size-medium wp-image-255\" src=\"https:\/\/blog.uclm.es\/manuelroblizo\/wp-content\/uploads\/sites\/224\/2018\/02\/homeHeaderTitleImage_es_ES-300x61.jpg\" alt=\"\" width=\"300\" height=\"61\" srcset=\"https:\/\/blog.uclm.es\/manuelroblizo\/wp-content\/uploads\/sites\/224\/2018\/02\/homeHeaderTitleImage_es_ES-300x61.jpg 300w, https:\/\/blog.uclm.es\/manuelroblizo\/wp-content\/uploads\/sites\/224\/2018\/02\/homeHeaderTitleImage_es_ES-768x157.jpg 768w, https:\/\/blog.uclm.es\/manuelroblizo\/wp-content\/uploads\/sites\/224\/2018\/02\/homeHeaderTitleImage_es_ES.jpg 892w\" sizes=\"auto, (max-width: 300px) 100vw, 300px\" \/><\/p>\n<p><a href=\"http:\/\/acdc.sav.us.es\/ojs\/index.php\/pixelbit\/article\/view\/225\">Usos y competencias en TIC en los futuros maestros de Educaci\u00f3n Infantil y Primaria: hacia una alfabetizaci\u00f3n real para docentes<\/a> (2015)<\/p>\n<p><img loading=\"lazy\" decoding=\"async\" class=\"alignnone size-medium wp-image-245\" src=\"https:\/\/blog.uclm.es\/manuelroblizo\/wp-content\/uploads\/sites\/224\/2018\/01\/pixel-300x60.png\" alt=\"\" width=\"300\" height=\"60\" srcset=\"https:\/\/blog.uclm.es\/manuelroblizo\/wp-content\/uploads\/sites\/224\/2018\/01\/pixel-300x60.png 300w, https:\/\/blog.uclm.es\/manuelroblizo\/wp-content\/uploads\/sites\/224\/2018\/01\/pixel.png 750w\" sizes=\"auto, (max-width: 300px) 100vw, 300px\" \/><\/p>\n<p><a href=\"http:\/\/www.isdfundacion.org\/publicaciones\/revista\/numeros\/15\/secciones\/tematica\/t_08_competencia-digital.html\">El reto de la competencia digital en los futuros docentes de Infantil, Primaria y Secundaria: los estudiantes de Grado y M\u00e1ster de Educaci\u00f3n ante las TIC<\/a> (2016)<\/p>\n<p><img loading=\"lazy\" decoding=\"async\" class=\"alignnone size-full wp-image-254\" src=\"https:\/\/blog.uclm.es\/manuelroblizo\/wp-content\/uploads\/sites\/224\/2018\/02\/logo-prisma-social.gif\" alt=\"\" width=\"144\" height=\"90\" \/><\/p>\n<p><a href=\"https:\/\/polipapers.upv.es\/index.php\/REDU\/article\/view\/9141\/10949\">Entorno Virtual de Aprendizaje (EVA) como herramienta did\u00e1ctica para la docencia de Sociolog\u00eda de la Educaci\u00f3n con metodolog\u00eda CLIL (2018)<\/a><\/p>\n<p><img loading=\"lazy\" decoding=\"async\" class=\"alignnone  wp-image-344\" src=\"https:\/\/blog.uclm.es\/manuelroblizo\/wp-content\/uploads\/sites\/224\/2019\/06\/REDU-1.png\" alt=\"\" width=\"165\" height=\"111\" \/><\/p>\n<p class=\"page_title\"><a href=\"https:\/\/revistas.um.es\/reifop\/article\/view\/636831\">Competencia Digital Docente en la era de las herramientas tecnol\u00f3gicas. An\u00e1lisis desde la autopercepci\u00f3n de los docentes en formaci\u00f3n (2026)<\/a><\/p>\n\n\n<p><\/p>\n\n\n\n<figure class=\"wp-block-image size-full is-resized\"><img loading=\"lazy\" decoding=\"async\" width=\"600\" height=\"849\" src=\"https:\/\/blog.uclm.es\/manuelroblizo\/wp-content\/uploads\/sites\/224\/2026\/03\/reifop-1.png\" alt=\"\" class=\"wp-image-557\" style=\"aspect-ratio:0.7067346579919114;width:149px;height:auto\" srcset=\"https:\/\/blog.uclm.es\/manuelroblizo\/wp-content\/uploads\/sites\/224\/2026\/03\/reifop-1.png 600w, https:\/\/blog.uclm.es\/manuelroblizo\/wp-content\/uploads\/sites\/224\/2026\/03\/reifop-1-212x300.png 212w\" sizes=\"auto, (max-width: 600px) 100vw, 600px\" \/><\/figure>\n\n\n\n<p><\/p>\n","protected":false},"excerpt":{"rendered":"<p>Las aportaciones te\u00f3ricas acerca de las transiciones a la democracia. Utilidad y limitaciones en el Este de Europa (2001) Las elecciones democr\u00e1ticas de \u00e1mbito nacional durante veinte a\u00f1os de vida postcomunista en Bulgaria. Actitudes y percepciones acerca del cambio (2012) Pr\u00e1cticas docentes y percepciones discentes en la implementaci\u00f3n de la metodolog\u00eda ECTS en la titulaci\u00f3n &hellip; <\/p>\n<p class=\"link-more\"><a href=\"https:\/\/blog.uclm.es\/manuelroblizo\/usos-y-competencias-en-tic-en-los-futuros-maestros-de-educacion-infantil-y-primaria-hacia-una-alfabetizacion-real-para-docentes\/\" class=\"more-link\">Continuar leyendo<span class=\"screen-reader-text\"> \u00abNacionales\u00bb<\/span><\/a><\/p>\n","protected":false},"author":352,"featured_media":0,"parent":0,"menu_order":0,"comment_status":"closed","ping_status":"closed","template":"","meta":{"footnotes":""},"class_list":["post-115","page","type-page","status-publish","hentry"],"_links":{"self":[{"href":"https:\/\/blog.uclm.es\/manuelroblizo\/wp-json\/wp\/v2\/pages\/115","targetHints":{"allow":["GET"]}}],"collection":[{"href":"https:\/\/blog.uclm.es\/manuelroblizo\/wp-json\/wp\/v2\/pages"}],"about":[{"href":"https:\/\/blog.uclm.es\/manuelroblizo\/wp-json\/wp\/v2\/types\/page"}],"author":[{"embeddable":true,"href":"https:\/\/blog.uclm.es\/manuelroblizo\/wp-json\/wp\/v2\/users\/352"}],"replies":[{"embeddable":true,"href":"https:\/\/blog.uclm.es\/manuelroblizo\/wp-json\/wp\/v2\/comments?post=115"}],"version-history":[{"count":2,"href":"https:\/\/blog.uclm.es\/manuelroblizo\/wp-json\/wp\/v2\/pages\/115\/revisions"}],"predecessor-version":[{"id":558,"href":"https:\/\/blog.uclm.es\/manuelroblizo\/wp-json\/wp\/v2\/pages\/115\/revisions\/558"}],"wp:attachment":[{"href":"https:\/\/blog.uclm.es\/manuelroblizo\/wp-json\/wp\/v2\/media?parent=115"}],"curies":[{"name":"wp","href":"https:\/\/api.w.org\/{rel}","templated":true}]}}