{"id":4,"date":"2016-04-21T15:45:32","date_gmt":"2016-04-21T14:45:32","guid":{"rendered":"http:\/\/blog.uclm.es\/miguelredondo\/?page_id=4"},"modified":"2025-01-16T09:47:15","modified_gmt":"2025-01-16T09:47:15","slug":"presentacion-2","status":"publish","type":"page","link":"https:\/\/blog.uclm.es\/manuelortega\/","title":{"rendered":"Presentaci\u00f3n"},"content":{"rendered":"<p><a href=\"https:\/\/blog.uclm.es\/manuelortega\/wp-content\/uploads\/sites\/197\/2021\/09\/Foto-el-28-9-21-a-las-15.49-3.jpg\"><img loading=\"lazy\" decoding=\"async\" class=\"size-medium wp-image-1871 alignleft\" src=\"https:\/\/blog.uclm.es\/manuelortega\/wp-content\/uploads\/sites\/197\/2021\/09\/Foto-el-28-9-21-a-las-15.49-3-300x200.jpg\" alt=\"\" width=\"300\" height=\"200\" srcset=\"https:\/\/blog.uclm.es\/manuelortega\/wp-content\/uploads\/sites\/197\/2021\/09\/Foto-el-28-9-21-a-las-15.49-3-300x200.jpg 300w, https:\/\/blog.uclm.es\/manuelortega\/wp-content\/uploads\/sites\/197\/2021\/09\/Foto-el-28-9-21-a-las-15.49-3-1024x683.jpg 1024w, https:\/\/blog.uclm.es\/manuelortega\/wp-content\/uploads\/sites\/197\/2021\/09\/Foto-el-28-9-21-a-las-15.49-3-768x512.jpg 768w, https:\/\/blog.uclm.es\/manuelortega\/wp-content\/uploads\/sites\/197\/2021\/09\/Foto-el-28-9-21-a-las-15.49-3-624x416.jpg 624w, https:\/\/blog.uclm.es\/manuelortega\/wp-content\/uploads\/sites\/197\/2021\/09\/Foto-el-28-9-21-a-las-15.49-3.jpg 1080w\" sizes=\"auto, (max-width: 300px) 100vw, 300px\" \/><\/a>Esta es la p\u00e1gina personal en la UCLM de <strong>Manuel Ortega Cantero<\/strong>. Soy padre de Manuel (1989), que estudi\u00f3 Ingenier\u00eda Superior en Inform\u00e1tica, de Marina (1995), que realiz\u00f3 el Grado y el M\u00e1ster en Traducci\u00f3n e Interpretaci\u00f3n y de Javier (1996), con Grado en Ingenier\u00eda Mec\u00e1nica y M\u00e1ster en Ingenier\u00eda Industrial.<\/p>\n<p>Actualmente soy Catedr\u00e1tico de Universidad del\u00a0<a href=\"https:\/\/www.uclm.es\/departamentos\/dtsi\">Departamento de Tecnolog\u00edas y Sistemas de Informaci\u00f3n<\/a>\u00a0de la\u00a0<a href=\"http:\/\/www.uclm.es\/\" target=\"_top\" rel=\"noopener noreferrer\">Universidad de Castilla &#8211; La Mancha<\/a>, e imparto clases en la\u00a0<a href=\"http:\/\/www.inf-cr.uclm.es\/\" target=\"_top\" rel=\"noopener noreferrer\">Escuela Superior de Inform\u00e1tica (Ciudad Real)<\/a><\/p>\n<p>En este espacio\u00a0puedes encontrar informaci\u00f3n sobre mi\u00a0actividad docente e investigadora,\u00a0as\u00ed como sobre mi trayectoria profesional.<\/p>\n<h3><\/h3>\n","protected":false},"excerpt":{"rendered":"<p>Esta es la p\u00e1gina personal en la UCLM de Manuel Ortega Cantero. Soy padre de Manuel (1989), que estudi\u00f3 Ingenier\u00eda Superior en Inform\u00e1tica, de Marina (1995), que realiz\u00f3 el Grado y el M\u00e1ster en Traducci\u00f3n e Interpretaci\u00f3n y de Javier (1996), con Grado en Ingenier\u00eda Mec\u00e1nica y M\u00e1ster en Ingenier\u00eda Industrial. Actualmente soy Catedr\u00e1tico de [&hellip;]<\/p>\n","protected":false},"author":57,"featured_media":0,"parent":0,"menu_order":0,"comment_status":"closed","ping_status":"closed","template":"","meta":{"footnotes":""},"class_list":["post-4","page","type-page","status-publish","hentry"],"_links":{"self":[{"href":"https:\/\/blog.uclm.es\/manuelortega\/wp-json\/wp\/v2\/pages\/4","targetHints":{"allow":["GET"]}}],"collection":[{"href":"https:\/\/blog.uclm.es\/manuelortega\/wp-json\/wp\/v2\/pages"}],"about":[{"href":"https:\/\/blog.uclm.es\/manuelortega\/wp-json\/wp\/v2\/types\/page"}],"author":[{"embeddable":true,"href":"https:\/\/blog.uclm.es\/manuelortega\/wp-json\/wp\/v2\/users\/57"}],"replies":[{"embeddable":true,"href":"https:\/\/blog.uclm.es\/manuelortega\/wp-json\/wp\/v2\/comments?post=4"}],"version-history":[{"count":1,"href":"https:\/\/blog.uclm.es\/manuelortega\/wp-json\/wp\/v2\/pages\/4\/revisions"}],"predecessor-version":[{"id":1970,"href":"https:\/\/blog.uclm.es\/manuelortega\/wp-json\/wp\/v2\/pages\/4\/revisions\/1970"}],"wp:attachment":[{"href":"https:\/\/blog.uclm.es\/manuelortega\/wp-json\/wp\/v2\/media?parent=4"}],"curies":[{"name":"wp","href":"https:\/\/api.w.org\/{rel}","templated":true}]}}