{"id":1967,"date":"2025-01-16T09:44:20","date_gmt":"2025-01-16T09:44:20","guid":{"rendered":"https:\/\/blog.uclm.es\/manuelortega\/?page_id=1967"},"modified":"2025-01-16T09:44:20","modified_gmt":"2025-01-16T09:44:20","slug":"electronics","status":"publish","type":"page","link":"https:\/\/blog.uclm.es\/manuelortega\/electronics\/","title":{"rendered":"Electronics"},"content":{"rendered":"\n<p><strong>&nbsp;&nbsp;&nbsp;&nbsp;&nbsp;&nbsp;&nbsp;&nbsp;&nbsp;&nbsp;&nbsp;&nbsp;&nbsp;&nbsp;&nbsp;&nbsp;&nbsp;&nbsp;&nbsp;&nbsp;&nbsp;&nbsp;&nbsp;&nbsp;&nbsp;&nbsp;&nbsp;&nbsp;&nbsp;&nbsp;&nbsp;&nbsp;&nbsp;&nbsp;&nbsp;&nbsp;&nbsp;&nbsp;&nbsp;&nbsp;&nbsp;&nbsp;Datos bibliogr\u00e1ficos<\/strong><\/p>\n\n\n\n<figure class=\"wp-block-table\"><table class=\"has-fixed-layout\"><tbody><tr><td><strong>Autor\/es<\/strong><\/td><td>Manuel Ortega Cantero<\/td><\/tr><\/tbody><\/table><\/figure>\n\n\n\n<figure class=\"wp-block-table\"><table class=\"has-fixed-layout\"><tbody><tr><td><strong>N\u00famero de Autores<\/strong><\/td><td>1<\/td><td><strong>Posici\u00f3n que ocupa el solicitante entre ellos<\/strong><em><\/em><\/td><td>1<\/td><\/tr><\/tbody><\/table><\/figure>\n\n\n\n<figure class=\"wp-block-table\"><table class=\"has-fixed-layout\"><tbody><tr><td><strong>En autor\u00eda m\u00faltiple:<\/strong><a href=\"https:\/\/credit.niso.org\/\"><strong>Taxonom\u00eda Credit<\/strong><\/a><strong><\/strong><strong>(Contributor Roles Taxonomy)<\/strong><strong><\/strong><strong>&nbsp;<\/strong><\/td><td><em>&nbsp;<\/em><em>El autor debe especificar su contribuci\u00f3n de acuerdo con esta taxonom\u00eda<\/em><em><\/em><\/td><\/tr><\/tbody><\/table><\/figure>\n\n\n\n<figure class=\"wp-block-table\"><table class=\"has-fixed-layout\"><tbody><tr><td><strong>T\u00edtulo de la revista y a\u00f1o<\/strong><\/td><td>Electronics, 2021<\/td><\/tr><tr><td><strong>Referencia del art\u00edculo<\/strong><\/td><td>Computer-Human Interaction and Collaboration: Challenges and Prospects<\/td><\/tr><tr><td><strong>DOI\/Enlace<\/strong><\/td><td>https:\/\/doi.org\/10.3390\/electronics10050616<\/td><\/tr><tr><td><strong>Editorial<\/strong><\/td><td>MDPI<\/td><\/tr><tr><td><strong>ISSN<\/strong><\/td><td>2079-9292<\/td><\/tr><\/tbody><\/table><\/figure>\n\n\n\n<ul class=\"wp-block-list\">\n<li><strong>Evidencias a nivel de aportaci\u00f3n<\/strong><\/li>\n<\/ul>\n\n\n\n<figure class=\"wp-block-table\"><table class=\"has-fixed-layout\"><tbody><tr><td colspan=\"2\"><strong>CITAS, USO, LECTURA, INFLUENCIA Y VISIBILIDAD SOCIAL<\/strong><\/td><\/tr><tr><td><a href=\"https:\/\/app.dimensions.ai\/discover\/publication\">Dimensions<\/a>&nbsp;(FCR)(Altmetrics?)<strong><\/strong><\/td><td><a href=\"https:\/\/app.dimensions.ai\/details\/publication\/pub.1136221303?search_mode=content&amp;search_text=10.3390%2Felectronics10050616&amp;search_type=kws&amp;search_field=doi\">5 Citations<\/a><a href=\"https:\/\/app.dimensions.ai\/details\/publication\/pub.1136221303?search_mode=content&amp;search_text=10.3390%2Felectronics10050616&amp;search_type=kws&amp;search_field=doi\">2 Recent citations<\/a><a href=\"https:\/\/app.dimensions.ai\/details\/publication\/pub.1136221303?search_mode=content&amp;search_text=10.3390%2Felectronics10050616&amp;search_type=kws&amp;search_field=doi\">1.57 Field Citation Ratio<\/a><\/td><\/tr><tr><td><a href=\"https:\/\/scholar.google.es\/\">Google Scholar<\/a><strong><\/strong><\/td><td><a href=\"https:\/\/scholar.google.com.mx\/scholar?cites=17455707759970795860&amp;as_sdt=2005&amp;sciodt=0,5&amp;hl=es\">10 citas<\/a><\/td><\/tr><tr><td><a href=\"https:\/\/opencitations.net\/\">Opencitations<\/a><strong><\/strong><\/td><td><a href=\"https:\/\/opencitations.net\/index\/search?text=10.3390%2Felectronics10050616&amp;rule=citeddoi\">4 citas<\/a><\/td><\/tr><tr><td><a href=\"https:\/\/www.lens.org\/lens\/scholar\/article\/155-513-141-331-183\/main\">The Lens<\/a><\/td><td><a href=\"https:\/\/www.lens.org\/lens\/scholar\/article\/120-492-730-236-782\/main\">5 citas<\/a><\/td><\/tr><tr><td><a href=\"http:\/\/wos.fecyt.es\/\">WOS<\/a>&nbsp;(Uso en WOS)<\/td><td><a href=\"https:\/\/www.webofscience.com\/wos\/woscc\/full-record\/WOS:000628012200001\">4 Citations<\/a><a href=\"https:\/\/www.webofscience.com\/wos\/woscc\/full-record\/WOS:000628012200001\">4 Times Cited in All Databases<\/a><a href=\"https:\/\/www.webofscience.com\/wos\/woscc\/full-record\/WOS:000628012200001\">30 Cited References<\/a><a href=\"https:\/\/www.webofscience.com\/wos\/woscc\/full-record\/WOS:000628012200001\">Use in WOS: 8 last 180 days<\/a><a href=\"https:\/\/www.webofscience.com\/wos\/woscc\/full-record\/WOS:000628012200001\">&nbsp;&nbsp;&nbsp;&nbsp;&nbsp;&nbsp;&nbsp;&nbsp;&nbsp;&nbsp;&nbsp;&nbsp;&nbsp;&nbsp;&nbsp;&nbsp;&nbsp;&nbsp;&nbsp;&nbsp;&nbsp;&nbsp;&nbsp;83 since 2013&nbsp;&nbsp;&nbsp;&nbsp;&nbsp;&nbsp;&nbsp;<\/a>&nbsp;<\/td><\/tr><tr><td><a href=\"https:\/\/www.scopus.com\/freelookup\/form\/author.uri\">Scopus<\/a>&nbsp;(FWCI)(PlumX)<\/td><td><a href=\"https:\/\/www.scopus.com\/record\/display.uri?eid=2-s2.0-85102052478&amp;origin=resultslist&amp;sort=plf-f&amp;src=s&amp;sid=7d952aeff1e1f5819e682374cd03215f&amp;sot=b&amp;sdt=b&amp;s=DOI%2810.3390%2Felectronics10050616%29&amp;sl=32&amp;sessionSearchId=7d952aeff1e1f5819e682374cd03215f&amp;relpos=0#metrics\">5 Citations in Scopus<\/a><a href=\"https:\/\/www.scopus.com\/record\/display.uri?eid=2-s2.0-85102052478&amp;origin=resultslist&amp;sort=plf-f&amp;src=s&amp;sid=7d952aeff1e1f5819e682374cd03215f&amp;sot=b&amp;sdt=b&amp;s=DOI%2810.3390%2Felectronics10050616%29&amp;sl=32&amp;sessionSearchId=7d952aeff1e1f5819e682374cd03215f&amp;relpos=0#metrics\">0.14 Field-Weighted citation impact<\/a><a href=\"https:\/\/www.scopus.com\/record\/display.uri?eid=2-s2.0-85102052478&amp;origin=resultslist&amp;sort=plf-f&amp;src=s&amp;sid=7d952aeff1e1f5819e682374cd03215f&amp;sot=b&amp;sdt=b&amp;s=DOI%2810.3390%2Felectronics10050616%29&amp;sl=32&amp;sessionSearchId=7d952aeff1e1f5819e682374cd03215f&amp;relpos=0#metrics\">73 Views count 2015-2024<\/a><a href=\"https:\/\/www.scopus.com\/record\/display.uri?eid=2-s2.0-85102052478&amp;origin=resultslist&amp;sort=plf-f&amp;src=s&amp;sid=7d952aeff1e1f5819e682374cd03215f&amp;sot=b&amp;sdt=b&amp;s=DOI%2810.3390%2Felectronics10050616%29&amp;sl=32&amp;sessionSearchId=7d952aeff1e1f5819e682374cd03215f&amp;relpos=0#metrics\">PlumX: 4 citas en CrossRef; 28 lectores en Mendeley; y 81 compartidos, me gusta y comentarios en Facebook.<\/a><\/td><\/tr><tr><td><a href=\"https:\/\/esi.clarivate.com\/IndicatorsAction.action?app=esi&amp;Init=Yes&amp;authCode=YG5jrxcdaLANFBaRH-VNY339byvIloiyHBMFtCEKzB4&amp;SrcApp=IC2LS&amp;SID=H3-5c89002c-28c8-49ff-9c82-8a8c3137874e-5992dccb-8e71-425d-93ee-c766090685ef\">ESI<\/a><\/td><td>Total citations per paper 2020-2024: 3.68<\/td><\/tr><tr><td><a href=\"https:\/\/access.clarivate.com\/login?app=incites&amp;pssid=null\">InCites (CNCI)<\/a><\/td><td>CNCI 0.12<\/td><\/tr><tr><td><a href=\"https:\/\/www.researchgate.net\/\">Researchgate<\/a><\/td><td><a href=\"https:\/\/www.researchgate.net\/publication\/349847222_Computer-Human_Interaction_and_Collaboration_Challenges_and_Prospects\">Research Interest Score 10.3<\/a><a href=\"https:\/\/www.researchgate.net\/publication\/349847222_Computer-Human_Interaction_and_Collaboration_Challenges_and_Prospects\">Citations 8<\/a><a href=\"https:\/\/www.researchgate.net\/publication\/349847222_Computer-Human_Interaction_and_Collaboration_Challenges_and_Prospects\">Recommendations 1<\/a><a href=\"https:\/\/www.researchgate.net\/publication\/349847222_Computer-Human_Interaction_and_Collaboration_Challenges_and_Prospects\">Reads 583<\/a><\/td><\/tr><tr><td>P\u00e1gina web de la revista<\/td><td><a href=\"https:\/\/www.mdpi.com\/2079-9292\/10\/5\/616\">3145 visitas (dato del 11 de octubre)<\/a><\/td><\/tr><\/tbody><\/table><\/figure>\n\n\n\n<figure class=\"wp-block-table\"><table class=\"has-fixed-layout\"><tbody><tr><td colspan=\"2\"><strong>INCLUSI\u00d3N EN OTRAS BASES DE DATOS&nbsp;<\/strong><\/td><\/tr><tr><td><a href=\"https:\/\/www.proquest.com\/index?accountid=14513&amp;parentSessionId=JgX0LV00%2FGh1aj9VBwnX1V87erHcZL%2BQDNEsYOwQDLA%3D\">Proquest<\/a><strong><\/strong><\/td><td>Coronavirus Research DatabaseProQuest Central<\/td><\/tr><\/tbody><\/table><\/figure>\n\n\n\n<ul class=\"wp-block-list\">\n<li><strong>Evidencias a nivel del medio de difusi\u00f3n<\/strong><\/li>\n<\/ul>\n\n\n\n<p><strong><a href=\"https:\/\/jcr.clarivate.com\/jcr-jp\/journal-profile?journal=REV%20EDUC&amp;year=2017&amp;fromPage=%2Fjcr%2Fhome\">JCR 2021<\/a><\/strong><\/p>\n\n\n\n<figure class=\"wp-block-table\"><table class=\"has-fixed-layout\"><tbody><tr><td><strong>Journal Impact Factor (JIF)<\/strong><\/td><td>2.690<\/td><\/tr><tr><td><strong>Journal Citation Indicator (JCI)<\/strong><\/td><td>0.61<\/td><\/tr><tr><td><strong>Categor\u00eda seg\u00fan JIF<\/strong><\/td><td>CATEGORIA: COMPUTER SCIENCE, INFORMATION SYSTEMSEDITION: Science Citation Index Expanded (SCIE)RANK: 100\/164QUARTILE: Q3PERCENTILE: 39.33&nbsp;CATEGORIA: ENGINEERING, ELECTRICAL &amp; ELECTRONICEDITION: Science Citation Index Expanded (SCIE)RANK: 139\/276QUARTILE: Q3PERCENTILE: 49.82&nbsp;CATEGORIA: PHYSICS, APPLIEDEDITION: Science Citation Index Expanded (SCIE)RANK: 82\/161QUARTILE: Q3PERCENTILE: 49.38<\/td><\/tr><tr><td><strong>Categor\u00eda seg\u00fan JCI<\/strong><\/td><td>CATEGORIA:RANK:&nbsp;QUARTILE:&nbsp;PERCENTILE:&nbsp;<\/td><\/tr><tr><td><strong>N\u00famero de citas en JCR<\/strong><\/td><td>14,393<\/td><\/tr><tr><td><strong>Eigenfactor Score<\/strong><\/td><td>0.01444<\/td><\/tr><tr><td><strong>Normalized Eigenfactor<\/strong><\/td><td>3.10535<\/td><\/tr><tr><td><strong>Article Influence score (AIS)<\/strong><\/td><td>0.350<\/td><\/tr><\/tbody><\/table><\/figure>\n\n\n\n<p><strong><a href=\"https:\/\/www.scopus.com\/sources.uri?zone=TopNavBar&amp;origin=searchauthorfreelookup\">SCOPUS 2021<\/a><\/strong><\/p>\n\n\n\n<figure class=\"wp-block-table\"><table class=\"has-fixed-layout\"><tbody><tr><td><strong>Citescore 2021<\/strong><\/td><td>3.7<\/td><\/tr><tr><td><strong>Categor\u00eda, subcategor\u00eda y ranking:&nbsp;<\/strong><\/td><td>CATEGORIA: EngineeringSUBCATEGOR\u00cdA: Electrical and Electronic EngineeringRANK: 280\/708PERCENTILE: 60th&nbsp;CATEGORIA: Computer ScienceSUBCATEGOR\u00cdA: Computer Networks and CommunicationsRANK: 146\/359PERCENTILE: 59th&nbsp;CATEGORIA: EngineeringSUBCATEGOR\u00cdA: Control and Systems EngineeringRANK: 110\/270PERCENTILE: 59th&nbsp;CATEGORIA: Computer ScienceSUBCATEGOR\u00cdA: Signal ProcessingRANK: 51\/115PERCENTILE: 56th&nbsp;CATEGORIA: Computer ScienceSUBCATEGOR\u00cdA: Hardware and ArchitectureRANK: 75\/167PERCENTILE: 55th<\/td><\/tr><\/tbody><\/table><\/figure>\n\n\n\n<p><a href=\"https:\/\/www.scimagojr.com\/\"><strong>SJR<\/strong><\/a><strong>&nbsp;2021<\/strong><strong><\/strong><\/p>\n\n\n\n<figure class=\"wp-block-table\"><table class=\"has-fixed-layout\"><tbody><tr><td><strong>SJR\/SNIP<\/strong><\/td><td>0.59<\/td><\/tr><tr><td><strong>Categor\u00eda, posici\u00f3n que ocupa en la categor\u00eda y cuartil<\/strong><\/td><td>CATEGORIA: Computer ScienceSUBCATEGOR\u00cdA: Hardware and ArchitectureRANK: 72\/182CUARTIL: Q2<\/td><\/tr><tr><td><strong>H Index<\/strong><\/td><td>83<\/td><\/tr><\/tbody><\/table><\/figure>\n\n\n\n<p><strong>M\u00e9tricas sobre calidad en la gesti\u00f3n del medio<\/strong><\/p>\n\n\n\n<figure class=\"wp-block-table\"><table class=\"has-fixed-layout\"><tbody><tr><td><a href=\"https:\/\/miar.ub.edu\/\"><strong>M<\/strong><strong>IAR<\/strong><\/a><strong><\/strong><\/td><td>Indizada en: Science Citation Index Expanded (Clarivate), Scopus (ELSEVIER), Advanced Technologies &amp; Aerospace Database (ProQuest), INSPEC (The Institution of Engineering and Technology), Technology Collection (ProQuest)&nbsp;Evaluada en: JUFO Portal &#8211; Levels 1, 2, 3 (Federation of Finnish Learned Societies)The Register for Scientific Journals, Series and Publishers &#8211; Levels 1, 2 (Norwegian Directorate for Higher Education and Skills)<\/td><\/tr><\/tbody><\/table><\/figure>\n\n\n\n<p><strong>Otros indicios de calidad del medio<\/strong><\/p>\n\n\n\n<figure class=\"wp-block-table\"><table class=\"has-fixed-layout\"><tbody><tr><td><strong>Incluida en&nbsp;<\/strong><a href=\"http:\/\/mjl.clarivate.com\/\"><strong>Journal Master List<\/strong><\/a><strong><\/strong><\/td><td>Web of Science Core Collection: Science Citation Index Expanded&nbsp;Additional Web of Science Indexes: Current Contents Engineering, Computing &amp; Technology | Essential Science Indicators<\/td><\/tr><tr><td><a href=\"https:\/\/scholar.google.com\/citations?view_op=top_venues&amp;vq=es\"><strong>Google Scholar Metrics<\/strong><\/a><strong><\/strong><\/td><td>h5-index: 116h5-median: 158<\/td><\/tr><\/tbody><\/table><\/figure>\n\n\n\n<ul class=\"wp-block-list\">\n<li><strong>Evidencias de acceso abierto\u00a0<\/strong><\/li>\n<\/ul>\n\n\n\n<figure class=\"wp-block-table\"><table class=\"has-fixed-layout\"><tbody><tr><td><strong>REPOSITORIO<\/strong><\/td><td><strong>ENLACE&nbsp;<\/strong><\/td><td><strong>M\u00e9tricas<\/strong><\/td><\/tr><tr><td><a href=\"https:\/\/ruidera.uclm.es\/home\">RUIdeRA (Repositorio de la UCLM<\/a><\/td><td><a href=\"https:\/\/ruidera.uclm.es\/entities\/publication\/f2d2ea87-5a9f-4274-97f0-72860e8188bb\">Computer-Human Interaction and Collaboration: Challenges and Prospects (uclm.es)<\/a><\/td><td>134 descargas<\/td><\/tr><\/tbody><\/table><\/figure>\n\n\n\n<ul class=\"wp-block-list\">\n<li><strong>Criterios m\u00ednimos que debe reunir un medio de difusi\u00f3n de la investigaci\u00f3n:\u00a0<\/strong><\/li>\n<\/ul>\n\n\n\n<figure class=\"wp-block-table\"><table class=\"has-fixed-layout\"><tbody><tr><td colspan=\"2\"><strong>Criterios concernientes a la calidad de la revista como medio de comunicaci\u00f3n cient\u00edfica<\/strong><\/td><\/tr><tr><td>Identificaci\u00f3n de los miembros de los comit\u00e9s editoriales y cient\u00edficos<\/td><td>&nbsp;Si. Consejo editorial<\/td><\/tr><tr><td>Instrucciones detalladas a los autores<\/td><td>&nbsp;Si<\/td><\/tr><tr><td>Informaci\u00f3n sobre el proceso de evaluaci\u00f3n y selecci\u00f3n de manuscritos<\/td><td>&nbsp;Si<\/td><\/tr><tr><td>Traducci\u00f3n del sumario, t\u00edtulos, palabras clave y res\u00famenes en ingl\u00e9s<\/td><td>&nbsp;Solo en ingl\u00e9s<\/td><\/tr><tr><td colspan=\"2\"><strong>Criterios sobre la calidad del proceso editorial<\/strong><\/td><\/tr><tr><td>Periodicidad y regularidad<\/td><td>&nbsp;Bimensual<\/td><\/tr><tr><td>Revisi\u00f3n por pares de los manuscritos , ciego, open peer review, etc.<\/td><td>&nbsp;Revisi\u00f3n simple ciego y revisi\u00f3n abierta opcional<\/td><\/tr><tr><td>Comunicaci\u00f3n motivada de la decisi\u00f3n de la&nbsp;editorial&nbsp;<\/td><td>&nbsp;Si<\/td><\/tr><tr><td>Existencia de un consejo asesor, o equivalente, con suficiente representatividad acad\u00e9mica y movilidad en su&nbsp;composici\u00f3n, formado por profesionales y personal investigador de reconocida solvencia, sin vinculaci\u00f3n institucional con&nbsp;la revista o editorial, orientado a marcar la pol\u00edtica editorial y someterla a evaluaci\u00f3n y auditor\u00eda.<\/td><td>&nbsp;Si<\/td><\/tr><\/tbody><\/table><\/figure>\n\n\n\n<p><strong>FUENTES<\/strong><\/p>\n\n\n\n<p>Dialnet m\u00e9tricas, Dimensions, Google Scholar, Opencitations, WOS, Scopus, SJR, ESI, Incites, MIAR, Researchgate, Altmetric, The Lens, PlumX, Twitter, Wikipedia, Ebsco, \u00cdndices CSIC, Proquest, Dialnet, DOAJ, Sello FECYT, CIRC, Carhus+2018, ERIHPLUS, REDIB, Latindex, Journal Master List, Google Scholar Metrics, RECOLECTA, OpenAIRE, Open Research Europe, Zenodo, Fighshare, GitHub, Scistarter, RUIdeRA, Ulrichweb, P\u00e1gina web de la revista.&nbsp;<\/p>\n","protected":false},"excerpt":{"rendered":"<p>&nbsp;&nbsp;&nbsp;&nbsp;&nbsp;&nbsp;&nbsp;&nbsp;&nbsp;&nbsp;&nbsp;&nbsp;&nbsp;&nbsp;&nbsp;&nbsp;&nbsp;&nbsp;&nbsp;&nbsp;&nbsp;&nbsp;&nbsp;&nbsp;&nbsp;&nbsp;&nbsp;&nbsp;&nbsp;&nbsp;&nbsp;&nbsp;&nbsp;&nbsp;&nbsp;&nbsp;&nbsp;&nbsp;&nbsp;&nbsp;&nbsp;&nbsp;Datos bibliogr\u00e1ficos Autor\/es Manuel Ortega Cantero N\u00famero de Autores 1 Posici\u00f3n que ocupa el solicitante entre ellos 1 En autor\u00eda m\u00faltiple:Taxonom\u00eda Credit(Contributor Roles Taxonomy)&nbsp; &nbsp;El autor debe especificar su contribuci\u00f3n de acuerdo con esta taxonom\u00eda T\u00edtulo de la revista y a\u00f1o Electronics, 2021 Referencia del art\u00edculo Computer-Human Interaction and Collaboration: Challenges and Prospects DOI\/Enlace https:\/\/doi.org\/10.3390\/electronics10050616 [&hellip;]<\/p>\n","protected":false},"author":57,"featured_media":0,"parent":0,"menu_order":0,"comment_status":"closed","ping_status":"closed","template":"","meta":{"footnotes":""},"class_list":["post-1967","page","type-page","status-publish","hentry"],"_links":{"self":[{"href":"https:\/\/blog.uclm.es\/manuelortega\/wp-json\/wp\/v2\/pages\/1967","targetHints":{"allow":["GET"]}}],"collection":[{"href":"https:\/\/blog.uclm.es\/manuelortega\/wp-json\/wp\/v2\/pages"}],"about":[{"href":"https:\/\/blog.uclm.es\/manuelortega\/wp-json\/wp\/v2\/types\/page"}],"author":[{"embeddable":true,"href":"https:\/\/blog.uclm.es\/manuelortega\/wp-json\/wp\/v2\/users\/57"}],"replies":[{"embeddable":true,"href":"https:\/\/blog.uclm.es\/manuelortega\/wp-json\/wp\/v2\/comments?post=1967"}],"version-history":[{"count":1,"href":"https:\/\/blog.uclm.es\/manuelortega\/wp-json\/wp\/v2\/pages\/1967\/revisions"}],"predecessor-version":[{"id":1968,"href":"https:\/\/blog.uclm.es\/manuelortega\/wp-json\/wp\/v2\/pages\/1967\/revisions\/1968"}],"wp:attachment":[{"href":"https:\/\/blog.uclm.es\/manuelortega\/wp-json\/wp\/v2\/media?parent=1967"}],"curies":[{"name":"wp","href":"https:\/\/api.w.org\/{rel}","templated":true}]}}