{"id":1964,"date":"2025-01-16T09:42:03","date_gmt":"2025-01-16T09:42:03","guid":{"rendered":"https:\/\/blog.uclm.es\/manuelortega\/?page_id=1964"},"modified":"2025-01-16T09:42:03","modified_gmt":"2025-01-16T09:42:03","slug":"ieee-revista-iberoamericana-de-tecnologias-del-aprendizaje","status":"publish","type":"page","link":"https:\/\/blog.uclm.es\/manuelortega\/ieee-revista-iberoamericana-de-tecnologias-del-aprendizaje\/","title":{"rendered":"IEEE Revista Iberoamericana de Tecnolog\u00edas del Aprendizaje"},"content":{"rendered":"\n<p><strong>&nbsp;&nbsp;&nbsp;&nbsp;&nbsp;&nbsp;&nbsp;&nbsp;&nbsp;&nbsp;&nbsp;&nbsp;&nbsp;&nbsp;&nbsp;&nbsp;&nbsp;&nbsp;&nbsp;&nbsp;&nbsp;&nbsp;&nbsp;&nbsp;&nbsp;&nbsp;&nbsp;&nbsp;&nbsp;&nbsp;&nbsp;&nbsp;&nbsp;&nbsp;&nbsp;&nbsp;&nbsp;&nbsp;&nbsp;&nbsp;&nbsp;&nbsp;Datos bibliogr\u00e1ficos<\/strong><\/p>\n\n\n\n<figure class=\"wp-block-table\"><table class=\"has-fixed-layout\"><tbody><tr><td><strong>Autor\/es<\/strong><\/td><td>Javier Alejandro Jim\u00e9nez Toledo; C\u00e9sar A. Collazos; Manuel Ortega; y&nbsp;&nbsp;Deixy Ximena Ramos<\/td><\/tr><\/tbody><\/table><\/figure>\n\n\n\n<figure class=\"wp-block-table\"><table class=\"has-fixed-layout\"><tbody><tr><td><strong>N\u00famero de Autores<\/strong><\/td><td>4<\/td><td><strong>Posici\u00f3n que ocupa el solicitante entre ellos<\/strong><em><\/em><\/td><td>3<\/td><\/tr><\/tbody><\/table><\/figure>\n\n\n\n<figure class=\"wp-block-table\"><table class=\"has-fixed-layout\"><tbody><tr><td><strong>En autor\u00eda m\u00faltiple:<\/strong><a href=\"https:\/\/credit.niso.org\/\"><strong>Taxonom\u00eda Credit<\/strong><\/a><strong><\/strong><strong>(Contributor Roles Taxonomy)<\/strong><strong><\/strong><strong>&nbsp;<\/strong><\/td><td><em>&nbsp;<\/em><em>El autor debe especificar su contribuci\u00f3n de acuerdo con esta taxonom\u00eda<\/em><em><\/em><\/td><\/tr><\/tbody><\/table><\/figure>\n\n\n\n<figure class=\"wp-block-table\"><table class=\"has-fixed-layout\"><tbody><tr><td><strong>T\u00edtulo de la revista y a\u00f1o<\/strong><\/td><td>IEEE Revista Iberoamericana de Tecnologias del Aprendizaje, 2023<\/td><\/tr><tr><td><strong>Referencia del art\u00edculo<\/strong><\/td><td>Algorithmic Thinking and extension of its definition for Trainee Software Developers: A Systematic Literature Mapping<\/td><\/tr><tr><td><strong>DOI\/Enlace<\/strong><\/td><td>10.1109\/RITA.2023.3323784<\/td><\/tr><tr><td><strong>Editorial<\/strong><\/td><td>IEEE Xplore<\/td><\/tr><tr><td><strong>ISSN<\/strong><\/td><td>1932-8540<\/td><\/tr><\/tbody><\/table><\/figure>\n\n\n\n<ul class=\"wp-block-list\">\n<li><strong>Evidencias a nivel de aportaci\u00f3n<\/strong><\/li>\n<\/ul>\n\n\n\n<figure class=\"wp-block-table\"><table class=\"has-fixed-layout\"><tbody><tr><td colspan=\"2\"><strong>CITAS, USO, LECTURA, INFLUENCIA Y VISIBILIDAD SOCIAL<\/strong><\/td><\/tr><tr><td><a href=\"https:\/\/dialnet.unirioja.es\/metricas\/idr\">Dialnet m\u00e9tricas<\/a><\/td><td>Indexado sin citas<\/td><\/tr><tr><td><a href=\"https:\/\/app.dimensions.ai\/discover\/publication\">Dimensions<\/a>&nbsp;(FCR)(Altmetrics?)<strong><\/strong><\/td><td><a href=\"https:\/\/app.dimensions.ai\/details\/publication\/pub.1165536848?search_mode=content&amp;search_text=Algorithmic%20Thinking%20and%20extension%20of%20its%20definition%20for%20Trainee%20Software%20Developers%3A%20A%20Systematic%20Literature%20Mapping&amp;search_type=kws&amp;search_field=text_search\">2 Citations<\/a><a href=\"https:\/\/app.dimensions.ai\/details\/publication\/pub.1165536848?search_mode=content&amp;search_text=Algorithmic%20Thinking%20and%20extension%20of%20its%20definition%20for%20Trainee%20Software%20Developers%3A%20A%20Systematic%20Literature%20Mapping&amp;search_type=kws&amp;search_field=text_search\">2 Recent citations<\/a><\/td><\/tr><tr><td><a href=\"https:\/\/scholar.google.es\/\">Google Scholar<\/a><strong><\/strong><\/td><td><a href=\"https:\/\/scholar.google.com.mx\/scholar?cites=8525501839695976320&amp;as_sdt=2005&amp;sciodt=0,5&amp;hl=es\">1 cita<\/a><\/td><\/tr><tr><td><a href=\"https:\/\/www.lens.org\/lens\/scholar\/article\/155-513-141-331-183\/main\">The Lens<\/a><\/td><td><a href=\"https:\/\/www.lens.org\/lens\/scholar\/article\/087-095-912-765-067\/main\">1 cita<\/a><\/td><\/tr><tr><td><a href=\"http:\/\/wos.fecyt.es\/\">WOS<\/a>&nbsp;(Uso en WOS)<\/td><td><a href=\"https:\/\/www.webofscience.com\/wos\/woscc\/full-record\/WOS:001124200600003\">1 Citation<\/a><a href=\"https:\/\/www.webofscience.com\/wos\/woscc\/full-record\/WOS:001124200600003\">1 Times Cited in All Databases<\/a><a href=\"https:\/\/www.webofscience.com\/wos\/woscc\/full-record\/WOS:001124200600003\">106 cited references<\/a><a href=\"https:\/\/www.webofscience.com\/wos\/woscc\/full-record\/WOS:001124200600003\">Use in WOS: 3 last 180 days<\/a><a href=\"https:\/\/www.webofscience.com\/wos\/woscc\/full-record\/WOS:001124200600003\">&nbsp;&nbsp;&nbsp;&nbsp;&nbsp;&nbsp;&nbsp;&nbsp;&nbsp;&nbsp;&nbsp;&nbsp;&nbsp;&nbsp;&nbsp;&nbsp;&nbsp;&nbsp;&nbsp;&nbsp;&nbsp;&nbsp;&nbsp;5 since 2013&nbsp;&nbsp;&nbsp;&nbsp;&nbsp;&nbsp;&nbsp;&nbsp;&nbsp;<\/a>&nbsp;<\/td><\/tr><tr><td><a href=\"https:\/\/www.scopus.com\/freelookup\/form\/author.uri\">Scopus<\/a>&nbsp;(FWCI)(PlumX)<\/td><td>1 Citation in Scopus0.36 Field-Weighted citation impactPlumX: 10 lectores en Mendeley<\/td><\/tr><tr><td><a href=\"https:\/\/www.researchgate.net\/\">Researchgate<\/a><\/td><td><a href=\"https:\/\/www.researchgate.net\/publication\/375252624_Algorithmic_Thinking_and_extension_of_its_definition_for_Trainee_Software_Developers_A_Systematic_Literature_Mapping\">Research Interest Score 3.3<\/a><a href=\"https:\/\/www.researchgate.net\/publication\/375252624_Algorithmic_Thinking_and_extension_of_its_definition_for_Trainee_Software_Developers_A_Systematic_Literature_Mapping\">Citations 1<\/a><a href=\"https:\/\/www.researchgate.net\/publication\/375252624_Algorithmic_Thinking_and_extension_of_its_definition_for_Trainee_Software_Developers_A_Systematic_Literature_Mapping\">Recommendations 0<\/a><a href=\"https:\/\/www.researchgate.net\/publication\/375252624_Algorithmic_Thinking_and_extension_of_its_definition_for_Trainee_Software_Developers_A_Systematic_Literature_Mapping\">Reads 141<\/a><\/td><\/tr><tr><td>P\u00e1gina web de la revista<\/td><td><a href=\"https:\/\/ieeexplore.ieee.org\/abstract\/document\/10305292\">121 visitas<\/a><\/td><\/tr><\/tbody><\/table><\/figure>\n\n\n\n<figure class=\"wp-block-table\"><table class=\"has-fixed-layout\"><tbody><tr><td colspan=\"2\"><strong>INCLUSI\u00d3N EN OTRAS BASES DE DATOS&nbsp;<\/strong><\/td><\/tr><tr><td><a href=\"https:\/\/web.p.ebscohost.com\/ehost\/error?vid=2&amp;sid=f53bacef-922f-4815-9579-e68f279d7000%40redis\">Ebsco<\/a><\/td><td>E-Journals<\/td><\/tr><tr><td><a href=\"https:\/\/www.proquest.com\/index?accountid=14513&amp;parentSessionId=JgX0LV00%2FGh1aj9VBwnX1V87erHcZL%2BQDNEsYOwQDLA%3D\">Proquest<\/a><strong><\/strong><\/td><td>ProQuest Central<\/td><\/tr><tr><td><a href=\"https:\/\/dialnet.unirioja.es\/metricas\/documentos\/LIB\/6193\">Dialnet<\/a><strong><\/strong><\/td><td>Si<\/td><\/tr><\/tbody><\/table><\/figure>\n\n\n\n<ul class=\"wp-block-list\">\n<li><strong>Evidencias a nivel del medio de difusi\u00f3n<\/strong><\/li>\n<\/ul>\n\n\n\n<p><strong><a href=\"https:\/\/jcr.clarivate.com\/jcr-jp\/journal-profile?journal=REV%20EDUC&amp;year=2017&amp;fromPage=%2Fjcr%2Fhome\">JCR 2023<\/a><\/strong><\/p>\n\n\n\n<figure class=\"wp-block-table\"><table class=\"has-fixed-layout\"><tbody><tr><td><strong>Journal Impact Factor (JIF)<\/strong><\/td><td>1.0<\/td><\/tr><tr><td><strong>Journal Citation Indicator (JCI)<\/strong><\/td><td>0.31<\/td><\/tr><tr><td><strong>Categor\u00eda seg\u00fan JIF<\/strong><\/td><td>CATEGORIA: COMPUTER SCIENCE, INTERDISCIPLINARY APPLICATIONSRANK: 143\/169QUARTILE: Q4PERCENTILE: 15.7<\/td><\/tr><tr><td><strong>Categor\u00eda seg\u00fan JCI<\/strong><\/td><td>CATEGORIA: COMPUTER SCIENCE, INTERDISCIPLINARY APPLICATIONSRANK: 137\/169QUARTILE: Q4PERCENTILE: 19.23<\/td><\/tr><tr><td><strong>N\u00famero de citas en JCR<\/strong><\/td><td>290<\/td><\/tr><tr><td><strong>Eigenfactor Score<\/strong><\/td><td>0.00032<\/td><\/tr><tr><td><strong>Normalized Eigenfactor<\/strong><\/td><td>0.07126<\/td><\/tr><tr><td><strong>Article Influence score (AIS)<\/strong><\/td><td>0.217<\/td><\/tr><\/tbody><\/table><\/figure>\n\n\n\n<p><strong><a href=\"https:\/\/www.scopus.com\/sources.uri?zone=TopNavBar&amp;origin=searchauthorfreelookup\">SCOPUS 2023:<\/a><\/strong><\/p>\n\n\n\n<figure class=\"wp-block-table\"><table class=\"has-fixed-layout\"><tbody><tr><td><strong>Citescore 2023<\/strong><\/td><td>4.3<\/td><\/tr><tr><td><strong>Categor\u00eda, subcategor\u00eda y ranking:&nbsp;<\/strong><\/td><td>CATEGORIA: Social SciencesSUBCATEGOR\u00cdA: EducationRANK: 343\/1543PERCENTILE: 77th&nbsp;CATEGORIA: EngineeringSUBCATEGOR\u00cdA: General EngineeringRANK: 87\/307PERCENTILE: 71st<\/td><\/tr><\/tbody><\/table><\/figure>\n\n\n\n<p><a href=\"https:\/\/dialnet.unirioja.es\/metricas\/\"><strong>DIALNET M\u00c9TRICAS<\/strong><\/a><strong>&nbsp;2023:&nbsp;<\/strong><strong><\/strong><\/p>\n\n\n\n<figure class=\"wp-block-table\"><table class=\"has-fixed-layout\"><tbody><tr><td><strong>Campo<\/strong><\/td><td>EDUCACI\u00d3N<\/td><\/tr><tr><td><strong>Impacto<\/strong><\/td><td>0,96<\/td><\/tr><tr><td><strong>N\u00famero de citas<\/strong><\/td><td>175<\/td><\/tr><tr><td><strong>Posici\u00f3n<\/strong><\/td><td>37\/233<\/td><\/tr><tr><td><strong>Cuartil<\/strong><\/td><td>C1<\/td><\/tr><\/tbody><\/table><\/figure>\n\n\n\n<p><a href=\"https:\/\/www.scimagojr.com\/\"><strong>SJR<\/strong><\/a><strong>&nbsp;2023<\/strong><strong><\/strong><\/p>\n\n\n\n<figure class=\"wp-block-table\"><table class=\"has-fixed-layout\"><tbody><tr><td><strong>SJR\/SNIP<\/strong><\/td><td>0.393<\/td><\/tr><tr><td><strong>Categor\u00eda, posici\u00f3n que ocupa en la categor\u00eda y cuartil<\/strong><\/td><td>CATEGORIA: EngineeringSUBCATEGOR\u00cdA: Engineering (miscellaneous)RANK: 184\/474CUARTIL: Q2<\/td><\/tr><tr><td><strong>H Index<\/strong><\/td><td>23<\/td><\/tr><\/tbody><\/table><\/figure>\n\n\n\n<p><strong>M\u00e9tricas sobre calidad en la gesti\u00f3n del medio<\/strong><\/p>\n\n\n\n<figure class=\"wp-block-table\"><table class=\"has-fixed-layout\"><tbody><tr><td><a href=\"https:\/\/miar.ub.edu\/\"><strong>M<\/strong><strong>IAR<\/strong><\/a><strong><\/strong><\/td><td>Indizada en: Emerging Sources Citation Index (Clarivate), Scopus (ELSEVIER), DIALNET (Universidad de la Rioja), Advanced Technologies &amp; Aerospace Database (ProQuest), Compendex (ELSEVIER), INSPEC (The Institution of Engineering and Technology), Technology Collection (ProQuest)&nbsp;Evaluada en: The Register for Scientific Journals, Series and Publishers &#8211; Levels 1, 2 (Norwegian Directorate for Higher Education and Skills)<\/td><\/tr><\/tbody><\/table><\/figure>\n\n\n\n<p><strong>Otros indicios de calidad del medio<\/strong><\/p>\n\n\n\n<figure class=\"wp-block-table\"><table class=\"has-fixed-layout\"><tbody><tr><td><strong>Categor\u00eda&nbsp;<\/strong><a href=\"https:\/\/www.clasificacioncirc.es\/\"><strong>CIRC<\/strong><\/a><strong><\/strong><\/td><td>Ciencias Sociales BCiencias Humanas No aplica<\/td><\/tr><tr><td><strong>Incluida en&nbsp;<\/strong><a href=\"http:\/\/mjl.clarivate.com\/\"><strong>Journal Master List<\/strong><\/a><strong><\/strong><\/td><td>Web of Science Core Collection: Emerging Sources Citation Index<\/td><\/tr><tr><td><a href=\"https:\/\/scholar.google.com\/citations?view_op=top_venues&amp;vq=es\"><strong>Google Scholar Metrics<\/strong><\/a><strong><\/strong><\/td><td>h5-index: 24h5-median: 30<\/td><\/tr><\/tbody><\/table><\/figure>\n\n\n\n<ul class=\"wp-block-list\">\n<li><strong>Evidencias de acceso abierto\u00a0<\/strong><\/li>\n<\/ul>\n\n\n\n<figure class=\"wp-block-table\"><table class=\"has-fixed-layout\"><tbody><tr><td><strong>REPOSITORIO<\/strong><\/td><td><strong>ENLACE&nbsp;<\/strong><\/td><td><strong>M\u00e9tricas<\/strong><\/td><\/tr><tr><td><a href=\"https:\/\/recolecta.fecyt.es\/\">RECOLECTA<\/a><\/td><td><a href=\"https:\/\/buscador.recolecta.fecyt.es\/buscador-recolecta-detalle?search_api_fulltext=&amp;_indexrecordidentifier=ruidera_____::ab3a7ddada7125ca30c54c73e4e297c0&amp;repositoryname=RUIdeRA.%20Repositorio%20Institucional%20de%20la%20UCLM&amp;creator=Ortega%20Cantero&amp;title=Algorithmic%20Thinking%20and%20extension%20of&amp;date=2024&amp;cobjcategory=&amp;items_per_page=10\">Buscador | Buscador (fecyt.es)<\/a><\/td><td>No<\/td><\/tr><tr><td><a href=\"https:\/\/ruidera.uclm.es\/home\">RUIdeRA (Repositorio de la UCLM<\/a><\/td><td><a href=\"https:\/\/ruidera.uclm.es\/entities\/publication\/d93a50fb-6f20-4c57-b8ad-cb1aac529afe\">Algorithmic Thinking and extension of its definition for Trainee Software Developers: A Systematic Literature Mapping (uclm.es)<\/a><\/td><td>6 visitas14 descargas<\/td><\/tr><\/tbody><\/table><\/figure>\n\n\n\n<ul class=\"wp-block-list\">\n<li><strong>Criterios m\u00ednimos que debe reunir un medio de difusi\u00f3n de la investigaci\u00f3n:<\/strong><\/li>\n<\/ul>\n\n\n\n<figure class=\"wp-block-table\"><table class=\"has-fixed-layout\"><tbody><tr><td colspan=\"2\"><strong>Criterios concernientes a la calidad de la revista como medio de comunicaci\u00f3n cient\u00edfica<\/strong><\/td><\/tr><tr><td>Identificaci\u00f3n de los miembros de los comit\u00e9s editoriales y cient\u00edficos<\/td><td>&nbsp;No, solo al Editor jefe<\/td><\/tr><tr><td>Instrucciones detalladas a los autores<\/td><td>&nbsp;Si<\/td><\/tr><tr><td>Informaci\u00f3n sobre el proceso de evaluaci\u00f3n y selecci\u00f3n de manuscritos<\/td><td>&nbsp;Si<\/td><\/tr><tr><td>Traducci\u00f3n del sumario, t\u00edtulos, palabras clave y res\u00famenes en ingl\u00e9s<\/td><td>&nbsp;Solo en ingl\u00e9s<\/td><\/tr><tr><td colspan=\"2\"><strong>Criterios sobre la calidad del proceso editorial<\/strong><\/td><\/tr><tr><td>Periodicidad y regularidad<\/td><td>&nbsp;Trimestral<\/td><\/tr><tr><td>Revisi\u00f3n por pares de los manuscritos , ciego, open peer review, etc.<\/td><td>&nbsp;Revisi\u00f3n por dos especialistas independientes<\/td><\/tr><tr><td>Comunicaci\u00f3n motivada de la decisi\u00f3n de la&nbsp;editorial&nbsp;<\/td><td>&nbsp;Si<\/td><\/tr><tr><td>Existencia de un consejo asesor, o equivalente, con suficiente representatividad acad\u00e9mica y movilidad en su&nbsp;composici\u00f3n, formado por profesionales y personal investigador de reconocida solvencia, sin vinculaci\u00f3n institucional con&nbsp;la revista o editorial, orientado a marcar la pol\u00edtica editorial y someterla a evaluaci\u00f3n y auditor\u00eda.<\/td><td>&nbsp;Si<\/td><\/tr><\/tbody><\/table><\/figure>\n\n\n\n<p><strong>FUENTES<\/strong><\/p>\n\n\n\n<p>Dialnet m\u00e9tricas, Dimensions, Google Scholar, Opencitations, WOS, Scopus, SJR, ESI, Incites, MIAR, Researchgate, Altmetric, The Lens, PlumX, Twitter, Wikipedia, Ebsco, \u00cdndices CSIC, Proquest, Dialnet, DOAJ, Sello FECYT, CIRC, Carhus+2018, ERIHPLUS, REDIB, Latindex, Journal Master List, Google Scholar Metrics, RECOLECTA, OpenAIRE, Open Research Europe, Zenodo, Fighshare, GitHub, Scistarter, RUIdeRA, Ulrichweb, P\u00e1gina web de la revista.&nbsp;<\/p>\n","protected":false},"excerpt":{"rendered":"<p>&nbsp;&nbsp;&nbsp;&nbsp;&nbsp;&nbsp;&nbsp;&nbsp;&nbsp;&nbsp;&nbsp;&nbsp;&nbsp;&nbsp;&nbsp;&nbsp;&nbsp;&nbsp;&nbsp;&nbsp;&nbsp;&nbsp;&nbsp;&nbsp;&nbsp;&nbsp;&nbsp;&nbsp;&nbsp;&nbsp;&nbsp;&nbsp;&nbsp;&nbsp;&nbsp;&nbsp;&nbsp;&nbsp;&nbsp;&nbsp;&nbsp;&nbsp;Datos bibliogr\u00e1ficos Autor\/es Javier Alejandro Jim\u00e9nez Toledo; C\u00e9sar A. Collazos; Manuel Ortega; y&nbsp;&nbsp;Deixy Ximena Ramos N\u00famero de Autores 4 Posici\u00f3n que ocupa el solicitante entre ellos 3 En autor\u00eda m\u00faltiple:Taxonom\u00eda Credit(Contributor Roles Taxonomy)&nbsp; &nbsp;El autor debe especificar su contribuci\u00f3n de acuerdo con esta taxonom\u00eda T\u00edtulo de la revista y a\u00f1o IEEE Revista Iberoamericana de Tecnologias [&hellip;]<\/p>\n","protected":false},"author":57,"featured_media":0,"parent":0,"menu_order":0,"comment_status":"closed","ping_status":"closed","template":"","meta":{"footnotes":""},"class_list":["post-1964","page","type-page","status-publish","hentry"],"_links":{"self":[{"href":"https:\/\/blog.uclm.es\/manuelortega\/wp-json\/wp\/v2\/pages\/1964","targetHints":{"allow":["GET"]}}],"collection":[{"href":"https:\/\/blog.uclm.es\/manuelortega\/wp-json\/wp\/v2\/pages"}],"about":[{"href":"https:\/\/blog.uclm.es\/manuelortega\/wp-json\/wp\/v2\/types\/page"}],"author":[{"embeddable":true,"href":"https:\/\/blog.uclm.es\/manuelortega\/wp-json\/wp\/v2\/users\/57"}],"replies":[{"embeddable":true,"href":"https:\/\/blog.uclm.es\/manuelortega\/wp-json\/wp\/v2\/comments?post=1964"}],"version-history":[{"count":1,"href":"https:\/\/blog.uclm.es\/manuelortega\/wp-json\/wp\/v2\/pages\/1964\/revisions"}],"predecessor-version":[{"id":1965,"href":"https:\/\/blog.uclm.es\/manuelortega\/wp-json\/wp\/v2\/pages\/1964\/revisions\/1965"}],"wp:attachment":[{"href":"https:\/\/blog.uclm.es\/manuelortega\/wp-json\/wp\/v2\/media?parent=1964"}],"curies":[{"name":"wp","href":"https:\/\/api.w.org\/{rel}","templated":true}]}}