{"id":1961,"date":"2025-01-16T09:36:51","date_gmt":"2025-01-16T09:36:51","guid":{"rendered":"https:\/\/blog.uclm.es\/manuelortega\/?page_id=1961"},"modified":"2025-01-29T14:42:20","modified_gmt":"2025-01-29T14:42:20","slug":"softwarex","status":"publish","type":"page","link":"https:\/\/blog.uclm.es\/manuelortega\/softwarex\/","title":{"rendered":"SoftwareX"},"content":{"rendered":"\n<p><strong>\u00a0\u00a0\u00a0\u00a0\u00a0\u00a0\u00a0\u00a0\u00a0\u00a0\u00a0\u00a0\u00a0\u00a0\u00a0\u00a0\u00a0\u00a0\u00a0\u00a0\u00a0\u00a0\u00a0\u00a0\u00a0\u00a0\u00a0\u00a0\u00a0\u00a0\u00a0\u00a0\u00a0\u00a0\u00a0\u00a0\u00a0\u00a0\u00a0\u00a0\u00a0\u00a0<\/strong><strong>&nbsp;&nbsp;&nbsp;&nbsp;&nbsp;&nbsp;&nbsp;&nbsp;&nbsp;&nbsp;&nbsp;&nbsp;&nbsp;&nbsp;&nbsp;&nbsp;&nbsp;&nbsp;&nbsp;&nbsp;&nbsp;&nbsp;&nbsp;&nbsp;&nbsp;&nbsp;&nbsp;&nbsp;&nbsp;&nbsp;&nbsp;&nbsp;&nbsp;&nbsp;&nbsp;&nbsp;&nbsp;&nbsp;&nbsp;&nbsp;&nbsp;&nbsp;Datos bibliogr\u00e1ficos<\/strong><\/p>\n\n\n\n<figure class=\"wp-block-table\"><table class=\"has-fixed-layout\"><tbody><tr><td><strong>Autor\/es<\/strong><\/td><td>Manuel Ortega Cordovilla, Sergio Garrido Merino, Crescencio Bravo Santos, Ana Isabel Molina D\u00edaz y <strong>Manuel Ortega Cantero<\/strong><\/td><\/tr><\/tbody><\/table><\/figure>\n\n\n\n<figure class=\"wp-block-table\"><table class=\"has-fixed-layout\"><tbody><tr><td><strong>N\u00famero de Autores<\/strong><\/td><td>5<\/td><td><strong>Posici\u00f3n que ocupa el solicitante entre ellos<\/strong><em><\/em><\/td><td>5<\/td><\/tr><\/tbody><\/table><\/figure>\n\n\n\n<figure class=\"wp-block-table\"><table class=\"has-fixed-layout\"><tbody><tr><td><strong>En autor\u00eda m\u00faltiple:<\/strong><a href=\"https:\/\/credit.niso.org\/\"><strong>Taxonom\u00eda Credit<\/strong><\/a><strong><\/strong><strong>(Contributor Roles Taxonomy)<\/strong><strong><\/strong><strong>&nbsp;<\/strong><\/td><td><strong>De acuerdo con lo que se expresa en el propio art\u00edculo en la referencia Credit:<\/strong><strong><\/strong><strong>&nbsp;<\/strong><strong>Manuel Ortega Cantero:<\/strong>&nbsp;Writing \u2013 review &amp; editing, Validation, Supervision, Investigation.<em><\/em><em>&nbsp;<\/em><\/td><\/tr><\/tbody><\/table><\/figure>\n\n\n\n<figure class=\"wp-block-table\"><table class=\"has-fixed-layout\"><tbody><tr><td><strong>T\u00edtulo de la revista y a\u00f1o<\/strong><\/td><td>SoftwareX, 2024<\/td><\/tr><tr><td><strong>Referencia del art\u00edculo<\/strong><\/td><td>Excursiona: A collaborative mobile application for excursions in nature<\/td><\/tr><tr><td><strong>DOI\/Enlace<\/strong><\/td><td><a href=\"https:\/\/doi.org\/10.1016\/j.softx.2024.101908\">https:\/\/doi.org\/10.1016\/j.softx.2024.101908<\/a><\/td><\/tr><tr><td><strong>Editorial<\/strong><\/td><td>Elsevier<\/td><\/tr><tr><td><strong>ISSN<\/strong><\/td><td>Online ISSN: 2352-7110<\/td><\/tr><\/tbody><\/table><\/figure>\n\n\n\n<ul class=\"wp-block-list\">\n<li><strong>Evidencias a nivel de aportaci\u00f3n\u00a0<em>(Al ser de reciente publicaci\u00f3n, a\u00fan no cuenta con citas)<\/em><\/strong><\/li>\n<\/ul>\n\n\n\n<figure class=\"wp-block-table\"><table class=\"has-fixed-layout\"><tbody><tr><td colspan=\"2\"><strong>CITAS, USO, LECTURA, INFLUENCIA Y VISIBILIDAD SOCIAL<\/strong><\/td><\/tr><tr><td><a href=\"https:\/\/app.dimensions.ai\/discover\/publication\">Dimensions<\/a>&nbsp;(FCR)(Altmetrics?)<strong><\/strong><\/td><td>Indexada sin citas<\/td><\/tr><tr><td><a href=\"https:\/\/scholar.google.es\/\">Google Scholar<\/a><strong><\/strong><\/td><td>Indexada sin citas<\/td><\/tr><tr><td><a href=\"https:\/\/www.lens.org\/lens\/scholar\/article\/155-513-141-331-183\/main\">The Lens<\/a><\/td><td>Indexada sin citas<\/td><\/tr><tr><td><a href=\"https:\/\/www.scopus.com\/freelookup\/form\/author.uri\">Scopus<\/a>&nbsp;(FWCI)(PlumX)<\/td><td>Indexada sin citas<\/td><\/tr><tr><td><a href=\"https:\/\/www.researchgate.net\/\">Researchgate<\/a><\/td><td><a href=\"https:\/\/www.researchgate.net\/publication\/384503998_Excursiona_A_collaborative_mobile_application_for_excursions_in_nature\">Research Interest Score 0.8<\/a><a href=\"https:\/\/www.researchgate.net\/publication\/384503998_Excursiona_A_collaborative_mobile_application_for_excursions_in_nature\">Citations 0<\/a><a href=\"https:\/\/www.researchgate.net\/publication\/384503998_Excursiona_A_collaborative_mobile_application_for_excursions_in_nature\">Recommendations 1<\/a><a href=\"https:\/\/www.researchgate.net\/publication\/384503998_Excursiona_A_collaborative_mobile_application_for_excursions_in_nature\">Reads 38.&nbsp;&nbsp;&nbsp;&nbsp;&nbsp;&nbsp;<\/a><\/td><\/tr><\/tbody><\/table><\/figure>\n\n\n\n<figure class=\"wp-block-table\"><table class=\"has-fixed-layout\"><tbody><tr><td colspan=\"2\"><strong>INCLUSI\u00d3N EN OTRAS BASES DE DATOS&nbsp;<\/strong><\/td><\/tr><tr><td><a href=\"https:\/\/web.p.ebscohost.com\/ehost\/error?vid=2&amp;sid=f53bacef-922f-4815-9579-e68f279d7000%40redis\">Ebsco<\/a><\/td><td>E-Journals<\/td><\/tr><\/tbody><\/table><\/figure>\n\n\n\n<ul class=\"wp-block-list\">\n<li><strong>Evidencias a nivel del medio de difusi\u00f3n<\/strong><\/li>\n<\/ul>\n\n\n\n<p><strong><a href=\"https:\/\/jcr.clarivate.com\/jcr-jp\/journal-profile?journal=REV%20EDUC&amp;year=2017&amp;fromPage=%2Fjcr%2Fhome\">JCR 2023<\/a><\/strong><\/p>\n\n\n\n<figure class=\"wp-block-table\"><table class=\"has-fixed-layout\"><tbody><tr><td><strong>Journal Impact Factor (JIF)<\/strong><\/td><td>2.4<\/td><\/tr><tr><td><strong>Journal Citation Indicator (JCI)<\/strong><\/td><td>0.92<\/td><\/tr><tr><td><strong>Categor\u00eda seg\u00fan JIF<\/strong><\/td><td>CATEGORIA: COMPUTER SCIENCE, SOFTWARE ENGINEERINGEDITION: Science Citation Index Expanded (SCIE)RANK: 54\/131QUARTILE: Q2PERCENTILE: 59.2<\/td><\/tr><tr><td><strong>Categor\u00eda seg\u00fan JCI<\/strong><\/td><td>CATEGORIA: COMPUTER SCIENCE, SOFTWARE ENGINEERINGRANK: 31\/131QUARTILE: Q1PERCENTILE: 76.72<\/td><\/tr><tr><td><strong>N\u00famero de citas en JCR<\/strong><\/td><td>5,571<\/td><\/tr><tr><td><strong>Eigenfactor Score<\/strong><\/td><td>0.00591<\/td><\/tr><tr><td><strong>Normalized Eigenfactor<\/strong><\/td><td>1.29266<\/td><\/tr><tr><td><strong>Article Influence score (AIS)<\/strong><\/td><td>0.944<\/td><\/tr><\/tbody><\/table><\/figure>\n\n\n\n<p><strong><a href=\"https:\/\/www.scopus.com\/sources.uri?zone=TopNavBar&amp;origin=searchauthorfreelookup\">SCOPUS 2023<\/a><\/strong><\/p>\n\n\n\n<figure class=\"wp-block-table\"><table class=\"has-fixed-layout\"><tbody><tr><td><strong>Citescore 2023<\/strong><\/td><td>5.5<\/td><\/tr><tr><td><strong>Categor\u00eda, subcategor\u00eda y ranking:&nbsp;<\/strong><\/td><td>CATEGORIA: Computer ScienceSUBCATEGOR\u00cdA: Computer Science ApplicationsRANK: 287\/817PERCENTILE: 64th&nbsp;CATEGORIA: Computer ScienceSUBCATEGOR\u00cdA: SoftwareRANK: 161\/407PERCENTILE: 60th<\/td><\/tr><\/tbody><\/table><\/figure>\n\n\n\n<p><a href=\"https:\/\/www.scimagojr.com\/\"><strong>SJR<\/strong><\/a><strong>&nbsp;2023<\/strong><strong><\/strong><\/p>\n\n\n\n<figure class=\"wp-block-table\"><table class=\"has-fixed-layout\"><tbody><tr><td><strong>SJR\/SNIP<\/strong><\/td><td>0.544<\/td><\/tr><tr><td><strong>Categor\u00eda, posici\u00f3n que ocupa en la categor\u00eda y cuartil<\/strong><\/td><td>CATEGORIA: Computer ScienceSUBCATEGOR\u00cdA: Computer Science ApplicationsRANK: 377\/813CUARTIL: Q2<\/td><\/tr><tr><td><strong>H Index<\/strong><\/td><td>42<\/td><\/tr><\/tbody><\/table><\/figure>\n\n\n\n<p><strong>M\u00e9tricas sobre calidad en la gesti\u00f3n del medio<\/strong><\/p>\n\n\n\n<figure class=\"wp-block-table\"><table class=\"has-fixed-layout\"><tbody><tr><td><a href=\"https:\/\/doaj.org\/\"><strong>DOAJ<\/strong><\/a><strong><\/strong><\/td><td>Indexada<\/td><\/tr><tr><td><a href=\"https:\/\/miar.ub.edu\/\"><strong>M<\/strong><strong>IAR<\/strong><\/a><strong><\/strong><\/td><td>Indizada en: Science Citation Index Expanded (Clarivate), Scopus (ELSEVIER), DOAJ, Compendex (ELSEVIER), INSPEC (The Institution of Engineering and Technology)&nbsp;Evaluada en: Directory of Open Access JournalsJUFO Portal &#8211; Levels 1, 2, 3 (Federation of Finnish Learned Societies)The Register for Scientific Journals, Series and Publishers &#8211; Levels 1, 2 (Norwegian Directorate for Higher Education and Skills)<\/td><\/tr><\/tbody><\/table><\/figure>\n\n\n\n<p><strong>Otros indicios de calidad del medio<\/strong><\/p>\n\n\n\n<figure class=\"wp-block-table\"><table class=\"has-fixed-layout\"><tbody><tr><td><a><\/a><a><strong>Incluida en&nbsp;<\/strong><\/a><a href=\"http:\/\/mjl.clarivate.com\/\"><strong>Journal Master List<\/strong><\/a><strong><\/strong><\/td><td>Web of Science Core Collection: Science Citation Index Expanded&nbsp;Additional Web of Science Indexes: Current Contents Engineering, Computing &amp; Technology | Essential Science Indicators<\/td><\/tr><tr><td><a href=\"https:\/\/scholar.google.com\/citations?view_op=top_venues&amp;vq=es\"><strong>Google Scholar Metrics<\/strong><\/a><strong><\/strong><\/td><td>h5-index: 45 \/ h5-median: 82<\/td><\/tr><\/tbody><\/table><\/figure>\n\n\n\n<ul class=\"wp-block-list\">\n<li><strong>Evidencias de acceso abierto\u00a0<\/strong><\/li>\n<\/ul>\n\n\n\n<figure class=\"wp-block-table\"><table class=\"has-fixed-layout\"><tbody><tr><td><strong>REPOSITORIO<\/strong><\/td><td><strong>ENLACE&nbsp;<\/strong><\/td><td><strong>M\u00e9tricas<\/strong><\/td><\/tr><tr><td><a href=\"https:\/\/ruidera.uclm.es\/home\">RUIdeRA (Repositorio de la UCLM<\/a><\/td><td><a href=\"https:\/\/ruidera.uclm.es\/entities\/publication\/e12c50da-35b0-46f6-894b-7912df28086a\">Excursiona: A collaborative mobile application for excursions in nature (uclm.es)<\/a><\/td><td>38 descargas15 visitas<\/td><\/tr><\/tbody><\/table><\/figure>\n\n\n\n<ul class=\"wp-block-list\">\n<li><strong>Criterios m\u00ednimos que debe reunir un medio de difusi\u00f3n de la investigaci\u00f3n:<\/strong><\/li>\n<\/ul>\n\n\n\n<figure class=\"wp-block-table\"><table class=\"has-fixed-layout\"><tbody><tr><td colspan=\"2\"><strong>Criterios concernientes a la calidad de la revista como medio de comunicaci\u00f3n cient\u00edfica<\/strong><\/td><\/tr><tr><td>Identificaci\u00f3n de los miembros de los comit\u00e9s editoriales y cient\u00edficos<\/td><td>&nbsp;Si. Consejo editorial<\/td><\/tr><tr><td>Instrucciones detalladas a los autores<\/td><td>&nbsp;Si<\/td><\/tr><tr><td>Informaci\u00f3n sobre el proceso de evaluaci\u00f3n y selecci\u00f3n de manuscritos<\/td><td>&nbsp;Si<\/td><\/tr><tr><td>Traducci\u00f3n del sumario, t\u00edtulos, palabras clave y res\u00famenes en ingl\u00e9s<\/td><td>&nbsp;Solo en ingl\u00e9s<\/td><\/tr><tr><td colspan=\"2\"><strong>Criterios sobre la calidad del proceso editorial<\/strong><\/td><\/tr><tr><td>Periodicidad y regularidad<\/td><td>&nbsp;Cuatro n\u00fameros al a\u00f1o<\/td><\/tr><tr><td>Revisi\u00f3n por pares de los manuscritos , ciego, open peer review, etc.<\/td><td>&nbsp;Revisi\u00f3n anonimizada<\/td><\/tr><tr><td>Comunicaci\u00f3n motivada de la decisi\u00f3n de la&nbsp;editorial&nbsp;<\/td><td>&nbsp;Si<\/td><\/tr><tr><td>Existencia de un consejo asesor, o equivalente, con suficiente representatividad acad\u00e9mica y movilidad en su&nbsp;composici\u00f3n, formado por profesionales y personal investigador de reconocida solvencia, sin vinculaci\u00f3n institucional con&nbsp;la revista o editorial, orientado a marcar la pol\u00edtica editorial y someterla a evaluaci\u00f3n y auditor\u00eda.<\/td><td>&nbsp;Si<\/td><\/tr><\/tbody><\/table><\/figure>\n\n\n\n<p><strong>FUENTES<\/strong><\/p>\n\n\n\n<p>Dialnet m\u00e9tricas, Dimensions, Google Scholar, Opencitations, WOS, Scopus, SJR, ESI, Incites, MIAR, Researchgate, Altmetric, The Lens, PlumX, Twitter, Wikipedia, Ebsco, \u00cdndices CSIC, Proquest, Dialnet, DOAJ, Sello FECYT, CIRC, Carhus+2018, ERIHPLUS, REDIB, Latindex, Journal Master List, Google Scholar Metrics, RECOLECTA, OpenAIRE, Open Research Europe, Zenodo, Fighshare, GitHub, Scistarter, RUIdeRA, Ulrichweb, P\u00e1gina web de la revista.&nbsp;<\/p>\n","protected":false},"excerpt":{"rendered":"<p>\u00a0\u00a0\u00a0\u00a0\u00a0\u00a0\u00a0\u00a0\u00a0\u00a0\u00a0\u00a0\u00a0\u00a0\u00a0\u00a0\u00a0\u00a0\u00a0\u00a0\u00a0\u00a0\u00a0\u00a0\u00a0\u00a0\u00a0\u00a0\u00a0\u00a0\u00a0\u00a0\u00a0\u00a0\u00a0\u00a0\u00a0\u00a0\u00a0\u00a0\u00a0\u00a0&nbsp;&nbsp;&nbsp;&nbsp;&nbsp;&nbsp;&nbsp;&nbsp;&nbsp;&nbsp;&nbsp;&nbsp;&nbsp;&nbsp;&nbsp;&nbsp;&nbsp;&nbsp;&nbsp;&nbsp;&nbsp;&nbsp;&nbsp;&nbsp;&nbsp;&nbsp;&nbsp;&nbsp;&nbsp;&nbsp;&nbsp;&nbsp;&nbsp;&nbsp;&nbsp;&nbsp;&nbsp;&nbsp;&nbsp;&nbsp;&nbsp;&nbsp;Datos bibliogr\u00e1ficos Autor\/es Manuel Ortega Cordovilla, Sergio Garrido Merino, Crescencio Bravo Santos, Ana Isabel Molina D\u00edaz y Manuel Ortega Cantero N\u00famero de Autores 5 Posici\u00f3n que ocupa el solicitante entre ellos 5 En autor\u00eda m\u00faltiple:Taxonom\u00eda Credit(Contributor Roles Taxonomy)&nbsp; De acuerdo con lo que se expresa en el propio art\u00edculo en la referencia Credit:&nbsp;Manuel Ortega Cantero:&nbsp;Writing [&hellip;]<\/p>\n","protected":false},"author":57,"featured_media":0,"parent":0,"menu_order":0,"comment_status":"closed","ping_status":"closed","template":"","meta":{"footnotes":""},"class_list":["post-1961","page","type-page","status-publish","hentry"],"_links":{"self":[{"href":"https:\/\/blog.uclm.es\/manuelortega\/wp-json\/wp\/v2\/pages\/1961","targetHints":{"allow":["GET"]}}],"collection":[{"href":"https:\/\/blog.uclm.es\/manuelortega\/wp-json\/wp\/v2\/pages"}],"about":[{"href":"https:\/\/blog.uclm.es\/manuelortega\/wp-json\/wp\/v2\/types\/page"}],"author":[{"embeddable":true,"href":"https:\/\/blog.uclm.es\/manuelortega\/wp-json\/wp\/v2\/users\/57"}],"replies":[{"embeddable":true,"href":"https:\/\/blog.uclm.es\/manuelortega\/wp-json\/wp\/v2\/comments?post=1961"}],"version-history":[{"count":2,"href":"https:\/\/blog.uclm.es\/manuelortega\/wp-json\/wp\/v2\/pages\/1961\/revisions"}],"predecessor-version":[{"id":1986,"href":"https:\/\/blog.uclm.es\/manuelortega\/wp-json\/wp\/v2\/pages\/1961\/revisions\/1986"}],"wp:attachment":[{"href":"https:\/\/blog.uclm.es\/manuelortega\/wp-json\/wp\/v2\/media?parent=1961"}],"curies":[{"name":"wp","href":"https:\/\/api.w.org\/{rel}","templated":true}]}}