{"id":1958,"date":"2025-01-16T09:35:01","date_gmt":"2025-01-16T09:35:01","guid":{"rendered":"https:\/\/blog.uclm.es\/manuelortega\/?page_id=1958"},"modified":"2025-01-29T10:58:43","modified_gmt":"2025-01-29T10:58:43","slug":"universal-access-in-the-information-society","status":"publish","type":"page","link":"https:\/\/blog.uclm.es\/manuelortega\/universal-access-in-the-information-society\/","title":{"rendered":"Universal Access in the Information Society"},"content":{"rendered":"\n<p><strong>&nbsp;&nbsp;&nbsp;&nbsp;&nbsp;&nbsp;&nbsp;&nbsp;&nbsp;&nbsp;&nbsp;&nbsp;&nbsp;&nbsp;&nbsp;&nbsp;&nbsp;&nbsp;&nbsp;&nbsp;&nbsp;&nbsp;&nbsp;&nbsp;&nbsp;&nbsp;&nbsp;&nbsp;&nbsp;&nbsp;&nbsp;&nbsp;&nbsp;&nbsp;&nbsp;&nbsp;<\/strong><strong>&nbsp;&nbsp;&nbsp;&nbsp;&nbsp;&nbsp;&nbsp;&nbsp;&nbsp;&nbsp;&nbsp;&nbsp;&nbsp;&nbsp;&nbsp;&nbsp;&nbsp;&nbsp;&nbsp;&nbsp;&nbsp;&nbsp;&nbsp;&nbsp;&nbsp;&nbsp;&nbsp;&nbsp;&nbsp;&nbsp;&nbsp;&nbsp;&nbsp;&nbsp;&nbsp;&nbsp;&nbsp;&nbsp;&nbsp;&nbsp;&nbsp;&nbsp;Datos bibliogr\u00e1ficos<\/strong><\/p>\n\n\n\n<figure class=\"wp-block-table\"><table class=\"has-fixed-layout\"><tbody><tr><td><strong>Autor\/es<\/strong><\/td><td>Ana I. Molina, Yoel Arroyo, Carmen Lacave, Miguel A. Redondo, Crescencio Bravo &amp; <strong>Manuel Ortega<\/strong><\/td><\/tr><\/tbody><\/table><\/figure>\n\n\n\n<figure class=\"wp-block-table\"><table class=\"has-fixed-layout\"><tbody><tr><td><strong>N\u00famero de Autores<\/strong><\/td><td>6<\/td><td><strong>Posici\u00f3n que ocupa el solicitante entre ellos<\/strong><em><\/em><\/td><td>6<\/td><\/tr><\/tbody><\/table><\/figure>\n\n\n\n<figure class=\"wp-block-table\"><table class=\"has-fixed-layout\"><tbody><tr><td><strong>En autor\u00eda m\u00faltiple:<\/strong><a href=\"https:\/\/credit.niso.org\/\"><strong>Taxonom\u00eda Credit<\/strong><\/a><strong><\/strong><strong>(Contributor Roles Taxonomy)<\/strong><strong><\/strong><strong>&nbsp;<\/strong><\/td><td><em>El art\u00edculo refleja el trabajo del grupo de Investigaci\u00f3n CHICO en general durante un gran n\u00famero de a\u00f1os y proyectos financiados en seguimiento ocular. La participaci\u00f3n es bastante igualitaria aunque la redacci\u00f3n del art\u00edculo recay\u00f3 principalmente en la primera autora con contribuciones de los dem\u00e1s participantes.Los experimentos fueron realizados entre todos los participantes en el art\u00edculo.&nbsp;<\/em><em>&nbsp;<\/em><\/td><\/tr><\/tbody><\/table><\/figure>\n\n\n\n<figure class=\"wp-block-table\"><table class=\"has-fixed-layout\"><tbody><tr><td><strong>T\u00edtulo de la revista y a\u00f1o<\/strong><\/td><td>Universal Access in the Information Society, 2024<\/td><\/tr><tr><td><strong>Referencia del art\u00edculo<\/strong><\/td><td>Eye tracking-based evaluation of accessible and usable interactive systems: tool set of guidelines and methodological issues<\/td><\/tr><tr><td><strong>DOI\/Enlace<\/strong><\/td><td>https:\/\/doi.org\/10.1007\/s10209-023-01083-x<\/td><\/tr><tr><td><strong>Editorial<\/strong><\/td><td>Springer<\/td><\/tr><tr><td><strong>ISSN<\/strong><\/td><td>Electronic ISSN: 1615-5297Print ISSN: 1615-5289<\/td><\/tr><\/tbody><\/table><\/figure>\n\n\n\n<ul class=\"wp-block-list\">\n<li><strong>Evidencias a nivel de aportaci\u00f3n<\/strong><\/li>\n<\/ul>\n\n\n\n<figure class=\"wp-block-table\"><table class=\"has-fixed-layout\"><tbody><tr><td colspan=\"2\"><strong>CITAS, USO, LECTURA, INFLUENCIA Y VISIBILIDAD SOCIAL<\/strong><\/td><\/tr><tr><td><a href=\"https:\/\/app.dimensions.ai\/discover\/publication\">Dimensions<\/a>&nbsp;(FCR)(Altmetrics?)<strong><\/strong><\/td><td><a href=\"https:\/\/app.dimensions.ai\/details\/publication\/pub.1167862878?search_mode=content&amp;search_text=Eye%20tracking-based%20evaluation%20of%20accessible%20and%20usable%20interactive%20systems&amp;search_type=kws&amp;search_field=text_search\">5&nbsp;Citation<\/a><\/td><\/tr><tr><td><a href=\"https:\/\/scholar.google.es\/\">Google Scholar<\/a><strong><\/strong><\/td><td><a href=\"https:\/\/scholar.google.com.mx\/scholar?cites=7039476529199121660&amp;as_sdt=2005&amp;sciodt=0,5&amp;hl=es\">5&nbsp;cita<\/a><\/td><\/tr><tr><td><a href=\"https:\/\/www.lens.org\/lens\/scholar\/article\/155-513-141-331-183\/main\">The Lens<\/a><\/td><td>Indexado sin citas<\/td><\/tr><tr><td><a href=\"http:\/\/wos.fecyt.es\/\">WOS<\/a>&nbsp;(Uso en WOS)<\/td><td><a href=\"https:\/\/www.webofscience.com\/wos\/woscc\/full-record\/WOS:001140418400001\">&nbsp;1 Citations<\/a><a href=\"https:\/\/www.webofscience.com\/wos\/woscc\/full-record\/WOS:001140418400001\">156 Cited References<\/a><a href=\"https:\/\/www.webofscience.com\/wos\/woscc\/full-record\/WOS:001140418400001\">Use in WOS: 11 last 180 days<\/a><a href=\"https:\/\/www.webofscience.com\/wos\/woscc\/full-record\/WOS:001140418400001\">&nbsp;&nbsp;&nbsp;&nbsp;&nbsp;&nbsp;&nbsp;&nbsp;&nbsp;&nbsp;&nbsp;&nbsp;&nbsp;&nbsp;&nbsp;&nbsp;&nbsp;&nbsp;&nbsp;&nbsp;&nbsp;&nbsp;&nbsp;14 since 2013&nbsp;&nbsp;&nbsp;&nbsp;&nbsp;&nbsp;&nbsp;&nbsp;&nbsp;<\/a>&nbsp;<\/td><\/tr><tr><td><a href=\"https:\/\/www.scopus.com\/freelookup\/form\/author.uri\">Scopus<\/a>&nbsp;(FWCI)(PlumX)<\/td><td>2 citas&nbsp;<\/td><\/tr><tr><td><a href=\"https:\/\/www.researchgate.net\/publication\/377332549_Eye_tracking-based_evaluation_of_accessible_and_usable_interactive_systems_tool_set_of_guidelines_and_methodological_issues\/citations\">Researchgate<\/a><\/td><td>Research Interest Score 6.1Citations 4Recommendations 1Reads 193<\/td><\/tr><tr><td>P\u00e1gina web de la revista<\/td><td><a href=\"https:\/\/link.springer.com\/article\/10.1007\/s10209-023-01083-x\">2352&nbsp;visualizaciones<\/a><\/td><\/tr><\/tbody><\/table><\/figure>\n\n\n\n<p>Citas:<\/p>\n\n\n\n<p>Barresi, G. (2024). Neuroergonomics for Human-Centered Technological Contexts. In A. Fabris &amp; S. Belardinelli (Eds.),&nbsp;<em>Digital Environments and Human Relations: Ethical Perspectives on AI Issues<\/em>&nbsp;(pp. 61-85). Cham: Springer Nature Switzerland.<\/p>\n\n\n\n<p>Kochanowicz, A. M., &amp; Paw\u0142owski, L. (2024). Enhancing Interaction: The Crucial Role of Eye-Tracking Technology in Assessing Children with Profound Intellectual and Multiple Disabilities in Poland.&nbsp;<em>Multidisciplinary Journal of School Education, 13<\/em>(2 (26)), 229-250. doi:10.35765\/mjse.2024.1326\/11<\/p>\n\n\n\n<p>Molina, A. I., Bravo, C., Gallardo, J., Lacave, C., &amp; Redondo, M. A. (2025). Awareness support in collaborative programming tools: An evaluation based on programmer&#8217;s perception and eye tracking.&nbsp;<em>Journal of Systems and Software, 220<\/em>, 112276. doi:https:\/\/doi.org\/10.1016\/j.jss.2024.112276<\/p>\n\n\n\n<p>\u015eeng\u00fcn, S. (2024). Eye Tracking in VR: A Case Study of \u201cMissing\u201d. In&nbsp;<em>Serious Games<\/em>&nbsp;(pp. 408-413).<\/p>\n\n\n\n<p>von Schmettau, N., Bagoly-Sim\u00f3, P., &amp; K\u00e1d\u00e1r, A. (2024). Eye-Tracking in Formal Education. Understanding Map Reading Skills and Their Development.&nbsp;<em>Abstracts of the ICA, 7<\/em>, 181. doi:10.5194\/ica-abs-7-181-2024<\/p>\n\n\n\n<figure class=\"wp-block-table\"><table class=\"has-fixed-layout\"><tbody><tr><td colspan=\"2\"><strong>INCLUSI\u00d3N EN OTRAS BASES DE DATOS&nbsp;<\/strong><\/td><\/tr><tr><td><a href=\"https:\/\/web.p.ebscohost.com\/ehost\/error?vid=2&amp;sid=f53bacef-922f-4815-9579-e68f279d7000%40redis\">Ebsco<\/a><\/td><td>E-Journals<\/td><\/tr><\/tbody><\/table><\/figure>\n\n\n\n<ul class=\"wp-block-list\">\n<li><strong>Evidencias a nivel del medio de difusi\u00f3n<\/strong><\/li>\n<\/ul>\n\n\n\n<p><strong><a href=\"https:\/\/jcr.clarivate.com\/jcr-jp\/journal-profile?journal=REV%20EDUC&amp;year=2017&amp;fromPage=%2Fjcr%2Fhome\">JCR 2023<\/a><\/strong><\/p>\n\n\n\n<figure class=\"wp-block-table\"><table class=\"has-fixed-layout\"><tbody><tr><td><strong>Journal Impact Factor (JIF)<\/strong><\/td><td>2.1<\/td><\/tr><tr><td><strong>Journal Citation Indicator (JCI)<\/strong><\/td><td>0.47<\/td><\/tr><tr><td><strong>Categor\u00eda seg\u00fan JIF<\/strong><\/td><td>CATEGORIA: COMPUTER SCIENCE, CYBERNETICSEDITION: Science Citation Index Expanded (SCIE)RANK: 20\/32QUARTILE: Q3PERCENTILE: 39.1&nbsp;CATEGORIA: ERGONOMICSEDITION: Social Sciences Citation Index (SSCI)RANK: 14\/24QUARTILE: Q3PERCENTILE: 43.8<\/td><\/tr><tr><td><strong>Categor\u00eda seg\u00fan JCI<\/strong><\/td><td>CATEGORIA: COMPUTER SCIENCE, CYBERNETICSRANK: 14\/32QUARTILE: Q2PERCENTILE: 57.81&nbsp;CATEGORIA: ERGONOMICSRANK: 17\/24QUARTILE: Q3PERCENTILE: 31.25<\/td><\/tr><tr><td><strong>N\u00famero de citas en JCR<\/strong><\/td><td>2,073<\/td><\/tr><tr><td><strong>Eigenfactor Score<\/strong><\/td><td>0.00172<\/td><\/tr><tr><td><strong>Normalized Eigenfactor<\/strong><\/td><td>0.37645<\/td><\/tr><tr><td><strong>Article Influence score (AIS)<\/strong><\/td><td>0.494<\/td><\/tr><\/tbody><\/table><\/figure>\n\n\n\n<p><strong><a href=\"https:\/\/www.scopus.com\/sources.uri?zone=TopNavBar&amp;origin=searchauthorfreelookup\">SCOPUS 2023<\/a><\/strong><\/p>\n\n\n\n<figure class=\"wp-block-table\"><table class=\"has-fixed-layout\"><tbody><tr><td><strong>Citescore 2023<\/strong><\/td><td>6.1<\/td><\/tr><tr><td><strong>Categor\u00eda, subcategor\u00eda y ranking:&nbsp;<\/strong><\/td><td>CATEGORIA: Computer ScienceSUBCATEGOR\u00cdA: Computer Networks and CommunicationsRANK: 115\/395PERCENTILE: 71st&nbsp;CATEGORIA: Computer ScienceSUBCATEGOR\u00cdA: Information SystemsRANK: 118\/394PERCENTILE: 70th&nbsp;CATEGORIA: Computer ScienceSUBCATEGOR\u00cdA: SoftwareRANK: 135\/407PERCENTILE: 66th&nbsp;CATEGORIA: Computer ScienceSUBCATEGOR\u00cdA: Human-Computer InteractionRANK: 60\/145PERCENTILE: 58th<\/td><\/tr><\/tbody><\/table><\/figure>\n\n\n\n<p><a href=\"https:\/\/www.scimagojr.com\/\"><strong>SJR<\/strong><\/a><strong>&nbsp;2023<\/strong><strong><\/strong><\/p>\n\n\n\n<figure class=\"wp-block-table\"><table class=\"has-fixed-layout\"><tbody><tr><td><strong>SJR\/SNIP<\/strong><\/td><td>0.611<\/td><\/tr><tr><td><strong>Categor\u00eda, posici\u00f3n que ocupa en la categor\u00eda y cuartil<\/strong><\/td><td>CATEGORIA: Computer ScienceSUBCATEGOR\u00cdA: Computer Networks and CommunicationsRANK: 147\/386CUARTIL: Q2<\/td><\/tr><tr><td><strong>H Index<\/strong><\/td><td>52<\/td><\/tr><\/tbody><\/table><\/figure>\n\n\n\n<p><strong>M\u00e9tricas sobre calidad en la gesti\u00f3n del medio<\/strong><\/p>\n\n\n\n<figure class=\"wp-block-table\"><table class=\"has-fixed-layout\"><tbody><tr><td><a href=\"https:\/\/miar.ub.edu\/\"><strong>M<\/strong><strong>IAR<\/strong><\/a><strong><\/strong><\/td><td>Indizada en: Science Citation Index Expanded (Clarivate), Scopus (ELSEVIER), Social Sciences Citation Index (Clarivate), IBZ Online (De Gruyter), Advanced Technologies &amp; Aerospace Database (ProQuest), Compendex (ELSEVIER), INSPEC (The Institution of Engineering and Technology), Library, Information Science &amp; Technology Abstracts &#8211; LISTA (EBSCO), Technology Collection (ProQuest)&nbsp;Evaluada en: CARHUS Plus+ 2018JUFO Portal &#8211; Levels 1, 2, 3 (Federation of Finnish Learned Societies)The Register for Scientific Journals, Series and Publishers &#8211; Levels 1, 2 (Norwegian Directorate for Higher Education and Skills)<\/td><\/tr><\/tbody><\/table><\/figure>\n\n\n\n<p><strong>Otros indicios de calidad del medio<\/strong><\/p>\n\n\n\n<figure class=\"wp-block-table\"><table class=\"has-fixed-layout\"><tbody><tr><td><strong>Categor\u00eda&nbsp;<\/strong><a href=\"https:\/\/www.clasificacioncirc.es\/\"><strong>CIRC<\/strong><\/a><strong><\/strong><\/td><td>Ciencias Sociales ACiencias humanas No aplica<\/td><\/tr><tr><td><strong>Categor\u00eda&nbsp;<\/strong><a href=\"http:\/\/agaur.gencat.cat\/es\/avaluacio\/carhus\/\"><strong>Carhus+<\/strong><\/a><strong>2<\/strong><strong>018<\/strong><strong><\/strong><\/td><td>\u00c1mbito: Comunicaci\u00f3n e informaci\u00f3nValoraci\u00f3n: A<\/td><\/tr><tr><td><strong>Incluida en&nbsp;<\/strong><a href=\"http:\/\/mjl.clarivate.com\/\"><strong>Journal Master List<\/strong><\/a><strong><\/strong><\/td><td>Web of Science Core Collection: Science Citation Index Expanded | Social Sciences Citation Index&nbsp;Additional Web of Science Indexes: Current Contents Engineering, Computing &amp; Technology | Current Contents Social And Behavioral Sciences | Essential Science Indicators<\/td><\/tr><tr><td><a href=\"https:\/\/scholar.google.com\/citations?view_op=top_venues&amp;vq=es\"><strong>Google Scholar Metrics<\/strong><\/a><strong><\/strong><\/td><td>h5-index: 46h5-median: 61<\/td><\/tr><\/tbody><\/table><\/figure>\n\n\n\n<ul class=\"wp-block-list\">\n<li><strong>Evidencias de acceso abierto&nbsp;<\/strong><\/li>\n<\/ul>\n\n\n\n<figure class=\"wp-block-table\"><table class=\"has-fixed-layout\"><tbody><tr><td><strong>REPOSITORIO<\/strong><\/td><td><strong>ENLACE&nbsp;<\/strong><\/td><td><strong>M\u00e9tricas<\/strong><\/td><\/tr><tr><td><a href=\"https:\/\/recolecta.fecyt.es\/\">RECOLECTA<\/a><\/td><td><a href=\"https:\/\/buscador.recolecta.fecyt.es\/buscador-recolecta-detalle?search_api_fulltext=&amp;_indexrecordidentifier=ruidera_____::a30c485e3f962d1a8ae00059ff676b1c&amp;repositoryname=RUIdeRA.%20Repositorio%20Institucional%20de%20la%20UCLM&amp;creator=Molina%20D%C3%ADaz&amp;title=Eye%20tracking-based%20evaluation%20of%20accessible&amp;date=2024&amp;cobjcategory=&amp;items_per_page=10\">Buscador | Buscador (fecyt.es)<\/a><\/td><td>No<\/td><\/tr><tr><td><a href=\"https:\/\/ruidera.uclm.es\/home\">RUIdeRA (Repositorio de la UCLM<\/a><\/td><td><a href=\"https:\/\/ruidera.uclm.es\/entities\/publication\/d28dc01c-0059-48dd-b180-0d7df5dd2a4d\">Eye tracking-based evaluation of accessible and usable interactive systems: tool set of guidelines and methodological issues (uclm.es)<\/a><\/td><td>35 descargas<\/td><\/tr><\/tbody><\/table><\/figure>\n\n\n\n<ul class=\"wp-block-list\">\n<li><strong>Criterios m\u00ednimos que debe reunir un medio de difusi\u00f3n de la investigaci\u00f3n:&nbsp;<\/strong><\/li>\n<\/ul>\n\n\n\n<figure class=\"wp-block-table\"><table class=\"has-fixed-layout\"><tbody><tr><td colspan=\"2\"><strong>Criterios concernientes a la calidad de la revista como medio de comunicaci\u00f3n cient\u00edfica<\/strong><\/td><\/tr><tr><td>Identificaci\u00f3n de los miembros de los comit\u00e9s editoriales y cient\u00edficos<\/td><td>&nbsp;Si. Consejo editorial<\/td><\/tr><tr><td>Instrucciones detalladas a los autores<\/td><td>&nbsp;Si.&nbsp;<\/td><\/tr><tr><td>Informaci\u00f3n sobre el proceso de evaluaci\u00f3n y selecci\u00f3n de manuscritos<\/td><td>&nbsp;Si.<\/td><\/tr><tr><td>Traducci\u00f3n del sumario, t\u00edtulos, palabras clave y res\u00famenes en ingl\u00e9s<\/td><td>&nbsp;Solo en ingl\u00e9s<\/td><\/tr><tr><td colspan=\"2\"><strong>Criterios sobre la calidad del proceso editorial<\/strong><\/td><\/tr><tr><td>Periodicidad y regularidad<\/td><td>&nbsp;Trimestral<\/td><\/tr><tr><td>Revisi\u00f3n por pares de los manuscritos , ciego, open peer review, etc.<\/td><td>&nbsp;Revisi\u00f3n simple ciego<\/td><\/tr><tr><td>Comunicaci\u00f3n motivada de la decisi\u00f3n de la&nbsp;editorial&nbsp;<\/td><td>&nbsp;Si<\/td><\/tr><tr><td>Existencia de un consejo asesor, o equivalente, con suficiente representatividad acad\u00e9mica y movilidad en su&nbsp;composici\u00f3n, formado por profesionales y personal investigador de reconocida solvencia, sin vinculaci\u00f3n institucional con&nbsp;la revista o editorial, orientado a marcar la pol\u00edtica editorial y someterla a evaluaci\u00f3n y auditor\u00eda.<\/td><td>&nbsp;Si<\/td><\/tr><\/tbody><\/table><\/figure>\n\n\n\n<p><strong>FUENTES<\/strong><\/p>\n\n\n\n<p>Dialnet m\u00e9tricas, Dimensions, Google Scholar, Opencitations, WOS, Scopus, SJR, ESI, Incites, MIAR, Researchgate, Altmetric, The Lens, PlumX, Twitter, Wikipedia, Ebsco, \u00cdndices CSIC, Proquest, Dialnet, DOAJ, Sello FECYT, CIRC, Carhus+2018, ERIHPLUS, REDIB, Latindex, Journal Master List, Google Scholar Metrics, RECOLECTA, OpenAIRE, Open Research Europe, Zenodo, Fighshare, GitHub, Scistarter, RUIdeRA, Ulrichweb, P\u00e1gina web de la revista.&nbsp;<\/p>\n","protected":false},"excerpt":{"rendered":"<p>&nbsp;&nbsp;&nbsp;&nbsp;&nbsp;&nbsp;&nbsp;&nbsp;&nbsp;&nbsp;&nbsp;&nbsp;&nbsp;&nbsp;&nbsp;&nbsp;&nbsp;&nbsp;&nbsp;&nbsp;&nbsp;&nbsp;&nbsp;&nbsp;&nbsp;&nbsp;&nbsp;&nbsp;&nbsp;&nbsp;&nbsp;&nbsp;&nbsp;&nbsp;&nbsp;&nbsp;&nbsp;&nbsp;&nbsp;&nbsp;&nbsp;&nbsp;&nbsp;&nbsp;&nbsp;&nbsp;&nbsp;&nbsp;&nbsp;&nbsp;&nbsp;&nbsp;&nbsp;&nbsp;&nbsp;&nbsp;&nbsp;&nbsp;&nbsp;&nbsp;&nbsp;&nbsp;&nbsp;&nbsp;&nbsp;&nbsp;&nbsp;&nbsp;&nbsp;&nbsp;&nbsp;&nbsp;&nbsp;&nbsp;&nbsp;&nbsp;&nbsp;&nbsp;Datos bibliogr\u00e1ficos Autor\/es Ana I. Molina, Yoel Arroyo, Carmen Lacave, Miguel A. Redondo, Crescencio Bravo &amp; Manuel Ortega N\u00famero de Autores 6 Posici\u00f3n que ocupa el solicitante entre ellos 6 En autor\u00eda m\u00faltiple:Taxonom\u00eda Credit(Contributor Roles Taxonomy)&nbsp; El art\u00edculo refleja el trabajo del grupo de Investigaci\u00f3n CHICO en general durante un gran n\u00famero de a\u00f1os y [&hellip;]<\/p>\n","protected":false},"author":57,"featured_media":0,"parent":0,"menu_order":0,"comment_status":"closed","ping_status":"closed","template":"","meta":{"footnotes":""},"class_list":["post-1958","page","type-page","status-publish","hentry"],"_links":{"self":[{"href":"https:\/\/blog.uclm.es\/manuelortega\/wp-json\/wp\/v2\/pages\/1958","targetHints":{"allow":["GET"]}}],"collection":[{"href":"https:\/\/blog.uclm.es\/manuelortega\/wp-json\/wp\/v2\/pages"}],"about":[{"href":"https:\/\/blog.uclm.es\/manuelortega\/wp-json\/wp\/v2\/types\/page"}],"author":[{"embeddable":true,"href":"https:\/\/blog.uclm.es\/manuelortega\/wp-json\/wp\/v2\/users\/57"}],"replies":[{"embeddable":true,"href":"https:\/\/blog.uclm.es\/manuelortega\/wp-json\/wp\/v2\/comments?post=1958"}],"version-history":[{"count":4,"href":"https:\/\/blog.uclm.es\/manuelortega\/wp-json\/wp\/v2\/pages\/1958\/revisions"}],"predecessor-version":[{"id":1985,"href":"https:\/\/blog.uclm.es\/manuelortega\/wp-json\/wp\/v2\/pages\/1958\/revisions\/1985"}],"wp:attachment":[{"href":"https:\/\/blog.uclm.es\/manuelortega\/wp-json\/wp\/v2\/media?parent=1958"}],"curies":[{"name":"wp","href":"https:\/\/api.w.org\/{rel}","templated":true}]}}