{"id":1940,"date":"2025-01-16T09:07:04","date_gmt":"2025-01-16T09:07:04","guid":{"rendered":"https:\/\/blog.uclm.es\/manuelortega\/?page_id=1940"},"modified":"2025-02-01T08:48:57","modified_gmt":"2025-02-01T08:48:57","slug":"journal-of-ambient-intelligence-and-humanized-computing","status":"publish","type":"page","link":"https:\/\/blog.uclm.es\/manuelortega\/journal-of-ambient-intelligence-and-humanized-computing\/","title":{"rendered":"Journal of Ambient Intelligence and Humanized Computing"},"content":{"rendered":"\n<p><strong>&nbsp;&nbsp;&nbsp;&nbsp;&nbsp;&nbsp;&nbsp;&nbsp;&nbsp;&nbsp;&nbsp;&nbsp;&nbsp;&nbsp;&nbsp;&nbsp;&nbsp;&nbsp;&nbsp;&nbsp;&nbsp;&nbsp;&nbsp;&nbsp;&nbsp;&nbsp;&nbsp;&nbsp;&nbsp;&nbsp;&nbsp;&nbsp;&nbsp;&nbsp;&nbsp;<\/strong><strong>&nbsp;&nbsp;&nbsp;&nbsp;&nbsp;&nbsp;&nbsp;&nbsp;&nbsp;&nbsp;&nbsp;&nbsp;&nbsp;&nbsp;&nbsp;&nbsp;&nbsp;&nbsp;&nbsp;&nbsp;&nbsp;&nbsp;&nbsp;&nbsp;&nbsp;&nbsp;&nbsp;&nbsp;&nbsp;&nbsp;&nbsp;&nbsp;&nbsp;&nbsp;&nbsp;&nbsp;&nbsp;&nbsp;&nbsp;&nbsp;&nbsp;&nbsp;Datos bibliogr\u00e1ficos<\/strong><\/p>\n\n\n\n<figure class=\"wp-block-table\"><table class=\"has-fixed-layout\"><tbody><tr><td><strong>Autor\/es<\/strong><\/td><td>C\u00e9sar A. Collazos, Francisco L. Guti\u00e9rrez, Jes\u00fas Gallardo, <strong>Manuel Ortega<\/strong>, Habib M. Fardoun &amp; Ana Isabel Molina<\/td><\/tr><\/tbody><\/table><\/figure>\n\n\n\n<figure class=\"wp-block-table\"><table class=\"has-fixed-layout\"><tbody><tr><td><strong>N\u00famero de Autores<\/strong><\/td><td>6<\/td><td><strong>Posici\u00f3n que ocupa el solicitante entre ellos<\/strong><em><\/em><\/td><td>4<\/td><\/tr><\/tbody><\/table><\/figure>\n\n\n\n<figure class=\"wp-block-table\"><table class=\"has-fixed-layout\"><tbody><tr><td><strong>En autor\u00eda m\u00faltiple:<\/strong><a href=\"https:\/\/credit.niso.org\/\"><strong>Taxonom\u00eda Credit<\/strong><\/a><strong><\/strong><strong>(Contributor Roles Taxonomy)<\/strong><strong><\/strong><strong>&nbsp;<\/strong><\/td><td><em>&nbsp;El art\u00edculo comenz\u00f3 su andadura cuando el investigador de la Universidad del Cauca (Colombia), C\u00e9sar Alberto Collazos, realiz\u00f3 un postdoctorado en la Universidad de Castilla \u2013 La Mancha en el grupo CHICO de la UCLM, donde Manuel Ortega era director de dicho grupo de Investigaci\u00f3n, la elaboraci\u00f3n de la investigaci\u00f3n previa se prolong\u00f3 durante varios a\u00f1os y requiri\u00f3 la colaboraci\u00f3n de muchos investigadores, seis, de los que Manuel Ortega figura en la posici\u00f3n cuatro ya que adem\u00e1s de participar activamente en la definici\u00f3n, desarrollo y escritura del art\u00edculo tuvo un papel importante en la direcci\u00f3n de la investigaci\u00f3n.<\/em><\/td><\/tr><\/tbody><\/table><\/figure>\n\n\n\n<figure class=\"wp-block-table\"><table class=\"has-fixed-layout\"><tbody><tr><td><strong>T\u00edtulo de la revista y a\u00f1o<\/strong><\/td><td>Journal of Ambient Intelligence and Humanized Computing, 2019<\/td><\/tr><tr><td><strong>Referencia del art\u00edculo<\/strong><\/td><td>Descriptive theory of awareness for groupware development<\/td><\/tr><tr><td><strong>DOI\/Enlace<\/strong><\/td><td><a href=\"https:\/\/doi.org\/10.1007\/s12652-018-1165-9\">https:\/\/doi.org\/10.1007\/s12652-018-1165-9<\/a><\/td><\/tr><tr><td><strong>Editorial<\/strong><\/td><td>Springer<\/td><\/tr><tr><td><strong>ISSN<\/strong><\/td><td>Electronic ISSN: 1868-5145Print ISSN: 1868-5137<\/td><\/tr><\/tbody><\/table><\/figure>\n\n\n\n<ul class=\"wp-block-list\">\n<li><strong>Evidencias a nivel de aportaci\u00f3n<\/strong><\/li>\n<\/ul>\n\n\n\n<figure class=\"wp-block-table\"><table class=\"has-fixed-layout\"><tbody><tr><td colspan=\"2\"><strong>CITAS, USO, LECTURA, INFLUENCIA Y VISIBILIDAD SOCIAL<\/strong><\/td><\/tr><tr><td><a href=\"https:\/\/app.dimensions.ai\/discover\/publication\">Dimensions<\/a>&nbsp;(FCR)(Altmetrics?)<strong><\/strong><\/td><td><a href=\"https:\/\/app.dimensions.ai\/details\/publication\/pub.1110639027?search_mode=content&amp;search_text=Descriptive%20theory%20of%20awareness%20for%20groupware%20development&amp;search_type=kws&amp;search_field=text_search\">46 Citations  <\/a><a href=\"https:\/\/app.dimensions.ai\/details\/publication\/pub.1110639027?search_mode=content&amp;search_text=Descriptive%20theory%20of%20awareness%20for%20groupware%20development&amp;search_type=kws&amp;search_field=text_search\">18 Recent citations<\/a>  <a href=\"https:\/\/app.dimensions.ai\/details\/publication\/pub.1110639027?search_mode=content&amp;search_text=Descriptive%20theory%20of%20awareness%20for%20groupware%20development&amp;search_type=kws&amp;search_field=text_search\">12,62 Field Citation Ratio<\/a>.<a href=\"https:\/\/app.dimensions.ai\/details\/publication\/pub.1110639027?search_mode=content&amp;search_text=Descriptive%20theory%20of%20awareness%20for%20groupware%20development&amp;search_type=kws&amp;search_field=text_search\"> Altmetrics: 1 (1 menci\u00f3n por un usuario de X y 78 lectores en Mendeley)<\/a><\/td><\/tr><tr><td><a href=\"https:\/\/scholar.google.es\/\">Google Scholar<\/a><strong><\/strong><\/td><td><a href=\"https:\/\/scholar.google.com.mx\/scholar?cites=11359726915026482808&amp;as_sdt=2005&amp;sciodt=0,5&amp;hl=es\">64&nbsp;citas<\/a><\/td><\/tr><tr><td><a href=\"https:\/\/opencitations.net\/\">Opencitations<\/a><strong><\/strong><\/td><td><a href=\"https:\/\/opencitations.net\/index\/search?text=10.1007%2Fs12652-018-1165-9&amp;rule=citeddoi\">26 citas<\/a><\/td><\/tr><tr><td><a href=\"https:\/\/www.lens.org\/lens\/scholar\/article\/155-513-141-331-183\/main\">The Lens<\/a><\/td><td><a href=\"https:\/\/www.lens.org\/lens\/scholar\/article\/056-776-628-367-87X\/main\">40&nbsp;citas<\/a><\/td><\/tr><tr><td><a href=\"http:\/\/wos.fecyt.es\/\">WOS<\/a>&nbsp;(Uso en WOS)<\/td><td><a href=\"https:\/\/www.webofscience.com\/wos\/woscc\/full-record\/WOS:000497969900014\">&nbsp;31&nbsp;Citations  <\/a><a href=\"https:\/\/www.webofscience.com\/wos\/woscc\/full-record\/WOS:000497969900014\">31&nbsp;Times Cited in All Databases<\/a>. <a href=\"https:\/\/www.webofscience.com\/wos\/woscc\/full-record\/WOS:000497969900014\">219 Cited references  <\/a><a href=\"https:\/\/www.webofscience.com\/wos\/woscc\/full-record\/WOS:000497969900014\">Use in WOS: 1 last 180 days<\/a><a href=\"https:\/\/www.webofscience.com\/wos\/woscc\/full-record\/WOS:000497969900014\">&nbsp;&nbsp;16 since 2013&nbsp;&nbsp;&nbsp;&nbsp;&nbsp;&nbsp;&nbsp;&nbsp;&nbsp;<\/a>&nbsp;<\/td><\/tr><tr><td><a href=\"https:\/\/www.scopus.com\/freelookup\/form\/author.uri\">Scopus<\/a>&nbsp;(FWCI)(PlumX)<\/td><td><a href=\"https:\/\/www.scopus.com\/record\/display.uri?eid=2-s2.0-85058635832&amp;origin=resultslist&amp;sort=plf-f&amp;src=s&amp;sid=1f4e72ebcc67ff39020822695a633a7c&amp;sot=b&amp;sdt=b&amp;s=DOI%2810.1007%2Fs12652-018-1165-9%29&amp;sl=30&amp;sessionSearchId=1f4e72ebcc67ff39020822695a633a7c&amp;relpos=0&amp;retries=1#metrics\">42 Citations in Scopus<\/a>.<a href=\"https:\/\/www.scopus.com\/record\/display.uri?eid=2-s2.0-85058635832&amp;origin=resultslist&amp;sort=plf-f&amp;src=s&amp;sid=1f4e72ebcc67ff39020822695a633a7c&amp;sot=b&amp;sdt=b&amp;s=DOI%2810.1007%2Fs12652-018-1165-9%29&amp;sl=30&amp;sessionSearchId=1f4e72ebcc67ff39020822695a633a7c&amp;relpos=0&amp;retries=1#metrics\"> 2.73 Field-Weighted citation impact<\/a>.<a href=\"https:\/\/www.scopus.com\/record\/display.uri?eid=2-s2.0-85058635832&amp;origin=resultslist&amp;sort=plf-f&amp;src=s&amp;sid=1f4e72ebcc67ff39020822695a633a7c&amp;sot=b&amp;sdt=b&amp;s=DOI%2810.1007%2Fs12652-018-1165-9%29&amp;sl=30&amp;sessionSearchId=1f4e72ebcc67ff39020822695a633a7c&amp;relpos=0&amp;retries=1#metrics\"> 79 Views count 2015-2024<\/a> <a href=\"https:\/\/www.scopus.com\/record\/display.uri?eid=2-s2.0-85058635832&amp;origin=resultslist&amp;sort=plf-f&amp;src=s&amp;sid=1f4e72ebcc67ff39020822695a633a7c&amp;sot=b&amp;sdt=b&amp;s=DOI%2810.1007%2Fs12652-018-1165-9%29&amp;sl=30&amp;sessionSearchId=1f4e72ebcc67ff39020822695a633a7c&amp;relpos=0&amp;retries=1#metrics\">PlumX: 32 citas en CrossRef;   74 lectores en Mendeley; y 40 compartidos, me gusta y comentarios en Facebook<\/a><\/td><\/tr><tr><td><a href=\"https:\/\/esi.clarivate.com\/IndicatorsAction.action?app=esi&amp;Init=Yes&amp;authCode=YG5jrxcdaLANFBaRH-VNY339byvIloiyHBMFtCEKzB4&amp;SrcApp=IC2LS&amp;SID=H3-5c89002c-28c8-49ff-9c82-8a8c3137874e-5992dccb-8e71-425d-93ee-c766090685ef\">ESI<\/a><\/td><td>Total citations per paper 2019-2023: 10.08<\/td><\/tr><tr><td><a href=\"https:\/\/access.clarivate.com\/login?app=incites&amp;pssid=null\">InCites (CNCI)<\/a><\/td><td>Category Normalized Citation Impact1.36<\/td><\/tr><tr><td><a href=\"https:\/\/www.researchgate.net\/\">Researchgate<\/a><\/td><td><a href=\"https:\/\/www.researchgate.net\/publication\/329657796_Descriptive_theory_of_awareness_for_groupware_development\">Research Interest Score 27.5  <\/a><a href=\"https:\/\/www.researchgate.net\/publication\/329657796_Descriptive_theory_of_awareness_for_groupware_development\">Citations 50  <\/a><a href=\"https:\/\/www.researchgate.net\/publication\/329657796_Descriptive_theory_of_awareness_for_groupware_development\">Recommendations 5<\/a>.<a href=\"https:\/\/www.researchgate.net\/publication\/329657796_Descriptive_theory_of_awareness_for_groupware_development\">  Reads 415\u00a0\u00a0\u00a0<\/a><\/td><\/tr><tr><td><a href=\"https:\/\/www.academia.edu\/\">Academia.edu<\/a><\/td><td><a href=\"https:\/\/www.academia.edu\/110771256\/Descriptive_theory_of_awareness_for_groupware_development\">4 visualizaciones<\/a><\/td><\/tr><tr><td>P\u00e1gina web de la revista<\/td><td><a href=\"https:\/\/link.springer.com\/article\/10.1007\/s12652-018-1165-9\/metrics\">1756&nbsp;visualizaciones<\/a><\/td><\/tr><\/tbody><\/table><\/figure>\n\n\n\n<figure class=\"wp-block-table\"><table class=\"has-fixed-layout\"><tbody><tr><td colspan=\"2\"><strong>INCLUSI\u00d3N EN OTRAS BASES DE DATOS&nbsp;<\/strong><\/td><\/tr><tr><td><a href=\"https:\/\/web.p.ebscohost.com\/ehost\/error?vid=2&amp;sid=f53bacef-922f-4815-9579-e68f279d7000%40redis\">Ebsco<\/a><\/td><td>E-Journals<\/td><\/tr><\/tbody><\/table><\/figure>\n\n\n\n<ul class=\"wp-block-list\">\n<li><strong>Evidencias a nivel del medio de difusi\u00f3n<\/strong><\/li>\n<\/ul>\n\n\n\n<p><strong><a href=\"https:\/\/jcr.clarivate.com\/jcr-jp\/journal-profile?journal=REV%20EDUC&amp;year=2017&amp;fromPage=%2Fjcr%2Fhome\">JCR 2019<\/a><\/strong><\/p>\n\n\n\n<figure class=\"wp-block-table\"><table class=\"has-fixed-layout\"><tbody><tr><td><strong>Journal Impact Factor (JIF)<\/strong><\/td><td>4.594<\/td><\/tr><tr><td><strong>Journal Citation Indicator (JCI)<\/strong><\/td><td>0.84<\/td><\/tr><tr><td><strong>Categor\u00eda seg\u00fan JIF<\/strong><\/td><td>CATEGORIA: COMPUTER SCIENCE, ARTIFICIAL INTELLIGENCEEDITION: Science Citation Index Expanded (SCIE)RANK: 26\/137QUARTILE: Q1PERCENTILE: 81.39&nbsp;CATEGORIA: COMPUTER SCIENCE, INFORMATION SYSTEMSEDITION: Science Citation Index Expanded (SCIE)RANK: 27\/156QUARTILE: Q1PERCENTILE: 83.01&nbsp;CATEGORIA: TELECOMMUNICATIONSEDITION: Science Citation Index Expanded (SCIE)RANK: 18\/90QUARTILE: Q1PERCENTILE: 80.56<\/td><\/tr><tr><td><strong>Categor\u00eda seg\u00fan JCI<\/strong><\/td><td>CATEGORIA: COMPUTER SCIENCE, ARTIFICIAL INTELLIGENCERANK: 62\/174QUARTILE: Q2PERCENTILE: 64.66&nbsp;CATEGORIA: COMPUTER SCIENCE, INFORMATION SYSTEMSRANK: 78\/223QUARTILE: Q2PERCENTILE: 65.25&nbsp;CATEGORIA: TELECOMMUNICATIONSRANK: 39\/105QUARTILE: Q2PERCENTILE: 63.33<\/td><\/tr><tr><td><strong>N\u00famero de citas en JCR<\/strong><\/td><td>2,097<\/td><\/tr><tr><td><strong>Eigenfactor Score<\/strong><\/td><td>0.00191<\/td><\/tr><tr><td><strong>Normalized Eigenfactor<\/strong><\/td><td>0.23319<\/td><\/tr><tr><td><strong>Article Influence score (AIS)<\/strong><\/td><td>0.358<\/td><\/tr><\/tbody><\/table><\/figure>\n\n\n\n<p><strong><a href=\"https:\/\/www.scopus.com\/sources.uri?zone=TopNavBar&amp;origin=searchauthorfreelookup\">SCOPUS 2019<\/a><\/strong><\/p>\n\n\n\n<figure class=\"wp-block-table\"><table class=\"has-fixed-layout\"><tbody><tr><td><strong>Citescore 2019<\/strong><\/td><td>3.8<\/td><\/tr><tr><td><strong>Categor\u00eda, subcategor\u00eda y ranking:&nbsp;<\/strong><\/td><td>CATEGORIA: Computer ScienceSUBCATEGOR\u00cdA: General Computer ScienceRANK: 47\/221PERCENTILE: 78th<\/td><\/tr><\/tbody><\/table><\/figure>\n\n\n\n<p><a href=\"https:\/\/www.scimagojr.com\/\"><strong>SJR<\/strong><\/a><strong>&nbsp;2019<\/strong><strong><\/strong><\/p>\n\n\n\n<figure class=\"wp-block-table\"><table class=\"has-fixed-layout\"><tbody><tr><td><strong>SJR\/SNIP<\/strong><\/td><td>0.544<\/td><\/tr><tr><td><strong>Categor\u00eda, posici\u00f3n que ocupa en la categor\u00eda y cuartil<\/strong><\/td><td>CATEGORIA: Computer ScienceSUBCATEGOR\u00cdA: Computer Science (miscellaneous)RANK: 75\/502CUARTIL: Q1<\/td><\/tr><tr><td><strong>H Index<\/strong><\/td><td>72<\/td><\/tr><\/tbody><\/table><\/figure>\n\n\n\n<p><strong>M\u00e9tricas sobre calidad en la gesti\u00f3n del medio<\/strong><\/p>\n\n\n\n<figure class=\"wp-block-table\"><table class=\"has-fixed-layout\"><tbody><tr><td><a href=\"https:\/\/miar.ub.edu\/\"><strong>M<\/strong><strong>IAR<\/strong><\/a><strong><\/strong><\/td><td>Indizada en: Scopus (ELSEVIER), Advanced Technologies &amp; Aerospace Database (ProQuest), Compendex (ELSEVIER), INSPEC (The Institution of Engineering and Technology), Technology Collection (ProQuest)&nbsp;Evaluada en: JUFO Portal &#8211; Levels 1, 2, 3 (Federation of Finnish Learned Societies)The Register for Scientific Journals, Series and Publishers &#8211; Levels 1, 2 (Norwegian Directorate for Higher Education and Skills)<\/td><\/tr><\/tbody><\/table><\/figure>\n\n\n\n<p><strong>Otros indicios de calidad del medio<\/strong><\/p>\n\n\n\n<figure class=\"wp-block-table\"><table class=\"has-fixed-layout\"><tbody><tr><td><strong>Incluida en&nbsp;<\/strong><a href=\"http:\/\/mjl.clarivate.com\/\"><strong>Journal Master List<\/strong><\/a><strong><\/strong><\/td><td>Web of Science Core Collection: Arts &amp; Humanities Citation Index<\/td><\/tr><tr><td><a href=\"https:\/\/scholar.google.com\/citations?view_op=top_venues&amp;vq=es\"><strong>Google Scholar Metrics<\/strong><\/a><strong><\/strong><\/td><td>h5-index: 96h5-median: 129<\/td><\/tr><\/tbody><\/table><\/figure>\n\n\n\n<ul class=\"wp-block-list\">\n<li><strong>Evidencias de acceso abierto&nbsp;<\/strong><\/li>\n<\/ul>\n\n\n\n<figure class=\"wp-block-table\"><table class=\"has-fixed-layout\"><tbody><tr><td><strong>REPOSITORIO<\/strong><\/td><td><strong>ENLACE&nbsp;<\/strong><\/td><td><strong>M\u00e9tricas<\/strong><\/td><\/tr><tr><td><a href=\"https:\/\/recolecta.fecyt.es\/\">RECOLECTA<\/a><\/td><td><a href=\"https:\/\/buscador.recolecta.fecyt.es\/buscador-recolecta-detalle?search_api_fulltext=&amp;_indexrecordidentifier=ruidera_____::3c088b91374d3dfa19118a02c9839c14&amp;repositoryname=RUIdeRA.%20Repositorio%20Institucional%20de%20la%20UCLM&amp;creator=Collazos%20O&amp;title=Descriptive%20theory%20of%20awareness%20for&amp;date=2024&amp;cobjcategory=&amp;items_per_page=10\">Buscador | Buscador (fecyt.es)<\/a><\/td><td>No<\/td><\/tr><tr><td><a href=\"https:\/\/ruidera.uclm.es\/home\">RUIdeRA (Repositorio de la UCLM<\/a><\/td><td><a href=\"https:\/\/ruidera.uclm.es\/entities\/publication\/27e750f0-1d13-46bc-9277-64e373808725\">Descriptive theory of awareness for groupware development. Journal of Ambient Intelligence and Humanized Computing (uclm.es)<\/a><\/td><td>16 visitas41 descargas<\/td><\/tr><\/tbody><\/table><\/figure>\n\n\n\n<ul class=\"wp-block-list\">\n<li><strong>Criterios m\u00ednimos que debe reunir un medio de difusi\u00f3n de la investigaci\u00f3n:<\/strong><\/li>\n<\/ul>\n\n\n\n<figure class=\"wp-block-table\"><table class=\"has-fixed-layout\"><tbody><tr><td colspan=\"2\"><strong>Criterios concernientes a la calidad de la revista como medio de comunicaci\u00f3n cient\u00edfica<\/strong><\/td><\/tr><tr><td>Identificaci\u00f3n de los miembros de los comit\u00e9s editoriales y cient\u00edficos<\/td><td>&nbsp;Si. Consejo editorial<\/td><\/tr><tr><td>Instrucciones detalladas a los autores<\/td><td>&nbsp;Si<\/td><\/tr><tr><td>Informaci\u00f3n sobre el proceso de evaluaci\u00f3n y selecci\u00f3n de manuscritos<\/td><td>&nbsp;Si<\/td><\/tr><tr><td>Traducci\u00f3n del sumario, t\u00edtulos, palabras clave y res\u00famenes en ingl\u00e9s<\/td><td>&nbsp;Solo en ingl\u00e9s<\/td><\/tr><tr><td colspan=\"2\"><strong>Criterios sobre la calidad del proceso editorial<\/strong><\/td><\/tr><tr><td>Periodicidad y regularidad<\/td><td>&nbsp;Mensual<\/td><\/tr><tr><td>Revisi\u00f3n por pares de los manuscritos , ciego, open peer review, etc.<\/td><td>&nbsp;Revisi\u00f3n por pares&nbsp;<\/td><\/tr><tr><td>Comunicaci\u00f3n motivada de la decisi\u00f3n de la&nbsp;editorial&nbsp;<\/td><td>&nbsp;Si<\/td><\/tr><tr><td>Existencia de un consejo asesor, o equivalente, con suficiente representatividad acad\u00e9mica y movilidad en su&nbsp;composici\u00f3n, formado por profesionales y personal investigador de reconocida solvencia, sin vinculaci\u00f3n institucional con&nbsp;la revista o editorial, orientado a marcar la pol\u00edtica editorial y someterla a evaluaci\u00f3n y auditor\u00eda.<\/td><td>&nbsp;Si<\/td><\/tr><\/tbody><\/table><\/figure>\n\n\n\n<p><strong>FUENTES<\/strong><\/p>\n\n\n\n<p>Dialnet m\u00e9tricas, Dimensions, Google Scholar, Opencitations, WOS, Scopus, SJR, ESI, Incites, MIAR, Researchgate, Altmetric, The Lens, PlumX, Twitter, Wikipedia, Ebsco, \u00cdndices CSIC, Proquest, Dialnet, DOAJ, Sello FECYT, CIRC, Carhus+2018, ERIHPLUS, REDIB, Latindex, Journal Master List, Google Scholar Metrics, RECOLECTA, OpenAIRE, Open Research Europe, Zenodo, Fighshare, GitHub, Scistarter, RUIdeRA, Ulrichweb, P\u00e1gina web de la revista.&nbsp;<\/p>\n","protected":false},"excerpt":{"rendered":"<p>&nbsp;&nbsp;&nbsp;&nbsp;&nbsp;&nbsp;&nbsp;&nbsp;&nbsp;&nbsp;&nbsp;&nbsp;&nbsp;&nbsp;&nbsp;&nbsp;&nbsp;&nbsp;&nbsp;&nbsp;&nbsp;&nbsp;&nbsp;&nbsp;&nbsp;&nbsp;&nbsp;&nbsp;&nbsp;&nbsp;&nbsp;&nbsp;&nbsp;&nbsp;&nbsp;&nbsp;&nbsp;&nbsp;&nbsp;&nbsp;&nbsp;&nbsp;&nbsp;&nbsp;&nbsp;&nbsp;&nbsp;&nbsp;&nbsp;&nbsp;&nbsp;&nbsp;&nbsp;&nbsp;&nbsp;&nbsp;&nbsp;&nbsp;&nbsp;&nbsp;&nbsp;&nbsp;&nbsp;&nbsp;&nbsp;&nbsp;&nbsp;&nbsp;&nbsp;&nbsp;&nbsp;&nbsp;&nbsp;&nbsp;&nbsp;&nbsp;&nbsp;Datos bibliogr\u00e1ficos Autor\/es C\u00e9sar A. Collazos, Francisco L. Guti\u00e9rrez, Jes\u00fas Gallardo, Manuel Ortega, Habib M. Fardoun &amp; Ana Isabel Molina N\u00famero de Autores 6 Posici\u00f3n que ocupa el solicitante entre ellos 4 En autor\u00eda m\u00faltiple:Taxonom\u00eda Credit(Contributor Roles Taxonomy)&nbsp; &nbsp;El art\u00edculo comenz\u00f3 su andadura cuando el investigador de la Universidad del Cauca (Colombia), C\u00e9sar Alberto Collazos, [&hellip;]<\/p>\n","protected":false},"author":57,"featured_media":0,"parent":0,"menu_order":0,"comment_status":"closed","ping_status":"closed","template":"","meta":{"footnotes":""},"class_list":["post-1940","page","type-page","status-publish","hentry"],"_links":{"self":[{"href":"https:\/\/blog.uclm.es\/manuelortega\/wp-json\/wp\/v2\/pages\/1940","targetHints":{"allow":["GET"]}}],"collection":[{"href":"https:\/\/blog.uclm.es\/manuelortega\/wp-json\/wp\/v2\/pages"}],"about":[{"href":"https:\/\/blog.uclm.es\/manuelortega\/wp-json\/wp\/v2\/types\/page"}],"author":[{"embeddable":true,"href":"https:\/\/blog.uclm.es\/manuelortega\/wp-json\/wp\/v2\/users\/57"}],"replies":[{"embeddable":true,"href":"https:\/\/blog.uclm.es\/manuelortega\/wp-json\/wp\/v2\/comments?post=1940"}],"version-history":[{"count":3,"href":"https:\/\/blog.uclm.es\/manuelortega\/wp-json\/wp\/v2\/pages\/1940\/revisions"}],"predecessor-version":[{"id":1991,"href":"https:\/\/blog.uclm.es\/manuelortega\/wp-json\/wp\/v2\/pages\/1940\/revisions\/1991"}],"wp:attachment":[{"href":"https:\/\/blog.uclm.es\/manuelortega\/wp-json\/wp\/v2\/media?parent=1940"}],"curies":[{"name":"wp","href":"https:\/\/api.w.org\/{rel}","templated":true}]}}