{"id":1935,"date":"2025-01-16T08:55:23","date_gmt":"2025-01-16T08:55:23","guid":{"rendered":"https:\/\/blog.uclm.es\/manuelortega\/?page_id=1935"},"modified":"2025-01-16T09:45:03","modified_gmt":"2025-01-16T09:45:03","slug":"evidencias-de-los-articulos-seleccionados-en-el-sexenio-2019-a-2024","status":"publish","type":"page","link":"https:\/\/blog.uclm.es\/manuelortega\/evidencias-de-los-articulos-seleccionados-en-el-sexenio-2019-a-2024\/","title":{"rendered":"Evidencias de los art\u00edculos seleccionados en el Sexenio de Investigaci\u00f3n de 2019 a 2024"},"content":{"rendered":"\n<ol class=\"wp-block-list\">\n<li>Collazos, C. A., Guti\u00e9rrez, F. L., Gallardo, J., Ortega, M., Fardoun, H., &amp; Molina, A. I. (2019). Descriptive theory of awareness for groupware development. <em><a href=\"https:\/\/blog.uclm.es\/manuelortega\/journal-of-ambient-intelligence-and-humanized-computing\/\" data-type=\"page\" data-id=\"1940\">Journal of Ambient Intelligence and Humanized Computing<\/a>, 10<\/em>(12), 4789-4818. doi:<a href=\"https:\/\/doi.org\/10.1007\/s12652-018-1165-9\">https:\/\/doi.org\/10.1007\/s12652-018-1165-9<\/a> [<a href=\"https:\/\/blog.uclm.es\/manuelortega\/journal-of-ambient-intelligence-and-humanized-computing\/\" data-type=\"link\" data-id=\"https:\/\/blog.uclm.es\/manuelortega\/journal-of-ambient-intelligence-and-humanized-computing\/\">Indicios de calidad<\/a>]<\/li>\n\n\n\n<li>Jim\u00e9nez, J. A., Collazos, C. A., &amp; Ortega, M. (2022). CodES: herramienta de visualizaci\u00f3n para desarrollo de pensamiento algor\u00edtmico. <em><a href=\"https:\/\/blog.uclm.es\/manuelortega\/campus-virtuales\/\" data-type=\"page\" data-id=\"1950\">Campus Virtuales<\/a>, 11<\/em>(1), 21-33. doi:<a href=\"https:\/\/doi.org\/10.54988\/cv.2022.1.809\">https:\/\/doi.org\/10.54988\/cv.2022.1.809<\/a>. [<a href=\"https:\/\/blog.uclm.es\/manuelortega\/campus-virtuales\/\" data-type=\"page\" data-id=\"1950\">Indicios de calidad<\/a>]<\/li>\n\n\n\n<li>Toledo, J. A. J., Collazos, C. A., &amp; Ortega, M. (2021). Discovery Model Based on Analogies for Teaching Computer Programming. <em><a href=\"https:\/\/blog.uclm.es\/manuelortega\/mathematics\/\" data-type=\"page\" data-id=\"1953\">Mathematics<\/a>, 9<\/em>(12), 1354. doi:<a href=\"https:\/\/doi.org\/10.3390\/math9121354\">https:\/\/doi.org\/10.3390\/math9121354<\/a>. [<a href=\"https:\/\/blog.uclm.es\/manuelortega\/mathematics\/\" data-type=\"page\" data-id=\"1953\">Indicios de calidad<\/a>]<\/li>\n\n\n\n<li>Molina, A. I., Arroyo, Y., Lacave, C., Redondo, M. A., Bravo, C., &amp; Ortega, M. (2024). Eye tracking-based evaluation of accessible and usable interactive systems: tool set of guidelines and methodological issues. <em><a href=\"https:\/\/blog.uclm.es\/manuelortega\/universal-access-in-the-information-society\/\" data-type=\"page\" data-id=\"1958\">Universal Access in the Information Society<\/a><\/em>. doi:<a href=\"https:\/\/doi.org\/10.1007\/s10209-023-01083-x\">https:\/\/doi.org\/10.1007\/s10209-023-01083-x<\/a> [<a href=\"https:\/\/blog.uclm.es\/manuelortega\/universal-access-in-the-information-society\/\" data-type=\"page\" data-id=\"1958\">Indicios de calidad<\/a>]<\/li>\n\n\n\n<li>Cordovilla, M. O., Merino, S. G., Santos, C. B., D\u00edaz, A. I. M., &amp; Cantero, M. O. (2024-12). Excursiona: A collaborative mobile application for excursions in nature. <em><a href=\"https:\/\/blog.uclm.es\/manuelortega\/softwarex\/\" data-type=\"page\" data-id=\"1961\">SoftwareX<\/a>, 28<\/em>(December ), 7. doi:<a href=\"https:\/\/doi.org\/10.1016\/j.softx.2024.101908\">https:\/\/doi.org\/10.1016\/j.softx.2024.101908<\/a> [<a href=\"https:\/\/blog.uclm.es\/manuelortega\/softwarex\/\" data-type=\"page\" data-id=\"1961\">Indicios de calidad<\/a>]<\/li>\n<\/ol>\n\n\n\n<p>Art\u00edculos adicionales:<\/p>\n\n\n\n<ol class=\"wp-block-list\">\n<li>Toledo, J. A. J., Collazos, C. A., Ortega, M., &amp; Ramos, D. X. (2023). Algorithmic Thinking and extension of its definition for Trainee Software Developers: A Systematic Literature Mapping. <em><a href=\"https:\/\/blog.uclm.es\/manuelortega\/ieee-revista-iberoamericana-de-tecnologias-del-aprendizaje\/\" data-type=\"page\" data-id=\"1964\">IEEE Revista Iberoamericana de Tecnologias del Aprendizaje<\/a>, 18<\/em>(4), 331 &#8211; 343. doi:<a href=\"https:\/\/doi.org\/10.1109\/RITA.2023.3323784\">https:\/\/doi.org\/10.1109\/RITA.2023.3323784<\/a>. [<a href=\"https:\/\/blog.uclm.es\/manuelortega\/ieee-revista-iberoamericana-de-tecnologias-del-aprendizaje\/\" data-type=\"page\" data-id=\"1964\">Indicios de calidad<\/a>]<\/li>\n\n\n\n<li>Ortega, M. (2021). Computer-Human Interaction and Collaboration: Challenges and Prospects. <em><a href=\"https:\/\/blog.uclm.es\/manuelortega\/electronics\/\" data-type=\"page\" data-id=\"1967\">Electronics<\/a>, 10<\/em>(5), 616. doi:<a href=\"https:\/\/doi.org\/10.3390\/electronics10050616\">https:\/\/doi.org\/10.3390\/electronics10050616<\/a>. [<a href=\"https:\/\/blog.uclm.es\/manuelortega\/electronics\/\" data-type=\"page\" data-id=\"1967\">Indicios de calidad<\/a>]<br><br><br><br><br><br><br><\/li>\n<\/ol>\n\n\n\n<p><\/p>\n","protected":false},"excerpt":{"rendered":"<p>Art\u00edculos adicionales:<\/p>\n","protected":false},"author":57,"featured_media":0,"parent":0,"menu_order":0,"comment_status":"closed","ping_status":"closed","template":"","meta":{"footnotes":""},"class_list":["post-1935","page","type-page","status-publish","hentry"],"_links":{"self":[{"href":"https:\/\/blog.uclm.es\/manuelortega\/wp-json\/wp\/v2\/pages\/1935","targetHints":{"allow":["GET"]}}],"collection":[{"href":"https:\/\/blog.uclm.es\/manuelortega\/wp-json\/wp\/v2\/pages"}],"about":[{"href":"https:\/\/blog.uclm.es\/manuelortega\/wp-json\/wp\/v2\/types\/page"}],"author":[{"embeddable":true,"href":"https:\/\/blog.uclm.es\/manuelortega\/wp-json\/wp\/v2\/users\/57"}],"replies":[{"embeddable":true,"href":"https:\/\/blog.uclm.es\/manuelortega\/wp-json\/wp\/v2\/comments?post=1935"}],"version-history":[{"count":14,"href":"https:\/\/blog.uclm.es\/manuelortega\/wp-json\/wp\/v2\/pages\/1935\/revisions"}],"predecessor-version":[{"id":1969,"href":"https:\/\/blog.uclm.es\/manuelortega\/wp-json\/wp\/v2\/pages\/1935\/revisions\/1969"}],"wp:attachment":[{"href":"https:\/\/blog.uclm.es\/manuelortega\/wp-json\/wp\/v2\/media?parent=1935"}],"curies":[{"name":"wp","href":"https:\/\/api.w.org\/{rel}","templated":true}]}}