{"id":17,"date":"2016-04-21T17:35:37","date_gmt":"2016-04-21T16:35:37","guid":{"rendered":"http:\/\/blog.uclm.es\/miguelredondo\/?page_id=17"},"modified":"2016-04-21T17:35:37","modified_gmt":"2016-04-21T16:35:37","slug":"investigacion","status":"publish","type":"page","link":"https:\/\/blog.uclm.es\/manuelortega\/investigacion\/","title":{"rendered":"Investigaci\u00f3n"},"content":{"rendered":"<h3>L\u00edneas de investigaci\u00f3n<\/h3>\n<ul>\n<li><a href=\"http:\/\/chico.esi.uclm.es\/domosim\/\">Aplicaci\u00f3n de t\u00e9cnicas de Ingenier\u00eda del Software a desarrollo de sistemas de e-Learning\u00a0<\/a>\n<ul>\n<li><a href=\"http:\/\/chico.esi.uclm.es\/coala\/index.php\/COALA\">Dise\u00f1o de modelos computacionales en sistemas de aprendizaje\u00a0<\/a><\/li>\n<li><a href=\"http:\/\/chico.esi.uclm.es\/AULA_IE\/\">Integraci\u00f3n de ontolog\u00edas, est\u00e1ndares y objetos de aprendizaje en sistemas de eLearning\u00a0<\/a><\/li>\n<\/ul>\n<\/li>\n<li><a href=\"http:\/\/www.springer.com\/computer\/hci\/book\/978-1-84800-135-0\">Desarrollo y aplicaci\u00f3n de t\u00e9cnicas de Ingenier\u00eda del Software en Interacci\u00f3n Persona-Computador\u00a0<\/a>\n<ul>\n<li><a href=\"http:\/\/chico.esi.uclm.es\/wjgiraldo\/CIAF\/\">Dise\u00f1o y especificaci\u00f3n de interfaces de usuario cooperativos y colaborativos\u00a0<\/a><\/li>\n<li><a href=\"http:\/\/chico.esi.uclm.es\/eCLUB\/index.htm\">Dise\u00f1o de la interacci\u00f3n mediante los paradigmas de computaci\u00f3n m\u00f3vil, ubicua y realidad aumentada\u00a0<\/a><\/li>\n<\/ul>\n<\/li>\n<li><a href=\"http:\/\/chico.esi.uclm.es\/usalab-clm\/USALAB_clm\/Presentacion.html\">Aplicaci\u00f3n de t\u00e9cnicas de seguimiento ocular\u00a0<\/a>\n<ul>\n<li><a href=\"http:\/\/diversidad.murciaeduca.es\/publicaciones\/dea2012\/docs\/onavarro.pdf\">Evaluaci\u00f3n del comportamiento del usuario<\/a><\/li>\n<li><a href=\"http:\/\/www.sciencedirect.com\/science\/article\/pii\/S0747563213001313\">Evaluaci\u00f3n de la Usabilidad de sistemas<\/a><\/li>\n<li><a href=\"http:\/\/ieeexplore.ieee.org\/xpls\/abs_all.jsp?arnumber=6403214&amp;tag=1\">Evaluaci\u00f3n de notaciones para modelado<\/a><\/li>\n<\/ul>\n<\/li>\n<\/ul>\n<h3><a name=\"publicaciones\"><\/a>Publicaciones relevantes<\/h3>\n<p style=\"padding-left: 30px\">Las referencias seleccionadas est\u00e1n disponibles en el apartado de\u00a0<a href=\"http:\/\/blog.uclm.es\/manuelortega\/publicaciones-cientificas\/\"><strong>Publicaciones<\/strong><\/a>.<\/p>\n<p>Un resumen de los \u00faltimos trabajos desde 2000 puede verse en la revista <a href=\"https:\/\/encyclopedia.pub\/8813\">Encyclopedia<\/a>.<\/p>\n<p style=\"padding-left: 30px\">Otras fuentes a consultar:<\/p>\n<blockquote>\n<ul>\n<li><a href=\"https:\/\/scholar.google.es\/citations?user=ryh7Y7UAAAAJ&amp;hl=es&amp;oi=ao\" target=\"_blank\" rel=\"noopener noreferrer\">Google Acad\u00e9mico (Google Scholar Citations)<\/a>.<\/li>\n<li><a href=\"http:\/\/dl.acm.org\/author_page.cfm?id=81100281777&amp;CFID=783057608&amp;CFTOKEN=40437281\" target=\"_blank\" rel=\"noopener noreferrer\">Biblioteca Digital de ACM (ACM-DL)<\/a>.<\/li>\n<li><a href=\"http:\/\/dblp.uni-trier.de\/pers\/hd\/o\/Ortega:Manuel\" target=\"_blank\" rel=\"noopener noreferrer\">The DBLP Computer Science Bibliography (DBLP<\/a>).<\/li>\n<li>Research ID:\u00a0<a href=\"http:\/\/www.researcherid.com\/rid\/F-9191-2015\" target=\"_blank\" rel=\"noopener noreferrer\">F-9191-2015<\/a><\/li>\n<li>ORCID: <a href=\"http:\/\/orcid.org\/0000-0002-0194-7744\" target=\"_blank\" rel=\"noopener noreferrer\">0000-0002-0194-7744<\/a><\/li>\n<\/ul>\n<\/blockquote>\n<h3><a href=\"https:\/\/blog.uclm.es\/manuelortega\/wp-content\/uploads\/sites\/197\/2016\/04\/generate.png\"><img loading=\"lazy\" decoding=\"async\" class=\"alignnone wp-image-1669\" src=\"https:\/\/blog.uclm.es\/manuelortega\/wp-content\/uploads\/sites\/197\/2016\/04\/generate-300x300.png\" alt=\"generate\" width=\"133\" height=\"133\" srcset=\"https:\/\/blog.uclm.es\/manuelortega\/wp-content\/uploads\/sites\/197\/2016\/04\/generate-300x300.png 300w, https:\/\/blog.uclm.es\/manuelortega\/wp-content\/uploads\/sites\/197\/2016\/04\/generate-150x150.png 150w, https:\/\/blog.uclm.es\/manuelortega\/wp-content\/uploads\/sites\/197\/2016\/04\/generate.png 500w\" sizes=\"auto, (max-width: 133px) 100vw, 133px\" \/><\/a><\/h3>\n<h3><a title=\"tesis\" name=\"tesis\"><\/a>Tesis doctoral propia:<\/h3>\n<ul>\n<li>Influencia de la energ\u00eda de correlaci\u00f3n electr\u00f3nica en las reacciones de adici\u00f3n. 1983-1990. Directores: Jos\u00e9 Mar\u00eda Lluch L\u00f3pez y Antonio Oliva Cuy\u00e0s. Presentada el d\u00eda 11 de Octubre de 1990. Calificaci\u00f3n obtenida: Apto Cum Laude por unanimidad. Publicada por la Universidad Aut\u00f3noma de Barcelona y ETD S.A Micropublicaciones. ISBN: 84-7488-933-2.<\/li>\n<\/ul>\n<h3><a title=\"tesis_dirigidas\" name=\"tesis_dirigidas\"><\/a>Tesis doctorales dirigidas:<\/h3>\n<ul>\n<li>\u201cSILE-AT: Entorno de aprendizaje Situado e Inmersivo\u201d. Doctorando: Javier Alejandro Jim\u00e9nez Toledo\u00a0. Directores: C\u00e9sar A. Collazos Ord\u00f3\u00f1ez y Manuel Ortega Cantero. Presentada el 1 de Febrero de 2022. Calificaci\u00f3n obtenida: Apto por unanimidad. Universidad del Cauca (Colombia).<\/li>\n<li>\u201cMarco de desarrollo de Sistemas Groupware Interactivos Basado en Integraci\u00f3n de Procesos y Notaciones\u201d. Doctorando: William Joseph Giraldo Orozco . Directores: Ana Isabel Molina D\u00edaz y Manuel Ortega Cantero. Presentada el 22 de Octubre de 2010. Calificaci\u00f3n obtenida: Sobresaliente Cum Laude por unanimidad. Universidad de Castilla \u2013 La Mancha.<\/li>\n<li><span style=\"font-size: 1rem\">\u201cUn Framework para an\u00e1lisis proceso-producto de la colaboraci\u00f3n en sistemas groupware\u201d. Doctorando: Rafael Duque Medina. Directores: Crescencio Bravo Santos y<\/span> Manuel Ortega Cantero<span style=\"font-size: 1rem\">. Presentada el 8 de Abril de 2010. Calificaci\u00f3n obtenida: Sobresaliente Cum Laude por unanimidad. Universidad de Castilla \u2013 La Mancha.<\/span><\/li>\n<li><span style=\"font-size: 1rem\">\u201cProposal for Evaluating Computer Programming Algorithms to Provide Instructional Guidance and Give Advice\u201d. Doctorando: Francisco Jurado Monroy. Directores: Miguel \u00c1ngel Redondo Duque y<\/span> Manuel Ortega Cantero<span style=\"font-size: 1rem\">. Presentada el 12 de Marzo de 2010. Calificaci\u00f3n obtenida: Sobresaliente Cum Laude por unanimidad. Menci\u00f3n de Doctorado Europeo. Universidad de Castilla \u2013 La Mancha.<\/span><\/li>\n<li><span style=\"font-size: 1rem\">\u201cWriting on the Web with AWLA: Development of the Writing Skill in a Technology-Enhanced E-Learning Environment\u201d. Doctorando: Pedro Pablo S\u00e1nchez Villal\u00f3n. Directores: <\/span>Manuel Ortega Cantero <span style=\"font-size: 1rem\">y Nicol\u00e1s Campos. Presentada el 1 de Febrero de 2007. Calificaci\u00f3n obtenida: Sobresaliente Cum Laude por unanimidad. Menci\u00f3n de Doctorado Europeo. Universidad de Castilla \u2013 La Mancha.<\/span><\/li>\n<li><span style=\"font-size: 1rem\">\u201cUna propuesta metodol\u00f3gica para el Desarrollo de la Interfaz de Usuario en Sistemas Groupware\u201d. Doctorando: Ana Isabel Molina D\u00edaz. Directores: Miguel \u00c1ngel Redondo Duque y<\/span> Manuel Ortega Cantero<span style=\"font-size: 1rem\">. Universidad de Castilla \u2013 La Mancha. Presentada el 16 de Enero de 2007. Calificaci\u00f3n obtenida: Sobresaliente Cum Laude por unanimidad. Universidad de Castilla \u2013 La Mancha.<\/span><\/li>\n<li><em>\u201cAULA: Un sistema ubicuo de ense\u00f1anza-aprendizaje colaborativo\u201d.<\/em> Doctorando: Maximiliano Paredes Velasco. Directores: Manuel Ortega Cantero y \u00c1ngel Vel\u00e1zquez Iturbide. Presentada el 13 de Junio de 2006. Calificaci\u00f3n obtenida: Sobresaliente Cum Laude por unanimidad. Universidad de Castilla \u2013 La Mancha.<\/li>\n<li><em style=\"font-size: 1rem\">\u201cUn sistema de soporte al Aprendizaje Colaborativo del dise\u00f1o dom\u00f3tico mediante herramientas de Modelado y Simulaci\u00f3n<\/em><span style=\"font-size: 1rem\">\u201d. Doctorando: Crescencio Bravo Santos. Directores: <\/span>Manuel Ortega Cantero<span style=\"font-size: 1rem\"> y Felisa Verdejo Ma\u00edllo. Presentada el 7 de Octubre de 2002. Calificaci\u00f3n obtenida: Sobresaliente Cum Laude por unanimidad. Universidad de Castilla \u2013 La Mancha.<\/span><\/li>\n<li><span style=\"font-size: 1rem\">\u201c<\/span><em style=\"font-size: 1rem\">Planificaci\u00f3n colaborativa del dise\u00f1o en entornos de simulaci\u00f3n para el aprendizaje a distancia<\/em><span style=\"font-size: 1rem\">\u201d. Doctorando: Miguel \u00c1ngel Redondo Duque. Directores: <\/span>Manuel Ortega Cantero<span style=\"font-size: 1rem\"> y Felisa Verdejo Ma\u00edllo. Presentada el 17 de Julio de 2002. Calificaci\u00f3n obtenida: Sobresaliente Cum Laude por unanimidad. Universidad de Castilla \u2013 La Mancha. ISBN: 84-8427-238-9. Publicada en ProQuest Information and Learning. USA.<\/span><\/li>\n<li><em style=\"font-size: 1rem\">\u201cPlanificaci\u00f3n del dise\u00f1o en entornos de simulaci\u00f3n para el aprendizaje a distancia\u201d.<\/em><span style=\"font-size: 1rem\"> Doctorando: Jos\u00e9 Bravo Rodr\u00edguez. Directores: Felisa Verdejo Ma\u00edllo y <\/span>Manuel Ortega Cantero<span style=\"font-size: 1rem\">. Presentada el 20 de Septiembre de 1999<\/span>.<span style=\"font-size: 1rem\"> Calificaci\u00f3n obtenida: Sobresaliente Cum Laude por unanimidad. Publicada por \u201cEdiciones de la Universidad de Castilla &#8211; La Mancha\u201d. ISBN: 84-8427-049-1. Editada en dos formatos: Libro y Microficha.<\/span><\/li>\n<\/ul>\n<h3><a title=\"proyectos\" name=\"proyectos\"><\/a>Proyectos activos<\/h3>\n<ul>\n<li><em><em>IAPro: Desarrollo y evaluaci\u00f3n de sistemas inmersivos para el aprendizaje de la Programaci\u00f3n<\/em><\/em>. Proyecto del\u00a0<strong>Plan Nacional de I+D+i (MINECO)<\/strong><\/li>\n<\/ul>\n<h3><a title=\"otros\" name=\"otros\"><\/a>Otros proyectos<\/h3>\n<ul>\n<li><em>Planta piloto para Laboratorio de Usabilidad,<\/em>\u00a0financiado con fondos\u00a0<strong>FEDER<\/strong>.<\/li>\n<li><em>Entorno metodol\u00f3gico y tecnol\u00f3gico para la integraci\u00f3n de la aproximaci\u00f3n metodol\u00f3gica CIAM en el proceso de desarrollo software<\/em>.<\/li>\n<li><em>Proyecto CoProgLE<\/em>. (<strong>Plan Nacional de I+D+i &#8211; MINECO<\/strong>)<\/li>\n<li>Proyecto\u00a0<a href=\"http:\/\/chico.inf-cr.uclm.es\/cms\/index.php\/miembros\/Miguel.Redondo\/index.php\/top_menu_proyectos\/2-cat_mguide\">mGUIDE<\/a><\/li>\n<li>Proyecto\u00a0<a href=\"http:\/\/chico.inf-cr.uclm.es\/cms\/index.php\/miembros\/Miguel.Redondo\/index.php\/proyectos\/proyecto-fappec\">FAPPEC<\/a><\/li>\n<li>Proyecto\u00a0<a href=\"http:\/\/chico.inf-cr.uclm.es\/cms\/index.php\/miembros\/Miguel.Redondo\/index.php\/proyectos\/9-cat-eclub-ii\">eCLUB-II<\/a>\u00a0y\u00a0<a href=\"https:\/\/adenu.ia.uned.es\/adaptaplan\/\">ADAPTAPLAN<\/a><\/li>\n<li>Proyecto\u00a0<a href=\"http:\/\/chico.inf-cr.uclm.es\/cms\/index.php\/miembros\/eCLUB\/\">eCLUB<\/a><\/li>\n<li>Proyecto\u00a0<a href=\"http:\/\/chico.inf-cr.uclm.es\/cms\/index.php\/miembros\/AULA_IE\/index.html\">AULA-IE<\/a><\/li>\n<li>Proyectos\u00a0<a href=\"http:\/\/chico.inf-cr.uclm.es\/cms\/index.php\/miembros\/ppsv\/aula.html\">AULA\u00a0y AWLA<\/a><\/li>\n<li>Proyecto\u00a0<a href=\"http:\/\/chico.inf-cr.uclm.es\/cms\/index.php\/miembros\/mredondo\/gamtest\/\">GAMTest<\/a><\/li>\n<li>Proyecto\u00a0<a href=\"http:\/\/chico2.inf-cr.uclm.es\/coplan\/index.htm\">CoPLAN<\/a><\/li>\n<\/ul>\n","protected":false},"excerpt":{"rendered":"<p>L\u00edneas de investigaci\u00f3n Aplicaci\u00f3n de t\u00e9cnicas de Ingenier\u00eda del Software a desarrollo de sistemas de e-Learning\u00a0 Dise\u00f1o de modelos computacionales en sistemas de aprendizaje\u00a0 Integraci\u00f3n de ontolog\u00edas, est\u00e1ndares y objetos de aprendizaje en sistemas de eLearning\u00a0 Desarrollo y aplicaci\u00f3n de t\u00e9cnicas de Ingenier\u00eda del Software en Interacci\u00f3n Persona-Computador\u00a0 Dise\u00f1o y especificaci\u00f3n de interfaces de usuario [&hellip;]<\/p>\n","protected":false},"author":57,"featured_media":0,"parent":0,"menu_order":0,"comment_status":"closed","ping_status":"closed","template":"","meta":{"footnotes":""},"class_list":["post-17","page","type-page","status-publish","hentry"],"_links":{"self":[{"href":"https:\/\/blog.uclm.es\/manuelortega\/wp-json\/wp\/v2\/pages\/17","targetHints":{"allow":["GET"]}}],"collection":[{"href":"https:\/\/blog.uclm.es\/manuelortega\/wp-json\/wp\/v2\/pages"}],"about":[{"href":"https:\/\/blog.uclm.es\/manuelortega\/wp-json\/wp\/v2\/types\/page"}],"author":[{"embeddable":true,"href":"https:\/\/blog.uclm.es\/manuelortega\/wp-json\/wp\/v2\/users\/57"}],"replies":[{"embeddable":true,"href":"https:\/\/blog.uclm.es\/manuelortega\/wp-json\/wp\/v2\/comments?post=17"}],"version-history":[{"count":0,"href":"https:\/\/blog.uclm.es\/manuelortega\/wp-json\/wp\/v2\/pages\/17\/revisions"}],"wp:attachment":[{"href":"https:\/\/blog.uclm.es\/manuelortega\/wp-json\/wp\/v2\/media?parent=17"}],"curies":[{"name":"wp","href":"https:\/\/api.w.org\/{rel}","templated":true}]}}