{"id":14,"date":"2016-04-21T17:29:08","date_gmt":"2016-04-21T16:29:08","guid":{"rendered":"http:\/\/blog.uclm.es\/miguelredondo\/?page_id=14"},"modified":"2024-11-22T09:53:17","modified_gmt":"2024-11-22T09:53:17","slug":"docencia","status":"publish","type":"page","link":"https:\/\/blog.uclm.es\/manuelortega\/docencia\/","title":{"rendered":"Docencia"},"content":{"rendered":"<h3>Docencia de grado en Ingenier\u00eda Inform\u00e1tica (Curso 2021-2022)<\/h3>\n<ul>\n<li>Interacci\u00f3n Persona &#8211; Ordenador I\u00a0(1er cuatrimestre)<\/li>\n<li>Fundamentos de Programaci\u00f3n I \u00a0(1er cuatrimestre)<\/li>\n<li>Fundamentos de Programaci\u00f3n II (2\u00ba\u00a0 cuatrimestre)<\/li>\n<\/ul>\n<h3><a name=\"publicaciones\"><\/a>Publicaciones en el \u00e1mbito de la docencia<\/h3>\n<p style=\"padding-left: 30px\">Las referencias est\u00e1n disponibles en el apartado de\u00a0<a href=\"http:\/\/blog.uclm.es\/manuelortega\/publicaciones-docentes\/\"><strong>Publicaciones<\/strong><\/a>.<a title=\"horario\" name=\"horario\"><\/a><\/p>\n<div>\n<h3><a title=\"ofertados\" name=\"ofertados\"><\/a>Tesis Doctorales dirigidas<\/h3>\n<ul>\n<li>\u201c<a href=\"http:\/\/repositorio.unicauca.edu.co:8080\/handle\/123456789\/8549\">SILE-AT: Entorno de aprendizaje Situado e Inmersivo para desarrollo de pensamiento algor\u00edtmico<\/a>\u201d. Doctorando: Javier Alejandro Jim\u00e9nez Toledo . Directores: C\u00e9sar A. Collazos Ord\u00f3\u00f1ez y Manuel Ortega Cantero. Presentada el 1 de Febrero de 2022. Calificaci\u00f3n obtenida: Apto por unanimidad. Universidad del Cauca (Colombia).<\/li>\n<li>\u201cMarco de desarrollo de Sistemas Groupware Interactivos Basado en Integraci\u00f3n de Procesos y Notaciones\u201d. Doctorando: <a href=\"https:\/\/scienti.colciencias.gov.co\/cvlac\/visualizador\/generarCurriculoCv.do?cod_rh=0000197610\">William Joseph Giraldo Orozco<\/a> . Directores: Ana Isabel Molina D\u00edaz y Manuel Ortega Cantero. Presentada el 22 de Octubre de 2010. Calificaci\u00f3n obtenida: Sobresaliente Cum Laude por unanimidad. Universidad de Castilla \u2013 La Mancha.<\/li>\n<li>\u201cUn Framework para an\u00e1lisis proceso-producto de la colaboraci\u00f3n en sistemas groupware\u201d. Doctorando: <a href=\"https:\/\/web.unican.es\/departamentos\/matesco\/miembros-del-departamento\/personal-docente-e-investigador\/profesor?p=91EE350053133E32&amp;a=2019\">Rafael Duque Medina<\/a>. Directores: Crescencio Bravo Santos y Manuel Ortega Cantero. Presentada el 8 de Abril de 2010. Calificaci\u00f3n obtenida: Sobresaliente Cum Laude por unanimidad. Universidad de Castilla \u2013 La Mancha.<\/li>\n<li>\u201cProposal for Evaluating Computer Programming Algorithms to Provide Instructional Guidance and Give Advice\u201d. Doctorando: <a href=\"https:\/\/portalcientifico.uam.es\/ipublic\/agent-personal\/profile\/iMarinaID\/04-262689\/name\/JURADO%20MONROY,%20FRANCISCO\">Francisco Jurado Monroy<\/a>. Directores: Miguel \u00c1ngel Redondo Duque y Manuel Ortega Cantero. Presentada el 12 de Marzo de 2010. Calificaci\u00f3n obtenida: Sobresaliente Cum Laude por unanimidad. Menci\u00f3n de Doctorado Europeo. Universidad de Castilla \u2013 La Mancha.<\/li>\n<li>\u201cWriting on the Web with AWLA: Development of the Writing Skill in a Technology-Enhanced E-Learning Environment\u201d. Doctorando: <a href=\"https:\/\/prabook.com\/web\/pedro_pablo.sanchez-villalon\/120470\">Pedro Pablo S\u00e1nchez Villal\u00f3n<\/a>. Directores: Manuel Ortega Cantero y Nicol\u00e1s Campos. Presentada el 1 de Febrero de 2007. Calificaci\u00f3n obtenida: Sobresaliente Cum Laude por unanimidad. Menci\u00f3n de Doctorado Europeo. Universidad de Castilla \u2013 La Mancha.<\/li>\n<li>\u201cUna propuesta metodol\u00f3gica para el Desarrollo de la Interfaz de Usuario en Sistemas Groupware\u201d. Doctorando: <a href=\"http:\/\/blog.uclm.es\/anaisabelmolina\/pagina-ejemplo\/\">Ana Isabel Molina D\u00edaz<\/a>. Directores: Miguel \u00c1ngel Redondo Duque y Manuel Ortega Cantero. Universidad de Castilla \u2013 La Mancha. Presentada el 16 de Enero de 2007. Calificaci\u00f3n obtenida: Sobresaliente Cum Laude por unanimidad. Universidad de Castilla \u2013 La Mancha.<\/li>\n<li><em>\u201cAULA: Un sistema ubicuo de ense\u00f1anza-aprendizaje colaborativo\u201d.<\/em> Doctorando: <a href=\"https:\/\/gestion2.urjc.es\/pdi\/ver\/maximiliano.paredes\">Maximiliano Paredes Velasco<\/a>. Directores: Manuel Ortega Cantero y \u00c1ngel Vel\u00e1zquez Iturbide. Presentada el 13 de Junio de 2006. Calificaci\u00f3n obtenida: Sobresaliente Cum Laude por unanimidad. Universidad de Castilla \u2013 La Mancha.<\/li>\n<li><em> \u201cUn sistema de soporte al Aprendizaje Colaborativo del dise\u00f1o dom\u00f3tico mediante herramientas de Modelado y Simulaci\u00f3n<\/em>\u201d. Doctorando: <a href=\"http:\/\/blog.uclm.es\/crescenciobravo\/\">Crescencio Bravo Santos<\/a>. Directores: Manuel Ortega Cantero y Felisa Verdejo Ma\u00edllo. Presentada el 7 de Octubre de 2002. Calificaci\u00f3n obtenida: Sobresaliente Cum Laude por unanimidad. Universidad de Castilla \u2013 La Mancha.<\/li>\n<li>\u201c<em>Planificaci\u00f3n colaborativa del dise\u00f1o en entornos de simulaci\u00f3n para el aprendizaje a distancia<\/em>\u201d. Doctorando: <a href=\"http:\/\/blog.uclm.es\/miguelredondo\/\">Miguel \u00c1ngel Redondo Duque<\/a>. Directores: Manuel Ortega Cantero y Felisa Verdejo Ma\u00edllo. Presentada el 17 de Julio de 2002. Calificaci\u00f3n obtenida: Sobresaliente Cum Laude por unanimidad. Universidad de Castilla \u2013 La Mancha. ISBN: 84-8427-238-9. Publicada en ProQuest Information and Learning. USA.<\/li>\n<li><em> \u201cPlanificaci\u00f3n del dise\u00f1o en entornos de simulaci\u00f3n para el aprendizaje a distancia\u201d.<\/em> Doctorando: <a href=\"https:\/\/www.esi.uclm.es\/www\/mami\/web\/index.php\/members\">Jos\u00e9 Bravo Rodr\u00edguez<\/a>. Directores: Felisa Verdejo Ma\u00edllo y Manuel Ortega Cantero. Presentada el 20 de Septiembre de 1999<strong>.<\/strong> Calificaci\u00f3n obtenida: Sobresaliente Cum Laude por unanimidad&#8230;<\/li>\n<\/ul>\n<\/div>\n<h3><a title=\"dirigidos\" name=\"dirigidos\"><\/a>Algunos Trabajos Fin de Grado y PFCs dirigidos\u00a0en Ingenier\u00eda Inform\u00e1tica<\/h3>\n<ul>\n<li>BFood: Sistema de comunicaci\u00f3n mediante beacons y aplicaci\u00f3n para eventos de comida<\/li>\n<li>ESIFLIX: Aplicaci\u00f3n para la b\u00fasqueda y filtrado de Pel\u00edculas y Series de TV<\/li>\n<li>GEO-UCLM: Sistema con aplicaci\u00f3n Android de ayuda en museos outdoor mediante GPS y beacons bluetooth<\/li>\n<li>iTrackEye: Aplicaci\u00f3n iOS para iPad basada en el tratamiento de los datos resultantes de Seguimiento Ocular<\/li>\n<li>B-Student: Sistema de Comunicaci\u00f3n mediante Beacon y Aplicaci\u00f3n para Centros Docentes y Universidades<\/li>\n<li>Construcci\u00f3n de una librer\u00eda para la creaci\u00f3n de interfaces de usuario en entornos Web<\/li>\n<li>Remote operation of robots via mobile devices to help people with intellectual disabilities<\/li>\n<li>EvalClass. Sistema de Evaluaci\u00f3n Diaria de Clase\u201d<\/li>\n<li>Desarrollo tecnol\u00f3gico basado en plataformas m\u00f3viles Android para la interacci\u00f3n con sistemas en tiempo real en el campo de la Automoci\u00f3n<\/li>\n<li>iAttendance (Aplicaci\u00f3n para el seguimiento de actividades de alumnos desde Iphone)<\/li>\n<li>Implementaci\u00f3n de un ePortfolio\u201d<\/li>\n<li>Aplicaciones educativas de los sistemas de Realidad Virtual<\/li>\n<li>Gestor de venta de entradas de eventos de ocio mediante PIU (Puntos de informaci\u00f3n de usuario)<\/li>\n<li>TEJA: Aplicaci\u00f3n educativa junior basada en Tablet PC<\/li>\n<li>COLPC: Un entorno colaborativo de dibujo y Chat<\/li>\n<li>Simulador Educativo de C\u00f3digo Java y su Aplicaci\u00f3n a las Estructuras de Datos y de la Informaci\u00f3n<\/li>\n<li>CUVID: Ingenier\u00eda de la Usabilidad para la creaci\u00f3n de Videojuegos did\u00e1cticos<\/li>\n<li>Framework para acceso a GPS y aplicaci\u00f3n de un servicio de gu\u00eda tur\u00edstico ubicuo<\/li>\n<li>Sistema de gesti\u00f3n de alumnos basado en PRM<\/li>\n<li>JEDI para PDA: Editor educativo de programas Java<\/li>\n<li>Estudio comparativo de sistemas de gesti\u00f3n del aprendizaje y elaboraci\u00f3n de una herramienta aplicable al entorno acad\u00e9mico<\/li>\n<li>Eduwebman Pro: Gesti\u00f3n colaborativa en un entorno de e-learning<\/li>\n<li>HETEPRO: Herramienta T\u00e9cnica Profesional para entornos de Arquitectura<\/li>\n<li>Eduwebman: Herramienta de Gesti\u00f3n Ubicua de un sistema de informaci\u00f3n para soportar sitios web en Educaci\u00f3n<\/li>\n<li>Aplicaci\u00f3n colaborativa para e-Business para acceso y gesti\u00f3n de conocimiento de grupo<\/li>\n<li>Sistema integrado de Gesti\u00f3n del Diario Oficial de Castilla \u2013 La Mancha con Acceso Ubicuo (IRIS)<\/li>\n<li>Herramienta de coordinaci\u00f3n para grupos sobre el Web<\/li>\n<li>Aplicaciones educativas en Macromedia Director. Tutorial de estad\u00edstica interactivo<\/li>\n<li>SIGLAS: un sistema de gesti\u00f3n de almac\u00e9n mediante computaci\u00f3n ubicua<\/li>\n<li>Desarrollo de un servidor de informaci\u00f3n con soporte para acceso ubicuo a trav\u00e9s de una red privada virtual<\/li>\n<li>Un sistema ubicuo para el control de propiedades de refino de crudo<\/li>\n<li>Sistema de dise\u00f1o de entornos virtuales de edificios domotizados con Java 3D<\/li>\n<li>Representaci\u00f3n param\u00e9trica del conocimiento mediante Redes Neuronales Artificiales. Aplicaci\u00f3n a un caso real<\/li>\n<\/ul>\n","protected":false},"excerpt":{"rendered":"<p>Docencia de grado en Ingenier\u00eda Inform\u00e1tica (Curso 2021-2022) Interacci\u00f3n Persona &#8211; Ordenador I\u00a0(1er cuatrimestre) Fundamentos de Programaci\u00f3n I \u00a0(1er cuatrimestre) Fundamentos de Programaci\u00f3n II (2\u00ba\u00a0 cuatrimestre) Publicaciones en el \u00e1mbito de la docencia Las referencias est\u00e1n disponibles en el apartado de\u00a0Publicaciones. Tesis Doctorales dirigidas \u201cSILE-AT: Entorno de aprendizaje Situado e Inmersivo para desarrollo de pensamiento [&hellip;]<\/p>\n","protected":false},"author":57,"featured_media":0,"parent":0,"menu_order":0,"comment_status":"closed","ping_status":"closed","template":"","meta":{"footnotes":""},"class_list":["post-14","page","type-page","status-publish","hentry"],"_links":{"self":[{"href":"https:\/\/blog.uclm.es\/manuelortega\/wp-json\/wp\/v2\/pages\/14","targetHints":{"allow":["GET"]}}],"collection":[{"href":"https:\/\/blog.uclm.es\/manuelortega\/wp-json\/wp\/v2\/pages"}],"about":[{"href":"https:\/\/blog.uclm.es\/manuelortega\/wp-json\/wp\/v2\/types\/page"}],"author":[{"embeddable":true,"href":"https:\/\/blog.uclm.es\/manuelortega\/wp-json\/wp\/v2\/users\/57"}],"replies":[{"embeddable":true,"href":"https:\/\/blog.uclm.es\/manuelortega\/wp-json\/wp\/v2\/comments?post=14"}],"version-history":[{"count":4,"href":"https:\/\/blog.uclm.es\/manuelortega\/wp-json\/wp\/v2\/pages\/14\/revisions"}],"predecessor-version":[{"id":1931,"href":"https:\/\/blog.uclm.es\/manuelortega\/wp-json\/wp\/v2\/pages\/14\/revisions\/1931"}],"wp:attachment":[{"href":"https:\/\/blog.uclm.es\/manuelortega\/wp-json\/wp\/v2\/media?parent=14"}],"curies":[{"name":"wp","href":"https:\/\/api.w.org\/{rel}","templated":true}]}}