{"id":10,"date":"2016-04-21T17:23:22","date_gmt":"2016-04-21T16:23:22","guid":{"rendered":"http:\/\/blog.uclm.es\/miguelredondo\/?page_id=10"},"modified":"2016-04-21T17:23:22","modified_gmt":"2016-04-21T16:23:22","slug":"curriculum","status":"publish","type":"page","link":"https:\/\/blog.uclm.es\/manuelortega\/curriculum\/","title":{"rendered":"Curr\u00edculum"},"content":{"rendered":"<p>Manuel Ortega Cantero es Catedr\u00e1tico de Universidad del \u00e1rea de Lenguajes y Sistemas Inform\u00e1ticos. Fue director del grupo de investigaci\u00f3n <a class=\"external text\" title=\"http:\/\/chico.inf-cr.uclm.es\/cms\/index.php\/menu_inicio\" href=\"http:\/\/chico.inf-cr.uclm.es\/cms\/index.php\/menu_inicio\" rel=\"nofollow\">CHICO<\/a> de la UCLM desde 1991 a 2021.<\/p>\n<p>Ha sido Secretario y Presidente de la <a class=\"external text\" title=\"http:\/\/www.adie.es\/cms\/\" href=\"http:\/\/www.adie.es\/cms\/\" rel=\"nofollow\">Asociaci\u00f3n para el Desarrollo de la Inform\u00e1tica Educativa\u00a0<\/a>(ADIE), de \u00e1mbito iberoamericano y fue Editor de la <a class=\"external text\" title=\"http:\/\/www.adie.es\/iecom\/index.php\/IECom\/index\" href=\"http:\/\/www.adie.es\/iecom\/index.php\/IECom\/index\" rel=\"nofollow\">Revista IE Comunicaciones<\/a>, indexada en \u00edndices como DOAJ y otros.<\/p>\n<p>Es Miembro del comit\u00e9 editorial de revistas indexadas en ISI-SCI-JCR como <a class=\"external text\" title=\"http:\/\/www.jucs.org\/\" href=\"http:\/\/www.jucs.org\/\" rel=\"nofollow\">Journal of Universal Computer Science<\/a>.<\/p>\n<p>Ha dirigido <a href=\"https:\/\/blog.uclm.es\/manuelortega\/docencia\/\">10 Tesis doctorales<\/a> en Ingenier\u00eda Inform\u00e1tica.<\/p>\n<p>Es coautor de m\u00e1s de 35 art\u00edculos en revistas indexadas, 3 libros internacionales, 13 nacionales y m\u00e1s de 150 art\u00edculos cient\u00edficos entre revistas nacionales y comunicaciones en Congresos internacionales. En total es autor de m\u00e1s de 200 publicaciones cient\u00edficas.<\/p>\n<p><a href=\"https:\/\/cvn.fecyt.es\/0000-0002-0194-7744\">Curr\u00edculo CVN completo<\/a><\/p>\n<h3><\/h3>\n<h3>Titulaci\u00f3n acad\u00e9mica<\/h3>\n<ul>\n<li>Doctor en Ciencias (Especialidad Qu\u00edmica F\u00edsica) por la\u00a0Universitat Aut\u00f2noma de Barcelona\u00a0(1990) con la calificaci\u00f3n de Apto Cum Laude<\/li>\n<li>Grado de Licenciado en Ciencias (Especialidad Qu\u00edmica F\u00edsica) por la\u00a0Universitat Aut\u00f2noma de Barcelona\u00a0(1983) con la calificaci\u00f3n de Sobresaliente<\/li>\n<li>Licenciado en Ciencias (Especialidad Qu\u00edmica F\u00edsica) \u00a0por la\u00a0Universitat Aut\u00f2noma de Barcelona\u00a0(1982)<\/li>\n<\/ul>\n<h3>Puesto de trabajo actual<\/h3>\n<ul>\n<li>Catedr\u00e1tico\u00a0de Universidad en la\u00a0<a href=\"http:\/\/www.esi.uclm.es\/\">Escuela Superior de Inform\u00e1tica<\/a>\u00a0de la\u00a0<a href=\"http:\/\/www.uclm.es\/\">Universidad de Castilla &#8211; La Mancha<\/a>\u00a0desde 2003<\/li>\n<\/ul>\n<h3>Otros puestos de trabajo anteriores<\/h3>\n<ul>\n<li>Catedr\u00e1tico de Escuela Universitaria en la Escuela Universitaria y posteriormente Superior de Inform\u00e1tica de Ciudad Real desde Febrero de 1995 a 2003<\/li>\n<li>Profesor Titular de Escuela Universitaria en la Escuela Universitaria de Inform\u00e1tica de Ciudad Real desde Octubre de 1990 a Enero de 1995<\/li>\n<li>Programador y Analista del Centro de C\u00e1lculo de la Universitat Aut\u00f2noma de Barcelona desde junio de 1987 a octubre de 1990<\/li>\n<li>Profesor Ayudante del Departamento de Qu\u00edmica F\u00edsica de la Universidad Aut\u00f3noma de Barcelona entre octubre de 1983 y \u00a0junio de 1987<\/li>\n<li>Profesor Ayudante del Departamento de Qu\u00edmica F\u00edsica de la Universidad Aut\u00f3noma de Barcelona desde Octubre a Diciembre de 1982<\/li>\n<\/ul>\n","protected":false},"excerpt":{"rendered":"<p>Manuel Ortega Cantero es Catedr\u00e1tico de Universidad del \u00e1rea de Lenguajes y Sistemas Inform\u00e1ticos. Fue director del grupo de investigaci\u00f3n CHICO de la UCLM desde 1991 a 2021. Ha sido Secretario y Presidente de la Asociaci\u00f3n para el Desarrollo de la Inform\u00e1tica Educativa\u00a0(ADIE), de \u00e1mbito iberoamericano y fue Editor de la Revista IE Comunicaciones, indexada [&hellip;]<\/p>\n","protected":false},"author":57,"featured_media":0,"parent":0,"menu_order":0,"comment_status":"closed","ping_status":"closed","template":"","meta":{"footnotes":""},"class_list":["post-10","page","type-page","status-publish","hentry"],"_links":{"self":[{"href":"https:\/\/blog.uclm.es\/manuelortega\/wp-json\/wp\/v2\/pages\/10","targetHints":{"allow":["GET"]}}],"collection":[{"href":"https:\/\/blog.uclm.es\/manuelortega\/wp-json\/wp\/v2\/pages"}],"about":[{"href":"https:\/\/blog.uclm.es\/manuelortega\/wp-json\/wp\/v2\/types\/page"}],"author":[{"embeddable":true,"href":"https:\/\/blog.uclm.es\/manuelortega\/wp-json\/wp\/v2\/users\/57"}],"replies":[{"embeddable":true,"href":"https:\/\/blog.uclm.es\/manuelortega\/wp-json\/wp\/v2\/comments?post=10"}],"version-history":[{"count":0,"href":"https:\/\/blog.uclm.es\/manuelortega\/wp-json\/wp\/v2\/pages\/10\/revisions"}],"wp:attachment":[{"href":"https:\/\/blog.uclm.es\/manuelortega\/wp-json\/wp\/v2\/media?parent=10"}],"curies":[{"name":"wp","href":"https:\/\/api.w.org\/{rel}","templated":true}]}}