{"id":217,"date":"2017-01-19T09:10:11","date_gmt":"2017-01-19T09:10:11","guid":{"rendered":"http:\/\/blog.uclm.es\/manuelestebanlucas\/?page_id=217"},"modified":"2023-07-25T01:10:09","modified_gmt":"2023-07-25T01:10:09","slug":"colaboradores","status":"publish","type":"page","link":"https:\/\/blog.uclm.es\/manuelestebanlucas\/colaboradores\/","title":{"rendered":"Colaboradores"},"content":{"rendered":"<p><img loading=\"lazy\" decoding=\"async\" class=\"wp-image-714 alignleft\" src=\"https:\/\/blog.uclm.es\/manuelestebanlucas\/wp-content\/uploads\/sites\/95\/2019\/04\/IMG_3469-e1555079783575.jpg\" alt=\"\" width=\"261\" height=\"348\" \/><strong>Principales colaboradores en tareas de docencia e investigaci\u00f3n:<\/strong><\/p>\n<p><a href=\"https:\/\/www.unavarra.es\/\" target=\"_blank\" rel=\"noopener noreferrer\">Dr. David Candel P\u00e9rez (Universidad P\u00fablica de Navarra)<\/a><\/p>\n<p><a href=\"http:\/\/www.utad.pt\/pt\/index.asp\" target=\"_blank\" rel=\"noopener noreferrer\">Dra. Teresa Fonseca (Universidad de Tras-Os-Montes e Alto Douro, Vila Real, Portugal)<\/a><\/p>\n<p><a href=\"http:\/\/www.geos.ed.ac.uk\/abs\/research\/forestsci\/homepage.htm\" target=\"_blank\" rel=\"noopener noreferrer\">Dr. Maurizio Mencuccini (Universidad de Edimburgo, Escocia)<\/a><\/p>\n<p><a href=\"http:\/\/www.cebas.csic.es\/\" target=\"_blank\" rel=\"noopener noreferrer\">Dr. Felipe Bastida L\u00f3pez (CEBAS-CSIC, Murcia, Espa\u00f1a)<\/a><\/p>\n<p><a href=\"http:\/\/www.fs.fed.us\/\" target=\"_blank\" rel=\"noopener noreferrer\">Dr. Bernard Parresol (USDA Forest Service, Asheville, USA)<\/a><\/p>\n<p><a href=\"http:\/\/www.uab.es\/servlet\/Satellite\/inicio-1089612448766.html\" target=\"_blank\" rel=\"noopener noreferrer\">Dr. Jordi Martinez-Vilalta (Universidad Aut\u00f3noma de Barcelona, Espa\u00f1a)<\/a><\/p>\n<p><a href=\"http:\/\/www.juntadeandalucia.es\/index.html\" target=\"_blank\" rel=\"noopener noreferrer\">Dr. Pedro Antonio Tiscar Oliver (Junta de Andaluc\u00eda, Cazorla, Espa\u00f1a)<\/a><\/p>\n<p><a href=\"http:\/\/www.upo.es\/sfqn\/contenido?pag=\/portal\/upo\/profesores\/jclincal\/profesor\" target=\"_blank\" rel=\"noopener noreferrer\">Dr. Juan Carlos Linares Calderon (Universidad de Ja\u00e9n, Espa\u00f1a)<\/a><\/p>\n<p><a href=\"http:\/\/www.ujaen.es\/dep\/bioani\/profeco.htm\" target=\"_blank\" rel=\"noopener noreferrer\">Dr. Benjam\u00edn Vi\u00f1egla P\u00e9rez (Universidad de Ja\u00e9n, Espa\u00f1a)<\/a><\/p>\n<p><a href=\"http:\/\/www.umayor.cl\/um\/\" target=\"_blank\" rel=\"noopener noreferrer\">Dr. Pablo Cruz (Universidad la Mayor, Chile)<\/a><\/p>\n<p><a href=\"http:\/\/www.irstea.fr\/efno\" target=\"_blank\" rel=\"noopener noreferrer\">Dr. Philippe Balandier (Irstea, Unit\u00e9 de Recherches sur les Ecosyst\u00e8mes Forestiers (EFNO) France)<\/a><\/p>\n<p><a href=\"http:\/\/www.uclm.es\/profesorado\/manuelestebanlucas\/www.soilerosion.eu\/miembros\/artemi-cerda\" target=\"_blank\" rel=\"noopener noreferrer\">Dr. Artemi Cerd\u00e1 (University Politecnic of Valencia, Spain)<\/a><\/p>\n<p><a href=\"https:\/\/www.wageningenur.nl\/es\/Persons\/Saskia-Keesstra.htm\" target=\"_blank\" rel=\"noopener noreferrer\">Dr. Shaskia Keesstra<\/a> (<a href=\"https:\/\/www.wageningenur.nl\/es\/Persons\/Saskia-Keesstra.htm\">Wageningen University, Netherlands<\/a>)<\/p>\n<p><a href=\"http:\/\/www.uclm.es\/profesorado\/manuelestebanlucas\/forest.moscowfsl.wsu.edu\/people\/...\/probichaud.html\" target=\"_blank\" rel=\"noopener noreferrer\">Dr. Peter Robichaud (USDA Forest Service, USA)<\/a><\/p>\n<p><a href=\"http:\/\/www.uclm.es\/profesorado\/manuelestebanlucas\/www.uclm.es\" target=\"_blank\" rel=\"noopener noreferrer\">Dr. Jorge de las Heras Ib\u00e1\u00f1ez (Castilla La Mancha University, Spain<\/a>)<\/p>\n<p><a href=\"http:\/\/www.uclm.es\/profesorado\/manuelestebanlucas\/www.uclm.es\" target=\"_blank\" rel=\"noopener noreferrer\">Dr. Daniel Moya Navarro (Castilla La Mancha University, Spain)<\/a><\/p>\n<p><a href=\"http:\/\/www.uclm.es\/profesorado\/manuelestebanlucas\/www.uclm.es\" target=\"_blank\" rel=\"noopener noreferrer\">Dr. Pablo Ferr\u00e1ndiz Gotor (Castilla La Mancha University, Spain)<\/a><\/p>\n<p><a href=\"http:\/\/www.uclm.es\/profesorado\/manuelestebanlucas\/www.uclm.es\" target=\"_blank\" rel=\"noopener noreferrer\">Dr. Javier Hedo de Santiago (Castilla La Mancha University, Spain)<\/a><\/p>\n<p><a href=\"http:\/\/bfw.ac.at\/rz\/bfwcms.web?dok=5388&amp;pn=348\" target=\"_blank\" rel=\"noopener noreferrer\">Dr. Barbara Kitzler ( Federal Research and Training Centre for Forests, Austria)<\/a><\/p>\n<p><a href=\"http:\/\/bfw.ac.at\/rz\/bfwcms.web?dok=5388&amp;pn=348\" target=\"_blank\" rel=\"noopener noreferrer\">Dr. Lee MacDonald ( Colorado State University, USA)<\/a><\/p>\n<p><a href=\"http:\/\/bfw.ac.at\/rz\/bfwcms.web?dok=5388&amp;pn=348\" target=\"_blank\" rel=\"noopener noreferrer\">Dr. Demetrio Zema ( Reggio Calabria University, Italy)<\/a><\/p>\n<p><a href=\"http:\/\/bfw.ac.at\/rz\/bfwcms.web?dok=5388&amp;pn=348\" target=\"_blank\" rel=\"noopener noreferrer\">Dr. Joe Wagenbrenner (USDA Forest Service, USA)<\/a><\/p>\n<p>Dr. Mehdi Meydari (Ilan University, Universidad de Iran)<\/p>\n<p><strong>Quieres ser el siguiente?<\/strong>\u00a0<\/p>\n\n\n<figure class=\"wp-block-image size-large\"><img decoding=\"async\" src=\"https:\/\/blog.uclm.es\/manuelestebanlucas\/wp-content\/uploads\/sites\/95\/2020\/05\/colleagues.jpg\" alt=\"\" class=\"wp-image-719\" \/><\/figure>\n","protected":false},"excerpt":{"rendered":"<p>Principales colaboradores en tareas de docencia e investigaci\u00f3n: Dr. David Candel P\u00e9rez (Universidad P\u00fablica de Navarra) Dra. Teresa Fonseca (Universidad de Tras-Os-Montes e Alto Douro, Vila Real, Portugal) Dr. Maurizio Mencuccini (Universidad de Edimburgo, Escocia) Dr. Felipe Bastida L\u00f3pez (CEBAS-CSIC, Murcia, Espa\u00f1a) Dr. Bernard Parresol (USDA Forest Service, Asheville, USA) Dr. Jordi Martinez-Vilalta (Universidad Aut\u00f3noma &hellip; <\/p>\n<p class=\"link-more\"><a href=\"https:\/\/blog.uclm.es\/manuelestebanlucas\/colaboradores\/\" class=\"more-link\">Continuar leyendo<span class=\"screen-reader-text\"> \u00abColaboradores\u00bb<\/span><\/a><\/p>\n","protected":false},"author":95,"featured_media":0,"parent":0,"menu_order":0,"comment_status":"closed","ping_status":"closed","template":"","meta":{"footnotes":""},"class_list":["post-217","page","type-page","status-publish","hentry"],"_links":{"self":[{"href":"https:\/\/blog.uclm.es\/manuelestebanlucas\/wp-json\/wp\/v2\/pages\/217","targetHints":{"allow":["GET"]}}],"collection":[{"href":"https:\/\/blog.uclm.es\/manuelestebanlucas\/wp-json\/wp\/v2\/pages"}],"about":[{"href":"https:\/\/blog.uclm.es\/manuelestebanlucas\/wp-json\/wp\/v2\/types\/page"}],"author":[{"embeddable":true,"href":"https:\/\/blog.uclm.es\/manuelestebanlucas\/wp-json\/wp\/v2\/users\/95"}],"replies":[{"embeddable":true,"href":"https:\/\/blog.uclm.es\/manuelestebanlucas\/wp-json\/wp\/v2\/comments?post=217"}],"version-history":[{"count":2,"href":"https:\/\/blog.uclm.es\/manuelestebanlucas\/wp-json\/wp\/v2\/pages\/217\/revisions"}],"predecessor-version":[{"id":1300,"href":"https:\/\/blog.uclm.es\/manuelestebanlucas\/wp-json\/wp\/v2\/pages\/217\/revisions\/1300"}],"wp:attachment":[{"href":"https:\/\/blog.uclm.es\/manuelestebanlucas\/wp-json\/wp\/v2\/media?parent=217"}],"curies":[{"name":"wp","href":"https:\/\/api.w.org\/{rel}","templated":true}]}}