{"id":194,"date":"2017-01-18T15:07:21","date_gmt":"2017-01-18T15:07:21","guid":{"rendered":"http:\/\/blog.uclm.es\/manuelestebanlucas\/?page_id=194"},"modified":"2026-01-07T15:55:10","modified_gmt":"2026-01-07T15:55:10","slug":"proyectos-finalizados","status":"publish","type":"page","link":"https:\/\/blog.uclm.es\/manuelestebanlucas\/investigacion\/proyectos-finalizados\/","title":{"rendered":"Proyectos Finalizados"},"content":{"rendered":"<p><img loading=\"lazy\" decoding=\"async\" class=\"aligncenter size-full wp-image-750\" src=\"https:\/\/blog.uclm.es\/manuelestebanlucas\/wp-content\/uploads\/sites\/95\/2020\/05\/why-1.jpg\" alt=\"\" width=\"703\" height=\"315\" srcset=\"https:\/\/blog.uclm.es\/manuelestebanlucas\/wp-content\/uploads\/sites\/95\/2020\/05\/why-1.jpg 703w, https:\/\/blog.uclm.es\/manuelestebanlucas\/wp-content\/uploads\/sites\/95\/2020\/05\/why-1-300x134.jpg 300w\" sizes=\"auto, (max-width: 703px) 100vw, 703px\" \/><\/p>\n<p align=\"justify\">1.- T\u00edtulo del proyecto: <strong>Endogenous Regulations of forest Net Primary Productivity. <\/strong>Entidad financiadora: NERC-Funded. Entidades participantes: School Of GeoSciences (University of Edinburgh). Investigador responsable: Dr. Mauricio Mencuccini<\/p>\n<p align=\"justify\">2.- T\u00edtulo del proyecto: <strong>Factores que influyen en la dif\u00edcil Regeneraci\u00f3n de los Montes de <em>Pinus nigra<\/em> Arn. en la Serran\u00eda de Cuenca <\/strong>(1FD97-1622)<strong>. <\/strong>Entidad financiadora: Consejer\u00eda de Medio Ambiente y Desarrollo Rural de Castilla La Mancha. Investigador responsable: Dr. Antonio Del Cerro Barja<\/p>\n<p align=\"justify\">3.- T\u00edtulo del proyecto: <strong>Forestaci\u00f3n de zonas semi-\u00e1ridas de Castilla La Mancha con especies del g\u00e9nero Paulownia spp. <\/strong>(PBI06-0161). Entidad financiadora: Consejer\u00eda de Medio Ambiente y Desarrollo Rural de Castilla La Mancha. Investigador responsable: Dr. Antonio Del Cerro Barja<\/p>\n<p align=\"justify\">4.- Titulo del proyecto: <strong>Evaluaci\u00f3n del balance de carbono y flujos de vapor de agua en sistemas forestales de Castilla-La Mancha (ECOFLUJ; PBC-05-013-2). <\/strong>Entidad financiadora: Consejer\u00eda de Educaci\u00f3n y Ciencia (Junta de Comunidades de Castilla-La Mancha). Investigadores principales: Dr. Francisco R. L\u00f3pez Serrano (UCLM) y Dra. Eva Rubio Caballero (IDR-UCLM)<\/p>\n<p align=\"justify\">5.- Titulo del proyecto: <strong>Evaluaci\u00f3n del balance de carbono y flujos de vapor de agua en sistemas forestales de Castilla-La Mancha (ECOFLUX II; PCC08-0109). <\/strong>Entidad financiadora: Consejer\u00eda de Educaci\u00f3n y Ciencia. Investigadores principales: Dr. Francisco R. L\u00f3pez Serrano (UCLM) y Dr. Alfonso Calera Belmonte (IDR-UCLM)<\/p>\n<p align=\"justify\">6.- T\u00edtulo del proyecto: <strong>Programas de seguimiento y vigilancia ambiental de proyectos y actividades tipo sometidas a evaluaci\u00f3n de impacto ambiental en Castilla-la Mancha.<\/strong> (011410329). Entidad financiadora: Junta de Comunidades de Castilla La Mancha. Investigador responsable: Dr. Manuela Andr\u00e9s Abell\u00e1n<\/p>\n<p align=\"justify\">7.-T\u00edtulo del proyecto: <strong>Manejo de montes mediterr\u00e1neos tras incendios y cambio clim\u00e1tico: resiliencia y productividad a tres escalas<\/strong> (AGL2011-27747). Ministerio de Ciencia e Innovaci\u00f3n. Investigador principal: Dr. Francisco Ram\u00f3n L\u00f3pez Serrano.<\/p>\n<p align=\"justify\">8.- T\u00edtulo del proyecto: <strong>Spanish woodlands and global change: threats and opportunities<\/strong> (MONTES CSD2008-00040). Investigador principal: Dr. Javier Retana<\/p>\n<p align=\"justify\">\n<p><strong>9.- T\u00edtulo del proyecto:<\/strong> <em>MULTIFIRE \u2013 Din\u00e1micas multifactoriales del r\u00e9gimen de incendios en ecosistemas mediterr\u00e1neos<\/em><br \/>\n<strong>Entidad financiadora:<\/strong> [Indica si deseas incluirla]<br \/>\n<strong>Investigador principal:<\/strong> Prof. Manuel Esteban Lucas Borja<br \/>\n<strong>Descripci\u00f3n breve (opcional):<\/strong> Proyecto centrado en comprender c\u00f3mo interact\u00faan clima, suelo, vegetaci\u00f3n y actividades humanas en la configuraci\u00f3n de nuevos reg\u00edmenes de incendios, y su impacto en la resiliencia forestal.<\/p>\n<div>\n<div><strong style=\"font-size: revert\">10.- T\u00edtulo del proyecto:<\/strong> <em style=\"font-size: revert\">FIRESTORM \u2013 Impactos ecol\u00f3gicos y funcionales de los incendios de alta severidad en bosques mediterr\u00e1neos<\/em><\/div>\n<\/div>\n<p><strong>Entidad financiadora:<\/strong> [Indica si quieres a\u00f1adirla]<br \/>\n<strong>Investigador principal:<\/strong> Prof. Manuel Esteban Lucas Borja<br \/>\n<strong>Descripci\u00f3n breve (opcional):<\/strong> Investigaci\u00f3n sobre los efectos ecol\u00f3gicos de megaincendios, regeneraci\u00f3n postfuego y vulnerabilidad del bosque ante escenarios de cambio clim\u00e1tico.<\/p>\n","protected":false},"excerpt":{"rendered":"<p>1.- T\u00edtulo del proyecto: Endogenous Regulations of forest Net Primary Productivity. Entidad financiadora: NERC-Funded. Entidades participantes: School Of GeoSciences (University of Edinburgh). Investigador responsable: Dr. Mauricio Mencuccini 2.- T\u00edtulo del proyecto: Factores que influyen en la dif\u00edcil Regeneraci\u00f3n de los Montes de Pinus nigra Arn. en la Serran\u00eda de Cuenca (1FD97-1622). Entidad financiadora: Consejer\u00eda de &hellip; <\/p>\n<p class=\"link-more\"><a href=\"https:\/\/blog.uclm.es\/manuelestebanlucas\/investigacion\/proyectos-finalizados\/\" class=\"more-link\">Continuar leyendo<span class=\"screen-reader-text\"> \u00abProyectos Finalizados\u00bb<\/span><\/a><\/p>\n","protected":false},"author":95,"featured_media":0,"parent":181,"menu_order":0,"comment_status":"closed","ping_status":"closed","template":"","meta":{"footnotes":""},"class_list":["post-194","page","type-page","status-publish","hentry"],"_links":{"self":[{"href":"https:\/\/blog.uclm.es\/manuelestebanlucas\/wp-json\/wp\/v2\/pages\/194","targetHints":{"allow":["GET"]}}],"collection":[{"href":"https:\/\/blog.uclm.es\/manuelestebanlucas\/wp-json\/wp\/v2\/pages"}],"about":[{"href":"https:\/\/blog.uclm.es\/manuelestebanlucas\/wp-json\/wp\/v2\/types\/page"}],"author":[{"embeddable":true,"href":"https:\/\/blog.uclm.es\/manuelestebanlucas\/wp-json\/wp\/v2\/users\/95"}],"replies":[{"embeddable":true,"href":"https:\/\/blog.uclm.es\/manuelestebanlucas\/wp-json\/wp\/v2\/comments?post=194"}],"version-history":[{"count":2,"href":"https:\/\/blog.uclm.es\/manuelestebanlucas\/wp-json\/wp\/v2\/pages\/194\/revisions"}],"predecessor-version":[{"id":1594,"href":"https:\/\/blog.uclm.es\/manuelestebanlucas\/wp-json\/wp\/v2\/pages\/194\/revisions\/1594"}],"up":[{"embeddable":true,"href":"https:\/\/blog.uclm.es\/manuelestebanlucas\/wp-json\/wp\/v2\/pages\/181"}],"wp:attachment":[{"href":"https:\/\/blog.uclm.es\/manuelestebanlucas\/wp-json\/wp\/v2\/media?parent=194"}],"curies":[{"name":"wp","href":"https:\/\/api.w.org\/{rel}","templated":true}]}}