{"id":1234,"date":"2017-01-18T09:45:13","date_gmt":"2017-01-18T09:45:13","guid":{"rendered":"https:\/\/blog.uclm.es\/manuelestebanlucas\/?page_id=1234"},"modified":"2026-01-10T22:16:00","modified_gmt":"2026-01-10T22:16:00","slug":"inicio-2","status":"publish","type":"page","link":"https:\/\/blog.uclm.es\/manuelestebanlucas\/","title":{"rendered":"Inicio"},"content":{"rendered":"<figure class=\"wp-block-image alignleft is-resized\"><img loading=\"lazy\" decoding=\"async\" width=\"1446\" height=\"1895\" src=\"https:\/\/blog.uclm.es\/manuelestebanlucas\/wp-content\/uploads\/sites\/95\/2020\/09\/melb.jpeg\" alt=\"\" class=\"wp-image-807\" style=\"width:322px;height:422px\" srcset=\"https:\/\/blog.uclm.es\/manuelestebanlucas\/wp-content\/uploads\/sites\/95\/2020\/09\/melb.jpeg 1446w, https:\/\/blog.uclm.es\/manuelestebanlucas\/wp-content\/uploads\/sites\/95\/2020\/09\/melb-229x300.jpeg 229w, https:\/\/blog.uclm.es\/manuelestebanlucas\/wp-content\/uploads\/sites\/95\/2020\/09\/melb-781x1024.jpeg 781w, https:\/\/blog.uclm.es\/manuelestebanlucas\/wp-content\/uploads\/sites\/95\/2020\/09\/melb-768x1006.jpeg 768w, https:\/\/blog.uclm.es\/manuelestebanlucas\/wp-content\/uploads\/sites\/95\/2020\/09\/melb-1172x1536.jpeg 1172w\" sizes=\"auto, (max-width: 767px) 89vw, (max-width: 1000px) 54vw, (max-width: 1071px) 543px, 580px\" \/><\/figure>\n\n\n<p><\/p>\n\n\n\n<p class=\"has-text-align-center\"><strong>Manuel Esteban Lucas Borja<\/strong><\/p>\n\n\n\n<p class=\"has-text-align-center\">Catedr\u00e1tico de universidad <\/p>\n\n\n\n<p class=\"has-text-align-center\">Universidad de Castilla-La Mancha<br>E.T.S.I. de Ingenier\u00eda Agron\u00f3mica, de Montes y Biotecnolog\u00eda de Albacete<br>Departamento de Ciencia y Tecnolog\u00eda Agroforestal y Gen\u00e9tica<br>Campus Universitario s\/n<br>C.P. 02071, Albacete (Spain).<br>T\u00e9lf.: 967599200 ext. 2818<\/p>\n\n\n\n<p class=\"has-text-align-center\">E-mail: Manuelesteban.lucas@uclm.es<br>https:\/\/orcid.org\/0000-0001-6270-8408<\/p>\n\n\n\n<p><\/p>\n\n\n\n<p><strong>FORMACI\u00d3N ACAD\u00c9MICA:<\/strong><\/p>\n\n\n\n<p><p style=\"text-align: justify\">Ingeniero T\u00e9cnico Forestal por la Universidad de Castilla La Mancha (1996-1999); Ingeniero de Montes por la Universidad de Lle\u00edda (2000-2002); Diploma de Estudios Avanzados y Suficiencia Investigadora por la Universidad Polit\u00e9cnica de Valencia (2004); M\u00e1ster en Ingenieria Agroambinetal por la Universidad de Castilla La Mancha (2006); Doctor en Ciencias Agrarias por la Universidad de Castilla La Mancha (2008).<\/p><\/p>\n\n\n\n<p><strong>INVESTIGACI\u00d3N Y DOCIENCIA<\/strong> :<\/p>\n\n\n\n<p><p style=\"text-align: justify\">Desde el a\u00f1o 2005 trabajo en tareas de docencia e investigaci\u00f3n en la Escuela de Ingenieros Agr\u00f3nomos de Albacete, Universidad de Castilla La Mancha. Mi Tesis doctoral la realic\u00e9 en la Serran\u00eda de Cuenca, en temas relacionados con la regeneraci\u00f3n natural y la gesti\u00f3n forestal sostenible de las masas de pino laricio (Pinus nigra Arn. ssp salzmannii). Desde entonces, he realizado diferentes estancias de investigaci\u00f3n en varias universidades y centros de investigaci\u00f3n nacionales y europeos como por ejemplo La Universidad de Edimburgo, el Instituto Superior de Agronom\u00eda de Lisboa, la Universidad de Tras-Os-Montes e Alto Douro, el Centro de Biolog\u00eda Aplicada del Segura, La Universidad Estatal de Oreg\u00f3n o el USDA forest Service (USA). Actualmente, la docencia e investigaci\u00f3n en la que participo, tanto en la E.T.I. Agr\u00f3nomos y Montes de Albacete y en la Universidad Nacional de Educaci\u00f3n a distancia (U.N.E.D.) se reparte principalmente, entre los siguientes temas:<\/p><\/p>\n\n\n\n<p><p style=\"text-align: justify\">1.- Restauraci\u00f3n ecol\u00f3gica del bosque. Estrategias de gesti\u00f3n post-incendio que afectan a la biodiversidad de las plantas forestales, a las propiedades del suelo y a m\u00faltiples funciones del ecosistema, incluyendo el ciclo de los nutrientes, la regulaci\u00f3n del clima, la descomposici\u00f3n de los residuos, la simbiosis, la producci\u00f3n de madera y la regulaci\u00f3n del agua.<\/p><\/p>\n\n\n\n<p><p style=\"text-align: justify\">2.- Erosi\u00f3n del suelo. Evaluaci\u00f3n del comportamiento hidrol\u00f3gico y la conectividad de los sedimentos en paisajes contrastantes.<\/p><\/p>\n\n\n\n<p><p style=\"text-align: justify\">3. &#8211; Gesti\u00f3n de los ecosistemas forestales bajo los principios de sostenibilidad y multifuncionalidad de la silvicultura en el contexto del cambio clim\u00e1tico.<\/p><\/p>\n\n\n\n<p><p style=\"text-align: justify\">\u00bfPor qu\u00e9 esta investigaci\u00f3n es importante para la sociedad?<\/strong><br><br>La restauraci\u00f3n ecol\u00f3gica puede contribuir a la recuperaci\u00f3n de los servicios y funciones de los ecosistemas y a mejorar los resultados de la biodiversidad, as\u00ed como a mejorar el bienestar humano en los paisajes degradados. Los objetivos de la restauraci\u00f3n de los ecosistemas incluyen la mitigaci\u00f3n del cambio clim\u00e1tico, la conservaci\u00f3n de la biodiversidad y el aumento de la prosperidad humana.<\/p><\/p>\n\n\n\n<p><p style=\"text-align: justify\">La multifuncionalidad de los ecosistemas de los bosques mediterr\u00e1neos puede verse alterada tras los incendios forestales y las estrategias de gesti\u00f3n posteriores a los incendios pueden ayudar considerablemente a recuperar la multifuncionalidad de los ecosistemas a corto plazo. El avance de nuestros conocimientos sobre la forma en que la multifuncionalidad de los ecosistemas cambia despu\u00e9s de los incendios es esencial para mantener ecosistemas sanos.<\/p><\/p>\n\n\n\n<p><strong>\u00bfTe interesa unirte?<\/strong><\/p>\n\n\n\n<p>Env\u00edame un correo electr\u00f3nico (manuelesteban.lucas@uclm.es) si quieres trabajar en  alguno de los temas de investigaci\u00f3n. <\/p>\n","protected":false},"excerpt":{"rendered":"<p>Manuel Esteban Lucas Borja Catedr\u00e1tico de universidad Universidad de Castilla-La ManchaE.T.S.I. de Ingenier\u00eda Agron\u00f3mica, de Montes y Biotecnolog\u00eda de AlbaceteDepartamento de Ciencia y Tecnolog\u00eda Agroforestal y Gen\u00e9ticaCampus Universitario s\/nC.P. 02071, Albacete (Spain).T\u00e9lf.: 967599200 ext. 2818 E-mail: Manuelesteban.lucas@uclm.eshttps:\/\/orcid.org\/0000-0001-6270-8408 FORMACI\u00d3N ACAD\u00c9MICA: Ingeniero T\u00e9cnico Forestal por la Universidad de Castilla La Mancha (1996-1999); Ingeniero de Montes por la &hellip; <\/p>\n<p class=\"link-more\"><a href=\"https:\/\/blog.uclm.es\/manuelestebanlucas\/\" class=\"more-link\">Continuar leyendo<span class=\"screen-reader-text\"> \u00abInicio\u00bb<\/span><\/a><\/p>\n","protected":false},"author":95,"featured_media":0,"parent":0,"menu_order":0,"comment_status":"closed","ping_status":"closed","template":"","meta":{"footnotes":""},"class_list":["post-1234","page","type-page","status-publish","hentry"],"_links":{"self":[{"href":"https:\/\/blog.uclm.es\/manuelestebanlucas\/wp-json\/wp\/v2\/pages\/1234","targetHints":{"allow":["GET"]}}],"collection":[{"href":"https:\/\/blog.uclm.es\/manuelestebanlucas\/wp-json\/wp\/v2\/pages"}],"about":[{"href":"https:\/\/blog.uclm.es\/manuelestebanlucas\/wp-json\/wp\/v2\/types\/page"}],"author":[{"embeddable":true,"href":"https:\/\/blog.uclm.es\/manuelestebanlucas\/wp-json\/wp\/v2\/users\/95"}],"replies":[{"embeddable":true,"href":"https:\/\/blog.uclm.es\/manuelestebanlucas\/wp-json\/wp\/v2\/comments?post=1234"}],"version-history":[{"count":13,"href":"https:\/\/blog.uclm.es\/manuelestebanlucas\/wp-json\/wp\/v2\/pages\/1234\/revisions"}],"predecessor-version":[{"id":1611,"href":"https:\/\/blog.uclm.es\/manuelestebanlucas\/wp-json\/wp\/v2\/pages\/1234\/revisions\/1611"}],"wp:attachment":[{"href":"https:\/\/blog.uclm.es\/manuelestebanlucas\/wp-json\/wp\/v2\/media?parent=1234"}],"curies":[{"name":"wp","href":"https:\/\/api.w.org\/{rel}","templated":true}]}}