{"id":53,"date":"2013-09-05T10:48:25","date_gmt":"2013-09-05T09:48:25","guid":{"rendered":"http:\/\/blog.uclm.es\/mangelesrodriguez\/?page_id=53"},"modified":"2025-03-11T16:31:54","modified_gmt":"2025-03-11T16:31:54","slug":"proyectos-de-investigacion","status":"publish","type":"page","link":"https:\/\/blog.uclm.es\/mangelesrodriguez\/proyectos-de-investigacion\/","title":{"rendered":"PROYECTOS DE INVESTIGACI\u00d3N"},"content":{"rendered":"<p><span style=\"color: #993366\"><strong>Proyectos\u00a0<\/strong><\/span><\/p>\n<ul>\n<li><strong>2024-2027 <\/strong><a href=\"https:\/\/v-geoscied.v-global.eu\/\"><strong>V-GEOSCIED: Inclusive V-GeoSciEd<\/strong><\/a><strong>: Fostering Diversity and Inclusion in Geography and Science Education through Virtual field trips<\/strong> (2024-1-FR01-KA220-HED-000248534) (Castilla-La Mancha). Investigador Principal<\/li>\n<li><strong>2024-2027. <em>Profundizando en el conocimiento de los catastros espa\u00f1oles de los siglos XVIII y XIX en el marco de los catastros europeos, de otras fuentes geohist\u00f3ricas y las TIC (CEyFG)<\/em><\/strong> (PID2023-150367NB-I00),\u00a0<strong>Plan Nacional De I+D+I,\u00a0 <\/strong>financiado por el Ministerio de Ciencia, Innovaci\u00f3n y Universidades del Gobierno de Espa\u00f1a y cofinanciado por la Uni\u00f3n Europea, cuyos Investigadores principales son: C. Camarero Bull\u00f3n (UAM) y J. Fern\u00e1ndez Portela (UNED).<\/li>\n<li><strong>2022-25.<\/strong> del Proyecto de transferencia e innovaci\u00f3n educativa \u201c<em><strong>Regeneraci\u00f3n urbana participativa<\/strong> next generation en las ciudades medias espa\u00f1olas: aprendizaje del servicio y participaci\u00f3n ciudadana<\/em>\u201d del grupo de investigaci\u00f3n <a href=\"https:\/\/www.uclm.es\/grupos\/multiedu\"><em>Multiedu. Investigaci\u00f3n e Innovaci\u00f3n Educativa<\/em><\/a> Ref. 2022-GRIN-34264 (2022-25)<\/li>\n<li><strong>2021-2024<\/strong>. <a href=\"https:\/\/v-global.eu\/\"><em><strong>Virtual Field Work in the context of Global Change \u2013 a blended learning approach for higher education (V-GLOBAL)<\/strong><\/em><\/a> (2021-1-FR01-KA220-HED-000023242) de 36 meses de duraci\u00f3n (1-11-2021 al 31-10-2024), coordinado por la Universit\u00e9 Paris Cit\u00e9 (Francia). Erasmus+. KA2 KA220-HED &#8211; Cooperation partnerships in higher education. (INP. EUROGEO M.A. Rodriguez-Domenech)<\/li>\n<li><strong>2021\/2024:<\/strong> \u00ab<em><strong>Fragmentaci\u00f3n y segregaci\u00f3n socioespacial en las ciudades medias espa\u00f1olas y sus \u00e1reas urbanas (2001 2021)<\/strong><\/em>\u00bb en la Convocatoria 2021 del Programa Estatal de Investigaci\u00f3n, Desarrollo e Innovaci\u00f3n Orientada a los Retos de la Sociedad Ministerio de Econom\u00eda y Competitividad. <strong>Plan Nacional De I+D+I<\/strong> Cuyo investigador principal es Carmen Bellet Sanfeliu. Ref. (PID2021124511NB C21-C22).<\/li>\n<li><strong>2021-22.<\/strong> del Proyecto de transferencia e innovaci\u00f3n educativa \u201c\u00a1Nosotros proponemos! Ciudadan\u00eda, sostenibilidad e innovaci\u00f3n en la educaci\u00f3n\u201d del grupo de investigaci\u00f3n <a href=\"https:\/\/www.nosotrosproponemos.com\/\">MULTIEDU. investigaci\u00f3n e innovaci\u00f3n educativa<\/a> durante el curso 2019\/2020 Ref. 2021-GRIN-31045<\/li>\n<li><strong>2019\/2021:<\/strong> \u201c<em><strong>Ciudades medias espa\u00f1olas: urbanizaci\u00f3n y pol\u00edticas urban\u00edsticas. 40 a\u00f1os de ayuntamientos democr\u00e1ticos<\/strong><\/em>\u201d en la Convocatoria 2018 del Programa Estatal de Investigaci\u00f3n, Desarrollo e Innovaci\u00f3n Orientada a los Retos de la Sociedad. Ministerio de Econom\u00eda y Competitividad. <strong>Plan Nacional De I+D+I<\/strong> Cuyo investigador principal es Carmen Bellet Sanfeliu. Ref. RTI2018-096435-B-C21<\/li>\n<li><strong>2019\/2021:<\/strong> \u201c<em><strong>Ciudades medias espa\u00f1olas: urbanizaci\u00f3n y pol\u00edticas urban\u00edsticas. 40 a\u00f1os de ayuntamientos democr\u00e1ticos<\/strong><\/em>\u201d en la Convocatoria 2018 del Programa Estatal de Investigaci\u00f3n, Desarrollo e Innovaci\u00f3n Orientada a los Retos de la Sociedad. Ministerio de Econom\u00eda y Competitividad. <span style=\"color: #000000\"><strong>Plan Nacional De I+D+I<\/strong><\/span> Cuyo investigador principal es Carmen Bellet Sanfeliu. Ref. RTI2018-096435-B-C21<\/li>\n<li><strong>2018\/2019.<\/strong> del <a href=\"https:\/\/www.nosotrosproponemos.com\/\"><em><strong>Proyecto de transferencia e innovaci\u00f3n educativa \u201c\u00a1Nosotros proponemos! Ciudadan\u00eda, sostenibilidad e innovaci\u00f3n en la educaci\u00f3n<\/strong><\/em><\/a>\u201d del grupo de investigaci\u00f3n MULTIEDU. investigaci\u00f3n e innovaci\u00f3n educativa durante el curso 2019\/2020 Ref. 2019-GRIN-27227.<\/li>\n<li><strong>2015\/2018:<\/strong> \u201c<em><strong>Din\u00e1micas de urbanizaci\u00f3n y pol\u00edticas urban\u00edsticas en ciudades medias interiores. De expansi\u00f3n y difusi\u00f3n a reformulaci\u00f3n \u00bfHac\u00eda un urbanismo m\u00e1s urbano?<\/strong><\/em>\u201d en la Convocatoria 2015 del Programa Estatal de Investigaci\u00f3n, Desarrollo e Innovaci\u00f3n Orientada a los Retos de la Sociedad. Ministerio de Econom\u00eda y Competitividad. <strong>Plan Nacional De I+D+I<\/strong> Cuyo investigador principal es Francisco Cebri\u00e1n Abell\u00e1n. Ref. CSO2015-63970-R<\/li>\n<li><strong>2013\/15:<\/strong> \u201c<em><strong>Efectos socioterritoriales de la crisis econ\u00f3mica en las \u00e1reas urbanas de Espa\u00f1a: Pol\u00edticas p\u00fablicas y estrategias de resiliencia<\/strong><\/em>\u201d en la Convocatoria 2012 de ayudas de Subprograma de Proyectos de Investigaci\u00f3n Fundamental no orientada del Ministerio de Econom\u00eda y Competitividad. <strong>Plan Nacional De I+D+I<\/strong> Cuyo investigador principal es Ricardo M\u00e9ndez Guti\u00e9rrez del Valle. Ref. CSO2012-36170<\/li>\n<li><strong>2013\/15:<\/strong> \u201c<em><strong>Patrones de transformaci\u00f3n urbana y estrategias asociadas a la Alta Velocidad Ferroviaria en Espa\u00f1a. (URBATAV)<\/strong><\/em>\u201d en la Convocatoria 2012 de ayudas de Subprograma de Proyectos de Investigaci\u00f3n Fundamental no orientada del Ministerio de Econom\u00eda y Competitividad. <strong>Plan Nacional De I+D+I<\/strong>. Cuyo investigador principal es Mar\u00eda Carmen Bellet Sanfeliu. Ref. CSO2012-34629<\/li>\n<li><strong>2015-actualidad.<\/strong> Convenio Ayuntamiento y Universidad y Asociaci\u00f3n Oretana. Voluntariado Apoyo Escolar en centros educativos de la ciudad<\/li>\n<\/ul>\n","protected":false},"excerpt":{"rendered":"<p>Proyectos\u00a0 2024-2027 V-GEOSCIED: Inclusive V-GeoSciEd: Fostering Diversity and Inclusion in Geography and Science Education through Virtual field trips (2024-1-FR01-KA220-HED-000248534) (Castilla-La Mancha). Investigador Principal 2024-2027. Profundizando en el conocimiento de los catastros espa\u00f1oles de los siglos XVIII y XIX en el marco de los catastros europeos, de otras fuentes geohist\u00f3ricas y las TIC (CEyFG) (PID2023-150367NB-I00),\u00a0Plan Nacional &hellip; <a href=\"https:\/\/blog.uclm.es\/mangelesrodriguez\/proyectos-de-investigacion\/\" class=\"more-link\">Seguir leyendo <span class=\"screen-reader-text\">PROYECTOS DE INVESTIGACI\u00d3N<\/span> <span class=\"meta-nav\">&rarr;<\/span><\/a><\/p>\n","protected":false},"author":39,"featured_media":0,"parent":0,"menu_order":0,"comment_status":"closed","ping_status":"open","template":"","meta":{"footnotes":""},"class_list":["post-53","page","type-page","status-publish","hentry"],"_links":{"self":[{"href":"https:\/\/blog.uclm.es\/mangelesrodriguez\/wp-json\/wp\/v2\/pages\/53","targetHints":{"allow":["GET"]}}],"collection":[{"href":"https:\/\/blog.uclm.es\/mangelesrodriguez\/wp-json\/wp\/v2\/pages"}],"about":[{"href":"https:\/\/blog.uclm.es\/mangelesrodriguez\/wp-json\/wp\/v2\/types\/page"}],"author":[{"embeddable":true,"href":"https:\/\/blog.uclm.es\/mangelesrodriguez\/wp-json\/wp\/v2\/users\/39"}],"replies":[{"embeddable":true,"href":"https:\/\/blog.uclm.es\/mangelesrodriguez\/wp-json\/wp\/v2\/comments?post=53"}],"version-history":[{"count":2,"href":"https:\/\/blog.uclm.es\/mangelesrodriguez\/wp-json\/wp\/v2\/pages\/53\/revisions"}],"predecessor-version":[{"id":429,"href":"https:\/\/blog.uclm.es\/mangelesrodriguez\/wp-json\/wp\/v2\/pages\/53\/revisions\/429"}],"wp:attachment":[{"href":"https:\/\/blog.uclm.es\/mangelesrodriguez\/wp-json\/wp\/v2\/media?parent=53"}],"curies":[{"name":"wp","href":"https:\/\/api.w.org\/{rel}","templated":true}]}}