{"id":259,"date":"2015-05-27T14:41:53","date_gmt":"2015-05-27T13:41:53","guid":{"rendered":"http:\/\/blog.uclm.es\/mangelesrodriguez\/?page_id=259"},"modified":"2025-03-11T18:16:28","modified_gmt":"2025-03-11T18:16:28","slug":"overview-2","status":"publish","type":"page","link":"https:\/\/blog.uclm.es\/mangelesrodriguez\/overview-2\/","title":{"rendered":"OVERVIEW"},"content":{"rendered":"<p style=\"text-align: center\"><img loading=\"lazy\" decoding=\"async\" class=\"alignnone  wp-image-376 alignleft\" src=\"https:\/\/blog.uclm.es\/mangelesrodriguez\/wp-content\/uploads\/sites\/13\/2023\/08\/foto-perfil-e1693478939797-300x249.jpg\" alt=\"University of Castilla-La Mancha. Associate Professor.\nDepartament of Geography in a Faculty of Education. Head of the Research Group MULTIEDU\n\nFulbright Scholar Visiting in 2017 (Michigan State University, EEUU)\" width=\"177\" height=\"147\" srcset=\"https:\/\/blog.uclm.es\/mangelesrodriguez\/wp-content\/uploads\/sites\/13\/2023\/08\/foto-perfil-e1693478939797-300x249.jpg 300w, https:\/\/blog.uclm.es\/mangelesrodriguez\/wp-content\/uploads\/sites\/13\/2023\/08\/foto-perfil-e1693478939797.jpg 614w\" sizes=\"auto, (max-width: 177px) 100vw, 177px\" \/><\/p>\n<p style=\"text-align: center\">University of Castilla-La Mancha. <strong>Associate Professor.\u00a0 <\/strong><br \/>\n<strong>Departament of Geography in a Faculty of Education.\u00a0 <\/strong><br \/>\n<strong>Head of the <a href=\"https:\/\/www.uclm.es\/grupos\/multiedu\">Research Group MULTIEDU<\/a><\/strong><br \/>\n<a href=\"https:\/\/fulbrightscholars.org\/grantee\/maria-de-los-angeles-rodriguez-domenech\"><strong>Fulbright Scholar Visiting<\/strong> <\/a>in 2017 (Michigan State University, EEUU)<\/p>\n<p data-start=\"2448\" data-end=\"2478\"><strong data-start=\"2452\" data-end=\"2476\">More information on the w<\/strong><strong data-start=\"2479\" data-end=\"2491\">ebsites:<\/strong> <a href=\"https:\/\/orcid.org\/0000-0002-6000-4279\"><strong>ORCID<\/strong>; <\/a><strong><a href=\"https:\/\/www.researchgate.net\/profile\/Maria-Angeles-Domenech\">Research Gate; <\/a>\u00a0<a href=\"https:\/\/scholar.google.es\/citations?user=EQnPuVsAAAAJ&amp;hl=es\">Google Scholar;<\/a>\u00a0<a class=\"orc-font-body-small\" href=\"http:\/\/www.scopus.com\/authid\/detail.uri?authorId=36650525900&amp;amp;eid=2-s2.0-78649582850\" target=\"_blank\" rel=\"me nofollow noopener noreferrer\">Scopus Author ID: 36650525900;<\/a>\u00a0<a class=\"orc-font-body-small\" href=\"https:\/\/publons.com\/researcher\/3316089\/maria-angeles-rodriguez-domenech\/\" target=\"_blank\" rel=\"me nofollow noopener noreferrer\">Web of Science Researcher ID: AAF-2218-2020;<\/a>\u00a0<a href=\"https:\/\/uclm.academia.edu\/MARIA%C3%81NGELESRODR%C3%8DGUEZDOMENECH\">Academia.edu<\/a>; <a href=\"http:\/\/www.linkedin.com\/in\/maria-angeles-rodriguez-domenech-7b831928b\">LinkedIn<\/a>;<\/strong><\/p>\n<p data-start=\"2554\" data-end=\"2578\"><strong data-start=\"2558\" data-end=\"2576\">Boarding Team: <\/strong><a href=\"https:\/\/geoforo.blogspot.com\/2009\/10\/foro-iberoamericano-sobre-educacion.html\">\u00a0Ibero-American Geoforo<\/a>; <a href=\"https:\/\/www.institutoestudiosmanchegos.es\/\">Institute of Manchego Studies<\/a>; <a href=\"https:\/\/sawbo-animations.org\/media\/media.php?media_object_id=120\">SAWBO<\/a>; <a href=\"https:\/\/laadministracionaldia.inap.es\/noticia.asp?id=1125941\">Multiedu Research Group \u2013 Educational Innovation and Research<\/a>; <a href=\"https:\/\/www.nosotrosproponemos.com\/\">We Propose! Project<\/a><\/p>\n<p data-start=\"78\" data-end=\"419\"><strong data-start=\"78\" data-end=\"153\">Associate Professor at the Department of Geography and Spatial Planning<\/strong> at the Faculty of Education, University of Castilla-La Mancha. <a href=\"http:\/\/chrome-extension:\/\/efaidnbmnnnibpcajpcglclefindmkaj\/https:\/\/www.age-geografia.es\/site\/wp-content\/uploads\/2021\/01\/PIE_UNIV_M-ANGELES-RODRIGUEZ-DOMENECH-1.pdf\" data-wplink-url-error=\"true\"><strong data-start=\"217\" data-end=\"327\">National Award from the Spanish Geography Association (2021) <\/strong>for Geographic Innovation in Higher Education<\/a> for the project <em data-start=\"344\" data-end=\"367\">\u00a1Nosotros Proponemos!<\/em>. <strong data-start=\"369\" data-end=\"419\"><a href=\"https:\/\/www.uclm.es\/misiones\/lauclm\/consejodedireccion\/vpu\/destacados?sc_lang=es\">Entrepreneurial Alumni Award from UCLM<\/a> (2022).<\/strong><\/p>\n<p data-start=\"421\" data-end=\"685\">She holds a <strong data-start=\"433\" data-end=\"455\">Ph.D. in Geography<\/strong>, a <strong data-start=\"459\" data-end=\"539\">Master\u2019s in Territorial Planning, Environment, Landscape, and Sustainability<\/strong>, and a <strong data-start=\"547\" data-end=\"603\">Specialist Degree in Urban Law of Castilla-La Mancha<\/strong>. Her doctoral thesis was titled <em data-start=\"636\" data-end=\"684\">Urban Transformations of Ciudad Real 1980-2008<\/em>.<\/p>\n<p data-start=\"687\" data-end=\"1304\">She has been a <strong data-start=\"702\" data-end=\"762\">visiting professor at European and American universities<\/strong>. She worked in the <strong data-start=\"782\" data-end=\"799\">United States<\/strong> at <strong data-start=\"803\" data-end=\"839\">Michigan State University (2017)<\/strong> with the prestigious <a href=\"https:\/\/fulbrightscholars.org\/grantee\/maria-de-los-angeles-rodriguez-domenech\"><strong data-start=\"861\" data-end=\"886\">FULBRIGHT scholarship<\/strong>.<\/a> She has also conducted <strong data-start=\"911\" data-end=\"929\">research stays<\/strong> at <strong data-start=\"933\" data-end=\"1034\">King\u2019s College London (2012), the University of Lisbon (2014, 2016, and 2019), and Cologne (2013)<\/strong>, as well as at <strong data-start=\"1050\" data-end=\"1081\">Ibero-American universities<\/strong> such as the <strong data-start=\"1094\" data-end=\"1128\">University of S\u00e3o Paulo (2016)<\/strong> and the <strong data-start=\"1137\" data-end=\"1189\">National Autonomous University of Mexico (2021).<\/strong> She has led <strong data-start=\"1202\" data-end=\"1255\">development cooperation projects in Ibero-America<\/strong>, specifically in <strong data-start=\"1273\" data-end=\"1288\">El Salvador<\/strong> and <strong data-start=\"1293\" data-end=\"1303\">Bogot\u00e1<\/strong>.<\/p>\n<p data-start=\"1306\" data-end=\"1420\">She has participated in and led <strong data-start=\"1338\" data-end=\"1377\">various European KA220-HED projects<\/strong>, including <strong data-start=\"1389\" data-end=\"1400\"><a href=\"https:\/\/v-global.eu\/\">VGloba<\/a>l<\/strong> and <a href=\"https:\/\/v-geoscied.v-global.eu\/\"><strong data-start=\"1405\" data-end=\"1419\">V-GeoSciEd<\/strong>.<\/a><\/p>\n<p data-start=\"1422\" data-end=\"1474\">Her <strong data-start=\"1426\" data-end=\"1469\">three major research areas in geography<\/strong> are:<\/p>\n<ol data-start=\"1476\" data-end=\"1854\">\n<li data-start=\"1476\" data-end=\"1688\"><strong data-start=\"1479\" data-end=\"1505\">Educational Innovation<\/strong>, focusing on <strong data-start=\"1519\" data-end=\"1686\">citizen participation, critical thinking, and the use of inclusive virtual field trips (Virtual Field Trips) to develop educational itineraries in protected areas.<\/strong><\/li>\n<li data-start=\"1689\" data-end=\"1736\"><strong data-start=\"1692\" data-end=\"1734\">Urban Planning in Medium-Sized Cities.<\/strong><\/li>\n<li data-start=\"1737\" data-end=\"1854\"><strong data-start=\"1740\" data-end=\"1782\">Current and Historical Geodemographics<\/strong>, particularly related to the <strong data-start=\"1812\" data-end=\"1852\">Cadastre of the Marquis of Ensenada.<\/strong><\/li>\n<\/ol>\n<p data-start=\"1856\" data-end=\"1964\">Her <strong data-start=\"1860\" data-end=\"1901\">research and work transfer to society<\/strong> has always been a priority. In addition to teaching, she is:<\/p>\n<ul data-start=\"1965\" data-end=\"2446\">\n<li data-start=\"1965\" data-end=\"2055\">A <strong data-start=\"1969\" data-end=\"1990\">consulting member<\/strong> of the <a href=\"https:\/\/laadministracionaldia.inap.es\/noticia.asp?id=1125941\"><strong data-start=\"1998\" data-end=\"2052\">Heritage Commission of the Province of Ciudad Real<\/strong><\/a>.<\/li>\n<li data-start=\"2056\" data-end=\"2117\"><strong data-start=\"2058\" data-end=\"2114\">Vice President of the <a href=\"https:\/\/www.institutoestudiosmanchegos.es\/\">Institute of Manchegan Studies<\/a><\/strong>.<\/li>\n<li data-start=\"2118\" data-end=\"2205\">A <strong data-start=\"2122\" data-end=\"2149\">board member of Geoforo<\/strong>, one of the main <a href=\"http:\/\/geoforo.blogspot.com\/2009\/10\/foro-iberoamericano-sobre-educacion.html\"><strong data-start=\"2167\" data-end=\"2202\">Ibero-American geography forums<\/strong><\/a>.<\/li>\n<li data-start=\"2206\" data-end=\"2446\"><strong data-start=\"2208\" data-end=\"2229\">Director in Spain<\/strong> of the <strong data-start=\"2237\" data-end=\"2345\">international project <em data-start=\"2261\" data-end=\"2284\">\u00a1<a href=\"https:\/\/www.nosotrosproponemos.com\/\">Nosotros Proponemos!<\/a><\/em> \u2013 Citizenship, Sustainability, and Innovation in Education<\/strong>, a citizen participation initiative between <strong data-start=\"2390\" data-end=\"2443\">universities, schools, and public administrations<\/strong>.<\/li>\n<\/ul>\n<h3 data-start=\"2674\" data-end=\"2705\"><\/h3>\n<h3 data-start=\"2674\" data-end=\"2705\"><strong data-start=\"2678\" data-end=\"2703\">Selected Publications<\/strong><\/h3>\n<ul data-start=\"2707\" data-end=\"4829\">\n<li data-start=\"2707\" data-end=\"3013\">\n<p data-start=\"2709\" data-end=\"3013\"><strong data-start=\"2709\" data-end=\"2794\">Scala, D.; Aguilar Cuesta, \u00c1.I.; Rodr\u00edguez-Domenech, M.\u00c1.; Ca\u00f1izares Ruiz, M.d.C.<\/strong> (2024). <em data-start=\"2803\" data-end=\"2876\">Bibliometric Study on the Conceptualisation of Smart City and Education<\/em>. <strong data-start=\"2878\" data-end=\"2897\">Smart Cities, 7<\/strong>, 597-614. (Scopus Q-1). <a href=\"https:\/\/doi.org\/10.3390\/smartcities7010024\" target=\"_new\" rel=\"noopener\" data-start=\"2922\" data-end=\"3010\">https:\/\/doi.org\/10.3390\/smartcities7010024<\/a>.<\/p>\n<\/li>\n<li data-start=\"3015\" data-end=\"3394\">\n<p data-start=\"3017\" data-end=\"3394\"><strong data-start=\"3017\" data-end=\"3116\">Fidalgo Hijano, C., Rodr\u00edguez Domenech, M. \u00c1ngeles, Corral Ribera, M., &amp; Gonz\u00e1lez Mart\u00edn, J. A.<\/strong> (2023). <em data-start=\"3125\" data-end=\"3243\">The Study of the Natural Environment through Cadastral and Para-Cadastral Sources: The Former Province of La Mancha.<\/em> <strong data-start=\"3244\" data-end=\"3283\">Estudios Geogr\u00e1ficos, 84(295), e146<\/strong>. (Scopus Q-3). <a href=\"https:\/\/doi.org\/10.3989\/estgeogr.2023151.151\" target=\"_new\" rel=\"noopener\" data-start=\"3299\" data-end=\"3391\">https:\/\/doi.org\/10.3989\/estgeogr.2023151.151<\/a>.<\/p>\n<\/li>\n<li data-start=\"3396\" data-end=\"3759\">\n<p data-start=\"3398\" data-end=\"3759\"><strong data-start=\"3398\" data-end=\"3493\">Gonzalez-Mohino, M., Rodriguez-Domenech, M., Callejas-Albi\u00f1ana, A., &amp; Castillo-Canalejo, A.<\/strong> (2023). <em data-start=\"3502\" data-end=\"3585\">Empowering Critical Thinking: The Role of Digital Tools in Citizen Participation.<\/em> <strong data-start=\"3586\" data-end=\"3655\">Journal of New Approaches in Educational Research, 12(2), 258-275<\/strong>. (JCR Q-1). <a href=\"http:\/\/dx.doi.org\/10.7821\/naer.2023.7.1385\" target=\"_new\" rel=\"noopener\" data-start=\"3668\" data-end=\"3756\">http:\/\/dx.doi.org\/10.7821\/naer.2023.7.1385<\/a>.<\/p>\n<\/li>\n<li data-start=\"3761\" data-end=\"4186\">\n<p data-start=\"3763\" data-end=\"4186\"><strong data-start=\"3763\" data-end=\"3917\">Leininger-Fr\u00e9zal, C., Sprenger, S., De L\u00e1zaro Torres, M.L., Rodr\u00edguez Domenech, M.\u00c1., Heidari, N., Pigaki, M., Naudet, C., Lecomte, A., &amp; Gallardo, M.<\/strong> (2023). <em data-start=\"3926\" data-end=\"4023\">Global Change Challenge in the Higher Education Curriculum on the Approach of Blended Learning.<\/em> <strong data-start=\"4024\" data-end=\"4069\">European Journal of Geography, 14(2):1-14<\/strong>. (Scopus Q-3). <a href=\"https:\/\/doi.org\/10.48088\/ejg.c.lei.14.2.001.014\" target=\"_new\" rel=\"noopener\" data-start=\"4085\" data-end=\"4183\">https:\/\/doi.org\/10.48088\/ejg.c.lei.14.2.001.014<\/a>.<\/p>\n<\/li>\n<li data-start=\"4188\" data-end=\"4517\">\n<p data-start=\"4190\" data-end=\"4517\"><strong data-start=\"4190\" data-end=\"4234\">Rodriguez-Domenech, M.A. &amp; Ca\u00f1izares, M.<\/strong> (2023). <em data-start=\"4243\" data-end=\"4343\">Urban Planning and Sustainability in the Cities of Castilla-La Mancha (Spain): Current Challenges.<\/em> <strong data-start=\"4344\" data-end=\"4425\">Urban Morphology, Sustainability, and Regional Development. Land, 12(8), 1540<\/strong>. (JCR Q-2). <a href=\"https:\/\/doi.org\/10.3390\/land12081540\" target=\"_new\" rel=\"noopener\" data-start=\"4438\" data-end=\"4514\">https:\/\/doi.org\/10.3390\/land12081540<\/a>.<\/p>\n<\/li>\n<li data-start=\"4519\" data-end=\"4829\">\n<p data-start=\"4521\" data-end=\"4829\"><strong data-start=\"4521\" data-end=\"4549\">Rodr\u00edguez-Domenech, M.\u00c1.<\/strong> (2022). <em data-start=\"4558\" data-end=\"4683\">Medium-Sized Cities Facing the Demographic Challenge in Spain\u2019s Low-Density Regions through Citizen Participation Projects.<\/em> <strong data-start=\"4684\" data-end=\"4733\">Int. J. Environ. Res. Public Health, 19, 5303<\/strong>. (JCR Q-1). <a href=\"https:\/\/doi.org\/10.3390\/ijerph19095303\" target=\"_new\" rel=\"noopener\" data-start=\"4746\" data-end=\"4826\">https:\/\/doi.org\/10.3390\/ijerph19095303<\/a>.<\/p>\n<\/li>\n<\/ul>\n","protected":false},"excerpt":{"rendered":"<p>University of Castilla-La Mancha. Associate Professor.\u00a0 Departament of Geography in a Faculty of Education.\u00a0 Head of the Research Group MULTIEDU Fulbright Scholar Visiting in 2017 (Michigan State University, EEUU) More information on the websites: ORCID; Research Gate; \u00a0Google Scholar;\u00a0Scopus Author ID: 36650525900;\u00a0Web of Science Researcher ID: AAF-2218-2020;\u00a0Academia.edu; LinkedIn; Boarding Team: \u00a0Ibero-American Geoforo; Institute of Manchego &hellip; <a href=\"https:\/\/blog.uclm.es\/mangelesrodriguez\/overview-2\/\" class=\"more-link\">Seguir leyendo <span class=\"screen-reader-text\">OVERVIEW<\/span> <span class=\"meta-nav\">&rarr;<\/span><\/a><\/p>\n","protected":false},"author":39,"featured_media":0,"parent":0,"menu_order":0,"comment_status":"closed","ping_status":"open","template":"","meta":{"footnotes":""},"class_list":["post-259","page","type-page","status-publish","hentry"],"_links":{"self":[{"href":"https:\/\/blog.uclm.es\/mangelesrodriguez\/wp-json\/wp\/v2\/pages\/259","targetHints":{"allow":["GET"]}}],"collection":[{"href":"https:\/\/blog.uclm.es\/mangelesrodriguez\/wp-json\/wp\/v2\/pages"}],"about":[{"href":"https:\/\/blog.uclm.es\/mangelesrodriguez\/wp-json\/wp\/v2\/types\/page"}],"author":[{"embeddable":true,"href":"https:\/\/blog.uclm.es\/mangelesrodriguez\/wp-json\/wp\/v2\/users\/39"}],"replies":[{"embeddable":true,"href":"https:\/\/blog.uclm.es\/mangelesrodriguez\/wp-json\/wp\/v2\/comments?post=259"}],"version-history":[{"count":11,"href":"https:\/\/blog.uclm.es\/mangelesrodriguez\/wp-json\/wp\/v2\/pages\/259\/revisions"}],"predecessor-version":[{"id":473,"href":"https:\/\/blog.uclm.es\/mangelesrodriguez\/wp-json\/wp\/v2\/pages\/259\/revisions\/473"}],"wp:attachment":[{"href":"https:\/\/blog.uclm.es\/mangelesrodriguez\/wp-json\/wp\/v2\/media?parent=259"}],"curies":[{"name":"wp","href":"https:\/\/api.w.org\/{rel}","templated":true}]}}