{"id":24,"date":"2013-09-05T10:22:17","date_gmt":"2013-09-05T09:22:17","guid":{"rendered":"http:\/\/blog.uclm.es\/mangelesrodriguez\/?page_id=24"},"modified":"2025-03-11T17:14:59","modified_gmt":"2025-03-11T17:14:59","slug":"docencia-2","status":"publish","type":"page","link":"https:\/\/blog.uclm.es\/mangelesrodriguez\/docencia-2\/","title":{"rendered":"DOCENCIA"},"content":{"rendered":"<h4><strong>Docencia en Grados Universitarios<\/strong><\/h4>\n<p><strong><a href=\"https:\/\/www.uclm.es\/ciudad-real\/educacion\">Grado en Maestro en Educaci\u00f3n Primaria. UCLM<\/a><\/strong><br \/>\n\u2022 Asignatura de Ciencias Sociales I: Geograf\u00eda y su did\u00e1ctica (2\u00ba)<br \/>\n\u2022 Asignatura de <a href=\"https:\/\/planea.apps.uclm.es\/web\/guia\/393\/46325\/\">Did\u00e1ctica del medio natural, social y cultural (4\u00ba)<\/a><\/p>\n<p><a href=\"https:\/\/www.uclm.es\/es\/ciudad-real\/Educacion\/Estudios\/DobleGradoEDPrimariaInfantil\"><strong>Doble Grado en Maestro en Educaci\u00f3n Primaria y en Maestro en Educaci\u00f3n Infantil. UCLM<\/strong><\/a><\/p>\n<p>\u2022 Asignatura de <a href=\"https:\/\/planea.apps.uclm.es\/web\/guia\/393\/46325\/2023-24\/\">Did\u00e1ctica del medio natural, social y cultural (4\u00ba)<\/a><\/p>\n<h4><strong>Docencia en Masters Universitarios<\/strong><\/h4>\n<p><a href=\"https:\/\/www.uclm.es\/estudios\/masteres\/master-investigacion-innovacion-educativa\"><strong>M\u00e1ster Universitario en Investigaci\u00f3n e Innovaci\u00f3n educativa. UCLM<\/strong><\/a><\/p>\n<p>\u2022 Asignatura de <a href=\"https:\/\/planea.apps.uclm.es\/web\/guia\/2348\/310890\/\">Fundamentos para la investigaci\u00f3n\/Innovaci\u00f3n educativa en Ciencias Sociales<\/a><\/p>\n<p><a href=\"https:\/\/www.uclm.es\/estudios\/masteres\/master-secundaria-fp-idiomas\"><strong>M\u00e1ster Universitario en Profesor de Educaci\u00f3n Secundaria Obligatoria y Bachillerato, Formaci\u00f3n Profesional y Ense\u00f1anza de Idiomas. UCLM\u00a0<\/strong><\/a><br \/>\n\u2022 Asignatura\u00a0 <a class=\"linknw\" href=\"https:\/\/planea.apps.uclm.es\/web\/guia\/2307\/310414\" target=\"_blank\" rel=\"noopener noreferrer\">Innovaci\u00f3n docente en Artes y humanidades<\/a> Geograf\u00eda, Historia e Historia del Arte]<br \/>\n\u2022 Asignatura <a href=\"https:\/\/planea.apps.uclm.es\/web\/guia\/2307\/310415\">I<\/a><a href=\"https:\/\/planea.apps.uclm.es\/web\/guia\/2307\/310415\" rel=\"noopener noreferrer\">nvestigaci\u00f3n educativa en Artes y humanidades<\/a> [Geograf\u00eda, Historia e Historia del Arte]<\/p>\n","protected":false},"excerpt":{"rendered":"<p>Docencia en Grados Universitarios Grado en Maestro en Educaci\u00f3n Primaria. UCLM \u2022 Asignatura de Ciencias Sociales I: Geograf\u00eda y su did\u00e1ctica (2\u00ba) \u2022 Asignatura de Did\u00e1ctica del medio natural, social y cultural (4\u00ba) Doble Grado en Maestro en Educaci\u00f3n Primaria y en Maestro en Educaci\u00f3n Infantil. UCLM \u2022 Asignatura de Did\u00e1ctica del medio natural, social &hellip; <a href=\"https:\/\/blog.uclm.es\/mangelesrodriguez\/docencia-2\/\" class=\"more-link\">Seguir leyendo <span class=\"screen-reader-text\">DOCENCIA<\/span> <span class=\"meta-nav\">&rarr;<\/span><\/a><\/p>\n","protected":false},"author":39,"featured_media":0,"parent":0,"menu_order":1,"comment_status":"closed","ping_status":"closed","template":"","meta":{"footnotes":""},"class_list":["post-24","page","type-page","status-publish","hentry"],"_links":{"self":[{"href":"https:\/\/blog.uclm.es\/mangelesrodriguez\/wp-json\/wp\/v2\/pages\/24","targetHints":{"allow":["GET"]}}],"collection":[{"href":"https:\/\/blog.uclm.es\/mangelesrodriguez\/wp-json\/wp\/v2\/pages"}],"about":[{"href":"https:\/\/blog.uclm.es\/mangelesrodriguez\/wp-json\/wp\/v2\/types\/page"}],"author":[{"embeddable":true,"href":"https:\/\/blog.uclm.es\/mangelesrodriguez\/wp-json\/wp\/v2\/users\/39"}],"replies":[{"embeddable":true,"href":"https:\/\/blog.uclm.es\/mangelesrodriguez\/wp-json\/wp\/v2\/comments?post=24"}],"version-history":[{"count":2,"href":"https:\/\/blog.uclm.es\/mangelesrodriguez\/wp-json\/wp\/v2\/pages\/24\/revisions"}],"predecessor-version":[{"id":443,"href":"https:\/\/blog.uclm.es\/mangelesrodriguez\/wp-json\/wp\/v2\/pages\/24\/revisions\/443"}],"wp:attachment":[{"href":"https:\/\/blog.uclm.es\/mangelesrodriguez\/wp-json\/wp\/v2\/media?parent=24"}],"curies":[{"name":"wp","href":"https:\/\/api.w.org\/{rel}","templated":true}]}}