{"id":44,"date":"2022-07-21T12:51:42","date_gmt":"2022-07-21T11:51:42","guid":{"rendered":"https:\/\/blogdev.uclm.es\/fullsite\/?page_id=44"},"modified":"2025-04-01T11:52:28","modified_gmt":"2025-04-01T09:52:28","slug":"docencia","status":"publish","type":"page","link":"https:\/\/blog.uclm.es\/luisrodriguez\/docencia\/","title":{"rendered":"Docencia"},"content":{"rendered":"\n<div class=\"wp-block-media-text alignwide is-stacked-on-mobile\" style=\"grid-template-columns:38% auto\"><figure class=\"wp-block-media-text__media\"><img loading=\"lazy\" decoding=\"async\" width=\"912\" height=\"1024\" src=\"https:\/\/blog.uclm.es\/luisrodriguez\/wp-content\/uploads\/sites\/315\/2025\/04\/neural-network-3816319_1280-1-912x1024.png\" alt=\"\" class=\"wp-image-367 size-full\" srcset=\"https:\/\/blog.uclm.es\/luisrodriguez\/wp-content\/uploads\/sites\/315\/2025\/04\/neural-network-3816319_1280-1-912x1024.png 912w, https:\/\/blog.uclm.es\/luisrodriguez\/wp-content\/uploads\/sites\/315\/2025\/04\/neural-network-3816319_1280-1-267x300.png 267w, https:\/\/blog.uclm.es\/luisrodriguez\/wp-content\/uploads\/sites\/315\/2025\/04\/neural-network-3816319_1280-1-768x862.png 768w, https:\/\/blog.uclm.es\/luisrodriguez\/wp-content\/uploads\/sites\/315\/2025\/04\/neural-network-3816319_1280-1.png 1140w\" sizes=\"auto, (max-width: 912px) 100vw, 912px\" \/><\/figure><div class=\"wp-block-media-text__content\">\n<h4 class=\"wp-block-heading has-text-align-left has-text-color\" style=\"color:#000000\"><strong>Docencia<\/strong><\/h4>\n\n\n\n<p class=\"has-small-font-size\">Actualmente imparto docencia en la asignatura <strong>Intelligent Systems<\/strong> del <strong>Grado Biling\u00fce en Ingenier\u00eda Inform\u00e1tica<\/strong> y en la asignatura <strong>Sistemas Inteligentes <\/strong>en el <strong>Grado en Ingenier\u00eda Inform\u00e1tica<\/strong>. En cursos anteriores en las siguientes:<\/p>\n<\/div><\/div>\n\n\n\n<div class=\"wp-block-group alignfull is-layout-constrained wp-block-group-is-layout-constrained\" style=\"padding-top:0px;padding-bottom:var(--wp--custom--spacing--small, 1.25rem)\">\n<div class=\"wp-block-columns alignwide is-layout-flex wp-container-core-columns-is-layout-28f84493 wp-block-columns-is-layout-flex\">\n<div class=\"wp-block-column is-layout-flow wp-block-column-is-layout-flow\">\n<ul class=\"wp-block-list has-small-font-size\">\n<li><strong>Metodolog\u00eda de la Programaci\u00f3n<\/strong> &#8211; Grado en Ingenier\u00eda Inform\u00e1tica<\/li>\n\n\n\n<li><strong>Programming Methodology<\/strong> &#8211; Grado en Ingenier\u00eda Inform\u00e1tica (Biling\u00fce)<\/li>\n\n\n\n<li><strong>Sistemas Inteligentes<\/strong> &#8211; Grado en Ingenier\u00eda Inform\u00e1tica<\/li>\n\n\n\n<li><strong>Sistemas Multiagentes<\/strong> &#8211; Grado en Ingenier\u00eda Inform\u00e1tica<\/li>\n\n\n\n<li><strong>Servicios de Computaci\u00f3n de altas prestaciones y disponibilidad<\/strong> &#8211; M\u00e1ster en Ingenier\u00eda Inform\u00e1tica<\/li>\n\n\n\n<li><strong>Sistemas Operativos II<\/strong> &#8211; Grado en Ingenier\u00eda Inform\u00e1tica<\/li>\n\n\n\n<li><strong>Sistemas Operativos I<\/strong> &#8211; Grado en Ingenier\u00eda Inform\u00e1tica<\/li>\n\n\n\n<li><strong>Programaci\u00f3n Concurrente y Tiempo Real<\/strong> &#8211; Grado en Ingenier\u00eda Inform\u00e1tica<\/li>\n\n\n\n<li><strong>Administraci\u00f3n de Sistemas Operativos<\/strong> &#8211; Ingeniero inform\u00e1tico e Ingeniero t\u00e9cnico en inform\u00e1tica de Sistemas<\/li>\n\n\n\n<li><strong>T\u00e9cnicas de Softcomputing<\/strong> &#8211; Doctorado en Tecnolog\u00edas Inform\u00e1ticas Avanzadas<\/li>\n\n\n\n<li><strong>Inteligencia Artificial e Ingenier\u00eda del Conocimiento<\/strong> &#8211; Ingeniero inform\u00e1tico<\/li>\n\n\n\n<li><strong>Teor\u00eda de Aut\u00f3matas y Lenguajes Formales<\/strong> &#8211; Ingeniero T\u00e9cnico en Inform\u00e1tica de Gesti\u00f3n<\/li>\n\n\n\n<li><strong>Teor\u00eda de Aut\u00f3matas y Lenguajes Formales<\/strong> &#8211; Ingeniero inform\u00e1tico<\/li>\n\n\n\n<li><strong>Teor\u00eda de Aut\u00f3matas y Lenguajes Formales<\/strong> &#8211; Ingeniero t\u00e9cnico en inform\u00e1tica de Sistemas<\/li>\n\n\n\n<li><strong>Estructura de Datos y de la Informaci\u00f3n<\/strong> &#8211; Ingeniero Inform\u00e1tico<\/li>\n\n\n\n<li><strong>Administraci\u00f3n de Redes de Computadores<\/strong> \u2013 Ingenier\u00eda T\u00e9cnica Inform\u00e1tica en Sistemas<\/li>\n\n\n\n<li><strong>Estructura de Computadores<\/strong> \u2013 Ingenier\u00eda en Inform\u00e1tica<\/li>\n\n\n\n<li><strong>Tecnolog\u00eda de Computadores<\/strong> \u2013 Ingenier\u00eda en Inform\u00e1tica<\/li>\n\n\n\n<li><strong>Tecnolog\u00eda de Computadores<\/strong> \u2013 Ingenier\u00eda T\u00e9cnica Inform\u00e1tica en Sistemas<\/li>\n\n\n\n<li><strong>Sistemas Digitales<\/strong> \u2013 Ingenier\u00eda T\u00e9cnica Inform\u00e1tica en Gesti\u00f3n<\/li>\n\n\n\n<li><strong>Ofim\u00e1tica Aplicada a la Ingenier\u00eda <\/strong>&#8211;  Ingenier\u00eda T\u00e9cnica Industrial<\/li>\n\n\n\n<li><strong><strong>Ofim\u00e1tica Aplicada a la Ingenier\u00eda<\/strong><\/strong> &#8211; Ingenier\u00eda T\u00e9cnica de Minas<\/li>\n\n\n\n<li><strong>Tecnolog\u00edas para la Cooperaci\u00f3n al Desarrollo <\/strong>&#8211;  Ingenier\u00eda T\u00e9cnica Industrial<\/li>\n\n\n\n<li><strong><strong>Tecnolog\u00edas para la Cooperaci\u00f3n al Desarrollo<\/strong><\/strong> &#8211; Ingenier\u00eda T\u00e9cnica de Minas<\/li>\n\n\n\n<li><strong>Fundamentos de Inform\u00e1tica <\/strong>&#8211;  Ingenier\u00eda T\u00e9cnica Industrial<\/li>\n\n\n\n<li><strong>Fundamentos de Inform\u00e1tica<\/strong> &#8211; Ingenier\u00eda T\u00e9cnica de Minas<\/li>\n<\/ul>\n<\/div>\n<\/div>\n\n\n\n<div class=\"wp-block-columns alignwide is-layout-flex wp-container-core-columns-is-layout-28f84493 wp-block-columns-is-layout-flex\">\n<div class=\"wp-block-column is-layout-flow wp-block-column-is-layout-flow\">\n<div class=\"wp-block-buttons is-layout-flex wp-block-buttons-is-layout-flex\"><\/div>\n<\/div>\n\n\n\n<div class=\"wp-block-column is-layout-flow wp-block-column-is-layout-flow\">\n<div class=\"wp-block-buttons is-layout-flex wp-block-buttons-is-layout-flex\"><\/div>\n<\/div>\n\n\n\n<div class=\"wp-block-column is-layout-flow wp-block-column-is-layout-flow\">\n<div class=\"wp-block-buttons is-layout-flex wp-block-buttons-is-layout-flex\"><\/div>\n<\/div>\n<\/div>\n\n\n\n<div style=\"height:50px\" aria-hidden=\"true\" class=\"wp-block-spacer\"><\/div>\n<\/div>\n\n\n\n<p><\/p>\n","protected":false},"excerpt":{"rendered":"<p>Docencia Actualmente imparto docencia en la asignatura Intelligent Systems del Grado Biling\u00fce en Ingenier\u00eda Inform\u00e1tica y en la asignatura Sistemas Inteligentes en el Grado en Ingenier\u00eda Inform\u00e1tica. En cursos anteriores en las siguientes:<\/p>\n","protected":false},"author":517,"featured_media":0,"parent":0,"menu_order":0,"comment_status":"closed","ping_status":"closed","template":"","meta":{"footnotes":""},"class_list":["post-44","page","type-page","status-publish","hentry"],"_links":{"self":[{"href":"https:\/\/blog.uclm.es\/luisrodriguez\/wp-json\/wp\/v2\/pages\/44","targetHints":{"allow":["GET"]}}],"collection":[{"href":"https:\/\/blog.uclm.es\/luisrodriguez\/wp-json\/wp\/v2\/pages"}],"about":[{"href":"https:\/\/blog.uclm.es\/luisrodriguez\/wp-json\/wp\/v2\/types\/page"}],"author":[{"embeddable":true,"href":"https:\/\/blog.uclm.es\/luisrodriguez\/wp-json\/wp\/v2\/users\/517"}],"replies":[{"embeddable":true,"href":"https:\/\/blog.uclm.es\/luisrodriguez\/wp-json\/wp\/v2\/comments?post=44"}],"version-history":[{"count":3,"href":"https:\/\/blog.uclm.es\/luisrodriguez\/wp-json\/wp\/v2\/pages\/44\/revisions"}],"predecessor-version":[{"id":368,"href":"https:\/\/blog.uclm.es\/luisrodriguez\/wp-json\/wp\/v2\/pages\/44\/revisions\/368"}],"wp:attachment":[{"href":"https:\/\/blog.uclm.es\/luisrodriguez\/wp-json\/wp\/v2\/media?parent=44"}],"curies":[{"name":"wp","href":"https:\/\/api.w.org\/{rel}","templated":true}]}}