{"id":44,"date":"2022-07-21T12:51:42","date_gmt":"2022-07-21T12:51:42","guid":{"rendered":"https:\/\/blogdev.uclm.es\/fullsite\/?page_id=44"},"modified":"2023-09-24T17:01:03","modified_gmt":"2023-09-24T17:01:03","slug":"docencia","status":"publish","type":"page","link":"https:\/\/blog.uclm.es\/luismiguelperez\/docencia\/","title":{"rendered":"Docencia y Materiales"},"content":{"rendered":"\n<div class=\"wp-block-media-text alignwide is-stacked-on-mobile\" style=\"grid-template-columns:38% auto\"><figure class=\"wp-block-media-text__media\"><img decoding=\"async\" src=\"https:\/\/blog.uclm.es\/luismiguelperez\/wp-content\/uploads\/sites\/211\/2022\/10\/7-819x1024-1.jpg\" alt=\"\" class=\"wp-image-309 size-full\" \/><\/figure><div class=\"wp-block-media-text__content\">\n<h4 class=\"wp-block-heading has-text-align-left has-text-color\" style=\"color:#000000\"><strong>Docencia<\/strong><\/h4>\n\n\n\n<p class=\"has-text-align-right\">   <em>Il est un \u00e2ge ou l&#8217;on enseigne ce que l&#8217;on sait : mais il en vient ensuite un autre o\u00f9 l&#8217;on enseigne ce qu&#8217;on ne sait pas: cela s&#8217;appelle chercher..<\/em>.<\/p>\n\n\n\n<p class=\"has-text-align-right\">Roland Barthes<\/p>\n\n\n\n<p class=\"has-small-font-size\">\u00c1rabe como lengua extranjera, Espa\u00f1ol como lengua extranjera,  Traducci\u00f3n general y especializada, Traducci\u00f3n literaria, Herramientas de traducci\u00f3n y Cultura \u00e1rabe son algunas de las materias que he venido ense\u00f1ando a lo largo de 4.700 horas de \u00c1rabe, 2.400 de Traducci\u00f3n y 1.800 de ELE en universidades de Irak, Marruecos, L\u00edbano, Egipto, Argelia, etc.  Este curso 2023-2024 tengo 32 alumnas de \u00c1rabe I y otros tantos de \u00c1rabe II en el grado de Estudios Internacionales y 20 alumnas en \u00abIntroducci\u00f3n a la Lengua como veh\u00edculo de cultura\u00bb, \u00abLengua y Cultura \u00c1rabe\u00bb y \u00abEstrategias para el desarrollo de la competencia ling\u00fc\u00edstica\u00bb en el Grado de Maestro en Educaci\u00f3n Primaria de la Facultad de Educaci\u00f3n de Toledo, donde trabajo muy a gusto desde 2003. A estos 25 ECTS se a\u00f1aden la direcci\u00f3n de TFG, clases en cursos de posgrado y la direcci\u00f3n de 2 tesis doctorales en estos momentos.<\/p>\n\n\n\n<figure class=\"wp-block-image size-full\"><img loading=\"lazy\" decoding=\"async\" width=\"720\" height=\"514\" src=\"https:\/\/blog.uclm.es\/luismiguelperez\/wp-content\/uploads\/sites\/211\/2023\/04\/SEMINARIOS.jpg\" alt=\"\" class=\"wp-image-970\" srcset=\"https:\/\/blog.uclm.es\/luismiguelperez\/wp-content\/uploads\/sites\/211\/2023\/04\/SEMINARIOS.jpg 720w, https:\/\/blog.uclm.es\/luismiguelperez\/wp-content\/uploads\/sites\/211\/2023\/04\/SEMINARIOS-300x214.jpg 300w\" sizes=\"auto, (max-width: 720px) 100vw, 720px\" \/><\/figure>\n<\/div><\/div>\n\n\n\n<div class=\"wp-block-media-text alignwide is-stacked-on-mobile\" style=\"grid-template-columns:38% auto\"><figure class=\"wp-block-media-text__media\"><img decoding=\"async\" src=\"https:\/\/blog.uclm.es\/luismiguelperez\/wp-content\/uploads\/sites\/211\/2022\/10\/7-819x1024-1.jpg\" alt=\"\" class=\"wp-image-309 size-full\" \/><\/figure><div class=\"wp-block-media-text__content\">\n<h4 class=\"wp-block-heading has-text-align-left has-text-color\" style=\"color:#000000\"><strong>Materiales <\/strong><\/h4>\n\n\n\n<p class=\"has-text-align-right\"><em>No hay recompensa cient\u00edfica equiparable a la fundaci\u00f3n de una  escuela, y m\u00e1s que cien libros, vale dejar un disc\u00edpulo capaz de  mantenerse leal al pasado y de horadar nuevos cauces para el porvenir.<\/em><br>E. Garc\u00eda G\u00f3mez (arabista y traductor)<\/p>\n\n\n\n<p class=\"has-text-align-left\"><em>Los Cuadernos&#8230;<\/em><\/p>\n\n\n\n<p><em>de la Escuela de Traductores de Toledo<\/em> son una publicaci\u00f3n peri\u00f3dica&nbsp;con formato monogr\u00e1fico e ISBN dirigida a estudiantes, investigadores, profesores, , traductores, editores, bibliotecarios y dem\u00e1s profesionales&nbsp;relacionados con la traducci\u00f3n y la interpretaci\u00f3n, tanto desde la perspectiva de su ense\u00f1anza-aprendizaje como de su ejercicio profesional. Aunque pertenec\u00eda a su Consejo de redacci\u00f3n desde el principio, me hice responsable de ellos a partir del n\u00famero 7.<\/p>\n\n\n\n<p>Los <em>Cuadernos<\/em> son en gran medida el resultado de los talleres impartidos a lo largo de las veintiuna ediciones del Curso de Especialista en Traducci\u00f3n \u00c1rabe-Espa\u00f1ol de la Escuela y nos enorgullece que algunos de ellos hayan sido preparados directamente por investigadores formados en sus aulas. <\/p>\n\n\n\n<figure class=\"wp-block-image size-large\"><img loading=\"lazy\" decoding=\"async\" width=\"1024\" height=\"597\" src=\"https:\/\/blog.uclm.es\/luismiguelperez\/wp-content\/uploads\/sites\/211\/2023\/04\/Imagen6-1024x597.jpg\" alt=\"\" class=\"wp-image-974\" srcset=\"https:\/\/blog.uclm.es\/luismiguelperez\/wp-content\/uploads\/sites\/211\/2023\/04\/Imagen6-1024x597.jpg 1024w, https:\/\/blog.uclm.es\/luismiguelperez\/wp-content\/uploads\/sites\/211\/2023\/04\/Imagen6-300x175.jpg 300w, https:\/\/blog.uclm.es\/luismiguelperez\/wp-content\/uploads\/sites\/211\/2023\/04\/Imagen6-768x448.jpg 768w, https:\/\/blog.uclm.es\/luismiguelperez\/wp-content\/uploads\/sites\/211\/2023\/04\/Imagen6-1536x895.jpg 1536w, https:\/\/blog.uclm.es\/luismiguelperez\/wp-content\/uploads\/sites\/211\/2023\/04\/Imagen6-2048x1193.jpg 2048w\" sizes=\"auto, (max-width: 1024px) 100vw, 1024px\" \/><\/figure>\n\n\n\n<p>Desde esta misma p\u00e1gina puedes acceder al contenido de los cuadernos en formato ISSUU. Si est\u00e1s interesado en adquirirlos en formato impreso,&nbsp;puede solicitarlos en la Escuela, o dirigirte al&nbsp;<a href=\"http:\/\/publicaciones.uclm.es\/\">Servicio de Publicaciones de la UCLM<\/a> <\/p>\n<\/div><\/div>\n\n\n\n<div class=\"wp-block-group alignfull is-layout-constrained wp-block-group-is-layout-constrained\" style=\"padding-top:0px;padding-bottom:var(--wp--custom--spacing--small, 1.25rem)\">\n<div class=\"wp-block-columns alignwide is-layout-flex wp-container-core-columns-is-layout-28f84493 wp-block-columns-is-layout-flex\">\n<div class=\"wp-block-column is-layout-flow wp-block-column-is-layout-flow\">\n<ul class=\"has-small-font-size wp-block-list\">\n<li>Todos los Cuadernos est\u00e1n en acceso abierto y son descargables desde su enlace correspondiente aqu\u00ed abajo&#8230;<\/li>\n<\/ul>\n<\/div>\n<\/div>\n\n\n\n<div class=\"wp-block-columns alignwide is-layout-flex wp-container-core-columns-is-layout-28f84493 wp-block-columns-is-layout-flex\">\n<div class=\"wp-block-column is-layout-flow wp-block-column-is-layout-flow\">\n<div class=\"wp-block-buttons is-layout-flex wp-block-buttons-is-layout-flex\">\n<div class=\"wp-block-button has-custom-width wp-block-button__width-100\"><a class=\"wp-block-button__link has-background has-text-align-center wp-element-button\" href=\"https:\/\/issuu.com\/escueladetraductorestoledo\/docs\/01\" style=\"background-color:#b30033\" target=\"_blank\" rel=\"noreferrer noopener\"><strong>Cuaderno 1<\/strong> <em>Panor\u00e1micas de traducci\u00f3n del Magreb <\/em><\/a><\/div>\n\n\n\n<div class=\"wp-block-button has-custom-width wp-block-button__width-100\"><a class=\"wp-block-button__link has-background wp-element-button\" href=\"https:\/\/issuu.com\/escueladetraductorestoledo\/docs\/02_esp\" style=\"background-color:#b30033\" target=\"_blank\" rel=\"noreferrer noopener\"><strong>Cuaderno <\/strong>2.1 <em>Traducci\u00f3n de literatura \u00e1rabe<\/em> <\/a><\/div>\n\n\n\n<div class=\"wp-block-button has-custom-width wp-block-button__width-100\"><a class=\"wp-block-button__link has-background has-text-align-center wp-element-button\" href=\"https:\/\/issuu.com\/escueladetraductorestoledo\/docs\/02_ing\" style=\"background-color:#b30033\" target=\"_blank\" rel=\"noreferrer noopener\"><strong>Cuaderno 2.2<\/strong> <em>Translation of Modern Arabic<\/em> <em>Literature<\/em><\/a><\/div>\n\n\n\n<div class=\"wp-block-button has-custom-width wp-block-button__width-100\"><a class=\"wp-block-button__link has-background has-text-align-center wp-element-button\" href=\"https:\/\/issuu.com\/escueladetraductorestoledo\/docs\/3\" style=\"background-color:#b30033\" target=\"_blank\" rel=\"noreferrer noopener\"><strong>Cuaderno 3<\/strong> <em>Aproximaci\u00f3n a la novela hist\u00f3rica \u00e1rabe <\/em><\/a><\/div>\n\n\n\n<div class=\"wp-block-button has-custom-width wp-block-button__width-100\"><a class=\"wp-block-button__link has-background wp-element-button\" href=\"https:\/\/issuu.com\/escueladetraductorestoledo\/docs\/04\" style=\"background-color:#b30033\" target=\"_blank\" rel=\"noreferrer noopener\"><strong>Cuaderno 4<\/strong>     <em>Cuentos en dialecto \u00e1rabe de Ceuta <\/em><\/a><\/div>\n\n\n\n<div class=\"wp-block-button has-custom-width wp-block-button__width-100\"><a class=\"wp-block-button__link has-background wp-element-button\" href=\"https:\/\/blog.uclm.es\/escueladetraductores\/materiales-cuaderno-4\/ \" style=\"background-color:#b30033\" target=\"_blank\" rel=\"noreferrer noopener\"><strong>Cuaderno 4<\/strong>     <em>Cuentos en \u00e1rabe de Ceuta <\/em><strong>AUDIOS<\/strong><\/a><\/div>\n<\/div>\n<\/div>\n\n\n\n<div class=\"wp-block-column is-layout-flow wp-block-column-is-layout-flow\">\n<div class=\"wp-block-buttons is-layout-flex wp-block-buttons-is-layout-flex\">\n<div class=\"wp-block-button has-custom-width wp-block-button__width-100\"><a class=\"wp-block-button__link has-background wp-element-button\" href=\"https:\/\/issuu.com\/escueladetraductorestoledo\/docs\/05\" style=\"background-color:#b30033\" target=\"_blank\" rel=\"noreferrer noopener\">   <strong>       Cuaderno 5<\/strong> <em>Unsi y Rita se   divierten<\/em><\/a><\/div>\n\n\n\n<div class=\"wp-block-button has-custom-width wp-block-button__width-100\"><a class=\"wp-block-button__link has-background has-text-align-center wp-element-button\" href=\"https:\/\/issuu.com\/escueladetraductorestoledo\/docs\/06\" style=\"background-color:#b30033\" target=\"_blank\" rel=\"noreferrer noopener\">       <strong>Cuaderno 6<\/strong>               <em>La traductora y sus papeles<\/em><\/a><\/div>\n\n\n\n<div class=\"wp-block-button has-custom-width wp-block-button__width-100\"><a class=\"wp-block-button__link has-background wp-element-button\" href=\"https:\/\/issuu.com\/escueladetraductorestoledo\/docs\/07\" style=\"background-color:#b30033\" target=\"_blank\" rel=\"noreferrer noopener\">   <strong>Cuaderno 7 <\/strong><em>Bibliograf\u00eda de traducci\u00f3n clasificada<\/em><\/a><\/div>\n\n\n\n<div class=\"wp-block-button has-custom-width wp-block-button__width-100\"><a class=\"wp-block-button__link has-background wp-element-button\" href=\"https:\/\/issuu.com\/escueladetraductorestoledo\/docs\/08_01\" style=\"background-color:#b30033\" target=\"_blank\" rel=\"noreferrer noopener\"><strong>Cuaderno 8.1 <\/strong><em>     Manual de \u00c1<\/em><em>rabe de prensa (I)<\/em><\/a><\/div>\n\n\n\n<div class=\"wp-block-button has-custom-width wp-block-button__width-100\"><a class=\"wp-block-button__link has-background wp-element-button\" href=\"https:\/\/blog.uclm.es\/escueladetraductores\/materiales-cuaderno-8\/\" style=\"background-color:#b30033\" target=\"_blank\" rel=\"noreferrer noopener\"><strong>Cuaderno 8.1 <\/strong><em><em>Manual de<\/em> \u00c1rabe de prensa (I)<\/em> <strong>AUDIOS<\/strong><\/a><\/div>\n\n\n\n<div class=\"wp-block-button has-custom-width wp-block-button__width-100\"><a class=\"wp-block-button__link has-background wp-element-button\" href=\"https:\/\/issuu.com\/escueladetraductorestoledo\/docs\/08\" style=\"background-color:#b30033\" target=\"_blank\" rel=\"noreferrer noopener\"> <strong>Cuaderno 8.2     <\/strong><em><em>Manual de<\/em> \u00c1rabe de prensa (II)<\/em><\/a><\/div>\n<\/div>\n<\/div>\n\n\n\n<div class=\"wp-block-column is-layout-flow wp-block-column-is-layout-flow\">\n<div class=\"wp-block-buttons is-layout-flex wp-block-buttons-is-layout-flex\">\n<div class=\"wp-block-button has-custom-width wp-block-button__width-100\"><a class=\"wp-block-button__link has-background wp-element-button\" href=\"https:\/\/blog.uclm.es\/escueladetraductores\/materiales-cuardeno-8-ii\/\" style=\"background-color:#b30033\" target=\"_blank\" rel=\"noreferrer noopener\"> <strong>Cuaderno 8.2 <\/strong><em><em>Manual de<\/em> \u00c1rabe de prensa (II)<\/em> <strong>AUDIOS<\/strong><\/a><\/div>\n\n\n\n<div class=\"wp-block-button has-custom-width wp-block-button__width-100\"><a class=\"wp-block-button__link has-background wp-element-button\" href=\"https:\/\/issuu.com\/escueladetraductorestoledo\/docs\/09\" style=\"background-color:#b30033\" target=\"_blank\" rel=\"noreferrer noopener\">      <strong>Cuaderno 9   <\/strong>     <em>De la traducci\u00f3n Benabdelali<\/em><\/a><\/div>\n\n\n\n<div class=\"wp-block-button has-custom-width wp-block-button__width-100\"><a class=\"wp-block-button__link has-background wp-element-button\" href=\"https:\/\/issuu.com\/escueladetraductorestoledo\/docs\/10\" style=\"background-color:#b30033\" target=\"_blank\" rel=\"noreferrer noopener\"><strong>Cuaderno 10<\/strong>     <em>Materia de trujamanes <\/em>(VV.AA.)<\/a><\/div>\n\n\n\n<div class=\"wp-block-button has-custom-width wp-block-button__width-100\"><a class=\"wp-block-button__link has-background wp-element-button\" href=\"https:\/\/issuu.com\/escueladetraductorestoledo\/docs\/11\" style=\"background-color:#b30033\" target=\"_blank\" rel=\"noreferrer noopener\"><strong> Cuaderno 11            <\/strong><em>La Constituci\u00f3n espa\u00f1ola (biling\u00fce)<\/em><\/a><\/div>\n\n\n\n<div class=\"wp-block-button has-custom-width wp-block-button__width-100\"><a class=\"wp-block-button__link has-background wp-element-button\" href=\"https:\/\/issuu.com\/escueladetraductorestoledo\/docs\/12\" style=\"background-color:#b30033\" target=\"_blank\" rel=\"noreferrer noopener\">      <strong>Cuaderno 12 <\/strong><em>Interpretaci\u00f3n de congresos (\u00e1r-es)<\/em><\/a><\/div>\n\n\n\n<div class=\"wp-block-button has-custom-width wp-block-button__width-100\"><a class=\"wp-block-button__link has-background wp-element-button\" href=\"https:\/\/issuu.com\/escueladetraductorestoledo\/docs\/13\" style=\"background-color:#b30033\" target=\"_blank\" rel=\"noreferrer noopener\"><strong>Cuaderno 13 <\/strong><em>Interpretaci\u00f3n simult\u00e1nea (\u00e1r-es)<\/em><\/a><\/div>\n<\/div>\n<\/div>\n\n\n\n<div class=\"wp-block-column is-layout-flow wp-block-column-is-layout-flow\">\n<div class=\"wp-block-buttons is-content-justification-center is-layout-flex wp-container-core-buttons-is-layout-a89b3969 wp-block-buttons-is-layout-flex\">\n<div class=\"wp-block-button has-custom-width wp-block-button__width-100\"><a class=\"wp-block-button__link has-background wp-element-button\" href=\"https:\/\/issuu.com\/escueladetraductorestoledo\/docs\/cuaderno_14_ett_web_2016_artefinal\" style=\"background-color:#b30033\" target=\"_blank\" rel=\"noreferrer noopener\"><strong>       Cuaderno 14<\/strong>            <em>La Constituci\u00f3n de T\u00fanez (biling\u00fce)<\/em><\/a><\/div>\n\n\n\n<div class=\"wp-block-button has-custom-width wp-block-button__width-100\"><a class=\"wp-block-button__link has-background has-text-align-center wp-element-button\" href=\"https:\/\/issuu.com\/escueladetraductorestoledo\/docs\/cuaderno_15_web_2016\" style=\"background-color:#b30033\" target=\"_blank\" rel=\"noreferrer noopener\">  <strong>Cuaderno 15<\/strong>         <em>Los traductores de \u00e1rabe hablan<\/em><\/a><\/div>\n\n\n\n<div class=\"wp-block-button has-custom-width wp-block-button__width-100\"><a class=\"wp-block-button__link has-background wp-element-button\" href=\"https:\/\/issuu.com\/escueladetraductorestoledo\/docs\/cuaderno_16_aertefinal_version_web _\" style=\"background-color:#b30033\" target=\"_blank\" rel=\"noreferrer noopener\"><strong>Cuaderno 16<\/strong>            \u0641\u064a \u062a\u0639\u0644\u0645 \u0627\u0644\u062a\u0631\u062c\u0645\u0629 \u0627\u0644\u0641\u0648\u0631\u064a\u0629 \u0625\u0644\u0649 \u0627\u0644\u0639\u0631\u0628\u064a\u0629<\/a><\/div>\n\n\n\n<div class=\"wp-block-button has-custom-width wp-block-button__width-100\"><a class=\"wp-block-button__link has-background wp-element-button\" href=\"https:\/\/issuu.com\/escueladetraductorestoledo\/docs\/cuaderno_17\" style=\"background-color:#b30033\" target=\"_blank\" rel=\"noreferrer noopener\"><strong>Cuaderno 17  <\/strong>  <em>Manual de traducci\u00f3n period\u00edstica<strong>   <\/strong><\/em><\/a><\/div>\n\n\n\n<div class=\"wp-block-button has-custom-width wp-block-button__width-100\"><a class=\"wp-block-button__link has-background wp-element-button\" href=\"https:\/\/issuu.com\/escueladetraductorestoledo\/docs\/interior_cuaderno__n_18__web\" style=\"background-color:#b30033\" target=\"_blank\" rel=\"noreferrer noopener\">   <strong>Cuaderno 18 <\/strong><em>Manual de traducci\u00f3n del discurso religioso<\/em><\/a><\/div>\n<\/div>\n<\/div>\n<\/div>\n\n\n\n<div style=\"height:50px\" aria-hidden=\"true\" class=\"wp-block-spacer\"><\/div>\n\n\n\n<ul class=\"wp-block-social-links has-icon-color is-style-logos-only is-content-justification-center is-layout-flex wp-container-core-social-links-is-layout-a89b3969 wp-block-social-links-is-layout-flex\"><li style=\"color:#b30033;\" class=\"wp-social-link wp-social-link-wordpress  wp-block-social-link\"><a href=\"#\" class=\"wp-block-social-link-anchor\"><svg width=\"24\" height=\"24\" viewBox=\"0 0 24 24\" version=\"1.1\" xmlns=\"http:\/\/www.w3.org\/2000\/svg\" aria-hidden=\"true\" focusable=\"false\"><path d=\"M12.158,12.786L9.46,20.625c0.806,0.237,1.657,0.366,2.54,0.366c1.047,0,2.051-0.181,2.986-0.51 c-0.024-0.038-0.046-0.079-0.065-0.124L12.158,12.786z M3.009,12c0,3.559,2.068,6.634,5.067,8.092L3.788,8.341 C3.289,9.459,3.009,10.696,3.009,12z M18.069,11.546c0-1.112-0.399-1.881-0.741-2.48c-0.456-0.741-0.883-1.368-0.883-2.109 c0-0.826,0.627-1.596,1.51-1.596c0.04,0,0.078,0.005,0.116,0.007C16.472,3.904,14.34,3.009,12,3.009 c-3.141,0-5.904,1.612-7.512,4.052c0.211,0.007,0.41,0.011,0.579,0.011c0.94,0,2.396-0.114,2.396-0.114 C7.947,6.93,8.004,7.642,7.52,7.699c0,0-0.487,0.057-1.029,0.085l3.274,9.739l1.968-5.901l-1.401-3.838 C9.848,7.756,9.389,7.699,9.389,7.699C8.904,7.67,8.961,6.93,9.446,6.958c0,0,1.484,0.114,2.368,0.114 c0.94,0,2.397-0.114,2.397-0.114c0.485-0.028,0.542,0.684,0.057,0.741c0,0-0.488,0.057-1.029,0.085l3.249,9.665l0.897-2.996 C17.841,13.284,18.069,12.316,18.069,11.546z M19.889,7.686c0.039,0.286,0.06,0.593,0.06,0.924c0,0.912-0.171,1.938-0.684,3.22 l-2.746,7.94c2.673-1.558,4.47-4.454,4.47-7.771C20.991,10.436,20.591,8.967,19.889,7.686z M12,22C6.486,22,2,17.514,2,12 C2,6.486,6.486,2,12,2c5.514,0,10,4.486,10,10C22,17.514,17.514,22,12,22z\"><\/path><\/svg><span class=\"wp-block-social-link-label screen-reader-text\">WordPress<\/span><\/a><\/li>\n\n<li style=\"color:#b30033;\" class=\"wp-social-link wp-social-link-facebook  wp-block-social-link\"><a href=\"https:\/\/www.facebook.com\/luismiguel.canada.5\" class=\"wp-block-social-link-anchor\"><svg width=\"24\" height=\"24\" viewBox=\"0 0 24 24\" version=\"1.1\" xmlns=\"http:\/\/www.w3.org\/2000\/svg\" aria-hidden=\"true\" focusable=\"false\"><path d=\"M12 2C6.5 2 2 6.5 2 12c0 5 3.7 9.1 8.4 9.9v-7H7.9V12h2.5V9.8c0-2.5 1.5-3.9 3.8-3.9 1.1 0 2.2.2 2.2.2v2.5h-1.3c-1.2 0-1.6.8-1.6 1.6V12h2.8l-.4 2.9h-2.3v7C18.3 21.1 22 17 22 12c0-5.5-4.5-10-10-10z\"><\/path><\/svg><span class=\"wp-block-social-link-label screen-reader-text\">Facebook<\/span><\/a><\/li>\n\n<li style=\"color:#b30033;\" class=\"wp-social-link wp-social-link-twitter  wp-block-social-link\"><a href=\"#\" class=\"wp-block-social-link-anchor\"><svg width=\"24\" height=\"24\" viewBox=\"0 0 24 24\" version=\"1.1\" xmlns=\"http:\/\/www.w3.org\/2000\/svg\" aria-hidden=\"true\" focusable=\"false\"><path d=\"M22.23,5.924c-0.736,0.326-1.527,0.547-2.357,0.646c0.847-0.508,1.498-1.312,1.804-2.27 c-0.793,0.47-1.671,0.812-2.606,0.996C18.324,4.498,17.257,4,16.077,4c-2.266,0-4.103,1.837-4.103,4.103 c0,0.322,0.036,0.635,0.106,0.935C8.67,8.867,5.647,7.234,3.623,4.751C3.27,5.357,3.067,6.062,3.067,6.814 c0,1.424,0.724,2.679,1.825,3.415c-0.673-0.021-1.305-0.206-1.859-0.513c0,0.017,0,0.034,0,0.052c0,1.988,1.414,3.647,3.292,4.023 c-0.344,0.094-0.707,0.144-1.081,0.144c-0.264,0-0.521-0.026-0.772-0.074c0.522,1.63,2.038,2.816,3.833,2.85 c-1.404,1.1-3.174,1.756-5.096,1.756c-0.331,0-0.658-0.019-0.979-0.057c1.816,1.164,3.973,1.843,6.29,1.843 c7.547,0,11.675-6.252,11.675-11.675c0-0.178-0.004-0.355-0.012-0.531C20.985,7.47,21.68,6.747,22.23,5.924z\"><\/path><\/svg><span class=\"wp-block-social-link-label screen-reader-text\">Twitter<\/span><\/a><\/li>\n\n<li style=\"color:#b30033;\" class=\"wp-social-link wp-social-link-instagram  wp-block-social-link\"><a href=\"#\" class=\"wp-block-social-link-anchor\"><svg width=\"24\" height=\"24\" viewBox=\"0 0 24 24\" version=\"1.1\" xmlns=\"http:\/\/www.w3.org\/2000\/svg\" aria-hidden=\"true\" focusable=\"false\"><path d=\"M12,4.622c2.403,0,2.688,0.009,3.637,0.052c0.877,0.04,1.354,0.187,1.671,0.31c0.42,0.163,0.72,0.358,1.035,0.673 c0.315,0.315,0.51,0.615,0.673,1.035c0.123,0.317,0.27,0.794,0.31,1.671c0.043,0.949,0.052,1.234,0.052,3.637 s-0.009,2.688-0.052,3.637c-0.04,0.877-0.187,1.354-0.31,1.671c-0.163,0.42-0.358,0.72-0.673,1.035 c-0.315,0.315-0.615,0.51-1.035,0.673c-0.317,0.123-0.794,0.27-1.671,0.31c-0.949,0.043-1.233,0.052-3.637,0.052 s-2.688-0.009-3.637-0.052c-0.877-0.04-1.354-0.187-1.671-0.31c-0.42-0.163-0.72-0.358-1.035-0.673 c-0.315-0.315-0.51-0.615-0.673-1.035c-0.123-0.317-0.27-0.794-0.31-1.671C4.631,14.688,4.622,14.403,4.622,12 s0.009-2.688,0.052-3.637c0.04-0.877,0.187-1.354,0.31-1.671c0.163-0.42,0.358-0.72,0.673-1.035 c0.315-0.315,0.615-0.51,1.035-0.673c0.317-0.123,0.794-0.27,1.671-0.31C9.312,4.631,9.597,4.622,12,4.622 M12,3 C9.556,3,9.249,3.01,8.289,3.054C7.331,3.098,6.677,3.25,6.105,3.472C5.513,3.702,5.011,4.01,4.511,4.511 c-0.5,0.5-0.808,1.002-1.038,1.594C3.25,6.677,3.098,7.331,3.054,8.289C3.01,9.249,3,9.556,3,12c0,2.444,0.01,2.751,0.054,3.711 c0.044,0.958,0.196,1.612,0.418,2.185c0.23,0.592,0.538,1.094,1.038,1.594c0.5,0.5,1.002,0.808,1.594,1.038 c0.572,0.222,1.227,0.375,2.185,0.418C9.249,20.99,9.556,21,12,21s2.751-0.01,3.711-0.054c0.958-0.044,1.612-0.196,2.185-0.418 c0.592-0.23,1.094-0.538,1.594-1.038c0.5-0.5,0.808-1.002,1.038-1.594c0.222-0.572,0.375-1.227,0.418-2.185 C20.99,14.751,21,14.444,21,12s-0.01-2.751-0.054-3.711c-0.044-0.958-0.196-1.612-0.418-2.185c-0.23-0.592-0.538-1.094-1.038-1.594 c-0.5-0.5-1.002-0.808-1.594-1.038c-0.572-0.222-1.227-0.375-2.185-0.418C14.751,3.01,14.444,3,12,3L12,3z M12,7.378 c-2.552,0-4.622,2.069-4.622,4.622S9.448,16.622,12,16.622s4.622-2.069,4.622-4.622S14.552,7.378,12,7.378z M12,15 c-1.657,0-3-1.343-3-3s1.343-3,3-3s3,1.343,3,3S13.657,15,12,15z M16.804,6.116c-0.596,0-1.08,0.484-1.08,1.08 s0.484,1.08,1.08,1.08c0.596,0,1.08-0.484,1.08-1.08S17.401,6.116,16.804,6.116z\"><\/path><\/svg><span class=\"wp-block-social-link-label screen-reader-text\">Instagram<\/span><\/a><\/li><\/ul>\n<\/div>\n","protected":false},"excerpt":{"rendered":"","protected":false},"author":7,"featured_media":0,"parent":0,"menu_order":3,"comment_status":"closed","ping_status":"closed","template":"","meta":{"footnotes":""},"class_list":["post-44","page","type-page","status-publish","hentry"],"_links":{"self":[{"href":"https:\/\/blog.uclm.es\/luismiguelperez\/wp-json\/wp\/v2\/pages\/44","targetHints":{"allow":["GET"]}}],"collection":[{"href":"https:\/\/blog.uclm.es\/luismiguelperez\/wp-json\/wp\/v2\/pages"}],"about":[{"href":"https:\/\/blog.uclm.es\/luismiguelperez\/wp-json\/wp\/v2\/types\/page"}],"author":[{"embeddable":true,"href":"https:\/\/blog.uclm.es\/luismiguelperez\/wp-json\/wp\/v2\/users\/7"}],"replies":[{"embeddable":true,"href":"https:\/\/blog.uclm.es\/luismiguelperez\/wp-json\/wp\/v2\/comments?post=44"}],"version-history":[{"count":65,"href":"https:\/\/blog.uclm.es\/luismiguelperez\/wp-json\/wp\/v2\/pages\/44\/revisions"}],"predecessor-version":[{"id":1191,"href":"https:\/\/blog.uclm.es\/luismiguelperez\/wp-json\/wp\/v2\/pages\/44\/revisions\/1191"}],"wp:attachment":[{"href":"https:\/\/blog.uclm.es\/luismiguelperez\/wp-json\/wp\/v2\/media?parent=44"}],"curies":[{"name":"wp","href":"https:\/\/api.w.org\/{rel}","templated":true}]}}