{"id":843,"date":"2022-11-19T17:54:59","date_gmt":"2022-11-19T15:54:59","guid":{"rendered":"https:\/\/blog.uclm.es\/luismariaromero\/?page_id=843"},"modified":"2022-11-19T17:54:59","modified_gmt":"2022-11-19T15:54:59","slug":"becas-y-ayudas","status":"publish","type":"page","link":"https:\/\/blog.uclm.es\/luismariaromero\/becas-y-ayudas\/","title":{"rendered":"Becas y Ayudas"},"content":{"rendered":"\n<p><strong>Beca<\/strong> <strong>de colaboraci\u00f3n de Tercer Ciclo<\/strong> concedida por el Vicerrectorado de Profesorado de la Universidad de Castilla-La Mancha, del 1 de enero de 2004 al 31 de agosto de 2005.<\/p>\n\n\n\n<p><strong>Beca<\/strong> financiada por el <strong>Programa S\u00f3crates-Eramus<\/strong> concedida por la Universidad de Castilla-La Mancha para realizar una estancia de investigaci\u00f3n de 6 meses, del 1 de octubre de 2004 al 31 de marzo de 2005, en la <em>Facolt\u00e0 di Giurisprudenza<\/em> de la Universidad de M\u00f3dena e Reggio Emilia (Italia).<\/p>\n\n\n\n<p><strong>Beca predoctoral de investigaci\u00f3n<\/strong> asociada al Proyecto de Investigaci\u00f3n <em>\u201cLas medidas antielusi\u00f3n fiscal en el ordenamiento espa\u00f1ol y en los convenios para evitar la doble imposici\u00f3n internacional: an\u00e1lisis y compatibilidad con el derecho comunitario\u201d<\/em> (PAI-05-056), Consejer\u00eda de Educaci\u00f3n y Ciencia de la Junta de Comunidades de Castilla-La Mancha, del 28 de julio de 2005 al 31 de diciembre de 2009. &nbsp;&nbsp;<\/p>\n\n\n\n<p><strong>Beca de la Fundaci\u00f3n Universidad de Verano de Castilla y Le\u00f3n<\/strong> para asistir al Curso \u201cLos nuevos retos de la financiaci\u00f3n de la Comunidades y Ciudades Auton\u00f3micas\u201d, del 14 al 16 de marzo de 2006.<\/p>\n\n\n\n<p><strong>Beca de la Universidad Complutense de Madrid<\/strong> para asistir al Curso \u201cLa fiscalidad internacional en un escenario de convergencia y competencia fiscal: incidencia sobre las estrategias en un escenario de convergencia y competencia fiscal: incidencia sobre las estrategias internacionales de las empresas\u201d, del 24 al 28 de julio de 2006.<\/p>\n\n\n\n<p><strong>Ayuda a la Investigaci\u00f3n UCLM 2007<\/strong> concedida por el Vicerrectorado de Investigaci\u00f3n para la realizaci\u00f3n de la Tesis Doctoral.<\/p>\n\n\n\n<p><strong>Beca de la Universidad Complutense de Madrid<\/strong> para asistir al Curso \u201cLa fiscalidad internacional espa\u00f1ola tras la reforma del impuesto sobre sociedades y las nuevas medidas de prevenci\u00f3n del fraude fiscal\u201d, del 09 al 13 de julio de 2007.<\/p>\n\n\n\n<p><strong>Ayuda a la Investigaci\u00f3n UCLM 2008<\/strong> concedida por el Vicerrectorado de Investigaci\u00f3n para la realizaci\u00f3n de la Tesis Doctoral.<\/p>\n\n\n\n<p><strong>Beca de la Universidad Complutense de Madrid<\/strong> para asistir al Curso \u201cFiscalidad Internacional, Derecho Comunitario y Reformas Fiscales\u201d, del 14 al 18 de julio de 2008.<\/p>\n\n\n\n<p><strong>Ayuda a la Investigaci\u00f3n UCLM 2009<\/strong> concedida por el Vicerrectorado de Investigaci\u00f3n para la realizaci\u00f3n de la Tesis Doctoral.<\/p>\n\n\n\n<p><strong>Ayuda para estancias en otras Universidades y centros de investigaci\u00f3n<\/strong> concedida por el Vicerrectorado de Profesorado (Universidad de Castilla-La Mancha) para la realizaci\u00f3n de una estancia de investigaci\u00f3n de tres meses, del 1 de junio al 31 de agosto de 2009, en la <em>Scuola Europea di Alti Studi Tributari <\/em>de la Universidad de Bolonia (Italia).<\/p>\n\n\n\n<p><strong>Ayuda<\/strong> financiada por el <strong>Programa Eramus &#8211;<em>Staff Mobility<\/em><\/strong>&#8211; concedida por el Vicerrectorado de Docencia y Relaciones Internacionales (Universidad de Castilla-La Mancha) para impartir formaci\u00f3n especializada del 25 al 29 de junio de 2012 en la <em>Scuola Europea di Alti Studi Tributari<\/em> de la Universidad de Bolonia (Italia).<\/p>\n\n\n\n<p><strong>Ayuda<\/strong> financiada por el <strong>Programa Eramus &#8211;<em>Staff Mobility<\/em><\/strong>&#8211; concedida por el Vicerrectorado de Docencia y Relaciones Internacionales (Universidad de Castilla-La Mancha) para impartir formaci\u00f3n especializada del 10 al 13 de junio de 2013 en la <em>Universidad de Lisboa<\/em> (Portugal).<\/p>\n\n\n\n<p><strong>Ayuda<\/strong> financiada por el <strong>Programa Eramus &#8211;<em>Staff Mobility<\/em><\/strong>&#8211; concedida por el Vicerrectorado de Docencia y Relaciones Internacionales (Universidad de Castilla-La Mancha) para impartir formaci\u00f3n especializada del 30 de enero al 1 de febrero de 2014 en la <em>Universidad de Varsovia<\/em> (Polonia).<\/p>\n\n\n\n<p><strong>Ayuda para estancias en otras Universidades y centros de investigaci\u00f3n<\/strong> concedida por el Vicerrectorado de Profesorado (Universidad de Castilla-La Mancha) para la realizaci\u00f3n de una estancia de investigaci\u00f3n de un mes, del 12 de julio al 17 de agosto de 2014, en el <em>Instituto de Investigaciones Jur\u00eddicas <\/em>de la Universidad Ju\u00e1rez del Estado de Durango (M\u00e9xico).<\/p>\n\n\n\n<p><strong>Beca del Ministerio de Educaci\u00f3n, Cultura y Deporte para Estancias de movilidad en el extranjero \u201cJos\u00e9 Castillejo\u201d para j\u00f3venes doctores<\/strong>, para realizar una estancia de investigaci\u00f3n de 3 meses, del 1 de junio al 31 de agosto de 2015, en la <em>Scuola Europea di Alti Studi Tributari<\/em> de la Universidad de Bolonia (Italia).<\/p>\n\n\n\n<p><strong>Beca de la C\u00e1tedra Santander de Responsabilidad Social Corporativa de la Universidad de Castilla-La Mancha<\/strong> para asistir al Curso de Verano \u201cLas relaciones entre Administraci\u00f3n Tributaria y contribuyentes desde la \u00f3ptica del cumplimiento cooperativo de las obligaciones tributarias\u201d, del 24 al 25 de septiembre de 2020.<strong><\/strong><\/p>\n\n\n\n<p><strong>Ayuda para estancias en otras Universidades y centros de investigaci\u00f3n<\/strong> concedida por el Vicerrectorado de Profesorado y Desarrollo Profesional (Universidad de Castilla-La Mancha) para la realizaci\u00f3n de una estancia de investigaci\u00f3n de tres meses, del 1 de mayo al 31 de julio de 2021, en el <em>Instituto de Investigaciones Jur\u00eddicas <\/em>de la Universidad Nacional Aut\u00f3noma de M\u00e9xico (M\u00e9xico).<\/p>\n","protected":false},"excerpt":{"rendered":"<p>Beca de colaboraci\u00f3n de Tercer Ciclo concedida por el Vicerrectorado de Profesorado de la Universidad de Castilla-La Mancha, del 1 de enero de 2004 al 31 de agosto de 2005. Beca financiada por el Programa S\u00f3crates-Eramus concedida por la Universidad de Castilla-La Mancha para realizar una estancia de investigaci\u00f3n de 6 meses, del 1 de [&hellip;]<\/p>\n","protected":false},"author":51,"featured_media":0,"parent":0,"menu_order":0,"comment_status":"closed","ping_status":"closed","template":"","meta":{"footnotes":""},"class_list":["post-843","page","type-page","status-publish","hentry"],"_links":{"self":[{"href":"https:\/\/blog.uclm.es\/luismariaromero\/wp-json\/wp\/v2\/pages\/843","targetHints":{"allow":["GET"]}}],"collection":[{"href":"https:\/\/blog.uclm.es\/luismariaromero\/wp-json\/wp\/v2\/pages"}],"about":[{"href":"https:\/\/blog.uclm.es\/luismariaromero\/wp-json\/wp\/v2\/types\/page"}],"author":[{"embeddable":true,"href":"https:\/\/blog.uclm.es\/luismariaromero\/wp-json\/wp\/v2\/users\/51"}],"replies":[{"embeddable":true,"href":"https:\/\/blog.uclm.es\/luismariaromero\/wp-json\/wp\/v2\/comments?post=843"}],"version-history":[{"count":1,"href":"https:\/\/blog.uclm.es\/luismariaromero\/wp-json\/wp\/v2\/pages\/843\/revisions"}],"predecessor-version":[{"id":844,"href":"https:\/\/blog.uclm.es\/luismariaromero\/wp-json\/wp\/v2\/pages\/843\/revisions\/844"}],"wp:attachment":[{"href":"https:\/\/blog.uclm.es\/luismariaromero\/wp-json\/wp\/v2\/media?parent=843"}],"curies":[{"name":"wp","href":"https:\/\/api.w.org\/{rel}","templated":true}]}}