{"id":839,"date":"2022-11-19T17:54:21","date_gmt":"2022-11-19T15:54:21","guid":{"rendered":"https:\/\/blog.uclm.es\/luismariaromero\/?page_id=839"},"modified":"2022-11-19T17:54:21","modified_gmt":"2022-11-19T15:54:21","slug":"premios-menciones-y-distinciones-2","status":"publish","type":"page","link":"https:\/\/blog.uclm.es\/luismariaromero\/premios-menciones-y-distinciones-2\/","title":{"rendered":"Premios, menciones y distinciones"},"content":{"rendered":"\n<p><strong>Acc\u00e9sit<\/strong> en la XVII Edici\u00f3n del <strong>Premio Asociaci\u00f3n Espa\u00f1ola de Asesores Fiscales<\/strong>, 11 de diciembre de 2009.<\/p>\n\n\n\n<p><strong>Acc\u00e9sit<\/strong> en la XX Edici\u00f3n del <strong>Premio Asociaci\u00f3n Espa\u00f1ola de Asesores Fiscales<\/strong>, 16 de marzo de 2016.<\/p>\n\n\n\n<p><strong>Finalista<\/strong> al <strong>Premio Estudios Financieros<\/strong> (modalidad Tributaci\u00f3n),1 de octubre de 2016.<\/p>\n","protected":false},"excerpt":{"rendered":"<p>Acc\u00e9sit en la XVII Edici\u00f3n del Premio Asociaci\u00f3n Espa\u00f1ola de Asesores Fiscales, 11 de diciembre de 2009. Acc\u00e9sit en la XX Edici\u00f3n del Premio Asociaci\u00f3n Espa\u00f1ola de Asesores Fiscales, 16 de marzo de 2016. Finalista al Premio Estudios Financieros (modalidad Tributaci\u00f3n),1 de octubre de 2016.<\/p>\n","protected":false},"author":51,"featured_media":0,"parent":0,"menu_order":0,"comment_status":"closed","ping_status":"closed","template":"","meta":{"footnotes":""},"class_list":["post-839","page","type-page","status-publish","hentry"],"_links":{"self":[{"href":"https:\/\/blog.uclm.es\/luismariaromero\/wp-json\/wp\/v2\/pages\/839","targetHints":{"allow":["GET"]}}],"collection":[{"href":"https:\/\/blog.uclm.es\/luismariaromero\/wp-json\/wp\/v2\/pages"}],"about":[{"href":"https:\/\/blog.uclm.es\/luismariaromero\/wp-json\/wp\/v2\/types\/page"}],"author":[{"embeddable":true,"href":"https:\/\/blog.uclm.es\/luismariaromero\/wp-json\/wp\/v2\/users\/51"}],"replies":[{"embeddable":true,"href":"https:\/\/blog.uclm.es\/luismariaromero\/wp-json\/wp\/v2\/comments?post=839"}],"version-history":[{"count":1,"href":"https:\/\/blog.uclm.es\/luismariaromero\/wp-json\/wp\/v2\/pages\/839\/revisions"}],"predecessor-version":[{"id":842,"href":"https:\/\/blog.uclm.es\/luismariaromero\/wp-json\/wp\/v2\/pages\/839\/revisions\/842"}],"wp:attachment":[{"href":"https:\/\/blog.uclm.es\/luismariaromero\/wp-json\/wp\/v2\/media?parent=839"}],"curies":[{"name":"wp","href":"https:\/\/api.w.org\/{rel}","templated":true}]}}