{"id":834,"date":"2022-11-19T17:49:56","date_gmt":"2022-11-19T15:49:56","guid":{"rendered":"https:\/\/blog.uclm.es\/luismariaromero\/?page_id=834"},"modified":"2022-12-09T17:24:38","modified_gmt":"2022-12-09T15:24:38","slug":"visitas-a-instituciones-academicas-2","status":"publish","type":"page","link":"https:\/\/blog.uclm.es\/luismariaromero\/visitas-a-instituciones-academicas-2\/","title":{"rendered":"Visitas a Instituciones Acad\u00e9micas"},"content":{"rendered":"\n<p>Visita de investigaci\u00f3n a la Scuola Europea di Alti Studi Tributari de la Universidad de Bolonia (Italia), 25 de septiembre de 2006, para asistir y participar como ponente en el <em>Corso di Dottorato di Ricerca in Diritto Tributario<\/em>.<\/p>\n\n\n\n<p>Visita de investigaci\u00f3n a la Scuola Europea di Alti Studi Tributari de la Universidad de Bolonia (Italia), 17 de septiembre de 2007, para asistir y participar como ponente en el <em>Corso di Dottorato di Ricerca in Diritto Tributario<\/em>.<\/p>\n\n\n\n<p>Visita de investigaci\u00f3n a la Scuola Europea di Alti Studi Tributari de la Universidad de Bolonia (Italia), 19 de septiembre de 2008, para asistir y participar como ponente en la <em>Giornate di Studio della Scuola Europea di Alti Studi Tributari<\/em>.<\/p>\n\n\n\n<p>Visita de investigaci\u00f3n a la Scuola Europea di Alti Studi Tributari de la Universidad de Bolonia (Italia), 5 de septiembre de 2009, para asistir y participar como ponente en el Congreso <em>Il futuro del diritto tributario in Europa: nuovi scenari metodologici<\/em>.<\/p>\n\n\n\n<p>Visita de investigaci\u00f3n a la Scuola Europea di Alti Studi Tributari de la Universidad de Bolonia (Italia), 10 y 11 de septiembre de 2010, para asistir y participar como ponente en el Congreso <em>La acttuazione del diritto comunitario: questioni aperte neglo ordenamienti spagnolo e italiano<\/em>.<\/p>\n\n\n\n<p>Visita docente a la Universidad Rafael Landivar (Guatemala), del 27 de septiembre al 1 de octubre de 2010, para impartir formaci\u00f3n especializada sobre Conceptos y Procedimientos Tributarios en la Maestr\u00eda en Asesor\u00eda en Tributaci\u00f3n.<\/p>\n\n\n\n<p>Visita de investigaci\u00f3n a la Scuola Europea di Alti Studi Tributari de la Universidad de Bolonia (Italia), 8 y 9 de septiembre de 2011, para asistir y participar como ponente en el <em>Corso di Dottorato di ricerca in Diritto tributario europeo<\/em>.<\/p>\n\n\n\n<p>Visita docente a la Universidad Rafael Landivar (Guatemala), del 21 al 25 de octubre de 2011, para impartir formaci\u00f3n especializada sobre Tributos Internos en Guatemala III en la Maestr\u00eda en Asesor\u00eda en Tributaci\u00f3n.<\/p>\n\n\n\n<p>Visita de investigaci\u00f3n al Instituto de Investigaciones Jur\u00eddicas de la Universidad Ju\u00e1rez del Estado de Durango (M\u00e9xico), del 25 de junio al 26 de agosto de 2011.<\/p>\n\n\n\n<p>Visita de investigaci\u00f3n al Instituto Guatemalteco de Derecho Tributario (Guatemala), 29 de octubre de 2011, para asistir y participar como ponente invitado en la <em>I Jornadas Guatemaltecas de Derecho Tributario<\/em>.<\/p>\n\n\n\n<p>Visita de investigaci\u00f3n a la Universidad Andr\u00e9s Bello (Chile), del 11 al 16 de noviembre de 2011, para asistir y participar como ponente invitado en el Congreso <em>Desaf\u00edos actuales de la Justicia Tributaria y Aduanera: nuevos tribunales, derechos del contribuyente, tributaci\u00f3n en un mundo globalizado<\/em>.<\/p>\n\n\n\n<p>Visita de investigaci\u00f3n al Instituto de Investigaciones Jur\u00eddicas de la Universidad Ju\u00e1rez del Estado de Durango (M\u00e9xico), 22 y 23 de agosto de 2012, para asistir y participar como ponente invitado en el <em>Seminario de Fiscalidad Internacional<\/em>.<\/p>\n\n\n\n<p>Visita docente a la Universidad Rafael Landivar (Guatemala), del 15 al 19 de octubre de 2012, para impartir formaci\u00f3n especializada sobre Tributos Internos en Guatemala III en la Maestr\u00eda en Asesor\u00eda en Tributaci\u00f3n.<\/p>\n\n\n\n<p>Visita docente a la Universidad San Mart\u00edn de Porres (Per\u00fa), del 13 al 15 de octubre de 2011, para impartir formaci\u00f3n especializada sobre Imposici\u00f3n sobre la Renta de no Residentes en el M\u00e1ster en Fiscalidad Internacional y Tributaci\u00f3n.<\/p>\n\n\n\n<p>Visita docente a la Universidad de Varsovia (Polonia), del 22 al 24 de marzo de 2012, para impartir formaci\u00f3n especializada sobre Derecho Financiero en la VIII Edici\u00f3n de la Escuela de Derecho Espa\u00f1ol y Europeo.<\/p>\n\n\n\n<p>Visita docente a la Universidad Tecnol\u00f3gica Centroamericana (UNITEC) (Honduras), del 7 al 10 de febrero de 2012, para impartir formaci\u00f3n especializada sobre la Estructura del Tributo en el M\u00e1ster en Derecho Tributario.<\/p>\n\n\n\n<p>Visita de docencia\/investigaci\u00f3n a la Scuola Europea di Alti Studi Tributari de la Universidad de Bolonia (Italia), del 25 al 29 de junio de 2012, financiada por ayuda del Programa Erasmus &#8211;<em>Staff Mobility<\/em>&#8211; (Vicerrectorado de Docencia y Relaciones Internacionales -Universidad de Castilla-La Mancha-), para impartir formaci\u00f3n especializada en el <em>Corso di Dottorato di Ricerca in Diritto Tributario<\/em>.<\/p>\n\n\n\n<p>Visita docente a la Universidad Tecnol\u00f3gica Centroamericana (UNITEC) (Honduras), del 2 al 5 de octubre de 2012, para impartir formaci\u00f3n especializada sobre Derecho Tributario Local en el M\u00e1ster en Derecho Tributario.<\/p>\n\n\n\n<p>Visita de investigaci\u00f3n a la Wyzasza Szkola Finans\u00f3w i Prawa (Polonia), del 24 de diciembre de 2012 al 25 de enero de 2013.<\/p>\n\n\n\n<p>Visita docente a la Universidad Tecnol\u00f3gica Centroamericana (UNITEC) (Honduras), del 17 al 22 de febrero de 2013, para impartir formaci\u00f3n especializada sobre Metodolog\u00eda de la Investigaci\u00f3n Jur\u00eddico-Tributaria en el M\u00e1ster en Derecho Tributario.<\/p>\n\n\n\n<p>Visita docente a la Universidad de Varsovia (Polonia), del 25 al 27 de octubre de 2013, para impartir formaci\u00f3n especializada sobre Derecho Financiero en la IX Edici\u00f3n de la Escuela de Derecho Espa\u00f1ol y Europeo.<\/p>\n\n\n\n<p>Visita de docencia\/investigaci\u00f3n a la Universidad de Lisboa (Portugal), del 10 al 13 de junio de 2013, financiada por ayuda del Programa Erasmus &#8211;<em>Staff Mobility<\/em>&#8211; (Vicerrectorado de Docencia y Relaciones Internacionales -Universidad de Castilla-La Mancha-), para impartir formaci\u00f3n especializada en el <em>M\u00e1ster en Fiscalidad<\/em>.<\/p>\n\n\n\n<p>Visita de investigaci\u00f3n a la Scuola Europea di Alti Studi Tributari de la Universidad de Bolonia (Italia), 5 de septiembre de 2014, para asistir y participar como ponente en el Congreso <em>Autonom\u00eda Territoriali e Aiuti di Stato tra costituzioni Nacionali e Trattati Europei<\/em>.<\/p>\n\n\n\n<p>Visita de docencia\/investigaci\u00f3n a la Universidad de Varsovia (Polonia), del 30 de enero al 1 de febrero de 2014, financiada por ayuda del Programa Erasmus &#8211;<em>Staff Mobility<\/em>&#8211; (Vicerrectorado de Docencia y Relaciones Internacionales -Universidad de Castilla-La Mancha-), para impartir formaci\u00f3n especializada en la <em>X Edici\u00f3n de la Escuela de Derecho Espa\u00f1ol y Europeo<\/em>.<\/p>\n\n\n\n<p>Visita de investigaci\u00f3n al Instituto de Investigaciones Jur\u00eddicas de la Universidad Ju\u00e1rez del Estado de Durango (M\u00e9xico), del 12 de julio al 17 de agosto de 2014, financiada por una ayuda para estancias en otras Universidades y centros de investigaci\u00f3n del Vicerrectorado de Profesorado de la Universidad de Catilla-La Mancha.<\/p>\n\n\n\n<p>Visita de investigaci\u00f3n a la Scuola Europea di Alti Studi Tributari de la Universidad de Bolonia (Italia), 2 y 3 de septiembre de 2015, para asistir y participar como ponente en el Congreso <em>La tutela del contribuente nelle riforme euroepee. Italia e Spagna a confronto<\/em>.<\/p>\n\n\n\n<p>Visita docente a la Universidad de Varsovia (Polonia), del 5 al 7 de noviembre de 2015, para impartir formaci\u00f3n especializada sobre Derecho Financiero en la XI Edici\u00f3n de la Escuela de Derecho Espa\u00f1ol y Europeo, as\u00ed como participar con una ponencia invitada en el Congreso <em>Cooperaci\u00f3n econ\u00f3mica Polaco-Espa\u00f1ola: marco legal<\/em>.<\/p>\n\n\n\n<p>Visita de investigaci\u00f3n a la Scuola Europea di Alti Studi Tributari de la Universidad de Bolonia (Italia), 12 y 13 de octubre de 2016, para asistir y participar como ponente en la <em>Giornate della Scuola Europea di Alti Studi Tributari<\/em>.<\/p>\n\n\n\n<p>Visita de investigaci\u00f3n al Instituto de Investigaciones Jur\u00eddicas de la Universidad Nacional Aut\u00f3noma de M\u00e9xico (M\u00e9xico), del 1 de mayo al 31 de julio de 2021, financiada por una ayuda para estancias en otras Universidades y centros de investigaci\u00f3n del Vicerrectorado de Profesorado y Desarrollo Profesional de la Universidad de Catilla-La Mancha.<\/p>\n","protected":false},"excerpt":{"rendered":"<p>Visita de investigaci\u00f3n a la Scuola Europea di Alti Studi Tributari de la Universidad de Bolonia (Italia), 25 de septiembre de 2006, para asistir y participar como ponente en el Corso di Dottorato di Ricerca in Diritto Tributario. Visita de investigaci\u00f3n a la Scuola Europea di Alti Studi Tributari de la Universidad de Bolonia (Italia), [&hellip;]<\/p>\n","protected":false},"author":51,"featured_media":0,"parent":0,"menu_order":0,"comment_status":"closed","ping_status":"closed","template":"","meta":{"footnotes":""},"class_list":["post-834","page","type-page","status-publish","hentry"],"_links":{"self":[{"href":"https:\/\/blog.uclm.es\/luismariaromero\/wp-json\/wp\/v2\/pages\/834","targetHints":{"allow":["GET"]}}],"collection":[{"href":"https:\/\/blog.uclm.es\/luismariaromero\/wp-json\/wp\/v2\/pages"}],"about":[{"href":"https:\/\/blog.uclm.es\/luismariaromero\/wp-json\/wp\/v2\/types\/page"}],"author":[{"embeddable":true,"href":"https:\/\/blog.uclm.es\/luismariaromero\/wp-json\/wp\/v2\/users\/51"}],"replies":[{"embeddable":true,"href":"https:\/\/blog.uclm.es\/luismariaromero\/wp-json\/wp\/v2\/comments?post=834"}],"version-history":[{"count":2,"href":"https:\/\/blog.uclm.es\/luismariaromero\/wp-json\/wp\/v2\/pages\/834\/revisions"}],"predecessor-version":[{"id":850,"href":"https:\/\/blog.uclm.es\/luismariaromero\/wp-json\/wp\/v2\/pages\/834\/revisions\/850"}],"wp:attachment":[{"href":"https:\/\/blog.uclm.es\/luismariaromero\/wp-json\/wp\/v2\/media?parent=834"}],"curies":[{"name":"wp","href":"https:\/\/api.w.org\/{rel}","templated":true}]}}