{"id":832,"date":"2022-11-19T17:49:00","date_gmt":"2022-11-19T15:49:00","guid":{"rendered":"https:\/\/blog.uclm.es\/luismariaromero\/?page_id=832"},"modified":"2022-11-19T17:49:00","modified_gmt":"2022-11-19T15:49:00","slug":"transferencia-al-sector-productivo","status":"publish","type":"page","link":"https:\/\/blog.uclm.es\/luismariaromero\/transferencia-al-sector-productivo\/","title":{"rendered":"Transferencia al Sector Productivo"},"content":{"rendered":"\n<p><strong>Curso Pr\u00e1ctico de Formaci\u00f3n sobre Impuesto sobre Sociedades<\/strong>, dirigido a profesores de Educaci\u00f3n Secundaria (Centro de Profesores de Toledo &#8211; Junta de Comunidades de Castilla-La Mancha), del 7 al 11 de septiembre de 2009.<\/p>\n\n\n\n<p>Formaci\u00f3n sobre \u201cEstructura del tributo\u201d, (32 horas docentes) en el <strong>M\u00e1ster en Derecho Tributario de la UNITEC para la capacitaci\u00f3n de Funcionarios del Ministerio de Econom\u00eda y Hacienda de Honduras<\/strong>, Facultad de Derecho de UNITEC, Tegucigalpa, Honduras, del 7 al 10 de febrero de 2012.<\/p>\n\n\n\n<p>Formaci\u00f3n sobre \u201cDerecho Tributario Local\u201d, (32 horas docentes) en el <strong>M\u00e1ster en Derecho Tributario de la UNITEC para la capacitaci\u00f3n de Funcionarios del Ministerio de Econom\u00eda y Hacienda de Honduras<\/strong>, Facultad de Derecho de UNITEC, Tegucigalpa, Honduras, del 2 al 5 de octubre de 2012.<\/p>\n\n\n\n<p>Formaci\u00f3n sobre \u201cMetodolog\u00eda de la investigaci\u00f3n\u201d, (32 horas docentes) en el <strong>M\u00e1ster en Derecho Tributario de la UNITEC para la capacitaci\u00f3n de Funcionarios del Ministerio de Econom\u00eda y Hacienda de Honduras<\/strong>, Facultad de Derecho de UNITEC, Tegucigalpa, Honduras, del 2 al 5 de octubre de 2012.<\/p>\n","protected":false},"excerpt":{"rendered":"<p>Curso Pr\u00e1ctico de Formaci\u00f3n sobre Impuesto sobre Sociedades, dirigido a profesores de Educaci\u00f3n Secundaria (Centro de Profesores de Toledo &#8211; Junta de Comunidades de Castilla-La Mancha), del 7 al 11 de septiembre de 2009. Formaci\u00f3n sobre \u201cEstructura del tributo\u201d, (32 horas docentes) en el M\u00e1ster en Derecho Tributario de la UNITEC para la capacitaci\u00f3n de [&hellip;]<\/p>\n","protected":false},"author":51,"featured_media":0,"parent":0,"menu_order":0,"comment_status":"closed","ping_status":"closed","template":"","meta":{"footnotes":""},"class_list":["post-832","page","type-page","status-publish","hentry"],"_links":{"self":[{"href":"https:\/\/blog.uclm.es\/luismariaromero\/wp-json\/wp\/v2\/pages\/832","targetHints":{"allow":["GET"]}}],"collection":[{"href":"https:\/\/blog.uclm.es\/luismariaromero\/wp-json\/wp\/v2\/pages"}],"about":[{"href":"https:\/\/blog.uclm.es\/luismariaromero\/wp-json\/wp\/v2\/types\/page"}],"author":[{"embeddable":true,"href":"https:\/\/blog.uclm.es\/luismariaromero\/wp-json\/wp\/v2\/users\/51"}],"replies":[{"embeddable":true,"href":"https:\/\/blog.uclm.es\/luismariaromero\/wp-json\/wp\/v2\/comments?post=832"}],"version-history":[{"count":1,"href":"https:\/\/blog.uclm.es\/luismariaromero\/wp-json\/wp\/v2\/pages\/832\/revisions"}],"predecessor-version":[{"id":833,"href":"https:\/\/blog.uclm.es\/luismariaromero\/wp-json\/wp\/v2\/pages\/832\/revisions\/833"}],"wp:attachment":[{"href":"https:\/\/blog.uclm.es\/luismariaromero\/wp-json\/wp\/v2\/media?parent=832"}],"curies":[{"name":"wp","href":"https:\/\/api.w.org\/{rel}","templated":true}]}}