{"id":830,"date":"2022-11-19T17:47:36","date_gmt":"2022-11-19T15:47:36","guid":{"rendered":"https:\/\/blog.uclm.es\/luismariaromero\/?page_id=830"},"modified":"2022-11-19T17:47:36","modified_gmt":"2022-11-19T15:47:36","slug":"tutorias-personalizadas-y-practicas-en-empresas-2","status":"publish","type":"page","link":"https:\/\/blog.uclm.es\/luismariaromero\/tutorias-personalizadas-y-practicas-en-empresas-2\/","title":{"rendered":"Tutor\u00edas personalizadas y pr\u00e1cticas en empresas"},"content":{"rendered":"\n<p>Participaci\u00f3n en el <strong>Programa de Tutor\u00edas Personalizadas<\/strong> de la Facultad de Ciencias Sociales de Cuenca, cursos acad\u00e9micos 2010\/11 a 2016\/17<\/p>\n\n\n\n<p>Tutorizaci\u00f3n de la realizaci\u00f3n de <strong>Pr\u00e1cticas Acad\u00e9micas Externas<\/strong> de los estudiantes de la Facultad de Ciencias Sociales de Cuenca, cursos acad\u00e9micos 2012\/13 a 2016\/17<\/p>\n","protected":false},"excerpt":{"rendered":"<p>Participaci\u00f3n en el Programa de Tutor\u00edas Personalizadas de la Facultad de Ciencias Sociales de Cuenca, cursos acad\u00e9micos 2010\/11 a 2016\/17 Tutorizaci\u00f3n de la realizaci\u00f3n de Pr\u00e1cticas Acad\u00e9micas Externas de los estudiantes de la Facultad de Ciencias Sociales de Cuenca, cursos acad\u00e9micos 2012\/13 a 2016\/17<\/p>\n","protected":false},"author":51,"featured_media":0,"parent":0,"menu_order":0,"comment_status":"closed","ping_status":"closed","template":"","meta":{"footnotes":""},"class_list":["post-830","page","type-page","status-publish","hentry"],"_links":{"self":[{"href":"https:\/\/blog.uclm.es\/luismariaromero\/wp-json\/wp\/v2\/pages\/830","targetHints":{"allow":["GET"]}}],"collection":[{"href":"https:\/\/blog.uclm.es\/luismariaromero\/wp-json\/wp\/v2\/pages"}],"about":[{"href":"https:\/\/blog.uclm.es\/luismariaromero\/wp-json\/wp\/v2\/types\/page"}],"author":[{"embeddable":true,"href":"https:\/\/blog.uclm.es\/luismariaromero\/wp-json\/wp\/v2\/users\/51"}],"replies":[{"embeddable":true,"href":"https:\/\/blog.uclm.es\/luismariaromero\/wp-json\/wp\/v2\/comments?post=830"}],"version-history":[{"count":1,"href":"https:\/\/blog.uclm.es\/luismariaromero\/wp-json\/wp\/v2\/pages\/830\/revisions"}],"predecessor-version":[{"id":831,"href":"https:\/\/blog.uclm.es\/luismariaromero\/wp-json\/wp\/v2\/pages\/830\/revisions\/831"}],"wp:attachment":[{"href":"https:\/\/blog.uclm.es\/luismariaromero\/wp-json\/wp\/v2\/media?parent=830"}],"curies":[{"name":"wp","href":"https:\/\/api.w.org\/{rel}","templated":true}]}}