{"id":819,"date":"2022-11-19T17:43:07","date_gmt":"2022-11-19T15:43:07","guid":{"rendered":"https:\/\/blog.uclm.es\/luismariaromero\/?page_id=819"},"modified":"2022-11-19T17:43:07","modified_gmt":"2022-11-19T15:43:07","slug":"trabajos-de-postgrado-3","status":"publish","type":"page","link":"https:\/\/blog.uclm.es\/luismariaromero\/trabajos-de-postgrado-3\/","title":{"rendered":"Trabajos de Postgrado"},"content":{"rendered":"\n<p><strong>Secretario<\/strong> encargado de evaluar el Trabajo Fin de <strong>M\u00e1ster en Derecho Tributario y Fiscalidad Internacional<\/strong>, t\u00edtulo propio de la Universidad de Castilla-La Mancha impartido en la Universidad San Mart\u00edn de Porres (Per\u00fa) <em>\u201cLos m\u00e9todos unilaterales para evitar la doble imposici\u00f3n en la legislaci\u00f3n tributaria del Per\u00fa\u201d<\/em>, presentado por Sergio Iv\u00e1n M\u00f3lgora Torres, el 10\/06\/2013.<\/p>\n\n\n\n<p><strong>Secretario<\/strong> encargado de evaluar el Trabajo Fin de <strong>M\u00e1ster en Derecho Tributario y Fiscalidad Internacional,<\/strong> t\u00edtulo propio de la Universidad de Castilla-La Mancha impartido en la Universidad San Mart\u00edn de Porres (Per\u00fa) <em>\u201cLas manifestaciones del poder tributario: fundamento para la aplicaci\u00f3n de los l\u00edmites constitucionales\u201d<\/em>, presentado por Romina Villanueva Llaque, el 11\/06\/2013.<\/p>\n\n\n\n<p><strong>Secretario<\/strong> encargado de evaluar el Trabajo Fin de <strong>M\u00e1ster en Derecho Tributario y Fiscalidad Internacional<\/strong>, t\u00edtulo propio de la Universidad de Castilla-La Mancha impartido en la Universidad San Mart\u00edn de Porres (Per\u00fa) <em>\u201cLa contabilidad en el Derecho Tributario\u201d<\/em>, presentado por Rosa Consuelo Curi Giron, el 11\/06\/2013.<\/p>\n\n\n\n<p><strong>Secretario<\/strong> encargado de evaluar el Trabajo Fin de <strong>M\u00e1ster en Derecho Tributario y Fiscalidad Internacional<\/strong>, t\u00edtulo propio de la Universidad de Castilla-La Mancha impartido en la Universidad San Mart\u00edn de Porres (Per\u00fa) <em>\u201cEl r\u00e9gimen del Impuesto a la Renta en el Mercado de capitales en el Per\u00fa\u201d<\/em>, presentado por Bohlvin Michael Zavaleta \u00c1lvarez, el 18\/06\/2013.<\/p>\n\n\n\n<p><strong>Secretario<\/strong> encargado de evaluar el Trabajo Fin de <strong>M\u00e1ster en Derecho Tributario y Fiscalidad Internacional<\/strong>, t\u00edtulo propio de la Universidad de Castilla-La Mancha impartido en la Universidad San Mart\u00edn de Porres (Per\u00fa) <em>\u201cEl Impuesto General sobre Ventas en la imposici\u00f3n y exportaci\u00f3n de bienes\u201d<\/em>, presentado por Karyn Lilian Molina, el 24\/06\/2013.<\/p>\n\n\n\n<p><strong>Vocal<\/strong> encargado de evaluar el Trabajo Fin de <strong>Especialista en Derecho de la Contrataci\u00f3n P\u00fablica<\/strong>, t\u00edtulo propio de la Universidad de Castilla-La Mancha impartido en el CECAS (Ecuador) <em>\u201cLa contrataci\u00f3n p\u00fablica como mecanismo para preservar el ecosistema de las Islas Gal\u00e1pagos\u201d<\/em>, presentado por Silvia Irene Vargas Carvajal, el 10\/10\/2013.<\/p>\n\n\n\n<p><strong>Vocal<\/strong> encargado de evaluar el Trabajo Fin de <strong>Especialista en Derecho de la Contrataci\u00f3n P\u00fablica<\/strong>, t\u00edtulo propio de la Universidad de Castilla-La Mancha impartido en el CECAS (Ecuador) <em>\u201cAn\u00e1lisis del plan anual de contrataci\u00f3n como instrumento articulador de la planificaci\u00f3n central y la adquisici\u00f3n de bienes, servicios y obras necesarios para la gesti\u00f3n p\u00fablica\u201d<\/em>, presentado por Ximena de Lourdes Lastra Basantes, el 10\/10\/2013.<\/p>\n\n\n\n<p><strong>Presidente<\/strong> encargado de evaluar el Trabajo Fin de <strong>M\u00e1ster en Prevenci\u00f3n y Tratamiento de la Violencia Dom\u00e9stica: un enfoque intrafamiliar<\/strong> (Universidad de Castilla-La Mancha), <em>\u201cMaltrato infantil: una gu\u00eda para su intervenci\u00f3n y detenci\u00f3n desde el centro escolar\u201d<\/em>, presentado por Ver\u00f3nica L\u00f3pez Calonge, el 12\/12\/2013.<\/p>\n\n\n\n<p><strong>Presidente<\/strong> encargado de evaluar el Trabajo Fin de <strong>M\u00e1ster en Prevenci\u00f3n y Tratamiento de la Violencia Dom\u00e9stica: un enfoque intrafamiliar <\/strong>(Universidad de Castilla-La Mancha), <em>\u201cViolencia vista desde dentro\u201d<\/em>, presentado por Vanesa Marquina Mart\u00ednez, el 12\/12\/2013.<\/p>\n\n\n\n<p><strong>Presidente<\/strong> encargado de evaluar el Trabajo Fin de <strong>M\u00e1ster en Prevenci\u00f3n y Tratamiento de la Violencia Dom\u00e9stica: un enfoque intrafamiliar<\/strong> (Universidad de Castilla-La Mancha), <em>\u201cResponsabilidades ante el bullying\u201d<\/em>, presentado por Marta Serrano Valencia, el 12\/12\/2013.<\/p>\n\n\n\n<p><strong>Presidente<\/strong> encargado de evaluar el Trabajo Fin de <strong>M\u00e1ster en Prevenci\u00f3n y Tratamiento de la Violencia Dom\u00e9stica: un enfoque intrafamiliar<\/strong> (Universidad de Castilla-La Mancha), <em>\u201cLa familia, caracter\u00edsticas y tipolog\u00eda\u201d<\/em>, presentado por Jos\u00e9 Mart\u00ednez Herv\u00edas, el 12\/12\/2013.<\/p>\n\n\n\n<p><strong>Secretario<\/strong> encargado de evaluar el Trabajo Fin de <strong>M\u00e1ster en Derecho Tributario<\/strong>, t\u00edtulo propio de la Universidad de Castilla-La Mancha impartido en la UNITEC (Honduras) <em>\u201cNotificaci\u00f3n de los actos administrativos en materia tributaria y sus defectos procedimentales\u201d<\/em>, presentado por Martha de los \u00c1ngeles Escoto Zu\u00f1iga, el 17\/01\/2014.<\/p>\n\n\n\n<p><strong>Secretario<\/strong> encargado de evaluar el Trabajo Fin de <strong>M\u00e1ster en Derecho Tributario<\/strong>, t\u00edtulo propio de la Universidad de Castilla-La Mancha impartido en la UNITEC (Honduras) <em>\u201cLa prescripci\u00f3n de la obligaci\u00f3n tributaria\u201d<\/em>, presentado por Lesli Rosana Argueta Rodriguez, el 17\/01\/2014.<\/p>\n\n\n\n<p><strong>Secretario<\/strong> encargado de evaluar el Trabajo Fin de <strong>M\u00e1ster en Derecho Tributario<\/strong>, t\u00edtulo propio de la Universidad de Castilla-La Mancha impartido en la UNITEC (Honduras) <em>\u201cImpunidad en los delitos de contrabando y defraudaci\u00f3n fiscal originado por la incongruencia legal\u201d<\/em>, presentado por Mariana de Jes\u00fas Reyes, el 17\/01\/2014.<\/p>\n\n\n\n<p><strong>Vocal<\/strong> encargado de evaluar el Trabajo Fin de <strong>M\u00e1ster en Prevenci\u00f3n y Tratamiento de la Violencia Dom\u00e9stica: un enfoque intrafamiliar<\/strong> (Universidad de Castilla-La Mancha), <em>\u201cViolencia en parejas adolescentes\u201d<\/em>, presentado por Cristina Martin Calle, el 12\/12\/2014.<\/p>\n\n\n\n<p><strong>Vocal<\/strong> encargado de evaluar el Trabajo Fin de <strong>M\u00e1ster en Prevenci\u00f3n y Tratamiento de la Violencia Dom\u00e9stica: un enfoque intrafamiliar<\/strong> (Universidad de Castilla-La Mancha), <em>\u201cViolencia de g\u00e9nero en adolescentes: estudio y dise\u00f1o de un proyecto de intervenci\u00f3n educativa\u201d<\/em>, presentado por Alina Elena Balasa, el 12\/12\/2014.<\/p>\n\n\n\n<p><strong>Vocal<\/strong> encargado de evaluar el Trabajo Fin de <strong>M\u00e1ster en Prevenci\u00f3n y Tratamiento de la Violencia Dom\u00e9stica: un enfoque intrafamiliar <\/strong>(Universidad de Castilla-La Mancha), <em>\u201cAbuelos y abuelas como agentes de prevenci\u00f3n de violencia intrafamiliar\u201d<\/em>, presentado por Alba Mar\u00eda Caballero Rubio, el 12\/12\/2014.<\/p>\n\n\n\n<p><strong>Presidente <\/strong>encargado de evaluar el Trabajo Fin de <strong>M\u00e1ster en Prevenci\u00f3n y Tratamiento de la Violencia Dom\u00e9stica: un enfoque intrafamiliar<\/strong> (Universidad de Castilla-La Mancha), <em>\u201cUn psic\u00f3pata en la familia\u201d<\/em>, presentado por Cristina G\u00f3mez Gonz\u00e1lez, el 12\/12\/2014.<\/p>\n\n\n\n<p><strong>Vocal <\/strong>encargado de evaluar el Trabajo Fin de <strong>M\u00e1ster en Prevenci\u00f3n y Tratamiento de la Violencia Dom\u00e9stica: un enfoque intrafamiliar<\/strong> (Universidad de Castilla-La Mancha), <em>\u201cProgramas de intervenci\u00f3n con agresores dom\u00e9sticos. Eficacia del tratamiento\u201d<\/em>, presentado por Natalia Garc\u00eda S\u00e1nchez, el 11\/12\/2015.<\/p>\n\n\n\n<p><strong>Vocal<\/strong> encargado de evaluar el Trabajo Fin de <strong>M\u00e1ster en Prevenci\u00f3n y Tratamiento de la Violencia Dom\u00e9stica: un enfoque intrafamiliar<\/strong> (Universidad de Castilla-La Mancha), <em>\u201cLos secuestros interparentales de menores como forma de violencia familiar\u201d<\/em>, presentado por Pablo \u00c1lvarez D\u00edaz, el 11\/12\/2015.<\/p>\n\n\n\n<p><strong>Vocal <\/strong>encargado de evaluar el Trabajo Fin de <strong>M\u00e1ster en Prevenci\u00f3n y Tratamiento de la Violencia Dom\u00e9stica: un enfoque intrafamiliar<\/strong> (Universidad de Castilla-La Mancha), <em>\u201cLos recursos de acogida de mujeres en las Comunidades Aut\u00f3nomas de Castilla-La Mancha y Murcia\u201d<\/em>, presentado por Mar\u00eda Reolid Campos, el 11\/12\/2015.<\/p>\n\n\n\n<p><strong>Vocal<\/strong> encargado de evaluar el Trabajo Fin de <strong>M\u00e1ster en Prevenci\u00f3n y Tratamiento de la Violencia Dom\u00e9stica: un enfoque intrafamiliar<\/strong> (Universidad de Castilla-La Mancha), <em>\u201cLa venus de las pieles: roles de g\u00e9nero; cuestiones de g\u00e9nero en el cine: 50 sombras de Grey\u201d<\/em>, presentado por Mar\u00eda Teresa Villalta Bell\u00f3n, el 11\/12\/2015.<\/p>\n","protected":false},"excerpt":{"rendered":"<p>Secretario encargado de evaluar el Trabajo Fin de M\u00e1ster en Derecho Tributario y Fiscalidad Internacional, t\u00edtulo propio de la Universidad de Castilla-La Mancha impartido en la Universidad San Mart\u00edn de Porres (Per\u00fa) \u201cLos m\u00e9todos unilaterales para evitar la doble imposici\u00f3n en la legislaci\u00f3n tributaria del Per\u00fa\u201d, presentado por Sergio Iv\u00e1n M\u00f3lgora Torres, el 10\/06\/2013. Secretario [&hellip;]<\/p>\n","protected":false},"author":51,"featured_media":0,"parent":0,"menu_order":0,"comment_status":"closed","ping_status":"closed","template":"","meta":{"footnotes":""},"class_list":["post-819","page","type-page","status-publish","hentry"],"_links":{"self":[{"href":"https:\/\/blog.uclm.es\/luismariaromero\/wp-json\/wp\/v2\/pages\/819","targetHints":{"allow":["GET"]}}],"collection":[{"href":"https:\/\/blog.uclm.es\/luismariaromero\/wp-json\/wp\/v2\/pages"}],"about":[{"href":"https:\/\/blog.uclm.es\/luismariaromero\/wp-json\/wp\/v2\/types\/page"}],"author":[{"embeddable":true,"href":"https:\/\/blog.uclm.es\/luismariaromero\/wp-json\/wp\/v2\/users\/51"}],"replies":[{"embeddable":true,"href":"https:\/\/blog.uclm.es\/luismariaromero\/wp-json\/wp\/v2\/comments?post=819"}],"version-history":[{"count":1,"href":"https:\/\/blog.uclm.es\/luismariaromero\/wp-json\/wp\/v2\/pages\/819\/revisions"}],"predecessor-version":[{"id":820,"href":"https:\/\/blog.uclm.es\/luismariaromero\/wp-json\/wp\/v2\/pages\/819\/revisions\/820"}],"wp:attachment":[{"href":"https:\/\/blog.uclm.es\/luismariaromero\/wp-json\/wp\/v2\/media?parent=819"}],"curies":[{"name":"wp","href":"https:\/\/api.w.org\/{rel}","templated":true}]}}