{"id":815,"date":"2022-11-19T17:41:16","date_gmt":"2022-11-19T15:41:16","guid":{"rendered":"https:\/\/blog.uclm.es\/luismariaromero\/?page_id=815"},"modified":"2023-01-30T00:13:19","modified_gmt":"2023-01-29T22:13:19","slug":"trabajos-fin-de-master-oficiales-3","status":"publish","type":"page","link":"https:\/\/blog.uclm.es\/luismariaromero\/trabajos-fin-de-master-oficiales-3\/","title":{"rendered":"Trabajos Fin de M\u00e1ster (Oficiales)"},"content":{"rendered":"\n<p><strong>Secretario<\/strong> del Tribunal encargado de evaluar el Trabajo Fin de <strong>M\u00e1ster Universitario en Fiscalidad Internacional y Comunitaria<\/strong> (Universidad de Castilla-La Mancha) <em>\u201cEl intercambio de informaci\u00f3n tributaria en el Derecho Internacional Europeo y Espa\u00f1ol\u201d<\/em>, presentado por Mar\u00eda del Prado Merino Segovia, el 27\/07\/2010.<\/p>\n\n\n\n<p><strong>Secretario<\/strong> del Tribunal encargado de evaluar el Trabajo Fin de <strong>M\u00e1ster Universitario en Fiscalidad Internacional y Comunitaria<\/strong> (Universidad de Castilla-La Mancha) <em>\u201cTributaci\u00f3n internacional de los c\u00e1nones: aplicaci\u00f3n pr\u00e1ctica a una empresa I+D\u201d<\/em>, presentado por Julio Enrique Bono P\u00e9rez, el 24\/09\/2010.<\/p>\n\n\n\n<p><strong>Secretario<\/strong> del Tribunal encargado de evaluar el Trabajo Fin de <strong>M\u00e1ster Universitario en Fiscalidad Internacional y Comunitaria<\/strong> (Universidad de Castilla-La Mancha) <em>\u201cEl fraude carrusel en el IVA\u201d<\/em>, presentado por Mar\u00eda Pilar Al\u00eda Aguado, el 24\/09\/2010.<\/p>\n\n\n\n<p><strong>Secretario<\/strong> del Tribunal encargado de evaluar el Trabajo Fin de <strong>M\u00e1ster Universitario en Fiscalidad Internacional y Comunitaria<\/strong> (Universidad de Castilla-La Mancha) <em>\u201cBases de un Estatuto Europeo del Contribuyente\u201d<\/em>, presentado por Iciar Par\u00eds Mart\u00edn, el 24\/09\/2010.<\/p>\n\n\n\n<p><strong>Secretario<\/strong> del Tribunal encargado de evaluar el Trabajo Fin de <strong>M\u00e1ster Universitario en Fiscalidad Internacional y Comunitaria<\/strong> (Universidad de Castilla-La Mancha) <em>\u201cTratamiento Fiscal de los Dividendos\u201d<\/em>, presentado por Pedro Muelas Colmena, el 22\/09\/2011.<\/p>\n\n\n\n<p><strong>Secretario<\/strong> del Tribunal encargado de evaluar el Trabajo Fin de <strong>M\u00e1ster Universitario en Fiscalidad Internacional y Comunitaria<\/strong> (Universidad de Castilla-La Mancha) <em>\u201cAn\u00e1lisis de la fiscalidad de las operaciones vinculadas\u201d<\/em>, presentado por Katherinn Caballero Hinostoza, el 22\/09\/2011.<\/p>\n\n\n\n<p><strong>Secretario<\/strong> del Tribunal encargado de evaluar el Trabajo Fin de <strong>M\u00e1ster Universitario en Fiscalidad Internacional y Comunitaria<\/strong> (Universidad de Castilla-La Mancha) <em>\u201cLa tutela del contribuyente en el intercambio de informaci\u00f3n entre Estados\u201d<\/em>, presentado por Lorena Margarita Baltazar Quintana, el 02\/02\/2012.<\/p>\n\n\n\n<p><strong>Secretario<\/strong> del Tribunal encargado de evaluar el Trabajo Fin de <strong>M\u00e1ster Universitario en Fiscalidad Internacional y Comunitaria<\/strong> (Universidad de Castilla-La Mancha) <em>\u201cLa competencia fiscal perniciosa entre Estados: propuesta de correcci\u00f3n\u201d<\/em>, presentado por Hugo Marulanda Ot\u00e1lvaro, el 26\/07\/2012.<\/p>\n\n\n\n<p><strong>Secretario<\/strong> del Tribunal encargado de evaluar el Trabajo Fin de <strong>M\u00e1ster Universitario en Fiscalidad Internacional y Comunitaria<\/strong> (Universidad de Castilla-La Mancha) <em>\u201cDeducciones fiscales por investigaci\u00f3n, desarrollo e innovaci\u00f3n\u201d<\/em>, presentado por Andr\u00e9s Manuel D\u00edaz Ruiz, el 20\/09\/2012.<\/p>\n\n\n\n<p><strong>Vocal <\/strong>del Tribunal encargado de evaluar el Trabajo Fin de <strong>M\u00e1ster Universitario en Fiscalidad Internacional y Comunitaria<\/strong> (Universidad de Castilla-La Mancha) <em>\u201cTratamiento fiscal de los dividendos\u201d<\/em>, presentado por Pedro Ceballos Fern\u00e1ndez, el 20\/09\/2012.<\/p>\n\n\n\n<p><strong>Vocal <\/strong>del Tribunal encargado de evaluar el Trabajo Fin de <strong>M\u00e1ster Universitario en Fiscalidad Internacional y Comunitaria<\/strong> (Universidad de Castilla-La Mancha) <em>\u201cLa doble imposici\u00f3n internacional en el ordenamiento interno, internacional y comunitario\u201d<\/em>, presentado por Esther Mart\u00ednez Mart\u00ednez, el 20\/09\/2012.<\/p>\n\n\n\n<p><strong>Vocal<\/strong> del Tribunal encargado de evaluar el Trabajo Fin de <strong>M\u00e1ster Universitario en Fiscalidad Internacional y Comunitaria<\/strong> (Universidad de Castilla-La Mancha) <em>\u201cEl IVA como impuesto armonizado en la UE y el fraude en el impuesto\u201d<\/em>, presentado por Jes\u00fas Ortega Maureso, el 16\/07\/2013.<\/p>\n\n\n\n<p><strong>Secretario<\/strong> del Tribunal encargado de evaluar el Trabajo Fin de <strong>M\u00e1ster Universitario en Fiscalidad Internacional y Comunitaria<\/strong> (Universidad de Castilla-La Mancha) <em>\u201cTratamiento fiscal de los dividendos\u201d<\/em>, presentado por Mar\u00eda del Consuelo Morcillo Plaza, el 19\/09\/2013.<\/p>\n\n\n\n<p><strong>Secretario<\/strong> del Tribunal encargado de evaluar el Trabajo Fin de <strong>M\u00e1ster Universitario en Fiscalidad Internacional y Comunitaria<\/strong> (Universidad de Castilla-La Mancha) <em>\u201cLa asistencia mutua entre Estados en materia de recaudaci\u00f3n en el seno de la Uni\u00f3n Europea\u201d<\/em>, presentado por Mar\u00eda del Rosario Duque Rojo, el 19\/09\/2013.<\/p>\n\n\n\n<p><strong>Secretario<\/strong> del Tribunal encargado de evaluar el Trabajo Fin de <strong>M\u00e1ster Universitario en Fiscalidad Internacional y Comunitaria<\/strong> (Universidad de Castilla-La Mancha) <em>\u201cCompetencia y planificaci\u00f3n fiscal en el \u00e1mbito de la Uni\u00f3n Europea\u201d<\/em>, presentado por Agust\u00edn Fern\u00e1ndez Ru\u00edz, el 19\/09\/2013.<\/p>\n\n\n\n<p><strong>Vocal<\/strong> del Tribunal encargado de evaluar el Trabajo Fin de <strong>M\u00e1ster Universitario en Fiscalidad Internacional y Comunitaria<\/strong> (Universidad de Castilla-La Mancha) <em>\u201cLa limitaci\u00f3n a la deducibilidad de los gastos financieros\u201d<\/em>, presentado por Yohana Fern\u00e1ndez Couso, el 23\/10\/2014.<\/p>\n\n\n\n<p><strong>Vocal<\/strong> del Tribunal encargado de evaluar el Trabajo Fin de <strong>M\u00e1ster Universitario en Fiscalidad Internacional y Comunitaria<\/strong> (Universidad de Castilla-La Mancha) <em>\u201cLa asistencia mutua entre Estados en el \u00e1mbito de la Uni\u00f3n Europea: la Directiva 2011\/16UE\u201d<\/em>, presentado por Mario Gala Moraleda, el 23\/10\/2014.<\/p>\n\n\n\n<p><strong>Vocal<\/strong> del Tribunal encargado de evaluar el Trabajo Fin de <strong>M\u00e1ster Universitario en Acceso a la Abogac\u00eda<\/strong> (Universidad de Castilla-La Mancha) <em>\u201cLa reparcelaci\u00f3n en la legislaci\u00f3n urban\u00edstica de Castilla-La Mancha\u201d<\/em>, presentado por Fernando Castellanos L\u00f3pez, el 17\/12\/2015.<\/p>\n\n\n\n<p><strong>Vocal<\/strong> del Tribunal encargado de evaluar el Trabajo Fin de <strong>M\u00e1ster Universitario en Acceso a la Abogac\u00eda<\/strong> (Universidad de Castilla-La Mancha) <em>\u201cLa asistencia letrada en el proceso penal. Problemas de la pr\u00e1ctica forense\u201d<\/em>, presentado por Mar\u00eda Victoria Osma Fern\u00e1ndez, el 17\/12\/2015.<\/p>\n\n\n\n<p><strong>Vocal<\/strong> del Tribunal encargado de evaluar el Trabajo Fin de <strong>M\u00e1ster Universitario en Acceso a la Abogac\u00eda<\/strong> (Universidad de Castilla-La Mancha) <em>\u201cCuestiones jur\u00eddico-procesales en el \u00e1mbito de la nueva competencia de la Junta General\u201d<\/em>, presentado por Mar\u00eda Emilia Viana Mart\u00ednez, el 17\/12\/2015.<\/p>\n\n\n\n<p><strong>Vocal<\/strong> del Tribunal encargado de evaluar el Trabajo Fin de <strong>M\u00e1ster Universitario en Fiscalidad Internacional y Comunitaria<\/strong> (Universidad de Castilla-La Mancha) <em>\u201cEl fen\u00f3meno de la planificaci\u00f3n fiscal agresiva en el contexto de la Uni\u00f3n Europea\u201d<\/em>, presentado por Eduardo Jos\u00e9 L\u00f3pez Gonz\u00e1lez, el 20\/10\/2016.<\/p>\n\n\n\n<p><strong>Vocal<\/strong> del Tribunal encargado de evaluar el Trabajo Fin de <strong>M\u00e1ster Universitario en Fiscalidad Internacional y Comunitaria<\/strong> (Universidad de Castilla-La Mancha) <em>\u201cIVA: visi\u00f3n global del r\u00e9gimen especial de las agencias de viaje\u201d<\/em>, presentado por H\u00e9ctor Fern\u00e1ndez Fern\u00e1ndez, el 20\/10\/2016.<\/p>\n\n\n\n<p><strong>Vocal<\/strong> del Tribunal encargado de evaluar el Trabajo Fin de <strong>M\u00e1ster Universitario en Fiscalidad Internacional y Comunitaria<\/strong> (Universidad de Castilla-La Mancha) <em>\u201cLa influencia de los impuestos en los rendimientos de actividades econ\u00f3micas entre Espa\u00f1a-M\u00e9xico bajo el fen\u00f3meno de la doble imposici\u00f3n internacional\u201d<\/em>, presentado por Elizabeth Cano Espinoza, el 13\/17\/2017.<\/p>\n\n\n\n<p><strong>Vocal<\/strong> del Tribunal encargado de evaluar el Trabajo Fin de <strong>M\u00e1ster Universitario en Fiscalidad Internacional y Comunitaria<\/strong> (Universidad de Castilla-La Mancha) <em>\u201cBase imponible consolidada com\u00fan del Impuesto sobre Sociedades\u201d<\/em>, presentado por Sagrario Maqueda Ru\u00edz, el 13\/17\/2017.<\/p>\n\n\n\n<p><strong>Vocal<\/strong> del Tribunal encargado de evaluar el Trabajo Fin de <strong>M\u00e1ster Universitario en Fiscalidad Internacional y Comunitaria<\/strong> (Universidad de Castilla-La Mancha) <em>\u201cLa lucha contra el fraude carrusel en el impuesto sobre el valor a\u00f1adido\u201d<\/em>, presentado por Catalina Smintinica, el 19\/10\/2017.<\/p>\n\n\n\n<p><strong>Vocal <\/strong>del Tribunal encargado de evaluar el Trabajo Fin de <strong>M\u00e1ster Universitario en Fiscalidad Internacional y Comunitaria<\/strong> (Universidad de Castilla-La Mancha) <em>\u201cMedidas antiabuso a la luz de la normativa relativa a ayudas de Estado\u201d<\/em>, presentado por Laura Moraleda G\u00f3mez-Cambronero, el 18\/10\/2018.<\/p>\n\n\n\n<p><strong>Secretario<\/strong> del Tribunal encargado de evaluar el Trabajo Fin de <strong>M\u00e1ster Universitario en Fiscalidad Internacional y Comunitaria<\/strong> (Universidad de Castilla-La Mancha) <em>\u201cLos desaf\u00edos tributarios de la econom\u00eda digital: an\u00e1lisis de los problemas generados por los impuestos sobre determinados servicios digitales desde la \u00f3ptica del derecho de la Uni\u00f3n Europea\u201d<\/em>, presentado por Luis Paniagua Gallardo, el 12\/07\/2019.<\/p>\n\n\n\n<p><strong>Secretario<\/strong> del Tribunal encargado de evaluar el Trabajo Fin de <strong>M\u00e1ster Universitario en Fiscalidad Internacional y Comunitaria<\/strong> (Universidad de Castilla-La Mancha) <em>\u201cLas reglas de localizaci\u00f3n en el IVA de los servicios de telecomunicaciones, radiodifusi\u00f3n o televisi\u00f3n y electr\u00f3nicos\u201d<\/em>, presentado por Joaqu\u00edn Vicente Marcos-Aparicio Romero de \u00c1vila, el 12\/07\/2019.<\/p>\n\n\n\n<p><strong>Secretario<\/strong> del Tribunal encargado de evaluar el Trabajo Fin de <strong>M\u00e1ster Universitario en Fiscalidad Internacional y Europea<\/strong> (Universidad de Castilla-La Mancha) <em>\u201cLa incidencia de la propuesta globe en materia de precios de transferencia\u201d<\/em>, presentado por Eduardo Roberto Orozco Mart\u00ednez, el 25\/01\/2023.<\/p>\n\n\n\n<p><strong>Secretario<\/strong> del Tribunal encargado de evaluar el Trabajo Fin de <strong>M\u00e1ster Universitario en Acceso a la Abogac\u00eda<\/strong> (Universidad de Castilla-La Mancha) <em>\u201cAspectos previos a tener en cuenta para la implementaci\u00f3n de un plan de igualdad en la empresa privada\u201d<\/em>, presentado por Araceli Capuchino Mu\u00f1oz, el 01\/02\/2023.<\/p>\n\n\n\n<p><strong>Secretario<\/strong> del Tribunal encargado de evaluar el Trabajo Fin de <strong>M\u00e1ster Universitario en Acceso a la Abogac\u00eda<\/strong> (Universidad de Castilla-La Mancha) <em>\u201cDictamen jur\u00eddico: Derecho a la identidad de g\u00e9nero\u201d<\/em>, presentado por Laura Jim\u00e9nez Bazo Pinel, el 01\/02\/2023.<\/p>\n\n\n\n<p><strong>Secretario<\/strong> del Tribunal encargado de evaluar el Trabajo Fin de <strong>M\u00e1ster Universitario en Acceso a la Abogac\u00eda<\/strong> (Universidad de Castilla-La Mancha) <em>\u201cImpuesto sobre el incremento del valor de los terrenos de naturaleza urbana. Plusval\u00eda municipal\u201d<\/em>, presentado por Sergio de Torres Pi\u00f1a, el 01\/02\/2023.<\/p>\n\n\n\n<p><strong>Secretario<\/strong> del Tribunal encargado de evaluar el Trabajo Fin de <strong>M\u00e1ster Universitario en Acceso a la Abogac\u00eda<\/strong> (Universidad de Castilla-La Mancha) <em>\u201cLibertad de informaci\u00f3n y derecho a la propia imagen: un conflicto cl\u00e1sico en el contexto de las redes sociales\u201d<\/em>, presentado por Lidia Manzanero Villanueva, el 01\/02\/2023.<\/p>\n\n\n\n<p><strong>Secretario<\/strong> del Tribunal encargado de evaluar el Trabajo Fin de <strong>M\u00e1ster Universitario en Acceso a la Abogac\u00eda<\/strong> (Universidad de Castilla-La Mancha) <em>\u201cLa leg\u00edtima defensa: causa de justificaci\u00f3n del hecho delictivo\u201d<\/em>, presentado por Mar\u00eda del Roc\u00edo S\u00e1nchez Dom\u00ednguez, el 01\/02\/2023.<\/p>\n\n\n\n<p><strong>Secretario<\/strong> del Tribunal encargado de evaluar el Trabajo Fin de <strong>M\u00e1ster Universitario en Acceso a la Abogac\u00eda<\/strong> (Universidad de Castilla-La Mancha) <em>\u201cLa interrupci\u00f3n voluntaria del embarazo en menores de edad: su cabida legal en Espa\u00f1a y soluci\u00f3n a determinados supuestos que pueden plantearse en la pr\u00e1ctica jur\u00eddica\u201d<\/em>, presentado por Mar\u00eda Bel\u00e9n Sicilia Panes, el 01\/02\/2023.<\/p>\n","protected":false},"excerpt":{"rendered":"<p>Secretario del Tribunal encargado de evaluar el Trabajo Fin de M\u00e1ster Universitario en Fiscalidad Internacional y Comunitaria (Universidad de Castilla-La Mancha) \u201cEl intercambio de informaci\u00f3n tributaria en el Derecho Internacional Europeo y Espa\u00f1ol\u201d, presentado por Mar\u00eda del Prado Merino Segovia, el 27\/07\/2010. Secretario del Tribunal encargado de evaluar el Trabajo Fin de M\u00e1ster Universitario en [&hellip;]<\/p>\n","protected":false},"author":51,"featured_media":0,"parent":0,"menu_order":0,"comment_status":"closed","ping_status":"closed","template":"","meta":{"footnotes":""},"class_list":["post-815","page","type-page","status-publish","hentry"],"_links":{"self":[{"href":"https:\/\/blog.uclm.es\/luismariaromero\/wp-json\/wp\/v2\/pages\/815","targetHints":{"allow":["GET"]}}],"collection":[{"href":"https:\/\/blog.uclm.es\/luismariaromero\/wp-json\/wp\/v2\/pages"}],"about":[{"href":"https:\/\/blog.uclm.es\/luismariaromero\/wp-json\/wp\/v2\/types\/page"}],"author":[{"embeddable":true,"href":"https:\/\/blog.uclm.es\/luismariaromero\/wp-json\/wp\/v2\/users\/51"}],"replies":[{"embeddable":true,"href":"https:\/\/blog.uclm.es\/luismariaromero\/wp-json\/wp\/v2\/comments?post=815"}],"version-history":[{"count":2,"href":"https:\/\/blog.uclm.es\/luismariaromero\/wp-json\/wp\/v2\/pages\/815\/revisions"}],"predecessor-version":[{"id":859,"href":"https:\/\/blog.uclm.es\/luismariaromero\/wp-json\/wp\/v2\/pages\/815\/revisions\/859"}],"wp:attachment":[{"href":"https:\/\/blog.uclm.es\/luismariaromero\/wp-json\/wp\/v2\/media?parent=815"}],"curies":[{"name":"wp","href":"https:\/\/api.w.org\/{rel}","templated":true}]}}