{"id":813,"date":"2022-11-19T17:40:25","date_gmt":"2022-11-19T15:40:25","guid":{"rendered":"https:\/\/blog.uclm.es\/luismariaromero\/?page_id=813"},"modified":"2022-11-19T17:40:25","modified_gmt":"2022-11-19T15:40:25","slug":"suficiencia-investigadora-y-diploma-de-estudios-avanzados","status":"publish","type":"page","link":"https:\/\/blog.uclm.es\/luismariaromero\/suficiencia-investigadora-y-diploma-de-estudios-avanzados\/","title":{"rendered":"Suficiencia Investigadora y Diploma de Estudios Avanzados"},"content":{"rendered":"\n<p><strong>Secretario del Tribunal<\/strong> encargado de evaluar la suficiencia investigadora y el Certificado-Diploma acreditativo de los Estudios Avanzados (DEA) dentro del <strong>Programa de Doctorado Interuniversitario en Derecho Tributario Europeo<\/strong>, presentado por Luis Alberto Dur\u00e1n Rojo, el 14\/12\/2010.<\/p>\n\n\n\n<p><strong>Secretario del Tribunal<\/strong> encargado de evaluar la suficiencia investigadora y el Certificado-Diploma acreditativo de los Estudios Avanzados (DEA) dentro del <strong>Programa de Doctorado en Derecho Constitucional<\/strong>, presentado por Efra\u00edn Nieves Hern\u00e1ndez, el 19\/10\/2011.<\/p>\n\n\n\n<p><strong>Secretario del Tribunal<\/strong> encargado de evaluar la suficiencia investigadora y el Certificado-Diploma acreditativo de los Estudios Avanzados (DEA) dentro del <strong>Programa de Doctorado en Derecho e Interpretaci\u00f3n de los Derechos y Libertades Constitucionalmente Reconocidos<\/strong>, presentado por Jos\u00e9 Ignacio N\u00fa\u00f1ez Leiva, el 24\/01\/2012.<\/p>\n","protected":false},"excerpt":{"rendered":"<p>Secretario del Tribunal encargado de evaluar la suficiencia investigadora y el Certificado-Diploma acreditativo de los Estudios Avanzados (DEA) dentro del Programa de Doctorado Interuniversitario en Derecho Tributario Europeo, presentado por Luis Alberto Dur\u00e1n Rojo, el 14\/12\/2010. Secretario del Tribunal encargado de evaluar la suficiencia investigadora y el Certificado-Diploma acreditativo de los Estudios Avanzados (DEA) dentro [&hellip;]<\/p>\n","protected":false},"author":51,"featured_media":0,"parent":0,"menu_order":0,"comment_status":"closed","ping_status":"closed","template":"","meta":{"footnotes":""},"class_list":["post-813","page","type-page","status-publish","hentry"],"_links":{"self":[{"href":"https:\/\/blog.uclm.es\/luismariaromero\/wp-json\/wp\/v2\/pages\/813","targetHints":{"allow":["GET"]}}],"collection":[{"href":"https:\/\/blog.uclm.es\/luismariaromero\/wp-json\/wp\/v2\/pages"}],"about":[{"href":"https:\/\/blog.uclm.es\/luismariaromero\/wp-json\/wp\/v2\/types\/page"}],"author":[{"embeddable":true,"href":"https:\/\/blog.uclm.es\/luismariaromero\/wp-json\/wp\/v2\/users\/51"}],"replies":[{"embeddable":true,"href":"https:\/\/blog.uclm.es\/luismariaromero\/wp-json\/wp\/v2\/comments?post=813"}],"version-history":[{"count":1,"href":"https:\/\/blog.uclm.es\/luismariaromero\/wp-json\/wp\/v2\/pages\/813\/revisions"}],"predecessor-version":[{"id":814,"href":"https:\/\/blog.uclm.es\/luismariaromero\/wp-json\/wp\/v2\/pages\/813\/revisions\/814"}],"wp:attachment":[{"href":"https:\/\/blog.uclm.es\/luismariaromero\/wp-json\/wp\/v2\/media?parent=813"}],"curies":[{"name":"wp","href":"https:\/\/api.w.org\/{rel}","templated":true}]}}