{"id":805,"date":"2022-11-19T17:37:20","date_gmt":"2022-11-19T15:37:20","guid":{"rendered":"https:\/\/blog.uclm.es\/luismariaromero\/?page_id=805"},"modified":"2022-11-19T17:37:20","modified_gmt":"2022-11-19T15:37:20","slug":"trabajos-de-postgrado-2","status":"publish","type":"page","link":"https:\/\/blog.uclm.es\/luismariaromero\/trabajos-de-postgrado-2\/","title":{"rendered":"Trabajos de Postgrado"},"content":{"rendered":"\n<p><em>La certificaci\u00f3n del contador p\u00fablico en M\u00e9xico.<\/em><strong> <\/strong>Jes\u00fas Macedo Mojica. <strong>Cursos de Postgrado en Derecho<\/strong>. Universidad de Castilla-La Mancha. 2011.<\/p>\n\n\n\n<p><em>Dictamen Fiscal en M\u00e9xico.<\/em><strong> <\/strong>Sergio Aguilar Rodr\u00edguez. <strong>Cursos de Postgrado en Derecho<\/strong>. Universidad de Castilla-La Mancha. 2011.<\/p>\n\n\n\n<p><em>Concepto de establecimiento permanente conforme al ordenamiento jur\u00eddico chileno: la ley de renta y jurisprudencia administrativa del servicio de impuestos interno (SII) en relaci\u00f3n al Modelo OCDE.<\/em><strong> <\/strong>Alfredo Ugarte Soto. <strong>Cursos de Postgrado en Derecho<\/strong>. Universidad de Castilla-La Mancha. 2011.<\/p>\n\n\n\n<p><em>La prescripci\u00f3n de la obligaci\u00f3n tributaria<\/em>.Lesli Rosana Argueta Rodr\u00edguez. <strong>M\u00e1ster en Derecho Tributario<\/strong>. Universidad Tecnol\u00f3gica Centroamericana (Honduras). 2013.<\/p>\n\n\n\n<p><em>Revisi\u00f3n del actual procedimiento de cobro de los tributos en v\u00eda administrativa de la Rep\u00fablica de Honduras.<\/em><strong> <\/strong>Nadia Alejandra Rodas Santos. <strong>M\u00e1ster en Derecho Tributario<\/strong>. Universidad Tecnol\u00f3gica Centroamericana (Honduras). 2013.<\/p>\n\n\n\n<p><em>Obligaciones aduaneras y su r\u00e9gimen sancionatorio.<\/em> Doris Dalila Rodr\u00edguez Cruz. <strong>M\u00e1ster en Derecho Tributario<\/strong>. Universidad Tecnol\u00f3gica Centroamericana (Honduras). 2013.<\/p>\n\n\n\n<p><em>La prescripci\u00f3n de las obligaciones tributarias.<\/em><strong> <\/strong>Jenssy Carolina Paz Macias. <strong>M\u00e1ster en Derecho Tributario<\/strong>. Universidad Tecnol\u00f3gica Centroamericana (Honduras). 2013.<\/p>\n\n\n\n<p><em>La tributaci\u00f3n de los fondos mutuos en el Per\u00fa: la capacidad contributiva vs la simplificaci\u00f3n en la determinaci\u00f3n tributaria para personas naturales domiciliadas.<\/em><strong> <\/strong>Josue Jhonatan Moreno Solsol. <strong>M\u00e1ster en Fiscalidad Internacional y Tributaci\u00f3n<\/strong>. Universidad San Mart\u00edn de Porres (Per\u00fa). 2013.<\/p>\n\n\n\n<p><em>Obligaciones tributarias de los sujetos pasivos en Honduras.<\/em><strong> <\/strong>Juan Emilio Aguirre Vides. <strong>M\u00e1ster en Derecho Tributario<\/strong>. Universidad Tecnol\u00f3gica Centroamericana (Honduras). 2014.<\/p>\n\n\n\n<p><em>La implantaci\u00f3n de la tasa de recogida de residuos s\u00f3lidos urbanos en un Ayuntamiento.<\/em><strong> <\/strong>Carlos Alvaredo Carratala. <strong>M\u00e1ster en Tributaci\u00f3n y Gesti\u00f3n Presupuestaria Local<\/strong>. Universidad de Castilla-La Mancha. 2014.<\/p>\n\n\n\n<p><em>El Organismo Aut\u00f3nomo de Recaudaci\u00f3n. <\/em>Ismael Albano del Pozo. <strong>M\u00e1ster en Tributaci\u00f3n y Gesti\u00f3n Presupuestaria Local<\/strong>. Universidad de Castilla-La Mancha. 2015.<\/p>\n\n\n\n<p><em>La tasa por la utilizaci\u00f3n privativa o aprovechamiento especial del dominio p\u00fablico local. Un abordaje desde la perspectiva espa\u00f1ola y argentina<\/em>. <strong>M\u00e1ster en Tributaci\u00f3n y Gesti\u00f3n Presupuestaria Local<\/strong>. Universidad de Castilla-La Mancha. 2016.<\/p>\n\n\n\n<p><em>El delito de lavado de dinero en M\u00e9xico. <\/em>Manuel Ochoa L\u00f3pez. <strong>Cursos de Postgrado en Derecho<\/strong>. Universidad de Castilla-La Mancha. 2017.<\/p>\n\n\n\n<p><em>Necesidad de la inspecci\u00f3n tributaria en el \u00e1mbito local: procedimiento inspector. Especial referencia al Impuesto sobre Construcciones, Instalaciones y obras. <\/em>Liena Yuste Jord\u00e1n. <strong>M\u00e1ster en Tributaci\u00f3n y Gesti\u00f3n Presupuestaria Local<\/strong>. Universidad de Castilla-La Mancha. 2017.<\/p>\n\n\n\n<p><em>El Impuesto sobre el Incremento de Valor de los Terrenos de Naturaleza Urbana. <\/em>Javier S\u00e1nchez Sala. <strong>M\u00e1ster en Tributaci\u00f3n y Gesti\u00f3n Presupuestaria Local<\/strong>. Universidad de Castilla-La Mancha. 2017.<\/p>\n\n\n\n<p><em>Estudio comparativo de la imposici\u00f3n por IBI en las capitales de provincia catalanas. <\/em>Anna Mas Monferrer. <strong>M\u00e1ster en Tributaci\u00f3n y Gesti\u00f3n Presupuestaria Local<\/strong>. Universidad de Castilla-La Mancha. 2019.<\/p>\n\n\n\n<p><em>El Impuesto sobre Bienes Inmuebles. <\/em>Mar\u00eda Hilaria Barrero Morote. <strong>M\u00e1ster en Tributaci\u00f3n y Gesti\u00f3n Presupuestaria Local<\/strong>. Universidad de Castilla-La Mancha. 2020.<\/p>\n\n\n\n<p><em>Reflexiones para gravar la riqueza que producen los robots con inteligencia artificial como objeto y no considerar a \u00e9stos sujeto de la relaci\u00f3n tributaria<\/em>. <strong>Cursos de Postgrado en Derecho<\/strong>. Universidad de Castilla-La Mancha. 2022.<\/p>\n\n\n\n<p><em>Repercusiones jur\u00eddicas, econ\u00f3micas y de gesti\u00f3n tributaria sobre el IIVTNU de la STC 182\/2021 y el Decreto-Ley 26\/2021. <\/em>Rafael Priego Correa <strong>M\u00e1ster en Tributaci\u00f3n y Gesti\u00f3n Presupuestaria Local<\/strong>. Universidad de Castilla-La Mancha. 2022.<\/p>\n","protected":false},"excerpt":{"rendered":"<p>La certificaci\u00f3n del contador p\u00fablico en M\u00e9xico. Jes\u00fas Macedo Mojica. Cursos de Postgrado en Derecho. Universidad de Castilla-La Mancha. 2011. Dictamen Fiscal en M\u00e9xico. Sergio Aguilar Rodr\u00edguez. Cursos de Postgrado en Derecho. Universidad de Castilla-La Mancha. 2011. Concepto de establecimiento permanente conforme al ordenamiento jur\u00eddico chileno: la ley de renta y jurisprudencia administrativa del servicio [&hellip;]<\/p>\n","protected":false},"author":51,"featured_media":0,"parent":0,"menu_order":0,"comment_status":"closed","ping_status":"closed","template":"","meta":{"footnotes":""},"class_list":["post-805","page","type-page","status-publish","hentry"],"_links":{"self":[{"href":"https:\/\/blog.uclm.es\/luismariaromero\/wp-json\/wp\/v2\/pages\/805","targetHints":{"allow":["GET"]}}],"collection":[{"href":"https:\/\/blog.uclm.es\/luismariaromero\/wp-json\/wp\/v2\/pages"}],"about":[{"href":"https:\/\/blog.uclm.es\/luismariaromero\/wp-json\/wp\/v2\/types\/page"}],"author":[{"embeddable":true,"href":"https:\/\/blog.uclm.es\/luismariaromero\/wp-json\/wp\/v2\/users\/51"}],"replies":[{"embeddable":true,"href":"https:\/\/blog.uclm.es\/luismariaromero\/wp-json\/wp\/v2\/comments?post=805"}],"version-history":[{"count":1,"href":"https:\/\/blog.uclm.es\/luismariaromero\/wp-json\/wp\/v2\/pages\/805\/revisions"}],"predecessor-version":[{"id":806,"href":"https:\/\/blog.uclm.es\/luismariaromero\/wp-json\/wp\/v2\/pages\/805\/revisions\/806"}],"wp:attachment":[{"href":"https:\/\/blog.uclm.es\/luismariaromero\/wp-json\/wp\/v2\/media?parent=805"}],"curies":[{"name":"wp","href":"https:\/\/api.w.org\/{rel}","templated":true}]}}