{"id":803,"date":"2022-11-19T17:36:26","date_gmt":"2022-11-19T15:36:26","guid":{"rendered":"https:\/\/blog.uclm.es\/luismariaromero\/?page_id=803"},"modified":"2022-11-19T17:36:26","modified_gmt":"2022-11-19T15:36:26","slug":"trabajos-fin-de-grado-2","status":"publish","type":"page","link":"https:\/\/blog.uclm.es\/luismariaromero\/trabajos-fin-de-grado-2\/","title":{"rendered":"Trabajos Fin de Grado"},"content":{"rendered":"\n<p><em>Tratamiento fiscal del trabajador discapacitado.<\/em><strong> <\/strong>Miguel Alcocer P\u00e9rez. <strong>Grado en Relaciones Laborales y Desarrollo de Recursos Humanos<\/strong>. Facultad de Ciencias Sociales de Cuenca. Universidad de Castilla-La Mancha. 27\/06\/2011.<\/p>\n\n\n\n<p><em>Protecci\u00f3n de las personas discapacitadas en el ordenamiento jur\u00eddico-tributario.<\/em><strong> <\/strong>Ana Llorente Ayuso. <strong>Grado en Derecho<\/strong>. Facultad de Ciencias Sociales de Cuenca. Universidad de Castilla-La Mancha. 16\/06\/2014.<\/p>\n\n\n\n<p><em>R\u00e9gimen fiscal de las personas con discapacidad.<\/em><strong> <\/strong>Esther Hinarejos Mart\u00ednez. <strong>Grado en Relaciones Laborales y Desarrollo de Recursos Humanos<\/strong>. Facultad de Ciencias Sociales de Cuenca. Universidad de Castilla-La Mancha. 25\/06\/2014.<\/p>\n\n\n\n<p><em>La empresa familiar y sus principales beneficios fiscales. <\/em>Beatriz Ruiz Belinch\u00f3n. <strong>Grado en Relaciones Laborales y Desarrollo de Recursos Humanos<\/strong>. Facultad de Ciencias Sociales de Cuenca. Universidad de Castilla-La Mancha. 16\/07\/2015.<\/p>\n\n\n\n<p><em>Igualdad y discriminaci\u00f3n de g\u00e9nero en el orden jur\u00eddico-tributario. <\/em>Estefan\u00eda P\u00e9rez Palma. <strong>Grado en Derecho<\/strong>. Facultad de Ciencias Sociales de Cuenca. Universidad de Castilla-La Mancha. 17\/07\/2015.<\/p>\n\n\n\n<p><em>Aspectos del conflicto en la aplicaci\u00f3n de la norma tributaria.<\/em><strong> <\/strong>Mateo Cebri\u00e1n Fraile. <strong>Grado en Derecho<\/strong>. Facultad de Ciencias Sociales de Cuenca. Universidad de Castilla-La Mancha. 21\/06\/2016.<\/p>\n\n\n\n<p><em>Inviolabilidad del domicilio vs inspecci\u00f3n tributaria. <\/em>Elizabeth Valencia Londo\u00f1o. <strong>Grado en Derecho<\/strong>. Facultad de Ciencias Sociales de Cuenca. Universidad de Castilla-La Mancha. 21\/06\/2016.<\/p>\n\n\n\n<p><em>La tributaci\u00f3n de la daci\u00f3n en pago.<\/em><strong> <\/strong>Johanna Le\u00f3n Collado. <strong>Grado en Derecho<\/strong>. Facultad de Ciencias Sociales de Cuenca. Universidad de Castilla-La Mancha. 19\/07\/2017.<\/p>\n\n\n\n<p><em>M\u00e9todos alternativos de resoluci\u00f3n de conflictos en el \u00e1mbito tributario. <\/em>Carlos Junquero Vila. <strong>Grado en Derecho<\/strong>. Facultad de Ciencias Sociales de Cuenca. Universidad de Castilla-La Mancha. 19\/07\/2017.<\/p>\n\n\n\n<p><em>Fiscalidad de las personas con discapacidad.<\/em><strong> <\/strong>Andrea G\u00f3mez V\u00e1zquez. <strong>Grado en Derecho<\/strong>. Facultad de Ciencias Jur\u00eddicas y Sociales de Toledo. Universidad de Castilla-La Mancha. 03\/07\/2018.<\/p>\n\n\n\n<p><em>La inviolabilidad domiciliaria en el \u00e1mbito jur\u00eddico tributario. <\/em>Daniel Gonz\u00e1lez G\u00f3mez. <strong>Grado en Derecho<\/strong>. Facultad de Ciencias Jur\u00eddicas y Sociales de Toledo. Universidad de Castilla-La Mancha. 05\/09\/2018.<em>Las criptomonedas y su tributaci\u00f3n. <\/em>Ignacio Uceda Uceda. <strong>Doble Grado en Derecho y Administraci\u00f3n y Direcci\u00f3n de Empresas<\/strong>. Facultad de Ciencias Jur\u00eddicas y Sociales de Toledo. Universidad de Castilla-La Mancha. 01\/03\/2022.<\/p>\n","protected":false},"excerpt":{"rendered":"<p>Tratamiento fiscal del trabajador discapacitado. Miguel Alcocer P\u00e9rez. Grado en Relaciones Laborales y Desarrollo de Recursos Humanos. Facultad de Ciencias Sociales de Cuenca. Universidad de Castilla-La Mancha. 27\/06\/2011. Protecci\u00f3n de las personas discapacitadas en el ordenamiento jur\u00eddico-tributario. Ana Llorente Ayuso. Grado en Derecho. Facultad de Ciencias Sociales de Cuenca. Universidad de Castilla-La Mancha. 16\/06\/2014. R\u00e9gimen [&hellip;]<\/p>\n","protected":false},"author":51,"featured_media":0,"parent":0,"menu_order":0,"comment_status":"closed","ping_status":"closed","template":"","meta":{"footnotes":""},"class_list":["post-803","page","type-page","status-publish","hentry"],"_links":{"self":[{"href":"https:\/\/blog.uclm.es\/luismariaromero\/wp-json\/wp\/v2\/pages\/803","targetHints":{"allow":["GET"]}}],"collection":[{"href":"https:\/\/blog.uclm.es\/luismariaromero\/wp-json\/wp\/v2\/pages"}],"about":[{"href":"https:\/\/blog.uclm.es\/luismariaromero\/wp-json\/wp\/v2\/types\/page"}],"author":[{"embeddable":true,"href":"https:\/\/blog.uclm.es\/luismariaromero\/wp-json\/wp\/v2\/users\/51"}],"replies":[{"embeddable":true,"href":"https:\/\/blog.uclm.es\/luismariaromero\/wp-json\/wp\/v2\/comments?post=803"}],"version-history":[{"count":1,"href":"https:\/\/blog.uclm.es\/luismariaromero\/wp-json\/wp\/v2\/pages\/803\/revisions"}],"predecessor-version":[{"id":804,"href":"https:\/\/blog.uclm.es\/luismariaromero\/wp-json\/wp\/v2\/pages\/803\/revisions\/804"}],"wp:attachment":[{"href":"https:\/\/blog.uclm.es\/luismariaromero\/wp-json\/wp\/v2\/media?parent=803"}],"curies":[{"name":"wp","href":"https:\/\/api.w.org\/{rel}","templated":true}]}}