{"id":801,"date":"2022-11-19T17:35:33","date_gmt":"2022-11-19T15:35:33","guid":{"rendered":"https:\/\/blog.uclm.es\/luismariaromero\/?page_id=801"},"modified":"2023-01-30T00:32:30","modified_gmt":"2023-01-29T22:32:30","slug":"trabajos-fin-de-master-oficiales-2","status":"publish","type":"page","link":"https:\/\/blog.uclm.es\/luismariaromero\/trabajos-fin-de-master-oficiales-2\/","title":{"rendered":"Trabajos Fin de M\u00e1ster (Oficiales)"},"content":{"rendered":"\n<p><em>Las Entidades de Valores Extranjeros y su fiscalidad.<\/em><strong> <\/strong>Mar\u00eda Jes\u00fas C\u00e1ceres Vera. <strong>M\u00e1ster Universitario en Fiscalidad Internacional y Comunitaria<\/strong>. Universidad de Castilla-La Mancha. 11\/02\/2011.<\/p>\n\n\n\n<p><em>Una aproximaci\u00f3n al concepto de Ayudas de Estado.<\/em><strong> <\/strong>Gema Mar\u00eda Pradillo Ballesteros. <strong>M\u00e1ster Universitario en Fiscalidad Internacional y Comunitaria<\/strong>. Universidad de Castilla-La Mancha. 16\/07\/2013.<\/p>\n\n\n\n<p><em>La Doble Imposici\u00f3n en el contexto internacional y el r\u00e9gimen fiscal de las Entidades de Tenencia de Valores Extranjeros.<\/em><strong> <\/strong>Amelia Mart\u00ednez Marco. <strong>M\u00e1ster Universitario en Fiscalidad Internacional y Comunitaria. Universidad de Castilla-La Mancha<\/strong>. 17\/07\/2014.<\/p>\n\n\n\n<p><em>El Intercambio Internacional de Informaci\u00f3n entre Administraciones Tributarias: un nuevo cambio en las reglas de juego \u00bfun est\u00e1ndar global de intercambio autom\u00e1tico?<\/em><strong> <\/strong>Mar\u00eda Encarnaci\u00f3n Almendros Sep\u00falveda. <strong>M\u00e1ster Universitario en Fiscalidad Internacional y Comunitaria. Universidad de Castilla-La Mancha<\/strong>. 23\/10\/2014.<\/p>\n\n\n\n<p><em>Visi\u00f3n fiscal del comercio electr\u00f3nico en Espa\u00f1a.<\/em><strong> <\/strong>Esperanza Saura Jim\u00e9nez. <strong>M\u00e1ster Universitario en Fiscalidad Internacional y Comunitaria<\/strong>. Universidad de Castilla-La Mancha. 23\/10\/2014.<\/p>\n\n\n\n<p><em>El r\u00e9gimen fiscal de las Entidades de Tenencia de Valores Extranjeros.<\/em><strong> <\/strong>Neus Crespo Tolmos. <strong>M\u00e1ster Universitario en Fiscalidad Internacional y Comunitaria<\/strong>. Universidad de Castilla-La Mancha. 24\/10\/2015.<\/p>\n\n\n\n<p><em>La facultad de entrada del personal inspector al domicilio inviolable de las personas f\u00edsicas y jur\u00eddicas.<\/em><strong> <\/strong>Pablo Joshua Alique Torres. <strong>M\u00e1ster Universitario en Acceso a la Abogac\u00eda<\/strong>. Universidad de Castilla-La Mancha. 17\/12\/2015.<\/p>\n\n\n\n<p><em>El plan de acci\u00f3n BEPS. Acci\u00f3n 7: impedir la elusi\u00f3n artificiosa del Estatuto del Establecimiento Permanente.<\/em><strong> <\/strong>Mar\u00eda Dolores Moya Ruiz de la Sierra. <strong>M\u00e1ster Universitario en Fiscalidad Internacional y Comunitaria<\/strong>. Universidad de Castilla-La Mancha. 20\/10\/2016.<\/p>\n\n\n\n<p><em>La responsabilidad civil extracontractual de un establecimiento ante la ca\u00edda sufrida por un usuario.<\/em><strong> <\/strong>Vanesa Prieto Hernaiz. <strong>M\u00e1ster Universitario en Acceso a la Abogac\u00eda<\/strong>. Universidad de Castilla-La Mancha. 11\/01\/2017.<\/p>\n\n\n\n<p><em>Incidencia de los principios pacta sunt servanda vs exceptio non rite adimpleti contractus en los contratos de obra.<\/em><strong> <\/strong>Helena Moyano Flores. <strong>M\u00e1ster Universitario en Acceso a la Abogac\u00eda<\/strong>. Universidad de Castilla-La Mancha. 11\/01\/2017.<\/p>\n\n\n\n<p><em>El comercio electr\u00f3nico.<\/em><strong> <\/strong>Miriam Fern\u00e1ndez Herv\u00e1s. <strong>M\u00e1ster Universitario en Fiscalidad Internacional y Comunitaria<\/strong>. Universidad de Castilla-La Mancha. 09\/10\/2017.<\/p>\n\n\n\n<p><em>Tributaci\u00f3n de los dividendos en el ordenamiento tributario espa\u00f1ol y el problema de los Fairness Tax.<\/em><strong> <\/strong>Gabriel Santorun Santorun. <strong>M\u00e1ster Universitario en Fiscalidad Internacional y Comunitaria<\/strong>. Universidad de Castilla-La Mancha. 18\/10\/2018.<\/p>\n\n\n\n<p><em>Las violaciones a Derechos Humanos Fundamentales en la persecuci\u00f3n del delito de labovado de dinero en M\u00e9xico. <\/em>Manuel Ochoa L\u00f3pez. <strong>M\u00e1ster Universitario Oficial en Derecho Constitucional<\/strong>. Universidad de Castilla-La Mancha. 12\/11\/2018.<\/p>\n\n\n\n<p><em>El intercambio internacional de informaci\u00f3n entre Administraciones Tributarias.<\/em><strong> <\/strong>Aigerim Jakupova. <strong>M\u00e1ster Universitario en Fiscalidad Internacional y Europea. <\/strong>Universidad de Castilla-La Mancha. 14\/07\/2022.<\/p>\n\n\n\n<p><em>Dictamen sobre la inspecci\u00f3n tributaria en los locales.<\/em>Juan Carlos Perea Gallardo. <strong>M\u00e1ster Universitario en Acceso a la Abogac\u00eda. <\/strong>Universidad de Castilla-La Mancha. 01\/02\/2023.<\/p>\n","protected":false},"excerpt":{"rendered":"<p>Las Entidades de Valores Extranjeros y su fiscalidad. Mar\u00eda Jes\u00fas C\u00e1ceres Vera. M\u00e1ster Universitario en Fiscalidad Internacional y Comunitaria. Universidad de Castilla-La Mancha. 11\/02\/2011. Una aproximaci\u00f3n al concepto de Ayudas de Estado. Gema Mar\u00eda Pradillo Ballesteros. M\u00e1ster Universitario en Fiscalidad Internacional y Comunitaria. Universidad de Castilla-La Mancha. 16\/07\/2013. La Doble Imposici\u00f3n en el contexto internacional [&hellip;]<\/p>\n","protected":false},"author":51,"featured_media":0,"parent":0,"menu_order":0,"comment_status":"closed","ping_status":"closed","template":"","meta":{"footnotes":""},"class_list":["post-801","page","type-page","status-publish","hentry"],"_links":{"self":[{"href":"https:\/\/blog.uclm.es\/luismariaromero\/wp-json\/wp\/v2\/pages\/801","targetHints":{"allow":["GET"]}}],"collection":[{"href":"https:\/\/blog.uclm.es\/luismariaromero\/wp-json\/wp\/v2\/pages"}],"about":[{"href":"https:\/\/blog.uclm.es\/luismariaromero\/wp-json\/wp\/v2\/types\/page"}],"author":[{"embeddable":true,"href":"https:\/\/blog.uclm.es\/luismariaromero\/wp-json\/wp\/v2\/users\/51"}],"replies":[{"embeddable":true,"href":"https:\/\/blog.uclm.es\/luismariaromero\/wp-json\/wp\/v2\/comments?post=801"}],"version-history":[{"count":2,"href":"https:\/\/blog.uclm.es\/luismariaromero\/wp-json\/wp\/v2\/pages\/801\/revisions"}],"predecessor-version":[{"id":862,"href":"https:\/\/blog.uclm.es\/luismariaromero\/wp-json\/wp\/v2\/pages\/801\/revisions\/862"}],"wp:attachment":[{"href":"https:\/\/blog.uclm.es\/luismariaromero\/wp-json\/wp\/v2\/media?parent=801"}],"curies":[{"name":"wp","href":"https:\/\/api.w.org\/{rel}","templated":true}]}}