{"id":799,"date":"2022-11-19T17:34:41","date_gmt":"2022-11-19T15:34:41","guid":{"rendered":"https:\/\/blog.uclm.es\/luismariaromero\/?page_id=799"},"modified":"2022-11-19T17:34:41","modified_gmt":"2022-11-19T15:34:41","slug":"tesis-doctorales","status":"publish","type":"page","link":"https:\/\/blog.uclm.es\/luismariaromero\/tesis-doctorales\/","title":{"rendered":"Tesis Doctorales"},"content":{"rendered":"\n<p><em>\u00bfEs posible la universalidad de los derechos en un contexto plural?<\/em><strong> <\/strong>Mar\u00eda del Carmen Contreras Cort\u00e9s. Universidad Ju\u00e1rez del Estado de Durango (M\u00e9xico). 18\/08\/2016.<\/p>\n\n\n\n<p><em>El intercambio Internacional de Informaci\u00f3n Tributaria: Secreto Bancario.<\/em><strong> <\/strong>Carol Ang\u00e9lica Quir\u00f3s Ort\u00edz de Mej\u00eda. Universidad de Castilla-La Mancha. 20\/02\/2019. Sobresaliente cum laude.<\/p>\n\n\n\n<p><em>La residencia tributaria en personas f\u00edsicas, partnerships y econom\u00eda digital.<\/em><strong> <\/strong>Ram\u00f3n Moreno Carrasco. Universidad de Castilla-La Mancha. 23\/06\/2020. Sobresaliente cum laude.<\/p>\n","protected":false},"excerpt":{"rendered":"<p>\u00bfEs posible la universalidad de los derechos en un contexto plural? Mar\u00eda del Carmen Contreras Cort\u00e9s. Universidad Ju\u00e1rez del Estado de Durango (M\u00e9xico). 18\/08\/2016. El intercambio Internacional de Informaci\u00f3n Tributaria: Secreto Bancario. Carol Ang\u00e9lica Quir\u00f3s Ort\u00edz de Mej\u00eda. Universidad de Castilla-La Mancha. 20\/02\/2019. Sobresaliente cum laude. La residencia tributaria en personas f\u00edsicas, partnerships y econom\u00eda [&hellip;]<\/p>\n","protected":false},"author":51,"featured_media":0,"parent":0,"menu_order":0,"comment_status":"closed","ping_status":"closed","template":"","meta":{"footnotes":""},"class_list":["post-799","page","type-page","status-publish","hentry"],"_links":{"self":[{"href":"https:\/\/blog.uclm.es\/luismariaromero\/wp-json\/wp\/v2\/pages\/799","targetHints":{"allow":["GET"]}}],"collection":[{"href":"https:\/\/blog.uclm.es\/luismariaromero\/wp-json\/wp\/v2\/pages"}],"about":[{"href":"https:\/\/blog.uclm.es\/luismariaromero\/wp-json\/wp\/v2\/types\/page"}],"author":[{"embeddable":true,"href":"https:\/\/blog.uclm.es\/luismariaromero\/wp-json\/wp\/v2\/users\/51"}],"replies":[{"embeddable":true,"href":"https:\/\/blog.uclm.es\/luismariaromero\/wp-json\/wp\/v2\/comments?post=799"}],"version-history":[{"count":1,"href":"https:\/\/blog.uclm.es\/luismariaromero\/wp-json\/wp\/v2\/pages\/799\/revisions"}],"predecessor-version":[{"id":800,"href":"https:\/\/blog.uclm.es\/luismariaromero\/wp-json\/wp\/v2\/pages\/799\/revisions\/800"}],"wp:attachment":[{"href":"https:\/\/blog.uclm.es\/luismariaromero\/wp-json\/wp\/v2\/media?parent=799"}],"curies":[{"name":"wp","href":"https:\/\/api.w.org\/{rel}","templated":true}]}}