{"id":788,"date":"2022-11-19T17:24:08","date_gmt":"2022-11-19T15:24:08","guid":{"rendered":"https:\/\/blog.uclm.es\/luismariaromero\/?page_id=788"},"modified":"2025-06-24T11:19:37","modified_gmt":"2025-06-24T09:19:37","slug":"otros-meritos-2","status":"publish","type":"page","link":"https:\/\/blog.uclm.es\/luismariaromero\/otros-meritos-2\/","title":{"rendered":"Consejos Editoriales, Comit\u00e9s y Asociaciones"},"content":{"rendered":"\n<p><strong>Miembro <\/strong>del <strong>Centro Internacional de Estudios Fiscales (CIEF)<\/strong>. 01\/01\/2005 &#8211;  actualidad.<\/p>\n\n\n\n<p><strong>Miembro <\/strong>de la <strong>International Fiscal Association (IFA)<\/strong>. 07\/04\/2008 &#8211; actualidad.<\/p>\n\n\n\n<p><strong>Miembro <\/strong>de la <strong>Asociaci\u00f3n Espa\u00f1ola de Derecho Financiero (AEDF)<\/strong>, 07\/04\/2008 &#8211; actualidad.<\/p>\n\n\n\n<p><strong>Miembro <\/strong>del<strong> Comit\u00e9 de Investigaci\u00f3n Internacional <\/strong>de la<strong> Revista Peruana de Derecho Tributario<\/strong>, Centro de Estudios Tributarios de la Universidad de San Martin de Porres (Per\u00fa). 01\/05\/2008 &#8211; 30\/07\/2009.<\/p>\n\n\n\n<p><strong>Miembro <\/strong>del<strong> Comit\u00e9 Consultivo Internacional <\/strong>de la<strong> Revista Peruana de Derecho Tributario<\/strong>, Centro de Estudios Tributarios de la Universidad de San Martin de Porres (Per\u00fa). 01\/072009 &#8211; actualidad.<\/p>\n\n\n\n<p><strong>Secretario <\/strong>de la<strong> Revista Jur\u00eddica de Castilla-La Mancha<\/strong>, Junta de Comunidades de Castilla-La Mancha, 01\/01\/2010 &#8211; 30\/09\/2017.<\/p>\n\n\n\n<p><strong>Socio <\/strong>de la <strong>Asociaci\u00f3n Espa\u00f1ola de Asesores Fiscales (AEDAF)<\/strong>. 21\/05\/2010 &#8211; actualidad.<\/p>\n\n\n\n<p><strong>Miembro del Comit\u00e9 Cient\u00edfico <\/strong>en el <strong>Congreso sobre la Internacionalizaci\u00f3n de la Educaci\u00f3n Superior en Derecho: Campus Universitarios Internacionales y Programas de Educaci\u00f3n Superior en Derecho Transfronterizo<\/strong>, Universidad de Alicante, Universidad de Barcelona, Universidad Rovira I Virgili y Universidad de Castilla-La Mancha, 15\/06\/2011.<\/p>\n\n\n\n<p><strong>Evaluador de art\u00edculos cient\u00edficos<\/strong> de laRevista electr\u00f3nica<strong> Documentos de Trabajo. Seminario Permanente de Ciencias Sociales<\/strong>, N\u00famero 6, 2011.<\/p>\n\n\n\n<p><strong>Miembro <\/strong>del<strong> Consejo Editorial Cient\u00edfico <\/strong>de la<strong> Revista Direito e Desenvolvimento<\/strong>, Centro Universitario de Joao Pessoa &#8211; UNIPE (Brasil), 2011 &#8211;  actualidad.<\/p>\n\n\n\n<p><strong>Evaluador de art\u00edculos cient\u00edficos<\/strong> de laRevista <strong>Revista Direito e Desenvolvimento<\/strong>, Centro Universitario de Joao Pessoa &#8211; UNIPE (Brasil), N\u00famero 4, 2011.<\/p>\n\n\n\n<p><strong>Miembro <\/strong>del<strong> Consejo Arbitral <\/strong>de la<strong> Revista JUS<\/strong>,Universidad Ju\u00e1rez del Estado de Durango (M\u00e9xico). 04\/022012 &#8211; actualidad.<\/p>\n\n\n\n<p><strong>Evaluador de art\u00edculos cient\u00edficos<\/strong> de laRevista <strong>Revista Direito e Desenvolvimento<\/strong>, Centro Universitario de Joao Pessoa &#8211; UNIPE (Brasil), N\u00famero 5, 2012.<\/p>\n\n\n\n<p><strong>Evaluador de art\u00edculos cient\u00edficos<\/strong> de laRevista electr\u00f3nica<strong> Documentos de Trabajo. Seminario Permanente de Ciencias Sociales<\/strong>, N\u00famero 7, 2012.<\/p>\n\n\n\n<p><strong>Vocal <\/strong>de la <strong>Fundaci\u00f3n para la Promoci\u00f3n de los Estudios Financieros (FUNDEF)<\/strong>. 11\/12\/2012 &#8211; actualidad.<\/p>\n\n\n\n<p><strong>Miembro <\/strong>del<strong> Consejo Asesor Internacional <\/strong>de la<strong> Revista de Derecho UNAB<\/strong>, Universidad Andr\u00e9s Bello (Chile). 13\/05\/2013 &#8211; actualidad.<\/p>\n\n\n\n<p><strong>Miembro <\/strong>del<strong> Comit\u00e9 Cient\u00edfico <\/strong>de laRevista electr\u00f3nica<strong> Documentos de Trabajo. Seminario Permanente de Ciencias Sociales<\/strong>, Facultad de Ciencias Sociales de Cuenca de la Universidad de Castilla-La Mancha. 01\/07\/2013 &#8211; 30\/06\/2015.<\/p>\n\n\n\n<p><strong>Vocal <\/strong>de la<strong> Associa\u00e7\u00e3o Ibero-americana de Arbitragem Tribut\u00e1ria (AIBAT)<\/strong>.  30\/09\/2013 &#8211; actualidad.<\/p>\n\n\n\n<p><strong>Evaluador de art\u00edculos cient\u00edficos<\/strong> de laRevista electr\u00f3nica<strong> Documentos de Trabajo. Seminario Permanente de Ciencias Sociales<\/strong>, N\u00famero 9, 2014.<\/p>\n\n\n\n<p><strong>Evaluador de art\u00edculos cient\u00edficos<\/strong> de laRevista electr\u00f3nica<strong> Documentos de Trabajo. Seminario Permanente de Ciencias Sociales<\/strong>, N\u00famero 10, 2015.<\/p>\n\n\n\n<p><strong>Miembro <\/strong>del<strong> Comit\u00e9 Cient\u00edfico <\/strong>de la<strong> Revista Alma Mater<\/strong>, Universidad La Gran Colombia (Colombia), 2014 &#8211; actualidad.<\/p>\n\n\n\n<p><strong>Miembro del Comit\u00e9 Cient\u00edfico <\/strong>en la Jornada <strong>Experiencias educativas en la Universidad<\/strong>, Facultad de Ciencias Sociales de Cuenca de la Universidad de Castilla-La Mancha, 16\/11\/2017.<\/p>\n\n\n\n<p><strong>Miembro <\/strong>de la<strong> Red de Profesores de Derecho Financiero y Tributario (RPDFT)<\/strong>. 02\/02\/2018 &#8211; actualidad.<\/p>\n\n\n\n<p><strong>Evaluador de art\u00edculos cient\u00edficos<\/strong> de laRevista<strong> Cr\u00f3nica Tributaria<\/strong>, 2018.<\/p>\n\n\n\n<p><strong>Evaluador de art\u00edculos cient\u00edficos<\/strong> de <strong>Dik\u00ea, Revista de Investigaci\u00f3n en Derecho, Criminolog\u00eda y Consultor\u00eda Jur\u00eddica<\/strong>, Benem\u00e9rita Universidad Aut\u00f3noma de Puebla, M\u00e9xico, 2019.<\/p>\n\n\n\n<p><strong>Miembro del Comit\u00e9 Cient\u00edfico <\/strong>en las <strong>III Jornadas de Innovaci\u00f3n Docente<\/strong>, Vicerrectorado de Docencia de la Universidad de Castilla-La Mancha, 25 de junio de 2019.<\/p>\n\n\n\n<p><strong>Evaluador de art\u00edculos cient\u00edficos<\/strong> del <strong>Anuario de Investigaci\u00f3n del CICAJ 2019<\/strong>, Centro de Investigaci\u00f3n, Capacitaci\u00f3n y Asesor\u00eda Jur\u00eddica (CICAJ) de la Pontificia Universidad Cat\u00f3lica del Per\u00fa, 2019.<\/p>\n\n\n\n<p><strong>Miembro del Consejo de Redacci\u00f3n <\/strong>de la Revista Digital <strong>Tributos Locales<\/strong>, 2021 &#8211; actualidad.<\/p>\n\n\n\n<p><strong>Evaluador de art\u00edculos cient\u00edficos<\/strong> de la<strong> Revista de Derecho de la Universidad de Educaci\u00f3n a Distancia (RDUNED)<\/strong>, N\u00famero 28, 2021.<\/p>\n\n\n\n<p><strong>Evaluador del libro \u201cProblemas actuales de las finanzas p\u00fablicas y novedades de pol\u00edticas fiscales: punto de vista hispano y polaco\u201d<\/strong>, editado por la Editorial C.H.Bechk Publishing (Polonia), 2022.<\/p>\n\n\n\n<p><strong>Evaluador del libro \u201cFiscalidad y Econom\u00eda Digitalizada\u201d<\/strong>, editado Thomson Reuters (M\u00e9xico), 2022.<\/p>\n\n\n\n<p><strong>Corrispondenti Scientifici (Scientific Correspondents)&nbsp;<\/strong>de la Rivista di Diritto Tributario Internazionale (International Tax Law Review), desde enero de 2024 hasta la actualidad.<\/p>\n\n\n\n<p><strong>Miembro del Comit\u00e9 Cient\u00edfico&nbsp;<\/strong>en el&nbsp;<strong>IX Encuentro Anual sobre Jurisprudencia Europea<\/strong>, European Law Institute Spanish Hub, Facultad de Ciencias Jur\u00eddicas y Sociales de Toledo, 7 de junio de 2024.<\/p>\n\n\n\n<p><strong>Evaluador de art\u00edculos cient\u00edficos<\/strong>&nbsp;de la<strong>&nbsp;<\/strong>Revista<strong>&nbsp;European Journal Of Scientific Research And Reviews<\/strong>, 2025.<\/p>\n","protected":false},"excerpt":{"rendered":"<p>Miembro del Centro Internacional de Estudios Fiscales (CIEF). 01\/01\/2005 &#8211; actualidad. Miembro de la International Fiscal Association (IFA). 07\/04\/2008 &#8211; actualidad. Miembro de la Asociaci\u00f3n Espa\u00f1ola de Derecho Financiero (AEDF), 07\/04\/2008 &#8211; actualidad. Miembro del Comit\u00e9 de Investigaci\u00f3n Internacional de la Revista Peruana de Derecho Tributario, Centro de Estudios Tributarios de la Universidad de San [&hellip;]<\/p>\n","protected":false},"author":51,"featured_media":0,"parent":0,"menu_order":0,"comment_status":"closed","ping_status":"closed","template":"","meta":{"footnotes":""},"class_list":["post-788","page","type-page","status-publish","hentry"],"_links":{"self":[{"href":"https:\/\/blog.uclm.es\/luismariaromero\/wp-json\/wp\/v2\/pages\/788","targetHints":{"allow":["GET"]}}],"collection":[{"href":"https:\/\/blog.uclm.es\/luismariaromero\/wp-json\/wp\/v2\/pages"}],"about":[{"href":"https:\/\/blog.uclm.es\/luismariaromero\/wp-json\/wp\/v2\/types\/page"}],"author":[{"embeddable":true,"href":"https:\/\/blog.uclm.es\/luismariaromero\/wp-json\/wp\/v2\/users\/51"}],"replies":[{"embeddable":true,"href":"https:\/\/blog.uclm.es\/luismariaromero\/wp-json\/wp\/v2\/comments?post=788"}],"version-history":[{"count":3,"href":"https:\/\/blog.uclm.es\/luismariaromero\/wp-json\/wp\/v2\/pages\/788\/revisions"}],"predecessor-version":[{"id":876,"href":"https:\/\/blog.uclm.es\/luismariaromero\/wp-json\/wp\/v2\/pages\/788\/revisions\/876"}],"wp:attachment":[{"href":"https:\/\/blog.uclm.es\/luismariaromero\/wp-json\/wp\/v2\/media?parent=788"}],"curies":[{"name":"wp","href":"https:\/\/api.w.org\/{rel}","templated":true}]}}