{"id":778,"date":"2022-11-19T17:18:11","date_gmt":"2022-11-19T15:18:11","guid":{"rendered":"https:\/\/blog.uclm.es\/luismariaromero\/?page_id=778"},"modified":"2023-01-30T00:16:05","modified_gmt":"2023-01-29T22:16:05","slug":"organizacion-de-actividades-idi-2","status":"publish","type":"page","link":"https:\/\/blog.uclm.es\/luismariaromero\/organizacion-de-actividades-idi-2\/","title":{"rendered":"Organizaci\u00f3n de Actividades I+D+i"},"content":{"rendered":"\n<p><strong>Colaboraci\u00f3n <\/strong>en la organizaci\u00f3n, preparaci\u00f3n y desarrollo de las <strong>II Jornadas sobre las Reformas Fiscales en Europa<\/strong>, Centro Internacional de Estudios Fiscales (CIEF) de la Universidad de Castilla-La Mancha, 19 y 21 de abril de 2004.<\/p>\n\n\n\n<p><strong>Colaboraci\u00f3n <\/strong>en la organizaci\u00f3n, preparaci\u00f3n y desarrollo de las <strong>III Jornadas sobre las Reformas Fiscales en Europa: T\u00e9cnicas convencionales en el Derecho Tributario<\/strong>, Centro Internacional de Estudios Fiscales (CIEF) de la Universidad de Castilla-La Mancha, 16 y 17 de marzo de abril de 2005.<\/p>\n\n\n\n<p><strong>Colaboraci\u00f3n <\/strong>en la organizaci\u00f3n, preparaci\u00f3n y desarrollo de los <strong>VI Cursos de Postgrado en Derecho para Iberoamericanos<\/strong>, Fundaci\u00f3n de la Universidad de Castilla-La Mancha, del 9 al 26 de enero de 2006.<\/p>\n\n\n\n<p><strong>Colaboraci\u00f3n <\/strong>en la organizaci\u00f3n, preparaci\u00f3n y desarrollo de las <strong>IV Jornadas sobre las Reformas Fiscales en Europa: Principios constitucionales y principios comunitarios<\/strong>, Centro Internacional de Estudios Fiscales (CIEF) de la Universidad de Castilla-La Mancha, del 24 al 27 de abril de 2006.<\/p>\n\n\n\n<p><strong>Colaboraci\u00f3n <\/strong>en la organizaci\u00f3n, preparaci\u00f3n y desarrollo de los <strong>VII Cursos de Postgrado en Derecho para Iberoamericanos<\/strong>, Fundaci\u00f3n de la Universidad de Castilla-La Mancha, del 8 al 25 de enero de 2007.<\/p>\n\n\n\n<p><strong>Secretario <\/strong>de las <strong>II Jornadas Hispano-Brasile\u00f1as en Derecho Tributario<\/strong>, Centro Internacional de Estudios Fiscales (CIEF) de la Universidad de Castilla-La Mancha, 14 de marzo de 2007.<\/p>\n\n\n\n<p><strong>Colaboraci\u00f3n <\/strong>en la organizaci\u00f3n, preparaci\u00f3n y desarrollo de las <strong>V Jornadas sobre las Reformas Fiscales en Europa: La lucha contra el fraude fiscal<\/strong>, Centro Internacional de Estudios Fiscales (CIEF) de la Universidad de Castilla-La Mancha, del 26 al 27 de marzo de 2007.<\/p>\n\n\n\n<p><strong>Colaboraci\u00f3n <\/strong>en la organizaci\u00f3n, preparaci\u00f3n y desarrollo de los <strong>VIII Cursos de Postgrado en Derecho para Iberoamericanos<\/strong>, Fundaci\u00f3n de la Universidad de Castilla-La Mancha, del 7 al 24 de enero de 2008.<\/p>\n\n\n\n<p><strong>Secretario <\/strong>de las <strong>III Jornadas Latinoamericanas de Derecho Tributario<\/strong>, Centro Internacional de Estudios Fiscales (CIEF) de la Universidad de Castilla-La Mancha, 21 de enero de 2008.<\/p>\n\n\n\n<p><strong>Colaboraci\u00f3n <\/strong>en la organizaci\u00f3n, preparaci\u00f3n y desarrollo de las <strong>VI Jornadas sobre las Reformas Fiscales en Europa: La distribuci\u00f3n territorial del poder tributario en Europa. Aspectos comunitarios y constitucionales<\/strong>, Centro Internacional de Estudios Fiscales (CIEF) de la Universidad de Castilla-La Mancha, del 7 al 8 de abril de 2008.<\/p>\n\n\n\n<p><strong>Colaboraci\u00f3n <\/strong>en la organizaci\u00f3n, preparaci\u00f3n y desarrollo de los <strong>IX Cursos de Postgrado en Derecho para Iberoamericanos<\/strong>, Fundaci\u00f3n de la Universidad de Castilla-La Mancha, del 12 al 29 de enero de 2009.<\/p>\n\n\n\n<p><strong>Secretario <\/strong>de las <strong>I Jornadas sobre el Fraude Fiscal: La experiencia en Costa Rica y Espa\u00f1a<\/strong>, Centro Internacional de Estudios Fiscales (CIEF) de la Universidad de Castilla-La Mancha, 14 de enero de 2009.<\/p>\n\n\n\n<p><strong>Secretario <\/strong>de las <strong>IV Jornadas Latinoamericanas de Derecho Tributario<\/strong>, Centro Internacional de Estudios Fiscales (CIEF) de la Universidad de Castilla-La Mancha, 21 de enero de 2009.<\/p>\n\n\n\n<p><strong>Colaboraci\u00f3n <\/strong>en la organizaci\u00f3n, preparaci\u00f3n y desarrollo de las <strong>VII Jornadas sobre las Reformas Fiscales en Europa: El Impuesto sobre Sociedades en la Uni\u00f3n Europea<\/strong>, Centro Internacional de Estudios Fiscales (CIEF) de la Universidad de Castilla-La Mancha, del 31 de marzo al 1 de abril de 2009.<\/p>\n\n\n\n<p><strong>Secretario <\/strong>de la <strong>Jornada Hispano-Ecuatoriana en Derecho Tributario<\/strong>, Centro Internacional de Estudios Fiscales (CIEF) de la Universidad de Castilla-La Mancha, del 29 al 30 de septiembre de 2009.<\/p>\n\n\n\n<p><strong>Colaboraci\u00f3n <\/strong>en la organizaci\u00f3n, preparaci\u00f3n y desarrollo de los <strong>X Cursos de Postgrado en Derecho para Iberoamericanos<\/strong>, Fundaci\u00f3n de la Universidad de Castilla-La Mancha, del 11 al 28 de enero de 2010.<\/p>\n\n\n\n<p><strong>Secretario <\/strong>de la <strong>I Jornada de Estudios Tributarios Europeos<\/strong>, Centro Internacional de Estudios Fiscales (CIEF) de la Universidad de Castilla-La Mancha, 19 de enero de 2010.<\/p>\n\n\n\n<p><strong>Secretario <\/strong>de las <strong>V Jornadas Latinoamericanas de Derecho Tributario<\/strong>, Centro Internacional de Estudios Fiscales (CIEF) de la Universidad de Castilla-La Mancha, 20 de enero de 2010.<\/p>\n\n\n\n<p><strong>Colaboraci\u00f3n <\/strong>en la organizaci\u00f3n, preparaci\u00f3n y desarrollo de los <strong>XI Cursos de Postgrado en Derecho para Iberoamericanos<\/strong>, Fundaci\u00f3n de la Universidad de Castilla-La Mancha, del 10 al 27 de enero de 2011.<\/p>\n\n\n\n<p><strong>Codirector <\/strong>de las <strong>VI Jornadas Latinoamericanas de Derecho Tributario<\/strong>, Centro Internacional de Estudios Fiscales (CIEF) de la Universidad de Castilla-La Mancha, 19 de enero de 2011.<\/p>\n\n\n\n<p><strong>Codirector <\/strong>de las <strong>VII Jornadas Latinoamericanas de Derecho Tributario<\/strong>, Centro Internacional de Estudios Fiscales (CIEF) de la Universidad de Castilla-La Mancha, 17 de enero de 2011.<\/p>\n\n\n\n<p><strong>Codirector <\/strong>de la <strong>Jornada Hispano-Hondure\u00f1a de Derecho Tributario<\/strong>, Centro Internacional de Estudios Fiscales (CIEF) de la Universidad de Castilla-La Mancha, del 5 al 8 de marzo de 2013.<\/p>\n\n\n\n<p><strong>Director <\/strong>del <strong>Seminario sobre<\/strong> <strong>Fiscalidad Internacional<\/strong>, Centro Internacional de Estudios Fiscales (CIEF) de la Universidad de Castilla-La Mancha, 30 de abril de 2013.<\/p>\n\n\n\n<p><strong>Director <\/strong>de la <strong>Jornada sobre la Ley de Emprendedores desde la \u00f3ptica jur\u00eddica<\/strong>, Facultad de Ciencias Sociales de Cuenca de la Universidad de Castilla-La Mancha, 13 de mayo de 2014.<\/p>\n\n\n\n<p><strong>Director <\/strong>del <strong>International Workshop: Politics, business and corruption<\/strong>, Facultad de Ciencias Sociales de Cuenca la Universidad de Castilla-La Mancha, 23 de mayo de 2016.<\/p>\n\n\n\n<p><strong>Director <\/strong>del <strong>Curso de Verano: La \u201cigualdad\u201d de g\u00e9nero en el ordenamiento jur\u00eddico<\/strong>, Vicerrectorado de Cultura, Deporte y Extensi\u00f3n Universitaria de la Universidad de Castilla-La Mancha, del 6 al 7 de junio de 2016.<\/p>\n\n\n\n<p><strong>Director <\/strong>del <strong>I Ciclo de Conferencias \u201cOtro s\u00ed digo\u201d<\/strong>, Facultad de Ciencias Sociales de Cuenca de la Universidad de Castilla-La Mancha, de septiembre a diciembre de 2016.<\/p>\n\n\n\n<p><strong>Director <\/strong>del <strong>II Ciclo de Conferencias \u201cOtro s\u00ed digo\u201d<\/strong>, Facultad de Ciencias Sociales de Cuenca de la Universidad de Castilla-La Mancha, de febrero a abril de 2017.<\/p>\n\n\n\n<p><strong>Secretario <\/strong>de la<strong> Jornada Cient\u00edfica Internacional: La imposici\u00f3n sobre las transacciones financieras y sobre los servicios digitales en Europa<\/strong>, Centro Internacional de Estudios Fiscales (CIEF) de la Universidad de Castilla-La Mancha, 1 de abril de 2019.<\/p>\n\n\n\n<p><strong>Coordinador <\/strong>del <strong>VI Seminario Internacional de derechos humanos y cultura constitucional \u201cen el contexto de la pandemia COVID-19\u201d<\/strong>, Instituto de Investigaciones Jur\u00eddicas de la Universidad Ju\u00e1rez del Estado de Durango (M\u00e9xico), 26 al 29 de mayo de 2020.<\/p>\n\n\n\n<p><strong>Director <\/strong>de la actividad formativa-Webinar <strong>Impacto jur\u00eddico, social y econ\u00f3mico del COVID-19<\/strong>, UCLM-International Business School y Centro de Estudios de Posgrado (CEP) de la Universidad de Castilla-La Mancha, del 30 de marzo al 30 de junio de 2020.<\/p>\n\n\n\n<p><strong>Secretario <\/strong>de la<strong> Jornada Cient\u00edfica Internacional: Tax Compliance en el Derecho Comparado<\/strong>, Centro Internacional de Estudios Fiscales (CIEF) de la Universidad de Castilla-La Mancha, 22 de enero de 2021.<\/p>\n\n\n\n<p><strong>Secretario <\/strong>de la<strong> Jornada Cient\u00edfica: La Ley de Prevenci\u00f3n y Lucha contra el Fraude Fiscal<\/strong>, Centro Internacional de Estudios Fiscales (CIEF) de la Universidad de Castilla-La Mancha, 27 y 28 de octubre de 2021.<\/p>\n\n\n\n<p><strong>Director <\/strong>de la<strong> Jornada Cient\u00edfica Internacional: Inteligencia Artificial y Digitalizaci\u00f3n en entornos jur\u00eddico-tributarios<\/strong>, Centro Internacional de Estudios Fiscales (CIEF) de la Universidad de Castilla-La Mancha, 22 de enero de 2021.<\/p>\n\n\n\n<p><strong>Codirector <\/strong>de la<strong> Jornada Cient\u00edfica Internacional: Gesti\u00f3n Tributaria y Nuevos Modelos de Negocio<\/strong>, Centro Internacional de Estudios Fiscales (CIEF) de la Universidad de Castilla-La Mancha, 26 de enero de 2023.<\/p>\n","protected":false},"excerpt":{"rendered":"<p>Colaboraci\u00f3n en la organizaci\u00f3n, preparaci\u00f3n y desarrollo de las II Jornadas sobre las Reformas Fiscales en Europa, Centro Internacional de Estudios Fiscales (CIEF) de la Universidad de Castilla-La Mancha, 19 y 21 de abril de 2004. Colaboraci\u00f3n en la organizaci\u00f3n, preparaci\u00f3n y desarrollo de las III Jornadas sobre las Reformas Fiscales en Europa: T\u00e9cnicas convencionales [&hellip;]<\/p>\n","protected":false},"author":51,"featured_media":0,"parent":0,"menu_order":0,"comment_status":"closed","ping_status":"closed","template":"","meta":{"footnotes":""},"class_list":["post-778","page","type-page","status-publish","hentry"],"_links":{"self":[{"href":"https:\/\/blog.uclm.es\/luismariaromero\/wp-json\/wp\/v2\/pages\/778","targetHints":{"allow":["GET"]}}],"collection":[{"href":"https:\/\/blog.uclm.es\/luismariaromero\/wp-json\/wp\/v2\/pages"}],"about":[{"href":"https:\/\/blog.uclm.es\/luismariaromero\/wp-json\/wp\/v2\/types\/page"}],"author":[{"embeddable":true,"href":"https:\/\/blog.uclm.es\/luismariaromero\/wp-json\/wp\/v2\/users\/51"}],"replies":[{"embeddable":true,"href":"https:\/\/blog.uclm.es\/luismariaromero\/wp-json\/wp\/v2\/comments?post=778"}],"version-history":[{"count":2,"href":"https:\/\/blog.uclm.es\/luismariaromero\/wp-json\/wp\/v2\/pages\/778\/revisions"}],"predecessor-version":[{"id":860,"href":"https:\/\/blog.uclm.es\/luismariaromero\/wp-json\/wp\/v2\/pages\/778\/revisions\/860"}],"wp:attachment":[{"href":"https:\/\/blog.uclm.es\/luismariaromero\/wp-json\/wp\/v2\/media?parent=778"}],"curies":[{"name":"wp","href":"https:\/\/api.w.org\/{rel}","templated":true}]}}