{"id":775,"date":"2022-11-19T17:16:14","date_gmt":"2022-11-19T15:16:14","guid":{"rendered":"https:\/\/blog.uclm.es\/luismariaromero\/?page_id=775"},"modified":"2022-11-19T17:17:01","modified_gmt":"2022-11-19T15:17:01","slug":"organizacion-de-actividades-idi-docentes","status":"publish","type":"page","link":"https:\/\/blog.uclm.es\/luismariaromero\/organizacion-de-actividades-idi-docentes\/","title":{"rendered":"Organizaci\u00f3n de Actividades Docentes"},"content":{"rendered":"\n<p><strong>Secretario <\/strong>de las <strong>Jornadas Metodol\u00f3gicas de Derecho Tributario<\/strong>, Centro Internacional de Estudios Fiscales (CIEF) de la Universidad de Castilla-La Mancha, 21 de marzo de 2007.<\/p>\n\n\n\n<p><strong>Secretario <\/strong>en el Curso Pr\u00e1ctico de Formaci\u00f3n <strong>El Impuesto sobre el Valor A\u00f1adido (IVA)<\/strong>, Consejer\u00eda de Educaci\u00f3n y Ciencia de la Junta de Comunidades de Castilla-La Mancha, del 2 al 6 de julio de 2007.<\/p>\n\n\n\n<p><strong>Secretario <\/strong>en el Curso Pr\u00e1ctico de Formaci\u00f3n <strong>El Impuesto sobre la Renta de las Personas F\u00edsicas (IRPF)<\/strong>, Consejer\u00eda de Educaci\u00f3n y Ciencia de la Junta de Comunidades de Castilla-La Mancha, del 8 al 12 de septiembre de 2008.<\/p>\n\n\n\n<p><strong>Secretario <\/strong>en el Curso Pr\u00e1ctico de Formaci\u00f3n <strong>El Impuesto sobre la Renta de las Personas F\u00edsicas (IRPF)<\/strong>, Escuela de Pr\u00e1ctica Jur\u00eddica \u201cSixto Ram\u00f3n Parro\u201d, Ilustre Colegio de Abogados de Toledo, del 4 de mayo al 30 de junio de 2009.<\/p>\n\n\n\n<p><strong>Secretario <\/strong>en la <strong>I Jornada Metodol\u00f3gica: Salidas profesionales y ense\u00f1anza del Derecho Financiero y Tributario en el Espacio Europeo de Educaci\u00f3n Superior (EEES)<\/strong>, Centro Internacional de Estudios Fiscales (CIEF) de la Universidad de Castilla-La Mancha, 14 de mayo de 2009.<\/p>\n\n\n\n<p><strong>Secretario <\/strong>en el <strong>Congreso sobre la Internacionalizaci\u00f3n de la Educaci\u00f3n Superior en Derecho: Campus Universitarios Internacionales y Programas de Educaci\u00f3n Superior en Derecho Transfronterizo<\/strong>, Universidad de Alicante, Universidad de Barcelona, Universidad Rovira I Virgili y Universidad de Castilla-La Mancha, 15 de junio de 2011.<\/p>\n","protected":false},"excerpt":{"rendered":"<p>Secretario de las Jornadas Metodol\u00f3gicas de Derecho Tributario, Centro Internacional de Estudios Fiscales (CIEF) de la Universidad de Castilla-La Mancha, 21 de marzo de 2007. Secretario en el Curso Pr\u00e1ctico de Formaci\u00f3n El Impuesto sobre el Valor A\u00f1adido (IVA), Consejer\u00eda de Educaci\u00f3n y Ciencia de la Junta de Comunidades de Castilla-La Mancha, del 2 al [&hellip;]<\/p>\n","protected":false},"author":51,"featured_media":0,"parent":0,"menu_order":0,"comment_status":"closed","ping_status":"closed","template":"","meta":{"footnotes":""},"class_list":["post-775","page","type-page","status-publish","hentry"],"_links":{"self":[{"href":"https:\/\/blog.uclm.es\/luismariaromero\/wp-json\/wp\/v2\/pages\/775","targetHints":{"allow":["GET"]}}],"collection":[{"href":"https:\/\/blog.uclm.es\/luismariaromero\/wp-json\/wp\/v2\/pages"}],"about":[{"href":"https:\/\/blog.uclm.es\/luismariaromero\/wp-json\/wp\/v2\/types\/page"}],"author":[{"embeddable":true,"href":"https:\/\/blog.uclm.es\/luismariaromero\/wp-json\/wp\/v2\/users\/51"}],"replies":[{"embeddable":true,"href":"https:\/\/blog.uclm.es\/luismariaromero\/wp-json\/wp\/v2\/comments?post=775"}],"version-history":[{"count":2,"href":"https:\/\/blog.uclm.es\/luismariaromero\/wp-json\/wp\/v2\/pages\/775\/revisions"}],"predecessor-version":[{"id":777,"href":"https:\/\/blog.uclm.es\/luismariaromero\/wp-json\/wp\/v2\/pages\/775\/revisions\/777"}],"wp:attachment":[{"href":"https:\/\/blog.uclm.es\/luismariaromero\/wp-json\/wp\/v2\/media?parent=775"}],"curies":[{"name":"wp","href":"https:\/\/api.w.org\/{rel}","templated":true}]}}