{"id":773,"date":"2022-11-19T17:15:16","date_gmt":"2022-11-19T15:15:16","guid":{"rendered":"https:\/\/blog.uclm.es\/luismariaromero\/?page_id=773"},"modified":"2023-01-30T00:17:01","modified_gmt":"2023-01-29T22:17:01","slug":"coordinacion-de-titulos-propios","status":"publish","type":"page","link":"https:\/\/blog.uclm.es\/luismariaromero\/coordinacion-de-titulos-propios\/","title":{"rendered":"Coordinaci\u00f3n de T\u00edtulos Propios"},"content":{"rendered":"\n<p><strong>Secretario <\/strong>del <strong>M\u00e1ster en Derecho Tributario, <\/strong>T\u00edtulo Propio de la Universidad de Castilla-La Mancha impartido en la Universidad Tecnol\u00f3gica Centroamericana \u2013 UNITEC (Honduras), (60 cr\u00e9ditos ECTS), Curso acad\u00e9mico 2011\/2012 y 2012\/13.<\/p>\n\n\n\n<p><strong>Secretario <\/strong>del Curso de Postgrado en Derecho para juristas latinoamericanos \u201cDerechos Fundamentales y Hacienda P\u00fablica (Perspectiva Internacional, Europea y Nacional)\u201d, XVIII edici\u00f3n de los <strong>Cursos de Postgrado en Derecho<\/strong>, Facultad de Ciencias Jur\u00eddicas y Sociales, Toledo. 10 &#8211; 25\/01\/2018. T\u00edtulo de especialista.<\/p>\n\n\n\n<p><strong>Secretario <\/strong>del Curso de Postgrado en Derecho para juristas latinoamericanos \u201cTributos y Derechos Humanos de los Contribuyentes\u201d, XX edici\u00f3n de los <strong>Cursos de Postgrado en Derecho<\/strong>, Facultad de Ciencias Jur\u00eddicas y Sociales, Toledo, 8 &#8211; 24\/01\/2020. T\u00edtulo de especialista.<\/p>\n\n\n\n<p><strong>Secretario <\/strong>del Curso de Postgrado en Derecho para juristas latinoamericanos \u201cTax Compliance\u201d, XXI edici\u00f3n de los <strong>Cursos de Postgrado en Derecho<\/strong>, Facultad de Ciencias Jur\u00eddicas y Sociales, Toledo. 11 &#8211; 27\/01\/2021. T\u00edtulo de especialista.<\/p>\n\n\n\n<p><strong>Secretario <\/strong>del Curso de Postgrado en Derecho para juristas latinoamericanos \u201cFiscalidad, Digitalizaci\u00f3n e Inteligencia Artificial\u201d, XXII edici\u00f3n de los <strong>Cursos de Postgrado en Derecho<\/strong>, Facultad de Ciencias Jur\u00eddicas y Sociales, Toledo. 10 &#8211; 26\/01\/2022. T\u00edtulo de especialista.<\/p>\n\n\n\n<p><strong>Secretario <\/strong>del Curso de Postgrado en Derecho para juristas latinoamericanos \u201cGesti\u00f3n Tributaria y Nuevos Modelos de Negocio\u201d, dentro de la XXIII edici\u00f3n de los <strong>Cursos de Postgrado en Derecho<\/strong>, celebrado en la Facultad de Ciencias Jur\u00eddicas y Sociales, Toledo, del 9 al 26 de enero de 2023. T\u00edtulo de especialista.<\/p>\n","protected":false},"excerpt":{"rendered":"<p>Secretario del M\u00e1ster en Derecho Tributario, T\u00edtulo Propio de la Universidad de Castilla-La Mancha impartido en la Universidad Tecnol\u00f3gica Centroamericana \u2013 UNITEC (Honduras), (60 cr\u00e9ditos ECTS), Curso acad\u00e9mico 2011\/2012 y 2012\/13. Secretario del Curso de Postgrado en Derecho para juristas latinoamericanos \u201cDerechos Fundamentales y Hacienda P\u00fablica (Perspectiva Internacional, Europea y Nacional)\u201d, XVIII edici\u00f3n de los [&hellip;]<\/p>\n","protected":false},"author":51,"featured_media":0,"parent":0,"menu_order":0,"comment_status":"closed","ping_status":"closed","template":"","meta":{"footnotes":""},"class_list":["post-773","page","type-page","status-publish","hentry"],"_links":{"self":[{"href":"https:\/\/blog.uclm.es\/luismariaromero\/wp-json\/wp\/v2\/pages\/773","targetHints":{"allow":["GET"]}}],"collection":[{"href":"https:\/\/blog.uclm.es\/luismariaromero\/wp-json\/wp\/v2\/pages"}],"about":[{"href":"https:\/\/blog.uclm.es\/luismariaromero\/wp-json\/wp\/v2\/types\/page"}],"author":[{"embeddable":true,"href":"https:\/\/blog.uclm.es\/luismariaromero\/wp-json\/wp\/v2\/users\/51"}],"replies":[{"embeddable":true,"href":"https:\/\/blog.uclm.es\/luismariaromero\/wp-json\/wp\/v2\/comments?post=773"}],"version-history":[{"count":2,"href":"https:\/\/blog.uclm.es\/luismariaromero\/wp-json\/wp\/v2\/pages\/773\/revisions"}],"predecessor-version":[{"id":861,"href":"https:\/\/blog.uclm.es\/luismariaromero\/wp-json\/wp\/v2\/pages\/773\/revisions\/861"}],"wp:attachment":[{"href":"https:\/\/blog.uclm.es\/luismariaromero\/wp-json\/wp\/v2\/media?parent=773"}],"curies":[{"name":"wp","href":"https:\/\/api.w.org\/{rel}","templated":true}]}}